{"id":95,"date":"2019-08-22T14:32:52","date_gmt":"2019-08-22T14:32:52","guid":{"rendered":"http:\/\/www.waldorf-pb.cz\/?page_id=95"},"modified":"2026-01-22T06:14:03","modified_gmt":"2026-01-22T06:14:03","slug":"stravovani","status":"publish","type":"page","link":"https:\/\/waldorf.pb.cz\/?page_id=95","title":{"rendered":"Stravov\u00e1n\u00ed"},"content":{"rendered":"\n<p>\u0160koln\u00ed j\u00eddelna nab\u00edz\u00ed v\u00fdb\u011br ze dvou j\u00eddel, p\u0159i\u010dem\u017e druh\u00e9 je v\u017edy vegetari\u00e1nsk\u00e9. Mo\u017enost objednat nebo odhl\u00e1sit ob\u011bdy je v\u017edy do 8.00 hodin r\u00e1no na tel. \u010d\u00edsle: <strong>776&nbsp;233&nbsp;483<\/strong> | <strong>318&nbsp;633&nbsp;451<\/strong><br><strong>\u00da\u010det \u0161koln\u00ed j\u00eddelny<\/strong>: 6482890217\/2010<\/p>\n\n\n\n<p><strong>Ceny sva\u010din a&nbsp;ob\u011bd\u016f:<\/strong><br><em>3-6 let:<\/em><strong> <em>49&nbsp;K\u010d<\/em> <\/strong>(dop. sva\u010dina 11 K\u010d, ob\u011bd 27 K\u010d, odp. sva\u010dina 11&nbsp;K\u010d)<strong><br><\/strong><em>7 let:<\/em><strong> <em>51&nbsp;K\u010d<\/em> <\/strong>(dop. sva\u010dina 11 K\u010d, ob\u011bd 29 K\u010d, odp. sva\u010dina 11&nbsp;K\u010d) <br><em>7-10 let:<\/em> <em><strong>29&nbsp;K\u010d<\/strong><\/em> (ob\u011bd)<br><em>11-14 let:<\/em> <strong><em>32&nbsp;K\u010d<\/em><\/strong> (ob\u011bd) <br><em>15-18 let:<\/em> <strong><em>36&nbsp;K\u010d<\/em><\/strong> (ob\u011bd) <br>zam\u011bstnanci: 36&nbsp;K\u010d (ob\u011bd) (26&nbsp;K\u010d hrad\u00ed sami + 12&nbsp;K\u010d p\u0159\u00edsp\u011bvek FKSP)<br><em>ciz\u00ed str\u00e1vn\u00edci: <\/em><strong><em>100&nbsp;K\u010d<\/em><\/strong> (ob\u011bd) <em><strong>25&nbsp;K\u010d<\/strong><\/em> (sva\u010dina)<\/p>\n\n\n\n<p>\u017d\u00e1k, kter\u00fd si zapomene \u010dip na ob\u011bd, dostane n\u00e1hradn\u00ed l\u00edste\u010dek a&nbsp;ob\u011bd mu bude vyd\u00e1n. Pokud si \u010dip zapomene t\u0159ikr\u00e1t po sob\u011b, ob\u011bd mu nebude vyd\u00e1n a&nbsp;mus\u00ed si zakoupit nov\u00fd \u010dip. Cena \u010dipu je 121&nbsp;K\u010d.<\/p>\n\n\n\n<p><strong>Byla aktivov\u00e1na slu\u017eba &#8211; objedn\u00e1v\u00e1n\u00ed a&nbsp;odhla\u0161ov\u00e1n\u00ed stravy p\u0159es internet.<\/strong> <br>Pro aktivaci si \u017e\u00e1ci nebo rodi\u010de, kte\u0159\u00ed maj\u00ed o&nbsp;slu\u017ebu z\u00e1jem vyzvednou  u\u017eivatelsk\u00e9 jm\u00e9no a&nbsp;heslo v&nbsp;kancel\u00e1\u0159i \u0161koln\u00ed j\u00eddelny. Slu\u017eba se odehr\u00e1v\u00e1 na <a rel=\"noreferrer noopener\" aria-label=\" (otev\u0159e se na nov\u00e9 z\u00e1lo\u017ece)\" href=\"https:\/\/www.strava.cz\/Strava\/Stravnik\/Prihlaseni?zarizeni=5271\" target=\"_blank\">www.strava.cz<\/a>. Na tomto odkazu naleznete tak\u00e9 <strong><a rel=\"noreferrer noopener\" aria-label=\" (otev\u0159e se na nov\u00e9 z\u00e1lo\u017ece)\" href=\"https:\/\/www.strava.cz\/Strava\/Stravnik\/Jidelnicky?zarizeni=5271\" target=\"_blank\">j\u00eddeln\u00ed l\u00edstek<\/a><\/strong>. \u010c\u00edslo j\u00eddelny je <strong>5271<\/strong><\/p>\n\n\n\n<p class=\"has-text-align-right\">Eva Vachulov\u00e1, vedouc\u00ed \u0161koln\u00ed j\u00eddelny<\/p>\n\n\n\n<h1 class=\"wp-block-heading\">\u0158\u00e1d \u0161koln\u00ed j\u00eddelny<\/h1>\n\n\n<a href=\"https:\/\/waldorf.pb.cz\/wp-content\/uploads\/2023\/12\/240103-WS_VS_016-Rad-skolni-jidelny-2024.pdf\" class=\"pdfemb-viewer\" style=\"\" data-width=\"max\" data-height=\"max\"  data-toolbar=\"bottom\" data-toolbar-fixed=\"off\">240103-WS_VS_016-Rad-skolni-jidelny-2024<br\/><\/a>\n<p class=\"wp-block-pdfemb-pdf-embedder-viewer\"><\/p>\n\n\n\n<p>Zpracovala: Helena Krej\u010dov\u00e1, vedouc\u00ed \u0161koln\u00ed j\u00eddelny <\/p>\n\n\n\n<p class=\"has-text-align-right\">Mgr. Robert \u017d\u00e1k, \u0159editel \u0161koly <\/p>\n","protected":false},"excerpt":{"rendered":"<p>\u0160koln\u00ed j\u00eddelna nab\u00edz\u00ed v\u00fdb\u011br ze dvou j\u00eddel, p\u0159i\u010dem\u017e druh\u00e9 je v\u017edy vegetari\u00e1nsk\u00e9. Mo\u017enost objednat nebo odhl\u00e1sit ob\u011bdy je v\u017edy do 8.00 hodin r\u00e1no na tel. \u010d\u00edsle: 776&nbsp;233&nbsp;483 | 318&nbsp;633&nbsp;451\u00da\u010det \u0161koln\u00ed j\u00eddelny: 6482890217\/2010 Ceny sva\u010din a&nbsp;ob\u011bd\u016f:3-6 let: 49&nbsp;K\u010d (dop. sva\u010dina 11 K\u010d, ob\u011bd 27 K\u010d, odp. sva\u010dina 11&nbsp;K\u010d)7 let: 51&nbsp;K\u010d (dop. sva\u010dina 11 K\u010d, ob\u011bd 29 &hellip; <a href=\"https:\/\/waldorf.pb.cz\/?page_id=95\">Continue reading <span class=\"meta-nav\">&rarr;<\/span><\/a><\/p>\n","protected":false},"author":1,"featured_media":0,"parent":431,"menu_order":56,"comment_status":"closed","ping_status":"closed","template":"template-full-width.php","meta":{"footnotes":""},"class_list":["post-95","page","type-page","status-publish","hentry"],"_links":{"self":[{"href":"https:\/\/waldorf.pb.cz\/index.php?rest_route=\/wp\/v2\/pages\/95","targetHints":{"allow":["GET"]}}],"collection":[{"href":"https:\/\/waldorf.pb.cz\/index.php?rest_route=\/wp\/v2\/pages"}],"about":[{"href":"https:\/\/waldorf.pb.cz\/index.php?rest_route=\/wp\/v2\/types\/page"}],"author":[{"embeddable":true,"href":"https:\/\/waldorf.pb.cz\/index.php?rest_route=\/wp\/v2\/users\/1"}],"replies":[{"embeddable":true,"href":"https:\/\/waldorf.pb.cz\/index.php?rest_route=%2Fwp%2Fv2%2Fcomments&post=95"}],"version-history":[{"count":35,"href":"https:\/\/waldorf.pb.cz\/index.php?rest_route=\/wp\/v2\/pages\/95\/revisions"}],"predecessor-version":[{"id":5798,"href":"https:\/\/waldorf.pb.cz\/index.php?rest_route=\/wp\/v2\/pages\/95\/revisions\/5798"}],"up":[{"embeddable":true,"href":"https:\/\/waldorf.pb.cz\/index.php?rest_route=\/wp\/v2\/pages\/431"}],"wp:attachment":[{"href":"https:\/\/waldorf.pb.cz\/index.php?rest_route=%2Fwp%2Fv2%2Fmedia&parent=95"}],"curies":[{"name":"wp","href":"https:\/\/api.w.org\/{rel}","templated":true}]}}