{"id":94,"date":"2019-08-22T14:32:52","date_gmt":"2019-08-22T14:32:52","guid":{"rendered":"http:\/\/www.waldorf-pb.cz\/?page_id=94"},"modified":"2023-06-10T07:39:15","modified_gmt":"2023-06-10T07:39:15","slug":"knihovna","status":"publish","type":"page","link":"https:\/\/waldorf.pb.cz\/?page_id=94","title":{"rendered":"Knihovna"},"content":{"rendered":"\n<p>\u0160koln\u00ed knihovna je z\u0159\u00edzena pro pot\u0159eby \u017e\u00e1k\u016f, u\u010ditel\u016f a&nbsp;rodi\u010d\u016f na\u0161\u00ed \u0161koly. Spr\u00e1vcem knihovny je Jana Hor\u00e1kov\u00e1. <br>V\u00fdp\u016fj\u010dn\u00ed doba je pond\u011bl\u00ed a\u017e p\u00e1tek 8.30 a\u017e 13 hodin. <br>Mimo tuto dobu m\u016f\u017eete kontaktovat knihovnici e-mailem: <a href=\"mailto:jana.horakova@waldorf.pb.cz\">jana.horakova@waldorf.pb.cz<\/a><br>V knihovnu mohou rodi\u010de a&nbsp;\u017e\u00e1ci vyu\u017e\u00edt v&nbsp;dob\u011b \u010dek\u00e1n\u00ed na d\u011bti a&nbsp;p\u0159est\u00e1vek mezi vyu\u010dov\u00e1n\u00edm. T\u011b\u0161\u00edme se na Va\u0161i n\u00e1v\u0161t\u011bvu.<\/p>\n\n\n<p><a href=\"https:\/\/waldorf.pb.cz\/wp-content\/uploads\/2023\/06\/220102-WS_VS_055-Knihovni-rad-skolni-knihovny-Waldorf-PB.pdf\">Knihovn\u00ed \u0159\u00e1d \u0161koln\u00ed knihovny<\/a><\/p>\n<p><a href=\"https:\/\/waldorf.pb.cz\/wp-content\/uploads\/2023\/06\/230102-WS_VS_055-Knihovni-rad-skolni-knihovny-Waldorf-PB-priloha.pdf\">Knihovn\u00ed \u0159\u00e1d \u0161koln\u00ed knihovny &#8211; P\u0159\u00edloha\u00a0<\/a><\/p>\n<p><a href=\"https:\/\/waldorf.pb.cz\/wp-content\/uploads\/2019\/11\/181210-Osv\u011bd\u010den\u00ed-o-registraci-knihovny-Ministerstvo-kultury.pdf\">Osv\u011bd\u010den\u00ed o&nbsp;registraci knihovny<\/a><\/p>\n\n\n<p>P\u0159\u00edstup do katalogu maj\u00ed \u017e\u00e1ci, u\u010ditel\u00e9 a&nbsp;rodi\u010de prost\u0159ednictv\u00edm aplikace <strong><a href=\"https:\/\/waldorfpb.bakalari.cz:60443\/bakaweb\/login\" target=\"_blank\" rel=\"noreferrer noopener\">B<\/a><a rel=\"noreferrer noopener\" href=\"https:\/\/waldorfpb.bakalari.cz:60443\/bakaweb\/login\" target=\"_blank\">akal\u00e1\u0159i<\/a><\/strong>. Po p\u0159ihl\u00e1\u0161en\u00ed naleznete katalog v&nbsp;z\u00e1lo\u017ece KNIHOVNA.<\/p>\n\n\n\n<figure class=\"wp-block-image size-large\"><img loading=\"lazy\" decoding=\"async\" width=\"1024\" height=\"631\" src=\"https:\/\/waldorf.pb.cz\/wp-content\/uploads\/2022\/09\/knihovna-1024x631.jpg\" alt=\"\" class=\"wp-image-3717\" srcset=\"https:\/\/waldorf.pb.cz\/wp-content\/uploads\/2022\/09\/knihovna-1024x631.jpg 1024w, https:\/\/waldorf.pb.cz\/wp-content\/uploads\/2022\/09\/knihovna-300x185.jpg 300w, https:\/\/waldorf.pb.cz\/wp-content\/uploads\/2022\/09\/knihovna-768x473.jpg 768w, https:\/\/waldorf.pb.cz\/wp-content\/uploads\/2022\/09\/knihovna.jpg 1166w\" sizes=\"auto, (max-width: 1024px) 100vw, 1024px\" \/><\/figure>\n\n\n\n<figure class=\"wp-block-image size-large is-resized\"><img loading=\"lazy\" decoding=\"async\" src=\"https:\/\/waldorf.pb.cz\/wp-content\/uploads\/2019\/11\/0052936118_zpevy-sladke-francie-mc-A101V0F20050.jpg\" alt=\"\" class=\"wp-image-414\" width=\"170\" height=\"190\" srcset=\"https:\/\/waldorf.pb.cz\/wp-content\/uploads\/2019\/11\/0052936118_zpevy-sladke-francie-mc-A101V0F20050.jpg 300w, https:\/\/waldorf.pb.cz\/wp-content\/uploads\/2019\/11\/0052936118_zpevy-sladke-francie-mc-A101V0F20050-268x300.jpg 268w\" sizes=\"auto, (max-width: 170px) 100vw, 170px\" \/><\/figure>\n","protected":false},"excerpt":{"rendered":"<p>\u0160koln\u00ed knihovna je z\u0159\u00edzena pro pot\u0159eby \u017e\u00e1k\u016f, u\u010ditel\u016f a&nbsp;rodi\u010d\u016f na\u0161\u00ed \u0161koly. Spr\u00e1vcem knihovny je Jana Hor\u00e1kov\u00e1. V\u00fdp\u016fj\u010dn\u00ed doba je pond\u011bl\u00ed a\u017e p\u00e1tek 8.30 a\u017e 13 hodin. Mimo tuto dobu m\u016f\u017eete kontaktovat knihovnici e-mailem: jana.horakova@waldorf.pb.czV knihovnu mohou rodi\u010de a&nbsp;\u017e\u00e1ci vyu\u017e\u00edt v&nbsp;dob\u011b \u010dek\u00e1n\u00ed na d\u011bti a&nbsp;p\u0159est\u00e1vek mezi vyu\u010dov\u00e1n\u00edm. T\u011b\u0161\u00edme se na Va\u0161i n\u00e1v\u0161t\u011bvu. Knihovn\u00ed \u0159\u00e1d \u0161koln\u00ed knihovny &hellip; <a href=\"https:\/\/waldorf.pb.cz\/?page_id=94\">Continue reading <span class=\"meta-nav\">&rarr;<\/span><\/a><\/p>\n","protected":false},"author":1,"featured_media":0,"parent":431,"menu_order":61,"comment_status":"closed","ping_status":"closed","template":"template-full-width.php","meta":{"footnotes":""},"class_list":["post-94","page","type-page","status-publish","hentry"],"_links":{"self":[{"href":"https:\/\/waldorf.pb.cz\/index.php?rest_route=\/wp\/v2\/pages\/94","targetHints":{"allow":["GET"]}}],"collection":[{"href":"https:\/\/waldorf.pb.cz\/index.php?rest_route=\/wp\/v2\/pages"}],"about":[{"href":"https:\/\/waldorf.pb.cz\/index.php?rest_route=\/wp\/v2\/types\/page"}],"author":[{"embeddable":true,"href":"https:\/\/waldorf.pb.cz\/index.php?rest_route=\/wp\/v2\/users\/1"}],"replies":[{"embeddable":true,"href":"https:\/\/waldorf.pb.cz\/index.php?rest_route=%2Fwp%2Fv2%2Fcomments&post=94"}],"version-history":[{"count":28,"href":"https:\/\/waldorf.pb.cz\/index.php?rest_route=\/wp\/v2\/pages\/94\/revisions"}],"predecessor-version":[{"id":4339,"href":"https:\/\/waldorf.pb.cz\/index.php?rest_route=\/wp\/v2\/pages\/94\/revisions\/4339"}],"up":[{"embeddable":true,"href":"https:\/\/waldorf.pb.cz\/index.php?rest_route=\/wp\/v2\/pages\/431"}],"wp:attachment":[{"href":"https:\/\/waldorf.pb.cz\/index.php?rest_route=%2Fwp%2Fv2%2Fmedia&parent=94"}],"curies":[{"name":"wp","href":"https:\/\/api.w.org\/{rel}","templated":true}]}}