{"id":93,"date":"2019-08-22T14:32:52","date_gmt":"2019-08-22T14:32:52","guid":{"rendered":"http:\/\/www.waldorf-pb.cz\/?page_id=93"},"modified":"2024-09-15T08:59:27","modified_gmt":"2024-09-15T08:59:27","slug":"skolni-druzina","status":"publish","type":"page","link":"https:\/\/waldorf.pb.cz\/?page_id=93","title":{"rendered":"\u0161koln\u00ed dru\u017eina"},"content":{"rendered":"<p>P\u0159i z\u00e1kladn\u00ed \u0161kole funguj\u00ed rann\u00ed dru\u017eina, t\u0159i odd\u011blen\u00ed odpoledn\u00ed dru\u017einy a&nbsp;\u0161koln\u00ed klub.<br \/>\nHlavn\u00edm posl\u00e1n\u00edm \u0161koln\u00ed dru\u017einy (\u0160D) je poskytov\u00e1n\u00ed bezpe\u010dn\u00e9ho prostoru pro volnou hru,<br \/>\nzabezpe\u010den\u00ed z\u00e1jmov\u00e9 \u010dinnosti a&nbsp;relaxace \u017e\u00e1k\u016f.<br \/>\n\u0160koln\u00ed klub (\u0160K) je ur\u010den \u017e\u00e1k\u016fm od 5.&nbsp;t\u0159\u00eddy v&nbsp;dob\u011b voln\u00fdch hodin a&nbsp;po v\u00fduce. Klub poskytuje<br \/>\n\u017e\u00e1k\u016fm z\u00e1zem\u00ed k&nbsp;relaxaci, voln\u00e9 \u010dinnosti, dokon\u010dov\u00e1n\u00ed \u0161koln\u00edch \u00fakol\u016f a&nbsp;je vybaven stoln\u00edmi hrami.<br \/>\nVnit\u0159n\u00ed \u0159\u00e1d \u0160D a&nbsp;\u0160K je k&nbsp;nahl\u00e9dnut\u00ed u&nbsp;vychovatel\u016f nebo <a href=\"https:\/\/waldorf.pb.cz\/wp-content\/uploads\/2021\/10\/2100901-sk-Smernice-Vnitrni-rad-skolni-druziny-a-skolniho-klubu.pdf\" target=\"_blank\" rel=\"noopener\"><strong>zde<\/strong><\/a>.<\/p>\n<p><strong>Provoz<\/strong><br \/>\nRann\u00ed dru\u017eina:<br \/>\n7.00 \u2013 7.40 (p\u0159\u00edchod do 7.30) prostory \u0160D v&nbsp;hlavn\u00ed budov\u011b<br \/>\nZah\u00e1jen\u00ed odpoledn\u00ed \u010dinnosti \u0160D a&nbsp;\u0160K plynule navazuje na ukon\u010den\u00ed v\u00fduky a&nbsp;je do 16.30 ka\u017ed\u00fd den.<\/p>\n<p>1.&nbsp;t\u0159\u00edda &#8211; Dome\u010dek (mimo hlavn\u00ed budovu) do 15 hodin<br \/>\n2.&nbsp;a\u017e 6.&nbsp;t\u0159\u00edda &#8211; prostory \u0160D v&nbsp;hlavn\u00ed budov\u011b<br \/>\nOd 15.00 do 16.30 budou d\u011bti spole\u010dn\u011b venku na zahrad\u011b nebo v&nbsp;prostor\u00e1ch \u0160D v&nbsp;hlavn\u00ed budov\u011b.<\/p>\n<p><strong>Seznam pot\u0159eb do dru\u017einy<\/strong><br \/>\nvhodn\u00e9 oble\u010den\u00ed na ven \u2013 star\u0161\u00ed, pohodln\u00e9 oble\u010den\u00ed, vych\u00e1zkov\u00e9 boty, hol\u00ednky, pl\u00e1\u0161t\u011bnka nebo nepromokav\u00e9 bundy (u&nbsp;mlad\u0161\u00edch d\u011bt\u00ed i&nbsp;kalhoty), pokr\u00fdvka hlavy<br \/>\nn\u00e1hradn\u00ed kalhoty\/tepl\u00e1ky a&nbsp;tri\u010dko na p\u0159evle\u010den\u00ed<br \/>\nd\u011bti vybavte ka\u017ed\u00fd den dostatkem j\u00eddla a&nbsp;pit\u00ed<\/p>\n<p><strong>Odchody a&nbsp;vyzved\u00e1v\u00e1n\u00ed d\u011bt\u00ed<\/strong><\/p>\n<p>Jakoukoli zm\u011bnu (nap\u0159. pokud d\u00edt\u011b odch\u00e1z\u00ed z&nbsp;dru\u017einy \/ klubu samo v&nbsp;jin\u00fd \u010das ne\u017e je na p\u0159ihl\u00e1\u0161ce,<br \/>\nvyzved\u00e1v\u00e1 jej jin\u00e1 osoba ne\u017e ta, kter\u00e1 je uvedena na p\u0159ihl\u00e1\u0161ce) je pot\u0159eba ozn\u00e1mit<br \/>\nvychovatelce\/vychovateli v\u017edy p\u00edsemnou formou.<br \/>\nRodi\u010de (pov\u011b\u0159en\u00e9 osoby) mohou d\u011bti vyzved\u00e1vat ihned po vyu\u010dov\u00e1n\u00ed, po ob\u011bd\u011b nebo do 13.30. Pot\u00e9<br \/>\nm\u00e1 ka\u017ed\u00e9 odd\u011blen\u00ed sv\u00e9 aktivity, proto pros\u00edme vyzved\u00e1vejte d\u011bti a\u017e od 14.30 do 16.30.<br \/>\nPokud d\u011bti nejsou venku na zahrad\u011b, ohlaste pros\u00edm na vr\u00e1tnici kter\u00e9 d\u00edt\u011b a&nbsp;z&nbsp;jak\u00e9 t\u0159\u00eddy chcete<br \/>\nvyzvednout a&nbsp;vy\u010dkejte venku. Pan\u00ed vr\u00e1tn\u00e1 se s&nbsp;n\u00e1mi spoj\u00ed telefonicky.<\/p>\n<p><strong>Telefonov\u00e1n\u00ed<\/strong><br \/>\nPro u\u017e\u00edv\u00e1n\u00ed mobiln\u00edch telefon\u016f (p\u0159\u00edpadn\u011b dal\u0161\u00edch el. p\u0159\u00edstroj\u016f) \u017e\u00e1ky v&nbsp;dob\u011b pobytu ve dru\u017ein\u011b\/klubu<br \/>\nplat\u00ed stejn\u00e1 pravidla jako po dobu v\u00fduky.<br \/>\n\u017d\u00e1ci mobiln\u00ed telefony pou\u017e\u00edvat nesm\u00ed a&nbsp;maj\u00ed je uschovan\u00e9 ve sv\u00fdch aktovk\u00e1ch. Ve v\u00fdjime\u010dn\u00fdch<br \/>\np\u0159\u00edpadech jej mohou pou\u017e\u00edt po dohod\u011b s&nbsp;vychovateli.<br \/>\n<strong>\u00daplata<\/strong> <strong>za \u0160D <\/strong>\u010d\u00e1stka 200&nbsp;K\u010d \/ m\u011bs\u00ed\u010dn\u011b. Vyb\u00edr\u00e1me ve dvou spl\u00e1tk\u00e1ch: 800&nbsp;K\u010d (z\u00e1\u0159\u00ed a\u017e prosinec) <strong>do 31.&nbsp;8.<\/strong> a&nbsp;1200&nbsp;K\u010d (leden a\u017e \u010derven) <strong>do 31.&nbsp;1.<\/strong><br \/>\n<strong>\u00daplata za \u0160K<\/strong> \u010d\u00e1stka 150&nbsp;K\u010d \/ m\u011bs\u00ed\u010dn\u011b. Vyb\u00edr\u00e1me ve dvou spl\u00e1tk\u00e1ch: 600&nbsp;K\u010d (z\u00e1\u0159\u00ed a\u017e prosinec) <strong>do 31.&nbsp;8.<\/strong> a&nbsp;900&nbsp;K\u010d (leden a\u017e \u010derven) <strong>do 31.&nbsp;1.<\/strong><br \/>\n\u010d\u00edslo \u00fa\u010dtu: 879&nbsp;410&nbsp;237 \/2010<br \/>\nvariabiln\u00ed symbol: viz \u017e\u00e1kovsk\u00e1 kn\u00ed\u017eka<br \/>\nDo zpr\u00e1vy pro p\u0159\u00edjemce: jm\u00e9no a&nbsp;p\u0159\u00edjmen\u00ed d\u00edt\u011bte + dru\u017eina<\/p>\n<p><strong>Odhl\u00e1\u0161en\u00ed z&nbsp;dru\u017einy<\/strong><br \/>\nRozhodnete-li se nevyu\u017e\u00edvat dru\u017einu pro sv\u00e9 d\u00edt\u011b \u2013 je pot\u0159eba d\u00edt\u011b dop\u0159edu ODHL\u00c1SIT p\u00edsemnou<br \/>\nformou, p\u0159edat informaci hlavn\u00ed vychovatelce \u010di\u00a0 mailem na: sona.mechurova@waldorf.pb.cz<br \/>\nDokud neprob\u011bhne \u0159\u00e1dn\u00e9 odhl\u00e1\u0161en\u00ed je d\u00edt\u011b v\u00a0evidenci dru\u017einy a\u00a0je s\u00a0n\u00edm po\u010d\u00edt\u00e1no. Na zp\u011btn\u00e9<br \/>\nodhla\u0161ov\u00e1n\u00ed nelze br\u00e1t ohled.<br \/>\nVychovatel\u00e9 \u0161koln\u00ed dru\u017einy a&nbsp;\u0161koln\u00edho klubu:<br \/>\nMark\u00e9ta Pelcnerov\u00e1<br \/>\nDavid Jan\u010dij<br \/>\nAneta \u0160in\u00e1glov\u00e1<br \/>\nBc. Tereza Ferkov\u00e1<br \/>\nBc. So\u0148a M\u011bchurov\u00e1,<\/p>\n<p>Dotazy V\u00e1m r\u00e1di zodpov\u00edme osobn\u011b, nebo p\u0159es e-mail: sona.mechurova@waldorf.pb.cz<br \/>\nPro nenad\u00e1l\u00e9 ud\u00e1losti pros\u00edm volejte na vr\u00e1tnici 326&nbsp;531&nbsp;745 nebo do kancel\u00e1\u0159e \u0161koly 318&nbsp;623&nbsp;306.<br \/>\nTelefon do odd\u011blen\u00ed \u0160D: 326&nbsp;531&nbsp;744 \/ <b><span class=\"gmail_default\">\u200b<\/span>603&nbsp;228&nbsp;033<\/b><\/p>\n","protected":false},"excerpt":{"rendered":"<p>P\u0159i z\u00e1kladn\u00ed \u0161kole funguj\u00ed rann\u00ed dru\u017eina, t\u0159i odd\u011blen\u00ed odpoledn\u00ed dru\u017einy a&nbsp;\u0161koln\u00ed klub. Hlavn\u00edm posl\u00e1n\u00edm \u0161koln\u00ed dru\u017einy (\u0160D) je poskytov\u00e1n\u00ed bezpe\u010dn\u00e9ho prostoru pro volnou hru, zabezpe\u010den\u00ed z\u00e1jmov\u00e9 \u010dinnosti a&nbsp;relaxace \u017e\u00e1k\u016f. \u0160koln\u00ed klub (\u0160K) je ur\u010den \u017e\u00e1k\u016fm od 5.&nbsp;t\u0159\u00eddy v&nbsp;dob\u011b voln\u00fdch hodin a&nbsp;po v\u00fduce. Klub poskytuje \u017e\u00e1k\u016fm z\u00e1zem\u00ed k&nbsp;relaxaci, voln\u00e9 \u010dinnosti, dokon\u010dov\u00e1n\u00ed \u0161koln\u00edch \u00fakol\u016f a&nbsp;je vybaven stoln\u00edmi &hellip; <a href=\"https:\/\/waldorf.pb.cz\/?page_id=93\">Continue reading <span class=\"meta-nav\">&rarr;<\/span><\/a><\/p>\n","protected":false},"author":1,"featured_media":0,"parent":11,"menu_order":18,"comment_status":"closed","ping_status":"closed","template":"template-full-width.php","meta":{"footnotes":""},"class_list":["post-93","page","type-page","status-publish","hentry"],"_links":{"self":[{"href":"https:\/\/waldorf.pb.cz\/index.php?rest_route=\/wp\/v2\/pages\/93","targetHints":{"allow":["GET"]}}],"collection":[{"href":"https:\/\/waldorf.pb.cz\/index.php?rest_route=\/wp\/v2\/pages"}],"about":[{"href":"https:\/\/waldorf.pb.cz\/index.php?rest_route=\/wp\/v2\/types\/page"}],"author":[{"embeddable":true,"href":"https:\/\/waldorf.pb.cz\/index.php?rest_route=\/wp\/v2\/users\/1"}],"replies":[{"embeddable":true,"href":"https:\/\/waldorf.pb.cz\/index.php?rest_route=%2Fwp%2Fv2%2Fcomments&post=93"}],"version-history":[{"count":14,"href":"https:\/\/waldorf.pb.cz\/index.php?rest_route=\/wp\/v2\/pages\/93\/revisions"}],"predecessor-version":[{"id":5091,"href":"https:\/\/waldorf.pb.cz\/index.php?rest_route=\/wp\/v2\/pages\/93\/revisions\/5091"}],"up":[{"embeddable":true,"href":"https:\/\/waldorf.pb.cz\/index.php?rest_route=\/wp\/v2\/pages\/11"}],"wp:attachment":[{"href":"https:\/\/waldorf.pb.cz\/index.php?rest_route=%2Fwp%2Fv2%2Fmedia&parent=93"}],"curies":[{"name":"wp","href":"https:\/\/api.w.org\/{rel}","templated":true}]}}