{"id":91,"date":"2019-08-22T14:32:52","date_gmt":"2019-08-22T14:32:52","guid":{"rendered":"http:\/\/www.waldorf-pb.cz\/?page_id=91"},"modified":"2024-03-14T10:28:09","modified_gmt":"2024-03-14T10:28:09","slug":"skolni-tiskopisy","status":"publish","type":"page","link":"https:\/\/waldorf.pb.cz\/?page_id=91","title":{"rendered":"\u0161koln\u00ed tiskopisy"},"content":{"rendered":"\n<p><a href=\"https:\/\/waldorf.pb.cz\/wp-content\/uploads\/2023\/06\/Tiskopis-Posudek-o-zdravotni-zpusobilosti-ditete-k-ucasti-na-zotavovaci-akci-nebo-skole-v-prirode.pdf\" target=\"_blank\" rel=\"noreferrer noopener\">Posudek o&nbsp;zdravotn\u00ed zp\u016fsobilosti d\u00edt\u011bte k&nbsp;\u00fa\u010dasti na zotavovac\u00ed akci nebo \u0161kole v&nbsp;p\u0159\u00edrod\u011b<\/a><\/p>\n\n\n\n<p><a href=\"https:\/\/waldorf.pb.cz\/wp-content\/uploads\/2023\/06\/Tiskopis-Potvrzeni-o-studiu.pdf\" target=\"_blank\" rel=\"noreferrer noopener\">Potvrzen\u00ed o&nbsp;studiu<\/a><\/p>\n\n\n\n<p><a href=\"https:\/\/waldorf.pb.cz\/wp-content\/uploads\/2023\/06\/Tiskopis-Prohlaseni-zakonnych-zastupcu-ditete-bezinfekcnost.pdf\" target=\"_blank\" rel=\"noreferrer noopener\">Prohl\u00e1\u0161en\u00ed z\u00e1konn\u00fdch z\u00e1stupc\u016f d\u00edt\u011bte \u2013 bezinfek\u010dnost<\/a><\/p>\n\n\n\n<p><a href=\"https:\/\/waldorf.pb.cz\/wp-content\/uploads\/2023\/06\/Tiskopis-Prihlaska-k-zapisu-k-povinne-skolni-dochazce.pdf\" target=\"_blank\" rel=\"noreferrer noopener\">P\u0159ihl\u00e1\u0161ka k&nbsp;z\u00e1pisu k&nbsp;povinn\u00e9 \u0161koln\u00ed doch\u00e1zce<\/a><\/p>\n\n\n\n<p><a href=\"https:\/\/waldorf.pb.cz\/wp-content\/uploads\/2023\/06\/Tiskopis-Zapisni-list-ZS.pdf\" target=\"_blank\" rel=\"noreferrer noopener\">Z\u00e1pisn\u00ed list Z\u0160<\/a><\/p>\n\n\n\n<p><a href=\"https:\/\/waldorf.pb.cz\/wp-content\/uploads\/2023\/06\/Tiskopis-Zadost-o-odklad-povinne-skolni-dochazky.pdf\" target=\"_blank\" rel=\"noreferrer noopener\">\u017d\u00e1dost o&nbsp;odklad povinn\u00e9 \u0161koln\u00ed doch\u00e1zky<\/a><\/p>\n\n\n\n<p><a href=\"https:\/\/waldorf.pb.cz\/wp-content\/uploads\/2023\/06\/Tiskopis-Zadost-o-uvolneni-z-vyucovani.pdf\" target=\"_blank\" rel=\"noreferrer noopener\">\u017d\u00e1dost o&nbsp;uvoln\u011bn\u00ed z&nbsp;vyu\u010dov\u00e1n\u00ed<\/a><\/p>\n\n\n\n<p><a href=\"https:\/\/waldorf.pb.cz\/wp-content\/uploads\/2023\/10\/SS-Skolni-akce-souhlas-s-rozchodem-2023-cisty.pdf\" target=\"_blank\" rel=\"noreferrer noopener\">Souhlas s&nbsp;odchodem z&nbsp;akce<\/a><\/p>\n\n\n\n<p>TISKOPISY M\u0160<\/p>\n\n\n\n<p><a rel=\"noreferrer noopener\" href=\"https:\/\/waldorf.pb.cz\/wp-content\/uploads\/2023\/06\/Tiskopis-Prihlaska-k-predskolnimu-vzdelavani-prazdninovy-provoz.pdf\" target=\"_blank\">P\u0159ihl\u00e1\u0161ka k\u00a0p\u0159ed\u0161koln\u00edmu vzd\u011bl\u00e1v\u00e1n\u00ed d\u00edt\u011bte \u2013 letn\u00ed provoz M\u0160<\/a><\/p>\n\n\n\n<p><a rel=\"noreferrer noopener\" href=\"https:\/\/waldorf.pb.cz\/wp-content\/uploads\/2023\/06\/Tiskopis-Priloha-k-zadosti-o-prijeti-ditete-k-predskolnimu-vzdelavani.pdf\" target=\"_blank\">P\u0159\u00edloha k&nbsp;\u017e\u00e1dosti o&nbsp;p\u0159ijet\u00ed d\u00edt\u011bte k&nbsp;p\u0159ed\u0161koln\u00edmu vzd\u011bl\u00e1v\u00e1n\u00ed<\/a><\/p>\n\n\n\n<p><a href=\"https:\/\/waldorf.pb.cz\/wp-content\/uploads\/2023\/06\/Tiskopis-Zadost-o-prijeti-ditete-k-predskolnimu-vzdelavani.pdf\" target=\"_blank\" rel=\"noreferrer noopener\">\u017d\u00e1dost o&nbsp;p\u0159ijet\u00ed d\u00edt\u011bte k&nbsp;p\u0159ed\u0161koln\u00edmu vzd\u011bl\u00e1v\u00e1n\u00ed<\/a><\/p>\n","protected":false},"excerpt":{"rendered":"<p>Posudek o&nbsp;zdravotn\u00ed zp\u016fsobilosti d\u00edt\u011bte k&nbsp;\u00fa\u010dasti na zotavovac\u00ed akci nebo \u0161kole v&nbsp;p\u0159\u00edrod\u011b Potvrzen\u00ed o&nbsp;studiu Prohl\u00e1\u0161en\u00ed z\u00e1konn\u00fdch z\u00e1stupc\u016f d\u00edt\u011bte \u2013 bezinfek\u010dnost P\u0159ihl\u00e1\u0161ka k&nbsp;z\u00e1pisu k&nbsp;povinn\u00e9 \u0161koln\u00ed doch\u00e1zce Z\u00e1pisn\u00ed list Z\u0160 \u017d\u00e1dost o&nbsp;odklad povinn\u00e9 \u0161koln\u00ed doch\u00e1zky \u017d\u00e1dost o&nbsp;uvoln\u011bn\u00ed z&nbsp;vyu\u010dov\u00e1n\u00ed Souhlas s&nbsp;odchodem z&nbsp;akce TISKOPISY M\u0160 P\u0159ihl\u00e1\u0161ka k\u00a0p\u0159ed\u0161koln\u00edmu vzd\u011bl\u00e1v\u00e1n\u00ed d\u00edt\u011bte \u2013 letn\u00ed provoz M\u0160 P\u0159\u00edloha k&nbsp;\u017e\u00e1dosti o&nbsp;p\u0159ijet\u00ed d\u00edt\u011bte k&nbsp;p\u0159ed\u0161koln\u00edmu vzd\u011bl\u00e1v\u00e1n\u00ed \u017d\u00e1dost &hellip; <a href=\"https:\/\/waldorf.pb.cz\/?page_id=91\">Continue reading <span class=\"meta-nav\">&rarr;<\/span><\/a><\/p>\n","protected":false},"author":1,"featured_media":0,"parent":437,"menu_order":6,"comment_status":"closed","ping_status":"closed","template":"template-full-width.php","meta":{"footnotes":""},"class_list":["post-91","page","type-page","status-publish","hentry"],"_links":{"self":[{"href":"https:\/\/waldorf.pb.cz\/index.php?rest_route=\/wp\/v2\/pages\/91","targetHints":{"allow":["GET"]}}],"collection":[{"href":"https:\/\/waldorf.pb.cz\/index.php?rest_route=\/wp\/v2\/pages"}],"about":[{"href":"https:\/\/waldorf.pb.cz\/index.php?rest_route=\/wp\/v2\/types\/page"}],"author":[{"embeddable":true,"href":"https:\/\/waldorf.pb.cz\/index.php?rest_route=\/wp\/v2\/users\/1"}],"replies":[{"embeddable":true,"href":"https:\/\/waldorf.pb.cz\/index.php?rest_route=%2Fwp%2Fv2%2Fcomments&post=91"}],"version-history":[{"count":36,"href":"https:\/\/waldorf.pb.cz\/index.php?rest_route=\/wp\/v2\/pages\/91\/revisions"}],"predecessor-version":[{"id":4775,"href":"https:\/\/waldorf.pb.cz\/index.php?rest_route=\/wp\/v2\/pages\/91\/revisions\/4775"}],"up":[{"embeddable":true,"href":"https:\/\/waldorf.pb.cz\/index.php?rest_route=\/wp\/v2\/pages\/437"}],"wp:attachment":[{"href":"https:\/\/waldorf.pb.cz\/index.php?rest_route=%2Fwp%2Fv2%2Fmedia&parent=91"}],"curies":[{"name":"wp","href":"https:\/\/api.w.org\/{rel}","templated":true}]}}