{"id":836,"date":"2019-11-25T17:52:52","date_gmt":"2019-11-25T17:52:52","guid":{"rendered":"http:\/\/www.waldorf-pb.cz\/?page_id=836"},"modified":"2026-04-02T09:51:03","modified_gmt":"2026-04-02T09:51:03","slug":"interni-setkani-ucitelu","status":"publish","type":"page","link":"https:\/\/waldorf.pb.cz\/?page_id=836","title":{"rendered":"FestiWal Vladim\u00edra Nejedla 2027"},"content":{"rendered":"\n<p>6.&nbsp;ro\u010dn\u00edk FestiWalu Vladim\u00edra Nejedla se uskute\u010dn\u00ed 22.-24.&nbsp;3.&nbsp;2027. <br><br>Va\u0161e dotazy pi\u0161te na <a aria-label=\"setkani@waldorf.pb.cz (opens in a new tab)\" href=\"mailto:setkani@waldorf.pb.cz\" target=\"_blank\" rel=\"noreferrer noopener\">robert.zak@waldorf.pb.cz<\/a><\/p>\n","protected":false},"excerpt":{"rendered":"<p>6.&nbsp;ro\u010dn\u00edk FestiWalu Vladim\u00edra Nejedla se uskute\u010dn\u00ed 22.-24.&nbsp;3.&nbsp;2027. Va\u0161e dotazy pi\u0161te na robert.zak@waldorf.pb.cz<\/p>\n","protected":false},"author":2,"featured_media":0,"parent":447,"menu_order":63,"comment_status":"closed","ping_status":"closed","template":"","meta":{"footnotes":""},"class_list":["post-836","page","type-page","status-publish","hentry"],"_links":{"self":[{"href":"https:\/\/waldorf.pb.cz\/index.php?rest_route=\/wp\/v2\/pages\/836","targetHints":{"allow":["GET"]}}],"collection":[{"href":"https:\/\/waldorf.pb.cz\/index.php?rest_route=\/wp\/v2\/pages"}],"about":[{"href":"https:\/\/waldorf.pb.cz\/index.php?rest_route=\/wp\/v2\/types\/page"}],"author":[{"embeddable":true,"href":"https:\/\/waldorf.pb.cz\/index.php?rest_route=\/wp\/v2\/users\/2"}],"replies":[{"embeddable":true,"href":"https:\/\/waldorf.pb.cz\/index.php?rest_route=%2Fwp%2Fv2%2Fcomments&post=836"}],"version-history":[{"count":55,"href":"https:\/\/waldorf.pb.cz\/index.php?rest_route=\/wp\/v2\/pages\/836\/revisions"}],"predecessor-version":[{"id":5852,"href":"https:\/\/waldorf.pb.cz\/index.php?rest_route=\/wp\/v2\/pages\/836\/revisions\/5852"}],"up":[{"embeddable":true,"href":"https:\/\/waldorf.pb.cz\/index.php?rest_route=\/wp\/v2\/pages\/447"}],"wp:attachment":[{"href":"https:\/\/waldorf.pb.cz\/index.php?rest_route=%2Fwp%2Fv2%2Fmedia&parent=836"}],"curies":[{"name":"wp","href":"https:\/\/api.w.org\/{rel}","templated":true}]}}