{"id":792,"date":"2019-11-21T05:28:58","date_gmt":"2019-11-21T05:28:58","guid":{"rendered":"http:\/\/www.waldorf-pb.cz\/?page_id=792"},"modified":"2021-01-08T13:12:17","modified_gmt":"2021-01-08T13:12:17","slug":"kraje-pro-bezpecny-internet","status":"publish","type":"page","link":"https:\/\/waldorf.pb.cz\/?page_id=792","title":{"rendered":"Kraje pro bezpe\u010dn\u00fd internet"},"content":{"rendered":"\n<p>Videospoty s&nbsp;t\u00e9matikou bezpe\u010dnosti na internetu byly slavnostn\u011b p\u0159edstaveny 4.&nbsp;\u00fanora 2019 na odborn\u00e9 konferenci projektu Kraje pro bezpe\u010dn\u00fd internet. Jednotliv\u00e9 p\u0159\u00edsp\u011bvky budou zve\u0159ej\u0148ov\u00e1ny postupn\u011b a&nbsp;prvn\u00ed d\u00edl je voln\u011b ke sta\u017een\u00ed na str\u00e1nk\u00e1ch projektu <a rel=\"noreferrer noopener\" aria-label=\"Kraje pro bezpe\u010dn\u00fd internet (otev\u0159e se na nov\u00e9 z\u00e1lo\u017ece)\" href=\"http:\/\/www.kpbi.cz\" target=\"_blank\">Kraje pro bezpe\u010dn\u00fd internet<\/a>\u00a0nebo\u00a0<a rel=\"noreferrer noopener\" aria-label=\"zde (otev\u0159e se na nov\u00e9 z\u00e1lo\u017ece)\" href=\"https:\/\/www.youtube.com\/watch?v=QG4CRwR_eGw\" target=\"_blank\">zde<\/a>.<\/p>\n","protected":false},"excerpt":{"rendered":"<p>Videospoty s&nbsp;t\u00e9matikou bezpe\u010dnosti na internetu byly slavnostn\u011b p\u0159edstaveny 4.&nbsp;\u00fanora 2019 na odborn\u00e9 konferenci projektu Kraje pro bezpe\u010dn\u00fd internet. Jednotliv\u00e9 p\u0159\u00edsp\u011bvky budou zve\u0159ej\u0148ov\u00e1ny postupn\u011b a&nbsp;prvn\u00ed d\u00edl je voln\u011b ke sta\u017een\u00ed na str\u00e1nk\u00e1ch projektu Kraje pro bezpe\u010dn\u00fd internet\u00a0nebo\u00a0zde.<\/p>\n","protected":false},"author":2,"featured_media":0,"parent":539,"menu_order":35,"comment_status":"closed","ping_status":"closed","template":"","meta":{"footnotes":""},"class_list":["post-792","page","type-page","status-publish","hentry"],"_links":{"self":[{"href":"https:\/\/waldorf.pb.cz\/index.php?rest_route=\/wp\/v2\/pages\/792","targetHints":{"allow":["GET"]}}],"collection":[{"href":"https:\/\/waldorf.pb.cz\/index.php?rest_route=\/wp\/v2\/pages"}],"about":[{"href":"https:\/\/waldorf.pb.cz\/index.php?rest_route=\/wp\/v2\/types\/page"}],"author":[{"embeddable":true,"href":"https:\/\/waldorf.pb.cz\/index.php?rest_route=\/wp\/v2\/users\/2"}],"replies":[{"embeddable":true,"href":"https:\/\/waldorf.pb.cz\/index.php?rest_route=%2Fwp%2Fv2%2Fcomments&post=792"}],"version-history":[{"count":4,"href":"https:\/\/waldorf.pb.cz\/index.php?rest_route=\/wp\/v2\/pages\/792\/revisions"}],"predecessor-version":[{"id":797,"href":"https:\/\/waldorf.pb.cz\/index.php?rest_route=\/wp\/v2\/pages\/792\/revisions\/797"}],"up":[{"embeddable":true,"href":"https:\/\/waldorf.pb.cz\/index.php?rest_route=\/wp\/v2\/pages\/539"}],"wp:attachment":[{"href":"https:\/\/waldorf.pb.cz\/index.php?rest_route=%2Fwp%2Fv2%2Fmedia&parent=792"}],"curies":[{"name":"wp","href":"https:\/\/api.w.org\/{rel}","templated":true}]}}