{"id":754,"date":"2019-11-21T04:49:39","date_gmt":"2019-11-21T04:49:39","guid":{"rendered":"http:\/\/www.waldorf-pb.cz\/?page_id=754"},"modified":"2019-12-28T14:34:27","modified_gmt":"2019-12-28T14:34:27","slug":"fotogalerie-materske-skoly","status":"publish","type":"page","link":"https:\/\/waldorf.pb.cz\/?page_id=754","title":{"rendered":"Fotogalerie mate\u0159sk\u00e9 \u0161koly"},"content":{"rendered":"\n<figure class=\"wp-block-gallery columns-3 is-cropped wp-block-gallery-1 is-layout-flex wp-block-gallery-is-layout-flex\"><ul class=\"blocks-gallery-grid\"><li class=\"blocks-gallery-item\"><figure><a href=\"https:\/\/waldorf.pb.cz\/wp-content\/uploads\/2019\/11\/IMG_2168-2-scaled.jpg\"><img loading=\"lazy\" decoding=\"async\" width=\"768\" height=\"1024\" src=\"https:\/\/waldorf.pb.cz\/wp-content\/uploads\/2019\/11\/IMG_2168-2-768x1024.jpg\" alt=\"\" data-id=\"776\" data-full-url=\"https:\/\/waldorf.pb.cz\/wp-content\/uploads\/2019\/11\/IMG_2168-2-scaled.jpg\" data-link=\"https:\/\/waldorf.pb.cz\/?attachment_id=776\" class=\"wp-image-776\" srcset=\"https:\/\/waldorf.pb.cz\/wp-content\/uploads\/2019\/11\/IMG_2168-2-768x1024.jpg 768w, https:\/\/waldorf.pb.cz\/wp-content\/uploads\/2019\/11\/IMG_2168-2-225x300.jpg 225w, https:\/\/waldorf.pb.cz\/wp-content\/uploads\/2019\/11\/IMG_2168-2-1152x1536.jpg 1152w, https:\/\/waldorf.pb.cz\/wp-content\/uploads\/2019\/11\/IMG_2168-2-1536x2048.jpg 1536w, https:\/\/waldorf.pb.cz\/wp-content\/uploads\/2019\/11\/IMG_2168-2-scaled.jpg 1920w\" sizes=\"auto, (max-width: 768px) 100vw, 768px\" \/><\/a><\/figure><\/li><li class=\"blocks-gallery-item\"><figure><a href=\"https:\/\/waldorf.pb.cz\/wp-content\/uploads\/2019\/11\/IMG_2167-1-scaled.jpg\"><img loading=\"lazy\" decoding=\"async\" width=\"1024\" height=\"768\" src=\"https:\/\/waldorf.pb.cz\/wp-content\/uploads\/2019\/11\/IMG_2167-1-1024x768.jpg\" alt=\"\" data-id=\"777\" data-full-url=\"https:\/\/waldorf.pb.cz\/wp-content\/uploads\/2019\/11\/IMG_2167-1-scaled.jpg\" data-link=\"https:\/\/waldorf.pb.cz\/?attachment_id=777\" class=\"wp-image-777\" srcset=\"https:\/\/waldorf.pb.cz\/wp-content\/uploads\/2019\/11\/IMG_2167-1-1024x768.jpg 1024w, https:\/\/waldorf.pb.cz\/wp-content\/uploads\/2019\/11\/IMG_2167-1-300x225.jpg 300w, https:\/\/waldorf.pb.cz\/wp-content\/uploads\/2019\/11\/IMG_2167-1-768x576.jpg 768w, https:\/\/waldorf.pb.cz\/wp-content\/uploads\/2019\/11\/IMG_2167-1-1536x1152.jpg 1536w, https:\/\/waldorf.pb.cz\/wp-content\/uploads\/2019\/11\/IMG_2167-1-2048x1536.jpg 2048w\" sizes=\"auto, (max-width: 1024px) 100vw, 1024px\" \/><\/a><\/figure><\/li><li class=\"blocks-gallery-item\"><figure><a href=\"https:\/\/waldorf.pb.cz\/wp-content\/uploads\/2019\/11\/IMG_2166-1-scaled.jpg\"><img loading=\"lazy\" decoding=\"async\" width=\"768\" height=\"1024\" src=\"https:\/\/waldorf.pb.cz\/wp-content\/uploads\/2019\/11\/IMG_2166-1-768x1024.jpg\" alt=\"\" data-id=\"778\" data-full-url=\"https:\/\/waldorf.pb.cz\/wp-content\/uploads\/2019\/11\/IMG_2166-1-scaled.jpg\" data-link=\"https:\/\/waldorf.pb.cz\/?attachment_id=778\" class=\"wp-image-778\" srcset=\"https:\/\/waldorf.pb.cz\/wp-content\/uploads\/2019\/11\/IMG_2166-1-768x1024.jpg 768w, https:\/\/waldorf.pb.cz\/wp-content\/uploads\/2019\/11\/IMG_2166-1-225x300.jpg 225w, https:\/\/waldorf.pb.cz\/wp-content\/uploads\/2019\/11\/IMG_2166-1-1152x1536.jpg 1152w, https:\/\/waldorf.pb.cz\/wp-content\/uploads\/2019\/11\/IMG_2166-1-1536x2048.jpg 1536w, https:\/\/waldorf.pb.cz\/wp-content\/uploads\/2019\/11\/IMG_2166-1-scaled.jpg 1920w\" sizes=\"auto, (max-width: 768px) 100vw, 768px\" \/><\/a><\/figure><\/li><li class=\"blocks-gallery-item\"><figure><a href=\"https:\/\/waldorf.pb.cz\/wp-content\/uploads\/2019\/11\/IMG_2164-1-scaled.jpg\"><img loading=\"lazy\" decoding=\"async\" width=\"768\" height=\"1024\" src=\"https:\/\/waldorf.pb.cz\/wp-content\/uploads\/2019\/11\/IMG_2164-1-768x1024.jpg\" alt=\"\" data-id=\"779\" data-full-url=\"https:\/\/waldorf.pb.cz\/wp-content\/uploads\/2019\/11\/IMG_2164-1-scaled.jpg\" data-link=\"https:\/\/waldorf.pb.cz\/?attachment_id=779\" class=\"wp-image-779\" srcset=\"https:\/\/waldorf.pb.cz\/wp-content\/uploads\/2019\/11\/IMG_2164-1-768x1024.jpg 768w, https:\/\/waldorf.pb.cz\/wp-content\/uploads\/2019\/11\/IMG_2164-1-225x300.jpg 225w, https:\/\/waldorf.pb.cz\/wp-content\/uploads\/2019\/11\/IMG_2164-1-1152x1536.jpg 1152w, https:\/\/waldorf.pb.cz\/wp-content\/uploads\/2019\/11\/IMG_2164-1-1536x2048.jpg 1536w, https:\/\/waldorf.pb.cz\/wp-content\/uploads\/2019\/11\/IMG_2164-1-scaled.jpg 1920w\" sizes=\"auto, (max-width: 768px) 100vw, 768px\" \/><\/a><\/figure><\/li><li class=\"blocks-gallery-item\"><figure><a href=\"https:\/\/waldorf.pb.cz\/wp-content\/uploads\/2019\/11\/IMG_2163-1-scaled.jpg\"><img loading=\"lazy\" decoding=\"async\" width=\"1024\" height=\"768\" src=\"https:\/\/waldorf.pb.cz\/wp-content\/uploads\/2019\/11\/IMG_2163-1-1024x768.jpg\" alt=\"\" data-id=\"780\" data-full-url=\"https:\/\/waldorf.pb.cz\/wp-content\/uploads\/2019\/11\/IMG_2163-1-scaled.jpg\" data-link=\"https:\/\/waldorf.pb.cz\/?attachment_id=780\" class=\"wp-image-780\" srcset=\"https:\/\/waldorf.pb.cz\/wp-content\/uploads\/2019\/11\/IMG_2163-1-1024x768.jpg 1024w, https:\/\/waldorf.pb.cz\/wp-content\/uploads\/2019\/11\/IMG_2163-1-300x225.jpg 300w, https:\/\/waldorf.pb.cz\/wp-content\/uploads\/2019\/11\/IMG_2163-1-768x576.jpg 768w, https:\/\/waldorf.pb.cz\/wp-content\/uploads\/2019\/11\/IMG_2163-1-1536x1152.jpg 1536w, https:\/\/waldorf.pb.cz\/wp-content\/uploads\/2019\/11\/IMG_2163-1-2048x1536.jpg 2048w\" sizes=\"auto, (max-width: 1024px) 100vw, 1024px\" \/><\/a><\/figure><\/li><li class=\"blocks-gallery-item\"><figure><a href=\"https:\/\/waldorf.pb.cz\/wp-content\/uploads\/2019\/11\/IMG_2162-1-scaled.jpg\"><img loading=\"lazy\" decoding=\"async\" width=\"768\" height=\"1024\" src=\"https:\/\/waldorf.pb.cz\/wp-content\/uploads\/2019\/11\/IMG_2162-1-768x1024.jpg\" alt=\"\" data-id=\"781\" data-full-url=\"https:\/\/waldorf.pb.cz\/wp-content\/uploads\/2019\/11\/IMG_2162-1-scaled.jpg\" data-link=\"https:\/\/waldorf.pb.cz\/?attachment_id=781\" class=\"wp-image-781\" srcset=\"https:\/\/waldorf.pb.cz\/wp-content\/uploads\/2019\/11\/IMG_2162-1-768x1024.jpg 768w, https:\/\/waldorf.pb.cz\/wp-content\/uploads\/2019\/11\/IMG_2162-1-225x300.jpg 225w, https:\/\/waldorf.pb.cz\/wp-content\/uploads\/2019\/11\/IMG_2162-1-1152x1536.jpg 1152w, https:\/\/waldorf.pb.cz\/wp-content\/uploads\/2019\/11\/IMG_2162-1-1536x2048.jpg 1536w, https:\/\/waldorf.pb.cz\/wp-content\/uploads\/2019\/11\/IMG_2162-1-scaled.jpg 1920w\" sizes=\"auto, (max-width: 768px) 100vw, 768px\" \/><\/a><\/figure><\/li><li class=\"blocks-gallery-item\"><figure><a href=\"https:\/\/waldorf.pb.cz\/wp-content\/uploads\/2019\/11\/IMG_2160-1-scaled.jpg\"><img loading=\"lazy\" decoding=\"async\" width=\"768\" height=\"1024\" src=\"https:\/\/waldorf.pb.cz\/wp-content\/uploads\/2019\/11\/IMG_2160-1-768x1024.jpg\" alt=\"\" data-id=\"782\" data-full-url=\"https:\/\/waldorf.pb.cz\/wp-content\/uploads\/2019\/11\/IMG_2160-1-scaled.jpg\" data-link=\"https:\/\/waldorf.pb.cz\/?attachment_id=782\" class=\"wp-image-782\" srcset=\"https:\/\/waldorf.pb.cz\/wp-content\/uploads\/2019\/11\/IMG_2160-1-768x1024.jpg 768w, https:\/\/waldorf.pb.cz\/wp-content\/uploads\/2019\/11\/IMG_2160-1-225x300.jpg 225w, https:\/\/waldorf.pb.cz\/wp-content\/uploads\/2019\/11\/IMG_2160-1-1152x1536.jpg 1152w, https:\/\/waldorf.pb.cz\/wp-content\/uploads\/2019\/11\/IMG_2160-1-1536x2048.jpg 1536w, https:\/\/waldorf.pb.cz\/wp-content\/uploads\/2019\/11\/IMG_2160-1-scaled.jpg 1920w\" sizes=\"auto, (max-width: 768px) 100vw, 768px\" \/><\/a><\/figure><\/li><li class=\"blocks-gallery-item\"><figure><a href=\"https:\/\/waldorf.pb.cz\/wp-content\/uploads\/2019\/11\/IMG_2159-1-scaled.jpg\"><img loading=\"lazy\" decoding=\"async\" width=\"1024\" height=\"768\" src=\"https:\/\/waldorf.pb.cz\/wp-content\/uploads\/2019\/11\/IMG_2159-1-1024x768.jpg\" alt=\"\" data-id=\"783\" data-full-url=\"https:\/\/waldorf.pb.cz\/wp-content\/uploads\/2019\/11\/IMG_2159-1-scaled.jpg\" data-link=\"https:\/\/waldorf.pb.cz\/?attachment_id=783\" class=\"wp-image-783\" srcset=\"https:\/\/waldorf.pb.cz\/wp-content\/uploads\/2019\/11\/IMG_2159-1-1024x768.jpg 1024w, https:\/\/waldorf.pb.cz\/wp-content\/uploads\/2019\/11\/IMG_2159-1-300x225.jpg 300w, https:\/\/waldorf.pb.cz\/wp-content\/uploads\/2019\/11\/IMG_2159-1-768x576.jpg 768w, https:\/\/waldorf.pb.cz\/wp-content\/uploads\/2019\/11\/IMG_2159-1-1536x1152.jpg 1536w, https:\/\/waldorf.pb.cz\/wp-content\/uploads\/2019\/11\/IMG_2159-1-2048x1536.jpg 2048w\" sizes=\"auto, (max-width: 1024px) 100vw, 1024px\" \/><\/a><\/figure><\/li><li class=\"blocks-gallery-item\"><figure><a href=\"https:\/\/waldorf.pb.cz\/wp-content\/uploads\/2019\/11\/IMG_2158-1-scaled.jpg\"><img loading=\"lazy\" decoding=\"async\" width=\"768\" height=\"1024\" src=\"https:\/\/waldorf.pb.cz\/wp-content\/uploads\/2019\/11\/IMG_2158-1-768x1024.jpg\" alt=\"\" data-id=\"784\" data-full-url=\"https:\/\/waldorf.pb.cz\/wp-content\/uploads\/2019\/11\/IMG_2158-1-scaled.jpg\" data-link=\"https:\/\/waldorf.pb.cz\/?attachment_id=784\" class=\"wp-image-784\" srcset=\"https:\/\/waldorf.pb.cz\/wp-content\/uploads\/2019\/11\/IMG_2158-1-768x1024.jpg 768w, https:\/\/waldorf.pb.cz\/wp-content\/uploads\/2019\/11\/IMG_2158-1-225x300.jpg 225w, https:\/\/waldorf.pb.cz\/wp-content\/uploads\/2019\/11\/IMG_2158-1-1152x1536.jpg 1152w, https:\/\/waldorf.pb.cz\/wp-content\/uploads\/2019\/11\/IMG_2158-1-1536x2048.jpg 1536w, https:\/\/waldorf.pb.cz\/wp-content\/uploads\/2019\/11\/IMG_2158-1-scaled.jpg 1920w\" sizes=\"auto, (max-width: 768px) 100vw, 768px\" \/><\/a><\/figure><\/li><li class=\"blocks-gallery-item\"><figure><a href=\"https:\/\/waldorf.pb.cz\/wp-content\/uploads\/2019\/11\/IMG_2157-1-scaled.jpg\"><img loading=\"lazy\" decoding=\"async\" width=\"768\" height=\"1024\" src=\"https:\/\/waldorf.pb.cz\/wp-content\/uploads\/2019\/11\/IMG_2157-1-768x1024.jpg\" alt=\"\" data-id=\"785\" data-full-url=\"https:\/\/waldorf.pb.cz\/wp-content\/uploads\/2019\/11\/IMG_2157-1-scaled.jpg\" data-link=\"https:\/\/waldorf.pb.cz\/?attachment_id=785\" class=\"wp-image-785\" srcset=\"https:\/\/waldorf.pb.cz\/wp-content\/uploads\/2019\/11\/IMG_2157-1-768x1024.jpg 768w, https:\/\/waldorf.pb.cz\/wp-content\/uploads\/2019\/11\/IMG_2157-1-225x300.jpg 225w, https:\/\/waldorf.pb.cz\/wp-content\/uploads\/2019\/11\/IMG_2157-1-1152x1536.jpg 1152w, https:\/\/waldorf.pb.cz\/wp-content\/uploads\/2019\/11\/IMG_2157-1-1536x2048.jpg 1536w, https:\/\/waldorf.pb.cz\/wp-content\/uploads\/2019\/11\/IMG_2157-1-scaled.jpg 1920w\" sizes=\"auto, (max-width: 768px) 100vw, 768px\" \/><\/a><\/figure><\/li><li class=\"blocks-gallery-item\"><figure><a href=\"https:\/\/waldorf.pb.cz\/wp-content\/uploads\/2019\/11\/IMG_2156-1-scaled.jpg\"><img loading=\"lazy\" decoding=\"async\" width=\"768\" height=\"1024\" src=\"https:\/\/waldorf.pb.cz\/wp-content\/uploads\/2019\/11\/IMG_2156-1-768x1024.jpg\" alt=\"\" data-id=\"786\" data-full-url=\"https:\/\/waldorf.pb.cz\/wp-content\/uploads\/2019\/11\/IMG_2156-1-scaled.jpg\" data-link=\"https:\/\/waldorf.pb.cz\/?attachment_id=786\" class=\"wp-image-786\" srcset=\"https:\/\/waldorf.pb.cz\/wp-content\/uploads\/2019\/11\/IMG_2156-1-768x1024.jpg 768w, https:\/\/waldorf.pb.cz\/wp-content\/uploads\/2019\/11\/IMG_2156-1-225x300.jpg 225w, https:\/\/waldorf.pb.cz\/wp-content\/uploads\/2019\/11\/IMG_2156-1-1152x1536.jpg 1152w, https:\/\/waldorf.pb.cz\/wp-content\/uploads\/2019\/11\/IMG_2156-1-1536x2048.jpg 1536w, https:\/\/waldorf.pb.cz\/wp-content\/uploads\/2019\/11\/IMG_2156-1-scaled.jpg 1920w\" sizes=\"auto, (max-width: 768px) 100vw, 768px\" \/><\/a><\/figure><\/li><li class=\"blocks-gallery-item\"><figure><a href=\"https:\/\/waldorf.pb.cz\/wp-content\/uploads\/2019\/11\/IMG_2155-1-scaled.jpg\"><img loading=\"lazy\" decoding=\"async\" width=\"768\" height=\"1024\" src=\"https:\/\/waldorf.pb.cz\/wp-content\/uploads\/2019\/11\/IMG_2155-1-768x1024.jpg\" alt=\"\" data-id=\"787\" data-full-url=\"https:\/\/waldorf.pb.cz\/wp-content\/uploads\/2019\/11\/IMG_2155-1-scaled.jpg\" data-link=\"https:\/\/waldorf.pb.cz\/?attachment_id=787\" class=\"wp-image-787\" srcset=\"https:\/\/waldorf.pb.cz\/wp-content\/uploads\/2019\/11\/IMG_2155-1-768x1024.jpg 768w, https:\/\/waldorf.pb.cz\/wp-content\/uploads\/2019\/11\/IMG_2155-1-225x300.jpg 225w, https:\/\/waldorf.pb.cz\/wp-content\/uploads\/2019\/11\/IMG_2155-1-1152x1536.jpg 1152w, https:\/\/waldorf.pb.cz\/wp-content\/uploads\/2019\/11\/IMG_2155-1-1536x2048.jpg 1536w, https:\/\/waldorf.pb.cz\/wp-content\/uploads\/2019\/11\/IMG_2155-1-scaled.jpg 1920w\" sizes=\"auto, (max-width: 768px) 100vw, 768px\" \/><\/a><\/figure><\/li><li class=\"blocks-gallery-item\"><figure><a href=\"https:\/\/waldorf.pb.cz\/wp-content\/uploads\/2019\/11\/IMG_2154-1-scaled.jpg\"><img loading=\"lazy\" decoding=\"async\" width=\"768\" height=\"1024\" src=\"https:\/\/waldorf.pb.cz\/wp-content\/uploads\/2019\/11\/IMG_2154-1-768x1024.jpg\" alt=\"\" data-id=\"788\" data-full-url=\"https:\/\/waldorf.pb.cz\/wp-content\/uploads\/2019\/11\/IMG_2154-1-scaled.jpg\" data-link=\"https:\/\/waldorf.pb.cz\/?attachment_id=788\" class=\"wp-image-788\" srcset=\"https:\/\/waldorf.pb.cz\/wp-content\/uploads\/2019\/11\/IMG_2154-1-768x1024.jpg 768w, https:\/\/waldorf.pb.cz\/wp-content\/uploads\/2019\/11\/IMG_2154-1-225x300.jpg 225w, https:\/\/waldorf.pb.cz\/wp-content\/uploads\/2019\/11\/IMG_2154-1-1152x1536.jpg 1152w, https:\/\/waldorf.pb.cz\/wp-content\/uploads\/2019\/11\/IMG_2154-1-1536x2048.jpg 1536w, https:\/\/waldorf.pb.cz\/wp-content\/uploads\/2019\/11\/IMG_2154-1-scaled.jpg 1920w\" sizes=\"auto, (max-width: 768px) 100vw, 768px\" \/><\/a><\/figure><\/li><\/ul><\/figure>\n","protected":false},"excerpt":{"rendered":"","protected":false},"author":2,"featured_media":0,"parent":10,"menu_order":13,"comment_status":"closed","ping_status":"closed","template":"template-full-width.php","meta":{"footnotes":""},"class_list":["post-754","page","type-page","status-publish","hentry"],"_links":{"self":[{"href":"https:\/\/waldorf.pb.cz\/index.php?rest_route=\/wp\/v2\/pages\/754","targetHints":{"allow":["GET"]}}],"collection":[{"href":"https:\/\/waldorf.pb.cz\/index.php?rest_route=\/wp\/v2\/pages"}],"about":[{"href":"https:\/\/waldorf.pb.cz\/index.php?rest_route=\/wp\/v2\/types\/page"}],"author":[{"embeddable":true,"href":"https:\/\/waldorf.pb.cz\/index.php?rest_route=\/wp\/v2\/users\/2"}],"replies":[{"embeddable":true,"href":"https:\/\/waldorf.pb.cz\/index.php?rest_route=%2Fwp%2Fv2%2Fcomments&post=754"}],"version-history":[{"count":5,"href":"https:\/\/waldorf.pb.cz\/index.php?rest_route=\/wp\/v2\/pages\/754\/revisions"}],"predecessor-version":[{"id":1196,"href":"https:\/\/waldorf.pb.cz\/index.php?rest_route=\/wp\/v2\/pages\/754\/revisions\/1196"}],"up":[{"embeddable":true,"href":"https:\/\/waldorf.pb.cz\/index.php?rest_route=\/wp\/v2\/pages\/10"}],"wp:attachment":[{"href":"https:\/\/waldorf.pb.cz\/index.php?rest_route=%2Fwp%2Fv2%2Fmedia&parent=754"}],"curies":[{"name":"wp","href":"https:\/\/api.w.org\/{rel}","templated":true}]}}