{"id":729,"date":"2019-11-19T06:04:41","date_gmt":"2019-11-19T06:04:41","guid":{"rendered":"http:\/\/www.waldorf-pb.cz\/?page_id=729"},"modified":"2026-02-20T05:54:00","modified_gmt":"2026-02-20T05:54:00","slug":"obec-krestanu","status":"publish","type":"page","link":"https:\/\/waldorf.pb.cz\/?page_id=729","title":{"rendered":"Obec k\u0159es\u0165an\u016f"},"content":{"rendered":"\n<figure class=\"wp-block-image size-large is-resized\"><img loading=\"lazy\" decoding=\"async\" width=\"450\" height=\"184\" src=\"https:\/\/waldorf.pb.cz\/wp-content\/uploads\/2019\/11\/hlava_cs.gif\" alt=\"\" class=\"wp-image-725\" style=\"width:283px;height:116px\"\/><\/figure>\n\n\n\n<p>V na\u0161\u00ed \u0161kole se setk\u00e1v\u00e1 Obec k\u0159es\u0165an\u016f a&nbsp;po\u0159\u00e1d\u00e1 zde ob\u0159ady pro d\u011bti i&nbsp;dosp\u011bl\u00e9. V\u00edce o&nbsp;tomto hnut\u00ed naleznete <a href=\"http:\/\/www.obec-krestanu.cz\/\" target=\"_blank\" rel=\"noreferrer noopener\" aria-label=\"zde (otev\u0159e se na nov\u00e9 z\u00e1lo\u017ece)\">zde<\/a>.<\/p>\n\n\n\n<p>Ob\u0159ad posv\u011bcen\u00ed \u010dlov\u011bka se kon\u00e1 zpravidla \u010dty\u0159ikr\u00e1t ro\u010dn\u011b v&nbsp;sobotu v&nbsp;eurytmick\u00e9m s\u00e1le. <br>P\u0159\u00ed\u0161t\u00ed ob\u0159ady se konaj\u00ed v\u017edy v&nbsp;sobotu <\/p>\n\n\n\n<p>22.&nbsp;2.&nbsp;2026 P\u0159\u00edbram<br>11.&nbsp;4.&nbsp;2026 P\u0159\u00edbram<br>30.&nbsp;5.&nbsp;2026 P\u00edsek<br>20.&nbsp;6.&nbsp;2026 P\u00edsek<\/p>\n\n\n\n<figure class=\"wp-block-image size-large\"><img loading=\"lazy\" decoding=\"async\" width=\"680\" height=\"1024\" src=\"https:\/\/waldorf.pb.cz\/wp-content\/uploads\/2026\/02\/plakat-01-az-06-2026-680x1024.jpg\" alt=\"\" class=\"wp-image-5825\" srcset=\"https:\/\/waldorf.pb.cz\/wp-content\/uploads\/2026\/02\/plakat-01-az-06-2026-680x1024.jpg 680w, https:\/\/waldorf.pb.cz\/wp-content\/uploads\/2026\/02\/plakat-01-az-06-2026-199x300.jpg 199w, https:\/\/waldorf.pb.cz\/wp-content\/uploads\/2026\/02\/plakat-01-az-06-2026-768x1156.jpg 768w, https:\/\/waldorf.pb.cz\/wp-content\/uploads\/2026\/02\/plakat-01-az-06-2026-1021x1536.jpg 1021w, https:\/\/waldorf.pb.cz\/wp-content\/uploads\/2026\/02\/plakat-01-az-06-2026.jpg 1026w\" sizes=\"auto, (max-width: 680px) 100vw, 680px\" \/><\/figure>\n\n\n\n<p>Program: <br> 9.30 hodin \u2013 Svobodn\u00e9 n\u00e1bo\u017eenstv\u00ed<br>10.00 hodin \u2013 Ob\u0159ad pro d\u011bti <br>10.30 hodin \u2013 Ob\u0159ad posv\u011bcen\u00ed \u010dlov\u011bka<\/p>\n\n\n\n<p>Info: Tom\u00e1\u0161 Bon\u011bk, Na \u0160pejcharu 3, Praha 7, tel.,fax: 233&nbsp;322&nbsp;150,<br>www.obec-krestanu.cz,  p\u0159\u00edprava ob\u0159ad\u016f v&nbsp;P\u0159\u00edbrami &#8211; Michal Smejkal tel. 724&nbsp;690&nbsp;992<\/p>\n\n\n<p><!--EndFragment--><\/p>","protected":false},"excerpt":{"rendered":"<p>V na\u0161\u00ed \u0161kole se setk\u00e1v\u00e1 Obec k\u0159es\u0165an\u016f a&nbsp;po\u0159\u00e1d\u00e1 zde ob\u0159ady pro d\u011bti i&nbsp;dosp\u011bl\u00e9. V\u00edce o&nbsp;tomto hnut\u00ed naleznete zde. Ob\u0159ad posv\u011bcen\u00ed \u010dlov\u011bka se kon\u00e1 zpravidla \u010dty\u0159ikr\u00e1t ro\u010dn\u011b v&nbsp;sobotu v&nbsp;eurytmick\u00e9m s\u00e1le. P\u0159\u00ed\u0161t\u00ed ob\u0159ady se konaj\u00ed v\u017edy v&nbsp;sobotu 22.&nbsp;2.&nbsp;2026 P\u0159\u00edbram11.&nbsp;4.&nbsp;2026 P\u0159\u00edbram30.&nbsp;5.&nbsp;2026 P\u00edsek20.&nbsp;6.&nbsp;2026 P\u00edsek Program: 9.30 hodin \u2013 Svobodn\u00e9 n\u00e1bo\u017eenstv\u00ed10.00 hodin \u2013 Ob\u0159ad pro d\u011bti 10.30 hodin \u2013 Ob\u0159ad &hellip; <a href=\"https:\/\/waldorf.pb.cz\/?page_id=729\">Continue reading <span class=\"meta-nav\">&rarr;<\/span><\/a><\/p>\n","protected":false},"author":2,"featured_media":0,"parent":178,"menu_order":49,"comment_status":"closed","ping_status":"closed","template":"","meta":{"footnotes":""},"class_list":["post-729","page","type-page","status-publish","hentry"],"_links":{"self":[{"href":"https:\/\/waldorf.pb.cz\/index.php?rest_route=\/wp\/v2\/pages\/729","targetHints":{"allow":["GET"]}}],"collection":[{"href":"https:\/\/waldorf.pb.cz\/index.php?rest_route=\/wp\/v2\/pages"}],"about":[{"href":"https:\/\/waldorf.pb.cz\/index.php?rest_route=\/wp\/v2\/types\/page"}],"author":[{"embeddable":true,"href":"https:\/\/waldorf.pb.cz\/index.php?rest_route=\/wp\/v2\/users\/2"}],"replies":[{"embeddable":true,"href":"https:\/\/waldorf.pb.cz\/index.php?rest_route=%2Fwp%2Fv2%2Fcomments&post=729"}],"version-history":[{"count":21,"href":"https:\/\/waldorf.pb.cz\/index.php?rest_route=\/wp\/v2\/pages\/729\/revisions"}],"predecessor-version":[{"id":5827,"href":"https:\/\/waldorf.pb.cz\/index.php?rest_route=\/wp\/v2\/pages\/729\/revisions\/5827"}],"up":[{"embeddable":true,"href":"https:\/\/waldorf.pb.cz\/index.php?rest_route=\/wp\/v2\/pages\/178"}],"wp:attachment":[{"href":"https:\/\/waldorf.pb.cz\/index.php?rest_route=%2Fwp%2Fv2%2Fmedia&parent=729"}],"curies":[{"name":"wp","href":"https:\/\/api.w.org\/{rel}","templated":true}]}}