{"id":707,"date":"2019-11-17T12:45:57","date_gmt":"2019-11-17T12:45:57","guid":{"rendered":"http:\/\/www.waldorf-pb.cz\/?page_id=707"},"modified":"2026-04-30T05:45:01","modified_gmt":"2026-04-30T05:45:01","slug":"zapis-do-zs","status":"publish","type":"page","link":"https:\/\/waldorf.pb.cz\/?page_id=707","title":{"rendered":"Z\u00e1pis do Z\u0160"},"content":{"rendered":"\n<p><strong>V\u00fdsledky Z\u00e1pisu  do Z\u0160<\/strong><\/p>\n\n\n<a href=\"https:\/\/waldorf.pb.cz\/wp-content\/uploads\/2026\/04\/260202-Zapis-do-1.-tridy-vysledek.pdf\" class=\"pdfemb-viewer\" style=\"\" data-width=\"max\" data-height=\"max\"  data-toolbar=\"bottom\" data-toolbar-fixed=\"off\">260202-Zapis-do-1.-tridy-vysledek<br\/><\/a>\n<p class=\"wp-block-pdfemb-pdf-embedder-viewer\"><\/p>\n\n\n\n<p>V\u00e1\u017een\u00ed rodi\u010de,<br>z\u00e1pis do na\u0161\u00ed \u0161koly prob\u011bhne <strong>23.&nbsp;ledna 2026&nbsp;14\u201317 hodin a&nbsp;24.&nbsp;ledna 2026&nbsp;9-12 hodin.<\/strong> &nbsp;<br><strong>Rezerva\u010dn\u00ed syst\u00e9m<\/strong>: Z\u00e1konn\u00fd z\u00e1stupce se telefonicky objedn\u00e1 na konkr\u00e9tn\u00ed den a&nbsp;hodinu z\u00e1pisu. Telefon <strong>318&nbsp;623&nbsp;306<\/strong> Jana \u017d\u00e1kov\u00e1, kancel\u00e1\u0159 \u0161koly.<br>\u017d\u00e1dosti o&nbsp;odklad povinn\u00e9 \u0161koln\u00ed doch\u00e1zky mohou z\u00e1konn\u00ed z\u00e1stupci p\u0159in\u00e1\u0161et bez p\u0159edchoz\u00edho objedn\u00e1n\u00ed.<br>M\u00e1te-li jak\u00e9koli ot\u00e1zky, kontaktujte z\u00e1stupkyni pro z\u00e1kladn\u00ed \u0161kolu Mgr. Jitku Zem\u00e1nkovou Tejkalovou <a href=\"mailto:jitka.zemankova@waldorf.pb.cz\">jitka.zemankova@waldorf.pb.cz<\/a> <strong>734&nbsp;171&nbsp;078<\/strong><\/p>\n\n\n\n<h2 class=\"wp-block-heading\">V<strong>nit\u0159n\u00ed krit\u00e9ria pro p\u0159ij\u00edm\u00e1n\u00ed \u017e\u00e1k\u016f do z\u00e1kladn\u00ed \u0161koly pro \u0161koln\u00ed rok 2026\/202<\/strong>7<\/h2>\n\n\n\n<h2 class=\"wp-block-heading\">Z\u00e1konn\u00fd r\u00e1mec<\/h2>\n\n\n\n<p>V souladu s&nbsp;\u00a7 178 odst. 2 a&nbsp;\u00a7 36 odst. 7 \u0161kolsk\u00e9ho z\u00e1kona je \u0159editel sp\u00e1dov\u00e9 \u0161koly je povinen p\u0159ednostn\u011b p\u0159ijmout \u017e\u00e1ky s&nbsp;m\u00edstem trval\u00e9ho pobytu v&nbsp;p\u0159\u00edslu\u0161n\u00e9m \u0161kolsk\u00e9m obvodu a&nbsp;\u017e\u00e1ky um\u00edst\u011bn\u00e9 v&nbsp;tomto obvodu ve \u0161kolsk\u00e9m za\u0159\u00edzen\u00ed pro v\u00fdkon \u00fastavn\u00ed v\u00fdchovy, ochrann\u00e9 v\u00fdchovy nebo ve \u0161kolsk\u00e9m za\u0159\u00edzen\u00ed pro preventivn\u011b v\u00fdchovnou p\u00e9\u010di, a&nbsp;to do v\u00fd\u0161e povolen\u00e9ho po\u010dtu \u017e\u00e1k\u016f uveden\u00e9 ve \u0161kolsk\u00e9m rejst\u0159\u00edku.<\/p>\n\n\n\n<p>V na\u0161\u00ed \u0161kole vych\u00e1z\u00edme z&nbsp;Obecn\u011b z\u00e1vazn\u00e9 vyhl\u00e1\u0161ky \u010d. 4\/2016 ze dne 5.&nbsp;z\u00e1\u0159\u00ed 2016 o&nbsp;stanoven\u00ed \u0161kolsk\u00e9ho obvodu z\u00e1kladn\u00edch \u0161kol z\u0159izovan\u00fdch m\u011bstem P\u0159\u00edbram.<\/p>\n\n\n\n<h2 class=\"wp-block-heading\">Po\u010det p\u0159ij\u00edman\u00fdch \u017e\u00e1k\u016f<\/h2>\n\n\n\n<p>Po\u010det p\u0159ij\u00edman\u00fdch \u017e\u00e1k\u016f pro \u0161koln\u00ed rok 2026\/2027 je 24.<\/p>\n\n\n\n<ul class=\"wp-block-list\">\n<li>D\u00edt\u011b s&nbsp;m\u00edstem trval\u00e9ho pobytu na \u00fazem\u00ed dle Obecn\u011b z\u00e1vazn\u00e9 vyhl\u00e1\u0161ky \u010d. 4\/2016. \/ 1 bod<\/li>\n\n\n\n<li>Sourozenec je ke dni z\u00e1pisu \u017e\u00e1kem Waldorfsk\u00e9 \u0161koly P\u0159\u00edbram \u2013 M\u0160, Z\u0160 a&nbsp;S\u0160. \/ 1 bod<\/li>\n\n\n\n<li>P\u0159ed\u0161koln\u00ed vzd\u011bl\u00e1v\u00e1n\u00ed \u2013 mate\u0159sk\u00e9 \u0161koly s&nbsp;prvky waldorfsk\u00e9 pedagogiky \/ 1 bod<\/li>\n<\/ul>\n\n\n\n<p>V p\u0159\u00edpad\u011b rovnosti bod\u016f rozhoduje \u0159editel \u0161koly na z\u00e1klad\u011b losov\u00e1n\u00ed za p\u0159\u00edtomnosti z\u00e1stupce \u0160kolsk\u00e9 rady.<\/p>\n\n\n\n<h2 class=\"wp-block-heading\">Doporu\u010den\u00e9 ot\u00e1zky pro z\u00e1konn\u00e9 z\u00e1stupce<\/h2>\n\n\n\n<p>N\u00ed\u017ee uveden\u00e9 ot\u00e1zky nemaj\u00ed vliv na rozhodov\u00e1n\u00ed \u0159editele \u0161koly. Jsou pouze orienta\u010dn\u00edm vod\u00edtkem pro z\u00e1konn\u00e9 z\u00e1stupce p\u0159i v\u00fdb\u011bru vhodn\u00e9 \u0161koly. Doporu\u010dujeme z\u00e1konn\u00fdm z\u00e1stupc\u016fm uchaze\u010d\u016f zodpov\u011bd\u011bt si p\u0159ed z\u00e1pisem tyto ot\u00e1zky.<\/p>\n\n\n\n<ul class=\"wp-block-list\">\n<li>Rozhodnut\u00ed vzd\u011bl\u00e1vat d\u00edt\u011b v&nbsp;duchu waldorfsk\u00e9 pedagogiky p\u0159ij\u00edmaj\u00ed oba rodi\u010de.<\/li>\n\n\n\n<li>Uv\u011bdomuji si, \u017ee po celou dobu doch\u00e1zky bude m\u00e9 d\u00edt\u011b hodnoceno slovn\u011b.<\/li>\n\n\n\n<li>Uv\u011bdomuji si, \u017ee podle programu waldorfsk\u00e9 \u0161koly se nap\u0159\u00edklad zav\u00e1d\u00ed \u010dten\u00ed ve 2.&nbsp;t\u0159\u00edd\u011b, psac\u00ed p\u00edsmo ve 3.&nbsp;t\u0159\u00edd\u011b, r\u00fdsov\u00e1n\u00ed v&nbsp;6.&nbsp;t\u0159\u00edd\u011b apod.<\/li>\n\n\n\n<li>Uv\u011bdomuji si, \u017ee vyu\u010dov\u00e1n\u00ed je organizov\u00e1no v&nbsp;bloc\u00edch \u2013 epoch\u00e1ch.<\/li>\n\n\n\n<li>Uv\u011bdomuji si, \u017ee \u0161kola vyu\u017e\u00edv\u00e1 u\u010debnice a&nbsp;pracovn\u00ed se\u0161ity pouze jako dopl\u0148kov\u00e9 materi\u00e1ly, sp\u00ed\u0161e ve vy\u0161\u0161\u00edch t\u0159\u00edd\u00e1ch.<\/li>\n\n\n\n<li>Uv\u011bdomuji si, \u017ee waldorfsk\u00e1 pedagogika klade stejn\u00fd d\u016fraz na v\u0161echny oblasti vzd\u011bl\u00e1v\u00e1n\u00ed \u2013 rozumovou, \u010dinnostn\u00ed a&nbsp;um\u011bleckou slo\u017eku vyu\u010dov\u00e1n\u00ed.<\/li>\n\n\n\n<li>Po\u010d\u00edt\u00e1m s&nbsp;t\u00edm, \u017ee \u0161kola je zalo\u017eena na \u00fazk\u00e9 spolupr\u00e1ci s&nbsp;rodinou. Mezi to pat\u0159\u00ed nap\u0159\u00edklad: t\u0159\u00eddn\u00ed sch\u016fzky jednou m\u011bs\u00ed\u010dn\u011b, spolupr\u00e1ce rodi\u010d\u016f na komunitn\u00edch akc\u00edch \u0161koly \u2013 jarmarky, pr\u00e1ce na zahrad\u011b, v\u00fdzdoba \u0161koly, p\u0159\u00edprava specifick\u00fdch u\u010debn\u00edch pom\u016fcek apod.<\/li>\n\n\n\n<li>Uv\u011bdomuji si, \u017ee waldorfsk\u00e1 \u0161kola klade velk\u00fd d\u016fraz na doch\u00e1zku a&nbsp;pln\u011bn\u00ed \u0161koln\u00edho vzd\u011bl\u00e1vac\u00edho programu spole\u010dn\u011b se t\u0159\u00eddou. Sem pat\u0159\u00ed mj. podpora d\u011bt\u00ed v&nbsp;\u00fa\u010dasti na exkurz\u00edch, v\u00fdjezdech na pozn\u00e1vac\u00ed pobyty a&nbsp;maxim\u00e1ln\u00ed mo\u017en\u00e1 doch\u00e1zka do \u0161koly. Rodinn\u00e9 rekreace v&nbsp;pr\u016fb\u011bhu \u0161koln\u00edho roku \u0161kola nepodporuje.<\/li>\n<\/ul>\n\n\n\n<h2 class=\"wp-block-heading\">Doklady k&nbsp;z\u00e1pisu<\/h2>\n\n\n\n<ul class=\"wp-block-list\">\n<li>rodn\u00fd list d\u00edt\u011bte,<\/li>\n\n\n\n<li>ob\u010dansk\u00fd pr\u016fkaz z\u00e1konn\u00e9ho z\u00e1stupce,<\/li>\n\n\n\n<li>pas u&nbsp;ciz\u00edch st\u00e1tn\u00edch p\u0159\u00edslu\u0161n\u00edk\u016f \u2013 potvrzen\u00ed o&nbsp;rezidentstv\u00ed,<\/li>\n\n\n\n<li>rozhodnut\u00ed o&nbsp;odkladu \u0161koln\u00ed doch\u00e1zky z&nbsp;p\u0159ede\u0161l\u00e9ho \u0161koln\u00edho roku (bylo-li ud\u011bleno)<\/li>\n<\/ul>\n\n\n\n<h2 class=\"wp-block-heading\">Doklady k&nbsp;\u017e\u00e1dosti o&nbsp;odklad<\/h2>\n\n\n\n<ul class=\"wp-block-list\">\n<li>rodn\u00fd list d\u00edt\u011bte,<\/li>\n\n\n\n<li>ob\u010dansk\u00fd pr\u016fkaz z\u00e1konn\u00e9ho z\u00e1stupce,<\/li>\n\n\n\n<li>pas u&nbsp;ciz\u00edch st\u00e1tn\u00edch p\u0159\u00edslu\u0161n\u00edk\u016f \u2013 potvrzen\u00ed o&nbsp;rezidentstv\u00ed,<\/li>\n\n\n\n<li>rozhodnut\u00ed o&nbsp;odkladu \u0161koln\u00ed doch\u00e1zky z&nbsp;p\u0159ede\u0161l\u00e9ho \u0161koln\u00edho roku (bylo-li ud\u011bleno),<\/li>\n\n\n\n<li>posudek \u0161kolsk\u00e9ho poradensk\u00e9ho za\u0159\u00edzen\u00ed,<\/li>\n\n\n\n<li>posudek odborn\u00e9ho l\u00e9ka\u0159e nebo klinick\u00e9ho psychologa<\/li>\n<\/ul>\n\n\n\n<h2 class=\"wp-block-heading\">Term\u00edn z\u00e1pisu<\/h2>\n\n\n\n<p>23.&nbsp;ledna 2026&nbsp;14\u201317 hodin a&nbsp;24.&nbsp;ledna 2026&nbsp;9-12 hodin. &nbsp;&nbsp;<\/p>\n\n\n\n<h2 class=\"wp-block-heading\">Tiskopisy k&nbsp;z\u00e1pisu a&nbsp;odkladu<\/h2>\n\n\n\n<ul class=\"wp-block-list\">\n<li><a href=\"https:\/\/waldorf.pb.cz\/wp-content\/uploads\/2023\/06\/Tiskopis-Zapisni-list-ZS.pdf\" target=\"_blank\" rel=\"noreferrer noopener\">Z\u00e1pisn\u00ed list<\/a><\/li>\n\n\n\n<li><a href=\"https:\/\/waldorf.pb.cz\/wp-content\/uploads\/2023\/06\/Tiskopis-Prihlaska-k-zapisu-k-povinne-skolni-dochazce.pdf\" target=\"_blank\" rel=\"noreferrer noopener\">P\u0159ihl\u00e1\u0161ka k&nbsp;z\u00e1pisu<\/a><\/li>\n\n\n\n<li><a href=\"https:\/\/waldorf.pb.cz\/wp-content\/uploads\/2023\/06\/Tiskopis-Zadost-o-odklad-povinne-skolni-dochazky.pdf\" data-type=\"URL\" target=\"_blank\" rel=\"noreferrer noopener\">\u017d\u00e1dost o&nbsp;odklad<\/a><\/li>\n<\/ul>\n","protected":false},"excerpt":{"rendered":"<p>V\u00fdsledky Z\u00e1pisu do Z\u0160 V\u00e1\u017een\u00ed rodi\u010de,z\u00e1pis do na\u0161\u00ed \u0161koly prob\u011bhne 23.&nbsp;ledna 2026&nbsp;14\u201317 hodin a&nbsp;24.&nbsp;ledna 2026&nbsp;9-12 hodin. &nbsp;Rezerva\u010dn\u00ed syst\u00e9m: Z\u00e1konn\u00fd z\u00e1stupce se telefonicky objedn\u00e1 na konkr\u00e9tn\u00ed den a&nbsp;hodinu z\u00e1pisu. Telefon 318&nbsp;623&nbsp;306 Jana \u017d\u00e1kov\u00e1, kancel\u00e1\u0159 \u0161koly.\u017d\u00e1dosti o&nbsp;odklad povinn\u00e9 \u0161koln\u00ed doch\u00e1zky mohou z\u00e1konn\u00ed z\u00e1stupci p\u0159in\u00e1\u0161et bez p\u0159edchoz\u00edho objedn\u00e1n\u00ed.M\u00e1te-li jak\u00e9koli ot\u00e1zky, kontaktujte z\u00e1stupkyni pro z\u00e1kladn\u00ed \u0161kolu Mgr. Jitku Zem\u00e1nkovou &hellip; <a href=\"https:\/\/waldorf.pb.cz\/?page_id=707\">Continue reading <span class=\"meta-nav\">&rarr;<\/span><\/a><\/p>\n","protected":false},"author":2,"featured_media":0,"parent":11,"menu_order":20,"comment_status":"closed","ping_status":"closed","template":"","meta":{"footnotes":""},"class_list":["post-707","page","type-page","status-publish","hentry"],"_links":{"self":[{"href":"https:\/\/waldorf.pb.cz\/index.php?rest_route=\/wp\/v2\/pages\/707","targetHints":{"allow":["GET"]}}],"collection":[{"href":"https:\/\/waldorf.pb.cz\/index.php?rest_route=\/wp\/v2\/pages"}],"about":[{"href":"https:\/\/waldorf.pb.cz\/index.php?rest_route=\/wp\/v2\/types\/page"}],"author":[{"embeddable":true,"href":"https:\/\/waldorf.pb.cz\/index.php?rest_route=\/wp\/v2\/users\/2"}],"replies":[{"embeddable":true,"href":"https:\/\/waldorf.pb.cz\/index.php?rest_route=%2Fwp%2Fv2%2Fcomments&post=707"}],"version-history":[{"count":59,"href":"https:\/\/waldorf.pb.cz\/index.php?rest_route=\/wp\/v2\/pages\/707\/revisions"}],"predecessor-version":[{"id":5897,"href":"https:\/\/waldorf.pb.cz\/index.php?rest_route=\/wp\/v2\/pages\/707\/revisions\/5897"}],"up":[{"embeddable":true,"href":"https:\/\/waldorf.pb.cz\/index.php?rest_route=\/wp\/v2\/pages\/11"}],"wp:attachment":[{"href":"https:\/\/waldorf.pb.cz\/index.php?rest_route=%2Fwp%2Fv2%2Fmedia&parent=707"}],"curies":[{"name":"wp","href":"https:\/\/api.w.org\/{rel}","templated":true}]}}