{"id":647,"date":"2019-11-13T20:48:07","date_gmt":"2019-11-13T20:48:07","guid":{"rendered":"http:\/\/www.waldorf-pb.cz\/?page_id=647"},"modified":"2023-09-08T05:19:53","modified_gmt":"2023-09-08T05:19:53","slug":"waldorfske-vzdelavani","status":"publish","type":"page","link":"https:\/\/waldorf.pb.cz\/?page_id=647","title":{"rendered":"Waldorfsk\u00e9 vzd\u011bl\u00e1v\u00e1n\u00ed"},"content":{"rendered":"\n<p>Waldorfskou pedagogiku je mo\u017en\u00e9 v&nbsp;\u010cesk\u00e9 republice aktu\u00e1ln\u011b studovat:<br>Akademie soci\u00e1ln\u00edho um\u011btn\u00ed Tabor <a rel=\"noreferrer noopener\" aria-label=\"zde (otev\u0159e se na nov\u00e9 z\u00e1lo\u017ece)\" href=\"https:\/\/www.akademietabor.cz\/cs\/\" target=\"_blank\">zde<\/a><br>Akademie waldorfsk\u00e9 pedagogiky <a rel=\"noreferrer noopener\" href=\"http:\/\/www.awaldorf.cz\/\" target=\"_blank\">zde<\/a>  <br>Eurythmea <a rel=\"noreferrer noopener\" href=\"http:\/\/www.eurytmie.cz\/konference-kurzy-a-seminare\/\" target=\"_blank\">zde<\/a> <br>Waldorfsk\u00fd semin\u00e1\u0159 Praha <a rel=\"noreferrer noopener\" aria-label=\"zde (otev\u0159e se na nov\u00e9 z\u00e1lo\u017ece)\" href=\"https:\/\/waldorfsky-seminar-praha.webnode.cz\" target=\"_blank\">zde<\/a><br><\/p>\n\n\n<a href=\"https:\/\/waldorf.pb.cz\/wp-content\/uploads\/2023\/09\/plagat_2023a3_4print.pdf\" class=\"pdfemb-viewer\" style=\"\" data-width=\"max\" data-height=\"max\"  data-toolbar=\"bottom\" data-toolbar-fixed=\"off\">plagat_2023a3_4print<br\/><\/a>\n<p class=\"wp-block-pdfemb-pdf-embedder-viewer\"><\/p>\n\n\n<a href=\"https:\/\/waldorf.pb.cz\/wp-content\/uploads\/2023\/09\/popis-proseminare2023.pdf\" class=\"pdfemb-viewer\" style=\"\" data-width=\"max\" data-height=\"max\"  data-toolbar=\"bottom\" data-toolbar-fixed=\"off\">popis-proseminare2023<br\/><\/a>\n<p class=\"wp-block-pdfemb-pdf-embedder-viewer\"><\/p>\n","protected":false},"excerpt":{"rendered":"<p>Waldorfskou pedagogiku je mo\u017en\u00e9 v&nbsp;\u010cesk\u00e9 republice aktu\u00e1ln\u011b studovat:Akademie soci\u00e1ln\u00edho um\u011btn\u00ed Tabor zdeAkademie waldorfsk\u00e9 pedagogiky zde Eurythmea zde Waldorfsk\u00fd semin\u00e1\u0159 Praha zde<\/p>\n","protected":false},"author":2,"featured_media":0,"parent":447,"menu_order":71,"comment_status":"closed","ping_status":"closed","template":"template-full-width.php","meta":{"footnotes":""},"class_list":["post-647","page","type-page","status-publish","hentry"],"_links":{"self":[{"href":"https:\/\/waldorf.pb.cz\/index.php?rest_route=\/wp\/v2\/pages\/647","targetHints":{"allow":["GET"]}}],"collection":[{"href":"https:\/\/waldorf.pb.cz\/index.php?rest_route=\/wp\/v2\/pages"}],"about":[{"href":"https:\/\/waldorf.pb.cz\/index.php?rest_route=\/wp\/v2\/types\/page"}],"author":[{"embeddable":true,"href":"https:\/\/waldorf.pb.cz\/index.php?rest_route=\/wp\/v2\/users\/2"}],"replies":[{"embeddable":true,"href":"https:\/\/waldorf.pb.cz\/index.php?rest_route=%2Fwp%2Fv2%2Fcomments&post=647"}],"version-history":[{"count":10,"href":"https:\/\/waldorf.pb.cz\/index.php?rest_route=\/wp\/v2\/pages\/647\/revisions"}],"predecessor-version":[{"id":4497,"href":"https:\/\/waldorf.pb.cz\/index.php?rest_route=\/wp\/v2\/pages\/647\/revisions\/4497"}],"up":[{"embeddable":true,"href":"https:\/\/waldorf.pb.cz\/index.php?rest_route=\/wp\/v2\/pages\/447"}],"wp:attachment":[{"href":"https:\/\/waldorf.pb.cz\/index.php?rest_route=%2Fwp%2Fv2%2Fmedia&parent=647"}],"curies":[{"name":"wp","href":"https:\/\/api.w.org\/{rel}","templated":true}]}}