{"id":60,"date":"2019-08-21T14:15:53","date_gmt":"2019-08-21T14:15:53","guid":{"rendered":"http:\/\/www.waldorf-pb.cz\/?page_id=60"},"modified":"2023-06-16T03:52:25","modified_gmt":"2023-06-16T03:52:25","slug":"reprodukcni-grafik","status":"publish","type":"page","link":"https:\/\/waldorf.pb.cz\/?page_id=60","title":{"rendered":"Reproduk\u010dn\u00ed grafik"},"content":{"rendered":"\n<div class=\"wp-block-cover has-background-dim\" style=\"background-image:url(https:\/\/waldorf.pb.cz\/wp-content\/uploads\/2021\/12\/grafik.jpg)\"><div class=\"wp-block-cover__inner-container is-layout-flow wp-block-cover-is-layout-flow\">\n<p class=\"has-text-align-center has-large-font-size\"><\/p>\n<\/div><\/div>\n\n\n\n<p class=\"has-very-dark-gray-color has-text-color\">  <br>K\u00f3d oboru <strong>34-53-H\/01<\/strong><br>D\u00e9lka studia 3 roky, ukon\u010deno z\u00e1v\u011bre\u010dnou zkou\u0161kou s&nbsp;v\u00fdu\u010dn\u00edm listem<br><span style=\"text-decoration: underline\" class=\"underline\">studium je podm\u00edn\u011bno potvrzen\u00edm praktick\u00e9ho l\u00e9ka\u0159e<\/span>; \u0161kola nen\u00ed bezbari\u00e9rov\u00e1, co\u017e znemo\u017e\u0148uje pohyb osob na invalidn\u00edm voz\u00edku<\/p>\n\n\n\n<h3 class=\"wp-block-heading\"><strong> <span style=\"color:#e08433\" class=\"tadv-color\">Charakteristika oboru<\/span><\/strong><\/h3>\n\n\n\n<ul class=\"wp-block-list\"><li>ucelen\u00fd rozhled v&nbsp;oblasti polygrafie<\/li><li>znalost v\u00fdvoje oboru a&nbsp;jednotliv\u00fdch tiska\u0159sk\u00fdch technik<\/li><li>principy a&nbsp;funkce pou\u017e\u00edvan\u00fdch stroj\u016f a&nbsp;za\u0159\u00edzen\u00ed, programov\u00e9ho vybaven\u00ed<\/li><li>pr\u00e1ce s&nbsp;v\u00fdtvarn\u00fdmi n\u00e1vrhy a&nbsp;technickou dokumentac\u00ed<\/li><li>znalost organiza\u010dn\u00edch struktur tiskov\u00e9ho pracovi\u0161t\u011b<\/li><\/ul>\n\n\n\n<p>Tento obor je jedin\u00fdm oborem tohoto typu v&nbsp;cel\u00e9m St\u0159edo\u010desk\u00e9m kraji. V&nbsp;r\u00e1mci studia jsou \u017e\u00e1ci p\u0159ipravov\u00e1n\u00ed k&nbsp;pracovn\u00ed \u010dinnosti v&nbsp;grafick\u00fdch studi\u00edch, DTP studi\u00edch, tisk\u00e1rn\u00e1ch. Vznik\u00e1 zde z\u00e1klad pro orientaci ve v\u00fdrobn\u00edch \u00fasec\u00edch nakladatelstv\u00ed a&nbsp;vydavatelstv\u00ed a&nbsp;pro kvalifikovan\u00e9 posuzov\u00e1n\u00ed p\u0159edtiskov\u00e9 p\u0159\u00edpravy dat.<\/p>\n\n\n\n<h3 class=\"wp-block-heading\"><strong><span style=\"color:#e08433\" class=\"tadv-color\">Podrobn\u011bj\u0161\u00ed specifikace<\/span><\/strong><\/h3>\n\n\n\n<p><\/p>\n\n\n\n<ul class=\"wp-block-list\"><li>Reproduk\u010dn\u00ed grafik je jedin\u00fdm oborem sv\u00e9ho druhu v&nbsp;cel\u00e9m St\u0159edo\u010desk\u00e9m kraji. Vznikl v&nbsp;roce 2016 ve spolupr\u00e1ci s&nbsp;Tisk\u00e1rnou Prima s&nbsp;r. o., kter\u00e1 m\u00e1 na P\u0159\u00edbramsku 20 letou tradici.<\/li><li>Obor Reproduk\u010dn\u00ed grafik je z\u0159ejm\u011b jedn\u00edm z&nbsp;nejrychleji se vyv\u00edjej\u00edc\u00edch obor\u016f, kter\u00fd reaguje na nov\u00e9 trendy.<\/li><li>P\u0159\u00edprava v&nbsp;u\u010debn\u00edm oboru reproduk\u010dn\u00ed grafik vytv\u00e1\u0159\u00ed p\u0159edpoklady k&nbsp;tomu, aby absolvent po p\u0159\u00edslu\u0161n\u00e9 praxi prok\u00e1zal schopnost rychle se p\u0159izp\u016fsobit pracovn\u00edm \u010dinnostem v&nbsp;reklamn\u00edch agentur\u00e1ch, v&nbsp;reproduk\u010dn\u00edch a&nbsp;typografick\u00fdch studi\u00edch, ve studi\u00edch DTP a&nbsp;DTR, stejn\u011b tak ve v\u00fdrobn\u00edch \u00fasec\u00edch nakladatelstv\u00ed a&nbsp;vydavatelstv\u00ed.<\/li><li>\u017d\u00e1k na\u0161\u00ed \u0161koly je schopen p\u0159ipravovat a&nbsp;zhotovovat podklady pro tiskov\u00e9 formy pro polygrafickou v\u00fdrobu v\u010detn\u011b digit\u00e1ln\u00edho tisku. Uplatn\u011bn\u00ed tak\u00e9 najde v&nbsp;oblasti obalov\u00e9 techniky a&nbsp;signmakingu (v\u00fdroba reklamy).<\/li><li>K t\u011bmto \u00fa\u010del\u016fm dok\u00e1\u017ee ovl\u00e1dat grafick\u00e9 programy Photoshop, Illustrator, InDesign aj.<\/li><li>\u017d\u00e1k pracuje na po\u010d\u00edta\u010d\u00edch typu PC a&nbsp;MAC. Je schopen ovl\u00e1dat nejr\u016fzn\u011bj\u0161\u00ed grafick\u00e9 programov\u00e9 vybaven\u00ed (software) a&nbsp;zvl\u00e1dat pr\u00e1ci s&nbsp;textem (typografii).<\/li><li>Vyu\u017e\u00edv\u00e1 grafick\u00e9 softwary Adobe (Illustrator, Photoshop, InDesign, Acrobat), CorelDRAW a&nbsp;dal\u0161\u00ed.<\/li><li>Je schopen p\u0159ipravovat a&nbsp;zhotovovat ve\u0161ker\u00e9 tiskov\u00e9 podklady pro v\u00fdrobu tiskov\u00fdch forem pou\u017e\u00edvan\u00fdch v&nbsp;polygrafick\u00e9 v\u00fdrob\u011b.<\/li><li>Je schopen p\u0159ij\u00edmat textov\u00e9 a&nbsp;obrazov\u00e9 podklady pro p\u0159edtiskovou p\u0159\u00edpravu a&nbsp;zak\u00e1zky od z\u00e1kazn\u00edka jak na datov\u00fdch nosi\u010d\u00edch, tak i&nbsp;formou d\u00e1lkov\u00e9ho elektronick\u00e9ho p\u0159enosu.<\/li><li>Ovl\u00e1d\u00e1 technologie a&nbsp;po\u010d\u00edta\u010dov\u00e9 programy pou\u017e\u00edvan\u00e9 pro zpracov\u00e1n\u00ed obrazu a&nbsp;textu.<\/li><li>U\u010d\u00ed se tak\u00e9 prov\u00e1d\u011bt cenov\u00e9 kalkulace, \u0159\u00eddit expedici a&nbsp;jin\u00e9 \u010d\u00e1sti polygrafick\u00e9 v\u00fdroby.<\/li><li>M\u00e1 vytvo\u0159eny p\u0159edpoklady pro dal\u0161\u00ed vzd\u011bl\u00e1v\u00e1n\u00ed na studi\u00edch vedouc\u00edch k&nbsp;maturit\u011b. Um\u00ed vyhled\u00e1vat a&nbsp;verb\u00e1ln\u011b vyjedn\u00e1vat pracovn\u00ed mo\u017enosti. Je p\u0159ipraven jako otev\u0159en\u00e1 mnohostrann\u00e1 a&nbsp;odborn\u011b zp\u016fsobil\u00e1 osobnost schopn\u00e1 reagovat na zm\u011bny pracovn\u00edho trhu.<\/li><\/ul>\n\n\n\n<figure class=\"wp-block-image size-large\"><img loading=\"lazy\" decoding=\"async\" width=\"1024\" height=\"682\" src=\"https:\/\/waldorf.pb.cz\/wp-content\/uploads\/2021\/12\/grafik-vyrobek-1024x682.jpg\" alt=\"\" class=\"wp-image-3048\" srcset=\"https:\/\/waldorf.pb.cz\/wp-content\/uploads\/2021\/12\/grafik-vyrobek-1024x682.jpg 1024w, https:\/\/waldorf.pb.cz\/wp-content\/uploads\/2021\/12\/grafik-vyrobek-300x200.jpg 300w, https:\/\/waldorf.pb.cz\/wp-content\/uploads\/2021\/12\/grafik-vyrobek-768x512.jpg 768w, https:\/\/waldorf.pb.cz\/wp-content\/uploads\/2021\/12\/grafik-vyrobek-1536x1024.jpg 1536w, https:\/\/waldorf.pb.cz\/wp-content\/uploads\/2021\/12\/grafik-vyrobek-75x50.jpg 75w, https:\/\/waldorf.pb.cz\/wp-content\/uploads\/2021\/12\/grafik-vyrobek.jpg 1772w\" sizes=\"auto, (max-width: 1024px) 100vw, 1024px\" \/><\/figure>\n","protected":false},"excerpt":{"rendered":"<p>K\u00f3d oboru 34-53-H\/01D\u00e9lka studia 3 roky, ukon\u010deno z\u00e1v\u011bre\u010dnou zkou\u0161kou s&nbsp;v\u00fdu\u010dn\u00edm listemstudium je podm\u00edn\u011bno potvrzen\u00edm praktick\u00e9ho l\u00e9ka\u0159e; \u0161kola nen\u00ed bezbari\u00e9rov\u00e1, co\u017e znemo\u017e\u0148uje pohyb osob na invalidn\u00edm voz\u00edku Charakteristika oboru ucelen\u00fd rozhled v&nbsp;oblasti polygrafie znalost v\u00fdvoje oboru a&nbsp;jednotliv\u00fdch tiska\u0159sk\u00fdch technik principy a&nbsp;funkce pou\u017e\u00edvan\u00fdch stroj\u016f a&nbsp;za\u0159\u00edzen\u00ed, programov\u00e9ho vybaven\u00ed pr\u00e1ce s&nbsp;v\u00fdtvarn\u00fdmi n\u00e1vrhy a&nbsp;technickou dokumentac\u00ed znalost organiza\u010dn\u00edch struktur tiskov\u00e9ho pracovi\u0161t\u011b &hellip; <a href=\"https:\/\/waldorf.pb.cz\/?page_id=60\">Continue reading <span class=\"meta-nav\">&rarr;<\/span><\/a><\/p>\n","protected":false},"author":1,"featured_media":0,"parent":46,"menu_order":28,"comment_status":"closed","ping_status":"closed","template":"template-full-width.php","meta":{"footnotes":""},"class_list":["post-60","page","type-page","status-publish","hentry"],"_links":{"self":[{"href":"https:\/\/waldorf.pb.cz\/index.php?rest_route=\/wp\/v2\/pages\/60","targetHints":{"allow":["GET"]}}],"collection":[{"href":"https:\/\/waldorf.pb.cz\/index.php?rest_route=\/wp\/v2\/pages"}],"about":[{"href":"https:\/\/waldorf.pb.cz\/index.php?rest_route=\/wp\/v2\/types\/page"}],"author":[{"embeddable":true,"href":"https:\/\/waldorf.pb.cz\/index.php?rest_route=\/wp\/v2\/users\/1"}],"replies":[{"embeddable":true,"href":"https:\/\/waldorf.pb.cz\/index.php?rest_route=%2Fwp%2Fv2%2Fcomments&post=60"}],"version-history":[{"count":16,"href":"https:\/\/waldorf.pb.cz\/index.php?rest_route=\/wp\/v2\/pages\/60\/revisions"}],"predecessor-version":[{"id":4366,"href":"https:\/\/waldorf.pb.cz\/index.php?rest_route=\/wp\/v2\/pages\/60\/revisions\/4366"}],"up":[{"embeddable":true,"href":"https:\/\/waldorf.pb.cz\/index.php?rest_route=\/wp\/v2\/pages\/46"}],"wp:attachment":[{"href":"https:\/\/waldorf.pb.cz\/index.php?rest_route=%2Fwp%2Fv2%2Fmedia&parent=60"}],"curies":[{"name":"wp","href":"https:\/\/api.w.org\/{rel}","templated":true}]}}