{"id":5876,"date":"2026-04-15T10:27:08","date_gmt":"2026-04-15T10:27:08","guid":{"rendered":"https:\/\/waldorf.pb.cz\/?page_id=5876"},"modified":"2026-04-15T10:45:38","modified_gmt":"2026-04-15T10:45:38","slug":"prohlaseni-pristupnosti","status":"publish","type":"page","link":"https:\/\/waldorf.pb.cz\/?page_id=5876","title":{"rendered":"Prohl\u00e1\u0161en\u00ed p\u0159\u00edstupnosti"},"content":{"rendered":"\n\n\n<h3 class=\"wp-block-heading\">Prohl\u00e1\u0161en\u00ed o&nbsp;p\u0159\u00edstupnosti<\/h3>\n\n\n\n<p>Waldorfsk\u00e1 \u0161kola P\u0159\u00edbram se zavazuje ke zp\u0159\u00edstupn\u011bn\u00ed sv\u00e9 internetov\u00e9 str\u00e1nky v&nbsp;souladu se z\u00e1konem \u010d. 99\/2019 Sb., o&nbsp;p\u0159\u00edstupnosti internetov\u00fdch str\u00e1nek a&nbsp;mobiln\u00edch aplikac\u00ed, ve zn\u011bn\u00ed pozd\u011bj\u0161\u00edch p\u0159edpis\u016f, kter\u00fd prov\u00e1d\u00ed sm\u011brnici Evropsk\u00e9ho parlamentu a&nbsp;Rady (EU) 2016\/2102.<\/p>\n\n\n\n<p>Toto prohl\u00e1\u0161en\u00ed o&nbsp;p\u0159\u00edstupnosti se vztahuje na webov\u00e9 str\u00e1nky: <a href=\"https:\/\/waldorfpb.cz\/\">https:\/\/waldorfpb.cz\/<\/a><\/p>\n\n\n\n<p>Tyto webov\u00e9 str\u00e1nky jsou \u010d\u00e1ste\u010dn\u011b v&nbsp;souladu s&nbsp;po\u017eadavky z\u00e1kona \u010d. 99\/2019 Sb. a&nbsp;standardem WCAG 2.1 z&nbsp;d\u016fvodu n\u00ed\u017ee uveden\u00fdch nesoulad\u016f.<\/p>\n\n\n\n<p>Na t\u011bchto webov\u00fdch str\u00e1nk\u00e1ch jsou n\u011bkter\u00e9 informace dostupn\u00e9 tak\u00e9 ve form\u011b dokument\u016f (zejm\u00e9na PDF, DOC(X), XLS(X) a&nbsp;PPT(X)). <br>K jejich zobrazen\u00ed je mo\u017en\u00e9 vyu\u017e\u00edt b\u011b\u017en\u011b dostupn\u00e9 aplikace, nap\u0159\u00edklad:<\/p>\n\n\n\n<ul class=\"wp-block-list\">\n<li>pro soubory PDF: <a href=\"https:\/\/get.adobe.com\/cz\/reader\/\">Adobe Acrobat Reader<\/a> nebo jin\u00e9 kompatibiln\u00ed prohl\u00ed\u017ee\u010de<\/li>\n\n\n\n<li>pro dokumenty DOC(X): <a href=\"https:\/\/office.live.com\/start\/Word.aspx\">Microsoft Word nebo online Word pro web<\/a><\/li>\n\n\n\n<li>pro tabulky XLS(X): <a href=\"https:\/\/office.live.com\/start\/Excel.aspx?omkt=cs%2DCZ\">Microsoft Excel nebo online Excel pro web<\/a><\/li>\n\n\n\n<li>pro prezentace PPT(X): <a href=\"https:\/\/office.live.com\/start\/PowerPoint.aspx?omkt=cs%2DCZ\">Microsoft PowerPoint nebo online PowerPoint pro web<\/a><\/li>\n<\/ul>\n\n\n\n<p>Tyto aplikace jsou dostupn\u00e9 zdarma nebo jako sou\u010d\u00e1st b\u011b\u017en\u011b pou\u017e\u00edvan\u00e9ho kancel\u00e1\u0159sk\u00e9ho software.<\/p>\n\n\n\n<p>Toto prohl\u00e1\u0161en\u00ed bylo vypracov\u00e1no dne 01.&nbsp;10.&nbsp;2020 na z\u00e1klad\u011b vlastn\u00edho posouzen\u00ed. Prohl\u00e1\u0161en\u00ed bylo revidov\u00e1no dne 01.10.2025.<\/p>\n\n\n\n<p>V p\u0159\u00edpad\u011b, \u017ee naraz\u00edte na probl\u00e9m s&nbsp;p\u0159\u00edstupnost\u00ed t\u011bchto webov\u00fdch str\u00e1nek, kontaktujte n\u00e1s pros\u00edm na e-mailov\u00e9 adrese <strong><a href=\"mailto:robert.zak@waldorf.pb.cz\">robert.zak@waldorf.pb.cz<\/a><\/strong> nebo telefonicky na \u010d\u00edsle <strong>+420&nbsp;318\u00a0623\u00a0306<\/strong>.<\/p>\n\n\n\n<p>V p\u0159\u00edpad\u011b neuspokojiv\u00e9 odpov\u011bdi na ozn\u00e1men\u00ed nebo \u017e\u00e1dost o&nbsp;informace m\u016f\u017eete kontaktovat p\u0159\u00edslu\u0161n\u00fd org\u00e1n pro prosazov\u00e1n\u00ed pr\u00e1va:<\/p>\n\n\n\n<p>Ministerstvo vnitra \u010cesk\u00e9 republiky<br>odbor eGovernmentu<br>n\u00e1m\u011bst\u00ed Hrdin\u016f 1634\/3<br>140&nbsp;21 Praha 4<br>e-mail: <a href=\"mailto:pristupnost@mvcr.cz\">pristupnost@mvcr.cz<\/a><\/p>\n\n\n\n<p><\/p>\n","protected":false},"excerpt":{"rendered":"<p>Prohl\u00e1\u0161en\u00ed o&nbsp;p\u0159\u00edstupnosti Waldorfsk\u00e1 \u0161kola P\u0159\u00edbram se zavazuje ke zp\u0159\u00edstupn\u011bn\u00ed sv\u00e9 internetov\u00e9 str\u00e1nky v&nbsp;souladu se z\u00e1konem \u010d. 99\/2019 Sb., o&nbsp;p\u0159\u00edstupnosti internetov\u00fdch str\u00e1nek a&nbsp;mobiln\u00edch aplikac\u00ed, ve zn\u011bn\u00ed pozd\u011bj\u0161\u00edch p\u0159edpis\u016f, kter\u00fd prov\u00e1d\u00ed sm\u011brnici Evropsk\u00e9ho parlamentu a&nbsp;Rady (EU) 2016\/2102. Toto prohl\u00e1\u0161en\u00ed o&nbsp;p\u0159\u00edstupnosti se vztahuje na webov\u00e9 str\u00e1nky: https:\/\/waldorfpb.cz\/ Tyto webov\u00e9 str\u00e1nky jsou \u010d\u00e1ste\u010dn\u011b v&nbsp;souladu s&nbsp;po\u017eadavky z\u00e1kona \u010d. 99\/2019 Sb. &hellip; <a href=\"https:\/\/waldorf.pb.cz\/?page_id=5876\">Continue reading <span class=\"meta-nav\">&rarr;<\/span><\/a><\/p>\n","protected":false},"author":2,"featured_media":0,"parent":407,"menu_order":42,"comment_status":"closed","ping_status":"closed","template":"","meta":{"footnotes":""},"class_list":["post-5876","page","type-page","status-publish","hentry"],"_links":{"self":[{"href":"https:\/\/waldorf.pb.cz\/index.php?rest_route=\/wp\/v2\/pages\/5876","targetHints":{"allow":["GET"]}}],"collection":[{"href":"https:\/\/waldorf.pb.cz\/index.php?rest_route=\/wp\/v2\/pages"}],"about":[{"href":"https:\/\/waldorf.pb.cz\/index.php?rest_route=\/wp\/v2\/types\/page"}],"author":[{"embeddable":true,"href":"https:\/\/waldorf.pb.cz\/index.php?rest_route=\/wp\/v2\/users\/2"}],"replies":[{"embeddable":true,"href":"https:\/\/waldorf.pb.cz\/index.php?rest_route=%2Fwp%2Fv2%2Fcomments&post=5876"}],"version-history":[{"count":2,"href":"https:\/\/waldorf.pb.cz\/index.php?rest_route=\/wp\/v2\/pages\/5876\/revisions"}],"predecessor-version":[{"id":5878,"href":"https:\/\/waldorf.pb.cz\/index.php?rest_route=\/wp\/v2\/pages\/5876\/revisions\/5878"}],"up":[{"embeddable":true,"href":"https:\/\/waldorf.pb.cz\/index.php?rest_route=\/wp\/v2\/pages\/407"}],"wp:attachment":[{"href":"https:\/\/waldorf.pb.cz\/index.php?rest_route=%2Fwp%2Fv2%2Fmedia&parent=5876"}],"curies":[{"name":"wp","href":"https:\/\/api.w.org\/{rel}","templated":true}]}}