{"id":58,"date":"2019-08-21T14:15:24","date_gmt":"2019-08-21T14:15:24","guid":{"rendered":"http:\/\/www.waldorf-pb.cz\/?page_id=58"},"modified":"2023-06-16T03:51:55","modified_gmt":"2023-06-16T03:51:55","slug":"umelecky-truhlar-a-rezbar","status":"publish","type":"page","link":"https:\/\/waldorf.pb.cz\/?page_id=58","title":{"rendered":"Um\u011bleck\u00fd truhl\u00e1\u0159 a&nbsp;\u0159ezb\u00e1\u0159"},"content":{"rendered":"\n<div class=\"wp-block-group\"><div class=\"wp-block-group__inner-container is-layout-flow wp-block-group-is-layout-flow\">\n<div class=\"wp-block-cover has-background-dim\" style=\"background-image:url(https:\/\/waldorf.pb.cz\/wp-content\/uploads\/2021\/12\/truhlar.jpg);background-position:50% 30%\"><div class=\"wp-block-cover__inner-container is-layout-flow wp-block-cover-is-layout-flow\">\n<p class=\"has-text-align-center has-large-font-size\"><\/p>\n<\/div><\/div>\n\n\n\n<p>  <br>K\u00f3d oboru <strong>82-51-H\/02<\/strong><br>D\u00e9lka studia 3 roky, ukon\u010deno z\u00e1v\u011bre\u010dnou zkou\u0161kou s&nbsp;v\u00fdu\u010dn\u00edm listem<br><span style=\"text-decoration: underline\" class=\"underline\">studium je podm\u00edn\u011bno potvrzen\u00edm praktick\u00e9ho l\u00e9ka\u0159e<\/span>; \u0161kola nen\u00ed bezbari\u00e9rov\u00e1, co\u017e znemo\u017e\u0148uje pohyb osob na invalidn\u00edm voz\u00edku<\/p>\n\n\n\n<h3 class=\"wp-block-heading\"><span style=\"color:#e08433\" class=\"tadv-color\"> Charakteristika oboru<\/span><\/h3>\n\n\n\n<div class=\"wp-block-group\"><div class=\"wp-block-group__inner-container is-layout-flow wp-block-group-is-layout-flow\">\n<ul class=\"wp-block-list\"><li>ru\u010dn\u00ed \u0159emesln\u00e9 opracov\u00e1n\u00ed d\u0159eva, zhotovov\u00e1n\u00ed \u0159emesln\u00fdch v\u00fdrobk\u016f pro interi\u00e9ry dle vlastn\u00edch n\u00e1vrh\u016f<\/li><li>zdoben\u00ed d\u0159eva r\u016fzn\u00fdmi technikami \u2013 inkrustace, intarzie, ornament\u00e1ln\u00ed \u0159ezba aj.<\/li><li>znalost slohov\u00fdch obdob\u00ed, tvorba kopi\u00ed historick\u00e9ho n\u00e1bytku<\/li><li>orientace v&nbsp;technologii materi\u00e1l\u016f a&nbsp;star\u00fdch technik<\/li><li>veden\u00ed prvotn\u00ed evidence restaur\u00e1torsk\u00fdch prac\u00ed, uplat\u0148ov\u00e1n\u00ed praktick\u00e9  zku\u0161enosti ve vztahu k&nbsp;dal\u0161\u00edm um\u011blecko\u0159emesln\u00fdm profes\u00edm  <\/li><\/ul>\n\n\n\n<h3 class=\"wp-block-heading\"><strong><span style=\"color:#e08433\" class=\"tadv-color\">Podrobn\u011bj\u0161\u00ed specifikace<\/span><\/strong><\/h3>\n<\/div><\/div>\n\n\n\n<p><\/p>\n<\/div><\/div>\n\n\n\n<ul class=\"wp-block-list\"><li>Obor um\u011bleck\u00fd truhl\u00e1\u0159 a&nbsp;\u0159ezb\u00e1\u0159 je sv\u00fdm pojet\u00edm um\u011blecko\u0159emesln\u00fd. Flexibiln\u011b reaguje na sou\u010dasn\u00e9 po\u017eadavky v&nbsp;oblasti designu atypick\u00e9ho n\u00e1bytku a&nbsp;dekorativn\u00edch p\u0159edm\u011bt\u016f, replik a&nbsp;prac\u00ed souvisej\u00edc\u00edch s&nbsp;restaur\u00e1torstv\u00edm.<\/li><li>Praktick\u00e1 \u010d\u00e1st vzd\u011bl\u00e1v\u00e1n\u00ed v\u00fdrazn\u011b p\u016fsob\u00ed na vytv\u00e1\u0159en\u00ed a&nbsp;formov\u00e1n\u00ed z\u00e1kladn\u00edch, ale i&nbsp;velmi pokro\u010dil\u00fdch dovednost\u00ed. \u017d\u00e1ka tak p\u0159ipravujeme pro jeho budouc\u00ed povol\u00e1n\u00ed a&nbsp;pro uplatn\u011bn\u00ed se na trhu pr\u00e1ce.<\/li><li>D\u016fle\u017eit\u00e9 je ale tak\u00e9 vzd\u011bl\u00e1v\u00e1n\u00ed v&nbsp;ostatn\u00edch odv\u011btv\u00edch tohoto oboru. \u017d\u00e1k je tak schopen zdrav\u011b p\u016fsobit ve sv\u00e9m osobn\u00edm, profesn\u00edm, ale i&nbsp;spole\u010densk\u00e9m \u017eivot\u011b.<\/li><li>C\u00edlem vzd\u011bl\u00e1vac\u00edho programu je p\u0159\u00edprava \u017e\u00e1ka v&nbsp;um\u011blecko\u0159emesln\u00e9ho charakteru. Je schopen tvo\u0159it reprodukce, ale i&nbsp;realizovat vlastn\u00ed pr\u00e1ce, nebo pr\u00e1ce na zadan\u00e9 t\u00e9ma.<\/li><li>Absolvent je schopen projevit sv\u016fj cit a&nbsp;zru\u010dnost pro ru\u010dn\u00ed a&nbsp;strojn\u00ed zpracov\u00e1n\u00ed d\u0159eva, um\u00ed vyu\u017e\u00edt svou fantazii a&nbsp;kreativitu.<\/li><li>U\u010divo teoretick\u00e9 poskytuje \u017e\u00e1k\u016fm v\u011bdomosti a&nbsp;intelektov\u00e9 a&nbsp;praktick\u00e9 dovednosti pot\u0159ebn\u00e9 pro zhotovov\u00e1n\u00ed um\u011blecko\u0159emesln\u00fdch truhl\u00e1\u0159sk\u00fdch a&nbsp;\u0159ezb\u00e1\u0159sk\u00fdch prac\u00ed.<\/li><li>Velk\u00fd d\u016fraz klademe na zvy\u0161ov\u00e1n\u00ed \u00farovn\u011b my\u0161len\u00ed, rozv\u00edjen\u00ed smyslov\u00e9 citlivosti a&nbsp;zvy\u0161ov\u00e1n\u00ed osobn\u00ed v\u016fle a&nbsp;mor\u00e1lky.<\/li><li>D\u016fle\u017eit\u00fdm principem a&nbsp;c\u00edlem vzd\u011bl\u00e1v\u00e1n\u00ed ka\u017ed\u00e9ho \u017e\u00e1ka je podpora kreativity a&nbsp;projevu, p\u0159esn\u00e1 a&nbsp;vysp\u011bl\u00e1 prezentace vlastn\u00edch n\u00e1zor\u016f nebo prac\u00ed.<\/li><li>U\u010d\u00edme na\u0161e \u017e\u00e1ky vn\u00edmat okoln\u00ed sv\u011bt a&nbsp;sebe sama, pochopit hodnotu \u0159emesln\u00e9 pr\u00e1ce, probudit a&nbsp;rozvinout v&nbsp;\u017e\u00e1kovi l\u00e1sku k&nbsp;\u0159emeslu a&nbsp;um\u011bn\u00ed.<\/li><li>V\u00fduka prob\u00edh\u00e1 ve specializovan\u00fdch u\u010d\u0148ovsk\u00fdch d\u00edln\u00e1ch, odborn\u00fdch u\u010debn\u00e1ch a&nbsp;laborato\u0159\u00edch.<\/li><li>Vyu\u010dov\u00e1n\u00ed v&nbsp;na\u0161em oboru je vzhledem k&nbsp;n\u00edzk\u00e9mu po\u010dtu u\u010d\u0148\u016f mo\u017en\u00e9 prov\u00e1d\u011bt p\u0159edev\u0161\u00edm individu\u00e1ln\u00edm zp\u016fsobem, p\u0159i\u010dem\u017e se tak\u00e9 prol\u00edn\u00e1 se skupinov\u00fdm.<\/li><li>Absolvent je p\u0159ipraven pro povol\u00e1n\u00ed v&nbsp;pozic\u00edch, kde bude moci prosadit jeho individu\u00e1ln\u00ed schopnosti a&nbsp;vlastn\u00ed p\u0159esv\u011bd\u010den\u00ed p\u0159edev\u0161\u00edm v&nbsp;rukod\u011bln\u011b zam\u011b\u0159en\u00fdch st\u0159edn\u00edch i&nbsp;mal\u00fdch d\u0159evozpracuj\u00edc\u00edch firm\u00e1ch specializuj\u00edc\u00edch se na individu\u00e1ln\u00ed truhl\u00e1\u0159sk\u00e9 v\u00fdrobky,<\/li><li>M\u00e1 vytvo\u0159eny p\u0159edpoklady pro dal\u0161\u00ed vzd\u011bl\u00e1v\u00e1n\u00ed na studi\u00edch vedouc\u00edch k&nbsp;maturit\u011b. Um\u00ed vyhled\u00e1vat a&nbsp;verb\u00e1ln\u011b vyjedn\u00e1vat pracovn\u00ed mo\u017enosti. Je p\u0159ipraven jako otev\u0159en\u00e1 mnohostrann\u00e1 a&nbsp;odborn\u011b zp\u016fsobil\u00e1 osobnost schopn\u00e1 reagovat na zm\u011bny pracovn\u00edho trhu.<\/li><\/ul>\n\n\n\n<figure class=\"wp-block-image size-large\"><img loading=\"lazy\" decoding=\"async\" width=\"1024\" height=\"682\" src=\"https:\/\/waldorf.pb.cz\/wp-content\/uploads\/2021\/12\/truhlar-vyrobek-1024x682.jpg\" alt=\"\" class=\"wp-image-3022\" srcset=\"https:\/\/waldorf.pb.cz\/wp-content\/uploads\/2021\/12\/truhlar-vyrobek-1024x682.jpg 1024w, https:\/\/waldorf.pb.cz\/wp-content\/uploads\/2021\/12\/truhlar-vyrobek-300x200.jpg 300w, https:\/\/waldorf.pb.cz\/wp-content\/uploads\/2021\/12\/truhlar-vyrobek-768x512.jpg 768w, https:\/\/waldorf.pb.cz\/wp-content\/uploads\/2021\/12\/truhlar-vyrobek-1536x1024.jpg 1536w, https:\/\/waldorf.pb.cz\/wp-content\/uploads\/2021\/12\/truhlar-vyrobek-75x50.jpg 75w, https:\/\/waldorf.pb.cz\/wp-content\/uploads\/2021\/12\/truhlar-vyrobek.jpg 1772w\" sizes=\"auto, (max-width: 1024px) 100vw, 1024px\" \/><\/figure>\n","protected":false},"excerpt":{"rendered":"<p>K\u00f3d oboru 82-51-H\/02D\u00e9lka studia 3 roky, ukon\u010deno z\u00e1v\u011bre\u010dnou zkou\u0161kou s&nbsp;v\u00fdu\u010dn\u00edm listemstudium je podm\u00edn\u011bno potvrzen\u00edm praktick\u00e9ho l\u00e9ka\u0159e; \u0161kola nen\u00ed bezbari\u00e9rov\u00e1, co\u017e znemo\u017e\u0148uje pohyb osob na invalidn\u00edm voz\u00edku Charakteristika oboru ru\u010dn\u00ed \u0159emesln\u00e9 opracov\u00e1n\u00ed d\u0159eva, zhotovov\u00e1n\u00ed \u0159emesln\u00fdch v\u00fdrobk\u016f pro interi\u00e9ry dle vlastn\u00edch n\u00e1vrh\u016f zdoben\u00ed d\u0159eva r\u016fzn\u00fdmi technikami \u2013 inkrustace, intarzie, ornament\u00e1ln\u00ed \u0159ezba aj. znalost slohov\u00fdch obdob\u00ed, tvorba kopi\u00ed &hellip; <a href=\"https:\/\/waldorf.pb.cz\/?page_id=58\">Continue reading <span class=\"meta-nav\">&rarr;<\/span><\/a><\/p>\n","protected":false},"author":1,"featured_media":0,"parent":46,"menu_order":26,"comment_status":"closed","ping_status":"closed","template":"template-full-width.php","meta":{"footnotes":""},"class_list":["post-58","page","type-page","status-publish","hentry"],"_links":{"self":[{"href":"https:\/\/waldorf.pb.cz\/index.php?rest_route=\/wp\/v2\/pages\/58","targetHints":{"allow":["GET"]}}],"collection":[{"href":"https:\/\/waldorf.pb.cz\/index.php?rest_route=\/wp\/v2\/pages"}],"about":[{"href":"https:\/\/waldorf.pb.cz\/index.php?rest_route=\/wp\/v2\/types\/page"}],"author":[{"embeddable":true,"href":"https:\/\/waldorf.pb.cz\/index.php?rest_route=\/wp\/v2\/users\/1"}],"replies":[{"embeddable":true,"href":"https:\/\/waldorf.pb.cz\/index.php?rest_route=%2Fwp%2Fv2%2Fcomments&post=58"}],"version-history":[{"count":16,"href":"https:\/\/waldorf.pb.cz\/index.php?rest_route=\/wp\/v2\/pages\/58\/revisions"}],"predecessor-version":[{"id":4365,"href":"https:\/\/waldorf.pb.cz\/index.php?rest_route=\/wp\/v2\/pages\/58\/revisions\/4365"}],"up":[{"embeddable":true,"href":"https:\/\/waldorf.pb.cz\/index.php?rest_route=\/wp\/v2\/pages\/46"}],"wp:attachment":[{"href":"https:\/\/waldorf.pb.cz\/index.php?rest_route=%2Fwp%2Fv2%2Fmedia&parent=58"}],"curies":[{"name":"wp","href":"https:\/\/api.w.org\/{rel}","templated":true}]}}