{"id":539,"date":"2019-11-10T15:22:54","date_gmt":"2019-11-10T15:22:54","guid":{"rendered":"http:\/\/www.waldorf-pb.cz\/?page_id=539"},"modified":"2026-02-09T11:28:45","modified_gmt":"2026-02-09T11:28:45","slug":"skolni-poradenske-pracoviste","status":"publish","type":"page","link":"https:\/\/waldorf.pb.cz\/?page_id=539","title":{"rendered":"\u0160koln\u00ed poradensk\u00e9 pracovi\u0161t\u011b"},"content":{"rendered":"\n<p><strong>V\u00fdchovn\u00fd a&nbsp;kari\u00e9rov\u00fd poradce<\/strong>:<br>Mgr. Jitka Zem\u00e1nkov\u00e1 Tejkalov\u00e1 \/ jitka.zemankova@waldorf.pb.cz<br>Poskytuje v\u00fdchovn\u00e9 a&nbsp;kari\u00e9rov\u00e9 poradenstv\u00ed \u017e\u00e1k\u016fm, rodi\u010d\u016fm a&nbsp;pedagog\u016fm.<br>Konzultace podle \u010dasov\u00fdch mo\u017enost\u00ed bez p\u0159edchoz\u00edho objedn\u00e1n\u00ed. <br><br><strong>\u0160koln\u00ed metodik prevence<\/strong>:<br><span style=\"text-decoration: underline\" class=\"underline\">z\u00e1kladn\u00ed \u0161kola<\/span> Mgr. Jitka Romanutti | jitka.romanutti@waldorf.pb.cz <br><span style=\"text-decoration: underline\" class=\"underline\">st\u0159edn\u00ed \u0161kola<\/span> Mgr. Jitka Moty\u010dkov\u00e1 | jitka.motyckova@waldorf.pb.cz<br>Poskytuj\u00ed metodickou podporu a&nbsp;poradenstv\u00ed v&nbsp;oblasti prevence soci\u00e1ln\u011b patologick\u00fdch jev\u016f pro \u017e\u00e1ky, rodi\u010de a&nbsp;pedagogy.<br>Konzultace podle \u010dasov\u00fdch mo\u017enost\u00ed bez p\u0159edchoz\u00edho objedn\u00e1n\u00ed. <br><br><strong>\u0160koln\u00ed speci\u00e1ln\u00ed pedagog<\/strong>:<br>Mgr. Nad\u011b\u017eda \u0160tuksov\u00e1 <br>Poskytuje speci\u00e1ln\u011b pedagogickou podporu \u017e\u00e1k\u016fm, rodi\u010d\u016fm a&nbsp;pedagog\u016fm.<br>Konzultaci je nutn\u00e9 objednat. <br>Zaji\u0161\u0165uje Mgr. Jitka Zem\u00e1nkov\u00e1 \/ jitka.zemankova@waldorf.pb.cz <br><br><strong>\u0160koln\u00ed psycholog<\/strong>:<br>Mgr. Gabriela Dole\u017ealov\u00e1<br>Poskytuje z\u00e1kladn\u00ed psychologick\u00e9 poradenstv\u00ed pro \u017e\u00e1ky, rodi\u010de a&nbsp;pedagogy. <br>Nevyd\u00e1v\u00e1 posudky pro pot\u0159eby podp\u016frn\u00fdch opat\u0159en\u00ed. <br>Konzultaci je nutn\u00e9 objednat. <br>gabriela.dolezalova@waldorf.pb.cz<\/p>\n","protected":false},"excerpt":{"rendered":"<p>V\u00fdchovn\u00fd a&nbsp;kari\u00e9rov\u00fd poradce:Mgr. Jitka Zem\u00e1nkov\u00e1 Tejkalov\u00e1 \/ jitka.zemankova@waldorf.pb.czPoskytuje v\u00fdchovn\u00e9 a&nbsp;kari\u00e9rov\u00e9 poradenstv\u00ed \u017e\u00e1k\u016fm, rodi\u010d\u016fm a&nbsp;pedagog\u016fm.Konzultace podle \u010dasov\u00fdch mo\u017enost\u00ed bez p\u0159edchoz\u00edho objedn\u00e1n\u00ed. \u0160koln\u00ed metodik prevence:z\u00e1kladn\u00ed \u0161kola Mgr. Jitka Romanutti | jitka.romanutti@waldorf.pb.cz st\u0159edn\u00ed \u0161kola Mgr. Jitka Moty\u010dkov\u00e1 | jitka.motyckova@waldorf.pb.czPoskytuj\u00ed metodickou podporu a&nbsp;poradenstv\u00ed v&nbsp;oblasti prevence soci\u00e1ln\u011b patologick\u00fdch jev\u016f pro \u017e\u00e1ky, rodi\u010de a&nbsp;pedagogy.Konzultace podle \u010dasov\u00fdch mo\u017enost\u00ed bez p\u0159edchoz\u00edho objedn\u00e1n\u00ed. \u0160koln\u00ed &hellip; <a href=\"https:\/\/waldorf.pb.cz\/?page_id=539\">Continue reading <span class=\"meta-nav\">&rarr;<\/span><\/a><\/p>\n","protected":false},"author":2,"featured_media":0,"parent":437,"menu_order":33,"comment_status":"closed","ping_status":"closed","template":"template-full-width.php","meta":{"footnotes":""},"class_list":["post-539","page","type-page","status-publish","hentry"],"_links":{"self":[{"href":"https:\/\/waldorf.pb.cz\/index.php?rest_route=\/wp\/v2\/pages\/539","targetHints":{"allow":["GET"]}}],"collection":[{"href":"https:\/\/waldorf.pb.cz\/index.php?rest_route=\/wp\/v2\/pages"}],"about":[{"href":"https:\/\/waldorf.pb.cz\/index.php?rest_route=\/wp\/v2\/types\/page"}],"author":[{"embeddable":true,"href":"https:\/\/waldorf.pb.cz\/index.php?rest_route=\/wp\/v2\/users\/2"}],"replies":[{"embeddable":true,"href":"https:\/\/waldorf.pb.cz\/index.php?rest_route=%2Fwp%2Fv2%2Fcomments&post=539"}],"version-history":[{"count":7,"href":"https:\/\/waldorf.pb.cz\/index.php?rest_route=\/wp\/v2\/pages\/539\/revisions"}],"predecessor-version":[{"id":5818,"href":"https:\/\/waldorf.pb.cz\/index.php?rest_route=\/wp\/v2\/pages\/539\/revisions\/5818"}],"up":[{"embeddable":true,"href":"https:\/\/waldorf.pb.cz\/index.php?rest_route=\/wp\/v2\/pages\/437"}],"wp:attachment":[{"href":"https:\/\/waldorf.pb.cz\/index.php?rest_route=%2Fwp%2Fv2%2Fmedia&parent=539"}],"curies":[{"name":"wp","href":"https:\/\/api.w.org\/{rel}","templated":true}]}}