{"id":516,"date":"2019-11-10T12:25:58","date_gmt":"2019-11-10T12:25:58","guid":{"rendered":"http:\/\/www.waldorf-pb.cz\/?page_id=516"},"modified":"2026-01-08T09:49:41","modified_gmt":"2026-01-08T09:49:41","slug":"dokumenty-skoly","status":"publish","type":"page","link":"https:\/\/waldorf.pb.cz\/?page_id=516","title":{"rendered":"Dokumenty \u0161koly"},"content":{"rendered":"<p><\/p>\r\n<p>V\u00fdro\u010dn\u00ed zpr\u00e1vy<\/p>\r\n<p>\r\n\r\n<\/p>\r\n<ul class=\"wp-block-list\">\r\n<li><a href=\"https:\/\/waldorf.pb.cz\/wp-content\/uploads\/2025\/10\/250928-Vyrocni-zprava-2024_2025.pdf\">2024\/2025<\/a><\/li>\r\n<li><a href=\"https:\/\/waldorf.pb.cz\/wp-content\/uploads\/2025\/10\/241018-Vyrocni-zprava-2023_2024.pdf\">2023\/2024<\/a><\/li>\r\n<li><a href=\"https:\/\/waldorf.pb.cz\/wp-content\/uploads\/2023\/12\/231002-Vyrocni-zprava-2022_2023.pdf\">2022\/2023<\/a><\/li>\r\n<li><a href=\"https:\/\/waldorf.pb.cz\/wp-content\/uploads\/2022\/09\/220927-Vyrocni-zprava-2021_2022.pdf\">2021\/2022<\/a><\/li>\r\n<li><a href=\"https:\/\/waldorf.pb.cz\/wp-content\/uploads\/2021\/09\/210924-Vyrocni-zprava-2020_2021.pdf\">2020\/2021<\/a><\/li>\r\n<li>\r\n<p><a href=\"https:\/\/waldorf.pb.cz\/wp-content\/uploads\/2020\/11\/200924-Vyrocni-zprava-2019_2020.pdf\">2019\/2020<\/a><\/p>\r\n<\/li>\r\n<li>\r\n<p><a href=\"https:\/\/waldorf.pb.cz\/wp-content\/uploads\/2019\/11\/191003-V%C3%BDro%C4%8Dn%C3%AD-zpr%C3%A1va-2018_2019.pdf\" target=\"_blank\" rel=\"noreferrer noopener\" aria-label=\"2018\/2019 (opens in a new tab)\">2018\/2019<\/a><\/p>\r\n<\/li>\r\n<li>\r\n<p><a href=\"http:\/\/waldorf-pb.cz\/wp-content\/uploads\/2019\/11\/180923-V\u00fdro\u010dn\u00ed-zpr\u00e1va-2017_2018.pdf\" target=\"_blank\" rel=\"noreferrer noopener\" aria-label=\" (opens in a new tab)\">2017\/2018<\/a><\/p>\r\n<\/li>\r\n<li>\r\n<p><a href=\"http:\/\/waldorf-pb.cz\/wp-content\/uploads\/2019\/11\/171017-v\u00fdro\u010dn\u00ed-zpr\u00e1va-2016_2017.pdf\" target=\"_blank\" rel=\"noreferrer noopener\" aria-label=\"2016\/2017 (opens in a new tab)\">2016\/2017<\/a><\/p>\r\n<\/li>\r\n<\/ul>\r\n<p>\r\n\r\n<\/p>\r\n<p>\u0160koln\u00ed vzd\u011bl\u00e1vac\u00ed programy<\/p>\r\n<ul>\r\n<li><a href=\"https:\/\/waldorf.pb.cz\/wp-content\/uploads\/2025\/11\/210407-WS_VS_067-SVP-MS-2021.pdf\">Mate\u0159sk\u00e1 \u0161kola<\/a><\/li>\r\n<li><a href=\"https:\/\/waldorf.pb.cz\/wp-content\/uploads\/2025\/11\/220112-WS_VS_068-SVP-SD.pdf\">\u0160koln\u00ed dru\u017eina<\/a><\/li>\r\n<li><a href=\"https:\/\/waldorf.pb.cz\/wp-content\/uploads\/2025\/11\/220112-WS_VS_069-SVP-SK.pdf\">\u0160koln\u00ed klub<\/a><\/li>\r\n<li><a href=\"https:\/\/waldorf.pb.cz\/wp-content\/uploads\/2025\/11\/230901-WS_VS_070-SVP-ZS.pdf\">Z\u00e1kladn\u00ed \u0161kola<\/a><\/li>\r\n<li><a href=\"https:\/\/waldorf.pb.cz\/wp-content\/uploads\/2025\/11\/250901-WS_VS_071-SVP-stredni-skola.pdf\">St\u0159edn\u00ed \u0161kola<\/a><\/li>\r\n<\/ul>\r\n<p>Inspek\u010dn\u00ed zpr\u00e1vy naleznete na <a href=\"https:\/\/www.csicr.cz\/cz\/Registr-inspekcnich-zprav\" target=\"_blank\" rel=\"noreferrer noopener\" aria-label=\"webu \u010c\u0160I (opens in a new tab)\">webu \u010c\u0160I<\/a><\/p>\r\n<p>\r\n\r\n<\/p>\r\n<p><a href=\"https:\/\/waldorf.pb.cz\/wp-content\/uploads\/2022\/03\/220307-Skolni-rad-materske-skoly-MS.pdf\" target=\"_blank\" rel=\"noreferrer noopener\" aria-label=\" (opens in a new tab)\">\u0160koln\u00ed \u0159\u00e1d Waldorfsk\u00e9 \u0161koly P\u0159\u00edbram<\/a> (M\u0160)<\/p>\r\n<p>\r\n\r\n<\/p>\r\n<p><a href=\"https:\/\/waldorf.pb.cz\/wp-content\/uploads\/2020\/11\/200901-Waldorf-Pribram-Skolni-rad-2020.pdf\" target=\"_blank\" rel=\"noreferrer noopener\" aria-label=\"\u0160koln\u00ed \u0159\u00e1d Waldorfsk\u00e9 \u0161koly P\u0159\u00edbram (opens in a new tab)\">\u0160koln\u00ed<\/a><a href=\"https:\/\/waldorf.pb.cz\/wp-content\/uploads\/2020\/11\/200901-Waldorf-Pribram-Skolni-rad-2020.pdf\" target=\"_blank\" rel=\"noreferrer noopener\" aria-label=\"\u0160koln\u00ed \u0159\u00e1d Waldorfsk\u00e9 \u0161koly P\u0159\u00edbram (opens in a new tab)\"> \u0159\u00e1d <\/a><a href=\"https:\/\/waldorf.pb.cz\/wp-content\/uploads\/2023\/01\/220307-WS_VS_032-Skolni-rad-ZS-a-SS-2022.pdf\" target=\"_blank\" rel=\"noreferrer noopener\" aria-label=\"\u0160koln\u00ed \u0159\u00e1d Waldorfsk\u00e9 \u0161koly P\u0159\u00edbram (opens in a new tab)\">Waldorfsk\u00e9 \u0161koly P\u0159\u00edbram<\/a> (Z\u0160 a&nbsp;S\u0160)<\/p>\r\n<p><a href=\"https:\/\/waldorf.pb.cz\/wp-content\/uploads\/2021\/10\/2100901-sk-Smernice-Vnitrni-rad-skolni-druziny-a-skolniho-klubu.pdf\" target=\"_blank\" rel=\"noopener\">Vnit\u0159n\u00ed \u0159\u00e1d \u0161koln\u00ed dru\u017einy a&nbsp;\u0161koln\u00edho klubu<\/a><\/p>\r\n<p>\r\n\r\n<\/p>\r\n<p><a href=\"https:\/\/waldorf.pb.cz\/wp-content\/uploads\/2026\/01\/250901-WS_VS_031-Minimalni-preventivni-program-ZS-a-SS.pdf\" target=\"_blank\" rel=\"noreferrer noopener\" aria-label=\" (opens in a new tab)\">Minim\u00e1ln\u00ed preventivn\u00ed program (Z\u0160 a&nbsp;S\u0160)<\/a><\/p>\r\n<p><a href=\"https:\/\/waldorf.pb.cz\/wp-content\/uploads\/2022\/01\/210901-Minimalni-preventivni-program-MS.pdf\">Minim\u00e1ln\u00ed preventivn\u00ed program (M\u0160)<\/a><\/p>\r\n<p><a href=\"https:\/\/waldorf.pb.cz\/wp-content\/uploads\/2023\/12\/240103-WS_VS_016-Rad-skolni-jidelny-2024.pdf\" target=\"_blank\" rel=\"noopener noreferrer\">\u0158\u00e1d \u0161koln\u00ed j\u00eddelny<\/a><\/p>\r\n<p>\r\n\r\n<\/p>\r\n<p><a href=\"https:\/\/waldorf.pb.cz\/wp-content\/uploads\/2021\/02\/210201-Smernice-o-uplate-MS_1.pdf\" target=\"_blank\" rel=\"noopener\">Sm\u011brnice o&nbsp;stanoven\u00ed \u00faplaty v&nbsp;mate\u0159sk\u00e9 \u0161kole<\/a><\/p>\r\n<ul>\r\n<li><a href=\"https:\/\/waldorf.pb.cz\/wp-content\/uploads\/2023\/05\/220519-WS_VS_036-MS-Priloha-Stanoveni-uplaty.pdf\">p\u0159\u00edloha pro rok 2023\/24<\/a><\/li>\r\n<li><a href=\"https:\/\/waldorf.pb.cz\/wp-content\/uploads\/2024\/04\/240430-WS_VS_036-MS-Priloha-Stanoveni-uplaty.pdf\">p\u0159\u00edloha pro rok 2024\/25<\/a><\/li>\r\n<\/ul>\r\n<p><a href=\"https:\/\/waldorf.pb.cz\/wp-content\/uploads\/2025\/06\/231220-WS_VS_037-Vnitrni-smernice-o-stanoveni-uplaty-v-SD-a-SK.pdf\">Sm\u011brnice o&nbsp;stanoven\u00ed \u00faplaty ve \u0161koln\u00ed dru\u017ein\u011b a&nbsp;\u0161koln\u00edm klubu<\/a><\/p>\r\n<ul>\r\n<li><a href=\"https:\/\/waldorf.pb.cz\/wp-content\/uploads\/2024\/05\/240531-WS_VS_037-Stanoveni-uplaty-SD-a-SK.pdf\">p\u0159\u00edloha pro rok 2024\/25<\/a><\/li>\r\n<li><a href=\"https:\/\/waldorf.pb.cz\/wp-content\/uploads\/2025\/06\/250609-WS_VS_037-Stanoveni-uplaty-SD-a-SK.pdf\">p\u0159\u00edloha pro rok 2025\/26<\/a><\/li>\r\n<\/ul>\r\n<p><a href=\"https:\/\/waldorf.pb.cz\/wp-content\/uploads\/2025\/07\/250101-WS_VS_079.pdf\">Sazebn\u00edk \u00fahrad za poskytov\u00e1n\u00ed informac\u00ed<\/a><br \/>Prohl\u00e1\u0161en\u00ed o&nbsp;p\u0159\u00edstupnosti<\/p>\r\n<p>Obecn\u00e9<\/p>\r\n<p>Waldorfsk\u00e1 \u0161kola P\u0159\u00edbram se sna\u017e\u00ed zajistit, aby jej\u00ed slu\u017eby byly dostupn\u00e9 lidem se zdravotn\u00edm posti\u017een\u00edm. Waldorfsk\u00e1 \u0161kola P\u0159\u00edbram investovala prost\u0159edky pro to, aby pomohla zajistit snadn\u011bj\u0161\u00ed p\u0159\u00edstupnost a&nbsp;pou\u017eitelnost webov\u00fdch str\u00e1nek pro osoby se zdravotn\u00edm posti\u017een\u00edm, s&nbsp;p\u0159esv\u011bd\u010den\u00edm, \u017ee ka\u017ed\u00fd \u010dlov\u011bk m\u00e1 pr\u00e1vo na d\u016fstojn\u00fd \u017eivot, rovnost, pohodl\u00ed a&nbsp;nez\u00e1vislost.<\/p>\r\n<p>P\u0159\u00edstupnost<\/p>\r\n<p>Waldorfsk\u00e1 \u0161kola P\u0159\u00edbram zp\u0159\u00edstup\u0148uje specializovan\u00fd widget pro usnadn\u011bn\u00ed p\u0159\u00edstupu. Tento software umo\u017e\u0148uje zlep\u0161it p\u0159\u00edstup a&nbsp;pou\u017e\u00edv\u00e1n\u00ed webov\u00e9ho obsahu v&nbsp;souladu se sou\u010dasn\u00fdmi standardy (WCAG 2.1 a&nbsp;platn\u00e9 legislativn\u00ed normy).<\/p>\r\n<p>Aktivace nab\u00eddky usnadn\u011bn\u00ed<\/p>\r\n<p>Nab\u00eddku usnadn\u011bn\u00ed p\u0159\u00edstupu lze aktivovat kliknut\u00edm na ikonu pro usnadn\u011bn\u00ed p\u0159\u00edstupu, kter\u00e1 se zobraz\u00ed v&nbsp;rohu str\u00e1nky. Po spu\u0161t\u011bn\u00ed nab\u00eddky po\u010dkejte, ne\u017e se na\u010dte v&nbsp;pln\u00e9m rozsahu.<\/p>\r\n<p>Vylou\u010den\u00ed odpov\u011bdnosti<\/p>\r\n<p>Waldorfsk\u00e1 \u0161kola P\u0159\u00edbram pokra\u010duje ve sv\u00e9m \u00fasil\u00ed o&nbsp;neust\u00e1l\u00e9 zlep\u0161ov\u00e1n\u00ed dostupnosti sv\u00fdch str\u00e1nek a&nbsp;jejich obsahu v&nbsp;p\u0159esv\u011bd\u010den\u00ed, \u017ee je na\u0161\u00ed kolektivn\u00ed mor\u00e1ln\u00ed povinnost\u00ed umo\u017enit plynul\u00e9, p\u0159\u00edstupn\u00e9 a&nbsp;neru\u0161en\u00e9 pou\u017e\u00edv\u00e1n\u00ed i&nbsp;pro ty z&nbsp;n\u00e1s se zdravotn\u00edm posti\u017een\u00edm.<br \/>I p\u0159es na\u0161e snahy o&nbsp;\u00fapln\u00e9 zp\u0159\u00edstupn\u011bn\u00ed v\u0161ech str\u00e1nek a&nbsp;obsahu na webu skolahrastice.cz nemus\u00ed b\u00fdt n\u011bkter\u00fd obsah je\u0161t\u011b pln\u011b p\u0159izp\u016fsoben nejp\u0159\u00edsn\u011bj\u0161\u00edm standard\u016fm p\u0159\u00edstupnosti. To m\u016f\u017ee b\u00fdt d\u016fsledkem toho, \u017ee nebylo nalezeno nebo identifikov\u00e1no nejvhodn\u011bj\u0161\u00ed technologick\u00e9 \u0159e\u0161en\u00ed.<\/p>\r\n<p>Pro V\u00e1s<\/p>\r\n<p>Pokud m\u00e1te pot\u00ed\u017ee s&nbsp;jak\u00fdmkoli obsahem na webu <a href=\"https:\/\/waldorf.pb.cz\/\">waldorf.pb.cz<\/a> nebo pot\u0159ebujete pomoc s&nbsp;jakoukoli \u010d\u00e1st\u00ed na\u0161eho webu, kontaktujte n\u00e1s a&nbsp;my v\u00e1m r\u00e1di pom\u016f\u017eeme. Pokud chcete nahl\u00e1sit probl\u00e9m s&nbsp;p\u0159\u00edstupem, m\u00e1te n\u011bjak\u00e9 dotazy nebo pot\u0159ebujete pomoc, vyu\u017eijte pros\u00edm kontakt na webu <a href=\"https:\/\/waldorf.pb.cz\/\">waldorf.pb.cz<\/a>.<\/p>\r\n<p>&nbsp;<\/p>\r\n<p><\/p>","protected":false},"excerpt":{"rendered":"<p>V\u00fdro\u010dn\u00ed zpr\u00e1vy 2024\/2025&nbsp;2023\/2024&nbsp;2022\/2023&nbsp;2021\/2022&nbsp;2020\/2021&nbsp;2019\/2020&nbsp;2018\/2019&nbsp;2017\/2018&nbsp;2016\/2017 \u0160koln\u00ed vzd\u011bl\u00e1vac\u00ed programy Mate\u0159sk\u00e1 \u0161kola \u0160koln\u00ed dru\u017eina \u0160koln\u00ed klub Z\u00e1kladn\u00ed \u0161kola St\u0159edn\u00ed \u0161kola Inspek\u010dn\u00ed zpr\u00e1vy naleznete na webu \u010c\u0160I \u0160koln\u00ed \u0159\u00e1d Waldorfsk\u00e9 \u0161koly P\u0159\u00edbram (M\u0160) \u0160koln\u00ed \u0159\u00e1d Waldorfsk\u00e9 \u0161koly P\u0159\u00edbram (Z\u0160 a&nbsp;S\u0160) Vnit\u0159n\u00ed \u0159\u00e1d \u0161koln\u00ed dru\u017einy a&nbsp;\u0161koln\u00edho klubu Minim\u00e1ln\u00ed preventivn\u00ed program (Z\u0160 a&nbsp;S\u0160) Minim\u00e1ln\u00ed &hellip; <a href=\"https:\/\/waldorf.pb.cz\/?page_id=516\">Continue reading <span class=\"meta-nav\">&rarr;<\/span><\/a><\/p>\n","protected":false},"author":2,"featured_media":0,"parent":437,"menu_order":7,"comment_status":"closed","ping_status":"closed","template":"template-full-width.php","meta":{"footnotes":""},"class_list":["post-516","page","type-page","status-publish","hentry"],"_links":{"self":[{"href":"https:\/\/waldorf.pb.cz\/index.php?rest_route=\/wp\/v2\/pages\/516","targetHints":{"allow":["GET"]}}],"collection":[{"href":"https:\/\/waldorf.pb.cz\/index.php?rest_route=\/wp\/v2\/pages"}],"about":[{"href":"https:\/\/waldorf.pb.cz\/index.php?rest_route=\/wp\/v2\/types\/page"}],"author":[{"embeddable":true,"href":"https:\/\/waldorf.pb.cz\/index.php?rest_route=\/wp\/v2\/users\/2"}],"replies":[{"embeddable":true,"href":"https:\/\/waldorf.pb.cz\/index.php?rest_route=%2Fwp%2Fv2%2Fcomments&post=516"}],"version-history":[{"count":77,"href":"https:\/\/waldorf.pb.cz\/index.php?rest_route=\/wp\/v2\/pages\/516\/revisions"}],"predecessor-version":[{"id":5751,"href":"https:\/\/waldorf.pb.cz\/index.php?rest_route=\/wp\/v2\/pages\/516\/revisions\/5751"}],"up":[{"embeddable":true,"href":"https:\/\/waldorf.pb.cz\/index.php?rest_route=\/wp\/v2\/pages\/437"}],"wp:attachment":[{"href":"https:\/\/waldorf.pb.cz\/index.php?rest_route=%2Fwp%2Fv2%2Fmedia&parent=516"}],"curies":[{"name":"wp","href":"https:\/\/api.w.org\/{rel}","templated":true}]}}