{"id":511,"date":"2019-11-10T12:06:37","date_gmt":"2019-11-10T12:06:37","guid":{"rendered":"http:\/\/www.waldorf-pb.cz\/?page_id=511"},"modified":"2021-03-26T06:40:24","modified_gmt":"2021-03-26T06:40:24","slug":"reportaz-tv-natura-eurytmie","status":"publish","type":"page","link":"https:\/\/waldorf.pb.cz\/?page_id=511","title":{"rendered":"Filmy o&nbsp;waldorfsk\u00fdch \u0161kol\u00e1ch"},"content":{"rendered":"\n<p><strong>V\u00fdchova d\u00edt\u011bte v&nbsp;dynamice doby<\/strong> &#8211; p\u0159edn\u00e1\u0161ka Tom\u00e1\u0161e Zuz\u00e1ka <a rel=\"noreferrer noopener\" href=\"https:\/\/www.youtube.com\/watch?v=TiYVN4KZ4pk\" target=\"_blank\">zde<\/a><br><br><strong>J. A. Komensk\u00fd: Unum necessarium &#8211; Jedno nezbytn\u00e9<\/strong> &#8211; film nat\u00e1\u010den\u00fd mimo jin\u00e9 ve Waldorfsk\u00e9 \u0161kole P\u0159\u00edbram ke zhl\u00e9dnut\u00ed <a rel=\"noreferrer noopener\" href=\"https:\/\/www.youtube.com\/watch?v=PqDD6-1Zqag&amp;feature=youtu.be\" target=\"_blank\">zde<\/a> <br><br><strong>Waldorfsk\u00e1 pedagogika<\/strong> &#8211; hovo\u0159\u00ed Ane\u017eka Jan\u00e1tov\u00e1 v&nbsp;Ratibo\u0159sk\u00fdch Hor\u00e1ch <a rel=\"noreferrer noopener\" aria-label=\"zde (opens in a new tab)\" href=\"https:\/\/vimeo.com\/389308367\" target=\"_blank\">zde<\/a><br><br><strong>Waldorfsk\u00e1 \u0161kola<\/strong><br>Dokument\u00e1rn\u00ed film \u010cesk\u00e9 televize, re\u017eie Patrik Ulrich <a rel=\"noreferrer noopener\" aria-label=\"zde (opens in a new tab)\" href=\"https:\/\/www.ceskatelevize.cz\/ivysilani\/12663174670-waldorfska-skola\/\" target=\"_blank\">zde<\/a><\/p>\n\n\n\n<p><strong>Waldorf 100<\/strong> &#8211; Dobr\u00e9 r\u00e1no &#8211; dokument \u010cT <a href=\"https:\/\/www.ceskatelevize.cz\/ivysilani\/10435049455-dobre-rano\/319291310020032\/obsah\/684541-waldorf-100\">zde<\/a><\/p>\n\n\n\n<p><strong>Waldorf 100 &#8211; Learn to change the World<\/strong> (\u010desk\u00e9 titulky)<br>Film o&nbsp;waldorfsk\u00fdch \u0161kol\u00e1ch k&nbsp;100.&nbsp;v\u00fdro\u010d\u00ed zh\u00e9dnete <a href=\"https:\/\/www.youtube.com\/watch?v=Ug8Zw49KtgY&amp;feature=youtu.be\" target=\"_blank\" rel=\"noreferrer noopener\" aria-label=\"zde (otev\u0159e se na nov\u00e9 z\u00e1lo\u017ece)\">zde<\/a>.<\/p>\n\n\n\n<p><strong>Jak se u\u010d\u00ed ve waldorfsk\u00e9 \u0161kole<\/strong> &#8211; dokument \u010cT <a href=\"https:\/\/www.ceskatelevize.cz\/ivysilani\/10606260684-wifina\/218553112050042\/obsah\/666741-spolecnost-jak-se-uci-ve-waldorfske-skole\" target=\"_blank\" rel=\"noreferrer noopener\" aria-label=\"zde (opens in a new tab)\">zde<\/a><\/p>\n\n\n\n<p><strong>Why Waldorf<\/strong> (\u010desk\u00e9 titulky)<br>Film o&nbsp;waldorfsk\u00e9 pedagogice m\u016f\u017eete zhl\u00e9dnout <a rel=\"noreferrer noopener\" href=\"https:\/\/www.youtube.com\/watch?v=eSPbodI3Luc\" target=\"_blank\">zde<\/a>. <\/p>\n\n\n\n<p><strong>Waldorfsk\u00e1 \u0161kola P\u0159\u00edbram &#8211; Eurytmie<\/strong> <br>Vyu\u010dov\u00e1n\u00ed eurytmie u&nbsp;n\u00e1s nat\u00e1\u010dela TV Natura. Po\u0159ad zhl\u00e9dnete <a rel=\"noreferrer noopener\" aria-label=\" (otev\u0159e se na nov\u00e9 z\u00e1lo\u017ece)\" href=\"https:\/\/www.tvnatura.cz\/archiv\/video\/1202-eurytmie\" target=\"_blank\">zde<\/a>. <\/p>\n\n\n\n<p><strong>Vernis\u00e1\u017e v&nbsp;Dom\u011b Natura P\u0159\u00edbram<\/strong><br>Report\u00e1\u017e TV Fonka <a rel=\"noreferrer noopener\" aria-label=\"zde (opens in a new tab)\" href=\"https:\/\/www.youtube.com\/watch?v=HPty6l4HYXA\" target=\"_blank\">zde<\/a><br><br><strong>Formuj\u00edc\u00ed vliv prost\u0159ed\u00ed ve zdrav\u00e9 v\u00fdchov\u011b a&nbsp;principy architektury waldorfsk\u00fdch \u0161kol <\/strong>&#8211; p\u0159edn\u00e1\u0161ka Akad. arch. Old\u0159icha Hozmana <a rel=\"noreferrer noopener\" href=\"https:\/\/www.youtube.com\/watch?v=XTcJ_1brFXw&amp;feature=youtu.be\" target=\"_blank\">zde<\/a><\/p>\n\n\n\n<p><strong>Kl\u00ed\u010d k&nbsp;poh\u00e1dk\u00e1m<\/strong> &#8211; p\u0159edn\u00e1\u0161ka Radomila Hradila <a href=\"https:\/\/www.youtube.com\/watch?v=kkHj1Im8W7A&amp;feature=youtu.be\" target=\"_blank\" rel=\"noreferrer noopener\">zde<\/a><\/p>\n","protected":false},"excerpt":{"rendered":"<p>V\u00fdchova d\u00edt\u011bte v&nbsp;dynamice doby &#8211; p\u0159edn\u00e1\u0161ka Tom\u00e1\u0161e Zuz\u00e1ka zde J. A. Komensk\u00fd: Unum necessarium &#8211; Jedno nezbytn\u00e9 &#8211; film nat\u00e1\u010den\u00fd mimo jin\u00e9 ve Waldorfsk\u00e9 \u0161kole P\u0159\u00edbram ke zhl\u00e9dnut\u00ed zde Waldorfsk\u00e1 pedagogika &#8211; hovo\u0159\u00ed Ane\u017eka Jan\u00e1tov\u00e1 v&nbsp;Ratibo\u0159sk\u00fdch Hor\u00e1ch zde Waldorfsk\u00e1 \u0161kolaDokument\u00e1rn\u00ed film \u010cesk\u00e9 televize, re\u017eie Patrik Ulrich zde Waldorf 100 &#8211; Dobr\u00e9 r\u00e1no &#8211; dokument \u010cT &hellip; <a href=\"https:\/\/waldorf.pb.cz\/?page_id=511\">Continue reading <span class=\"meta-nav\">&rarr;<\/span><\/a><\/p>\n","protected":false},"author":2,"featured_media":0,"parent":447,"menu_order":65,"comment_status":"closed","ping_status":"closed","template":"template-full-width.php","meta":{"footnotes":""},"class_list":["post-511","page","type-page","status-publish","hentry"],"_links":{"self":[{"href":"https:\/\/waldorf.pb.cz\/index.php?rest_route=\/wp\/v2\/pages\/511","targetHints":{"allow":["GET"]}}],"collection":[{"href":"https:\/\/waldorf.pb.cz\/index.php?rest_route=\/wp\/v2\/pages"}],"about":[{"href":"https:\/\/waldorf.pb.cz\/index.php?rest_route=\/wp\/v2\/types\/page"}],"author":[{"embeddable":true,"href":"https:\/\/waldorf.pb.cz\/index.php?rest_route=\/wp\/v2\/users\/2"}],"replies":[{"embeddable":true,"href":"https:\/\/waldorf.pb.cz\/index.php?rest_route=%2Fwp%2Fv2%2Fcomments&post=511"}],"version-history":[{"count":16,"href":"https:\/\/waldorf.pb.cz\/index.php?rest_route=\/wp\/v2\/pages\/511\/revisions"}],"predecessor-version":[{"id":2346,"href":"https:\/\/waldorf.pb.cz\/index.php?rest_route=\/wp\/v2\/pages\/511\/revisions\/2346"}],"up":[{"embeddable":true,"href":"https:\/\/waldorf.pb.cz\/index.php?rest_route=\/wp\/v2\/pages\/447"}],"wp:attachment":[{"href":"https:\/\/waldorf.pb.cz\/index.php?rest_route=%2Fwp%2Fv2%2Fmedia&parent=511"}],"curies":[{"name":"wp","href":"https:\/\/api.w.org\/{rel}","templated":true}]}}