{"id":5021,"date":"2024-07-17T16:45:13","date_gmt":"2024-07-17T16:45:13","guid":{"rendered":"https:\/\/waldorf.pb.cz\/?page_id=5021"},"modified":"2024-07-17T16:49:44","modified_gmt":"2024-07-17T16:49:44","slug":"clovek-a-vychova","status":"publish","type":"page","link":"https:\/\/waldorf.pb.cz\/?page_id=5021","title":{"rendered":"\u010clov\u011bk a&nbsp;v\u00fdchova"},"content":{"rendered":"\n<p>\u010dasopis pro waldorfskou pedagogiku<\/p>\n\n\n\n<figure class=\"wp-block-image size-large\"><img loading=\"lazy\" decoding=\"async\" width=\"380\" height=\"522\" src=\"https:\/\/waldorf.pb.cz\/wp-content\/uploads\/2024\/07\/2024-1-mini.jpg\" alt=\"\" class=\"wp-image-5025\" srcset=\"https:\/\/waldorf.pb.cz\/wp-content\/uploads\/2024\/07\/2024-1-mini.jpg 380w, https:\/\/waldorf.pb.cz\/wp-content\/uploads\/2024\/07\/2024-1-mini-218x300.jpg 218w\" sizes=\"auto, (max-width: 380px) 100vw, 380px\" \/><\/figure>\n\n\n\n<p>P\u0159ehled v\u0161ech \u010d\u00edsel <a rel=\"noreferrer noopener\" href=\"https:\/\/www.waldorf.cz\/clovek-a-vychova-prehled-cisel\/\" target=\"_blank\">ZDE<\/a>. <br>Datab\u00e1ze \u010dl\u00e1nk\u016f <a href=\"https:\/\/docs.google.com\/spreadsheets\/d\/1pRLes12mwLjicgj4dXvgPVosOBQ3vE63HLoBTY8EmF0\/view?gid=0#gid=0\" target=\"_blank\" rel=\"noreferrer noopener\">ZDE<\/a>.<\/p>\n","protected":false},"excerpt":{"rendered":"<p>\u010dasopis pro waldorfskou pedagogiku P\u0159ehled v\u0161ech \u010d\u00edsel ZDE. Datab\u00e1ze \u010dl\u00e1nk\u016f ZDE.<\/p>\n","protected":false},"author":2,"featured_media":0,"parent":0,"menu_order":0,"comment_status":"closed","ping_status":"closed","template":"","meta":{"footnotes":""},"class_list":["post-5021","page","type-page","status-publish","hentry"],"_links":{"self":[{"href":"https:\/\/waldorf.pb.cz\/index.php?rest_route=\/wp\/v2\/pages\/5021","targetHints":{"allow":["GET"]}}],"collection":[{"href":"https:\/\/waldorf.pb.cz\/index.php?rest_route=\/wp\/v2\/pages"}],"about":[{"href":"https:\/\/waldorf.pb.cz\/index.php?rest_route=\/wp\/v2\/types\/page"}],"author":[{"embeddable":true,"href":"https:\/\/waldorf.pb.cz\/index.php?rest_route=\/wp\/v2\/users\/2"}],"replies":[{"embeddable":true,"href":"https:\/\/waldorf.pb.cz\/index.php?rest_route=%2Fwp%2Fv2%2Fcomments&post=5021"}],"version-history":[{"count":3,"href":"https:\/\/waldorf.pb.cz\/index.php?rest_route=\/wp\/v2\/pages\/5021\/revisions"}],"predecessor-version":[{"id":5027,"href":"https:\/\/waldorf.pb.cz\/index.php?rest_route=\/wp\/v2\/pages\/5021\/revisions\/5027"}],"wp:attachment":[{"href":"https:\/\/waldorf.pb.cz\/index.php?rest_route=%2Fwp%2Fv2%2Fmedia&parent=5021"}],"curies":[{"name":"wp","href":"https:\/\/api.w.org\/{rel}","templated":true}]}}