{"id":496,"date":"2019-11-09T17:32:40","date_gmt":"2019-11-09T17:32:40","guid":{"rendered":"http:\/\/www.waldorf-pb.cz\/?page_id=496"},"modified":"2023-01-25T16:40:18","modified_gmt":"2023-01-25T16:40:18","slug":"sluzby-ucnovskych-oboru","status":"publish","type":"page","link":"https:\/\/waldorf.pb.cz\/?page_id=496","title":{"rendered":"Slu\u017eby u\u010d\u0148ovsk\u00fdch obor\u016f"},"content":{"rendered":"\n<ul class=\"wp-block-list\"><li>Nab\u00edz\u00edme slu\u017eby um\u011bleck\u00e9ho kov\u00e1\u0159stv\u00ed, z\u00e1me\u010dnictv\u00ed a&nbsp;pas\u00ed\u0159stv\u00ed<\/li><li>Nab\u00edz\u00edme slu\u017eby um\u011bleck\u00e9ho truhl\u00e1\u0159stv\u00ed a&nbsp;\u0159ezb\u00e1\u0159stv\u00ed<\/li><li>Nab\u00edz\u00edme zpracov\u00e1n\u00ed grafick\u00fdch n\u00e1vrh\u016f v\u010detn\u011b tisku<\/li><\/ul>\n\n\n\n<p>Waldorfsk\u00e1 \u0161kola P\u0159\u00edbram m\u00e1 tato \u017eivnostensk\u00e1 opr\u00e1vn\u011bn\u00ed:<br><span style=\"text-decoration: underline\" class=\"underline\">\u017divnostensk\u00e9 opr\u00e1vn\u011bn\u00ed \u010d. 1<\/span><br>P\u0159edm\u011bt podnik\u00e1n\u00ed: V\u00fdroba, obchod a&nbsp;slu\u017eby neuveden\u00e9 v&nbsp;p\u0159\u00edloh\u00e1ch 1 a\u017e 3 \u017eivnostensk\u00e9ho z\u00e1kona<br>Obory \u010dinnosti: Vydavatelsk\u00e9 \u010dinnosti, polygrafick\u00e1 v\u00fdroba, kniha\u0159sk\u00e9 a&nbsp;kop\u00edrovac\u00ed pr\u00e1ce<br><span style=\"text-decoration: underline\" class=\"underline\">\u017divnostensk\u00e9 opr\u00e1vn\u011bn\u00ed \u010d. 2<\/span><br>P\u0159edm\u011bt podnik\u00e1n\u00ed: <strong>Hostinsk\u00e1 \u010dinnost<\/strong><br><span style=\"text-decoration: underline\" class=\"underline\">\u017divnostensk\u00e9 opr\u00e1vn\u011bn\u00ed \u010d. 3<\/span><br>P\u0159edm\u011bt podnik\u00e1n\u00ed: <strong>Truhl\u00e1\u0159stv\u00ed, podlah\u00e1\u0159stv\u00ed<\/strong><br><span style=\"text-decoration: underline\" class=\"underline\">\u017divnostensk\u00e9 opr\u00e1vn\u011bn\u00ed \u010d. 4<\/span><br>P\u0159edm\u011bt podnik\u00e1n\u00ed: <strong>Kov\u00e1\u0159stv\u00ed, podkov\u00e1\u0159stv\u00ed<\/strong><br><span style=\"text-decoration: underline\" class=\"underline\">\u017divnostensk\u00e9 opr\u00e1vn\u011bn\u00ed \u010d. 5<\/span><br>P\u0159edm\u011bt podnik\u00e1n\u00ed: Prodej kvasn\u00e9ho lihu, konzumn\u00edho lihu a&nbsp;lihovin<br><span style=\"text-decoration: underline\" class=\"underline\">Voln\u00e9 \u017eivnosti<\/span>: <br>14) Vydavatelsk\u00e9 \u010dinnosti, polygrafick\u00e1 v\u00fdroba, kniha\u0159sk\u00e9 a&nbsp;kop\u00edrovac\u00ed pr\u00e1ce<br>72) Mimo\u0161koln\u00ed v\u00fdchova a&nbsp;vzd\u011bl\u00e1v\u00e1n\u00ed, po\u0159\u00e1d\u00e1n\u00ed kurz\u016f, \u0161kolen\u00ed, v\u010detn\u011b lektorsk\u00e9 \u010dinnosti<br>73) Provozov\u00e1n\u00ed kulturn\u00edch, kulturn\u011b &#8211; vzd\u011bl\u00e1vac\u00edch a&nbsp;z\u00e1bavn\u00edch za\u0159\u00edzen\u00ed, po\u0159\u00e1d\u00e1n\u00ed kulturn\u00edch produkc\u00ed, z\u00e1bav, v\u00fdstav, veletrh\u016f, p\u0159ehl\u00eddek, prodejn\u00edch a&nbsp;obdobn\u00fdch akc\u00ed<br>74) Provozov\u00e1n\u00ed t\u011blov\u00fdchovn\u00fdch a&nbsp;sportovn\u00edch za\u0159\u00edzen\u00ed a&nbsp;organizov\u00e1n\u00ed sportovn\u00ed \u010dinnosti<\/p>\n","protected":false},"excerpt":{"rendered":"<p>Nab\u00edz\u00edme slu\u017eby um\u011bleck\u00e9ho kov\u00e1\u0159stv\u00ed, z\u00e1me\u010dnictv\u00ed a&nbsp;pas\u00ed\u0159stv\u00ed Nab\u00edz\u00edme slu\u017eby um\u011bleck\u00e9ho truhl\u00e1\u0159stv\u00ed a&nbsp;\u0159ezb\u00e1\u0159stv\u00ed Nab\u00edz\u00edme zpracov\u00e1n\u00ed grafick\u00fdch n\u00e1vrh\u016f v\u010detn\u011b tisku Waldorfsk\u00e1 \u0161kola P\u0159\u00edbram m\u00e1 tato \u017eivnostensk\u00e1 opr\u00e1vn\u011bn\u00ed:\u017divnostensk\u00e9 opr\u00e1vn\u011bn\u00ed \u010d. 1P\u0159edm\u011bt podnik\u00e1n\u00ed: V\u00fdroba, obchod a&nbsp;slu\u017eby neuveden\u00e9 v&nbsp;p\u0159\u00edloh\u00e1ch 1 a\u017e 3 \u017eivnostensk\u00e9ho z\u00e1konaObory \u010dinnosti: Vydavatelsk\u00e9 \u010dinnosti, polygrafick\u00e1 v\u00fdroba, kniha\u0159sk\u00e9 a&nbsp;kop\u00edrovac\u00ed pr\u00e1ce\u017divnostensk\u00e9 opr\u00e1vn\u011bn\u00ed \u010d. 2P\u0159edm\u011bt podnik\u00e1n\u00ed: Hostinsk\u00e1 \u010dinnost\u017divnostensk\u00e9 opr\u00e1vn\u011bn\u00ed \u010d. 3P\u0159edm\u011bt &hellip; <a href=\"https:\/\/waldorf.pb.cz\/?page_id=496\">Continue reading <span class=\"meta-nav\">&rarr;<\/span><\/a><\/p>\n","protected":false},"author":2,"featured_media":0,"parent":431,"menu_order":55,"comment_status":"closed","ping_status":"closed","template":"","meta":{"footnotes":""},"class_list":["post-496","page","type-page","status-publish","hentry"],"_links":{"self":[{"href":"https:\/\/waldorf.pb.cz\/index.php?rest_route=\/wp\/v2\/pages\/496","targetHints":{"allow":["GET"]}}],"collection":[{"href":"https:\/\/waldorf.pb.cz\/index.php?rest_route=\/wp\/v2\/pages"}],"about":[{"href":"https:\/\/waldorf.pb.cz\/index.php?rest_route=\/wp\/v2\/types\/page"}],"author":[{"embeddable":true,"href":"https:\/\/waldorf.pb.cz\/index.php?rest_route=\/wp\/v2\/users\/2"}],"replies":[{"embeddable":true,"href":"https:\/\/waldorf.pb.cz\/index.php?rest_route=%2Fwp%2Fv2%2Fcomments&post=496"}],"version-history":[{"count":4,"href":"https:\/\/waldorf.pb.cz\/index.php?rest_route=\/wp\/v2\/pages\/496\/revisions"}],"predecessor-version":[{"id":4096,"href":"https:\/\/waldorf.pb.cz\/index.php?rest_route=\/wp\/v2\/pages\/496\/revisions\/4096"}],"up":[{"embeddable":true,"href":"https:\/\/waldorf.pb.cz\/index.php?rest_route=\/wp\/v2\/pages\/431"}],"wp:attachment":[{"href":"https:\/\/waldorf.pb.cz\/index.php?rest_route=%2Fwp%2Fv2%2Fmedia&parent=496"}],"curies":[{"name":"wp","href":"https:\/\/api.w.org\/{rel}","templated":true}]}}