{"id":4939,"date":"2024-05-31T03:32:48","date_gmt":"2024-05-31T03:32:48","guid":{"rendered":"https:\/\/waldorf.pb.cz\/?page_id=4939"},"modified":"2025-05-08T07:32:19","modified_gmt":"2025-05-08T07:32:19","slug":"europass","status":"publish","type":"page","link":"https:\/\/waldorf.pb.cz\/?page_id=4939","title":{"rendered":"Europass"},"content":{"rendered":"\n<p>Mil\u00ed absolventi, pro pot\u0159eby zam\u011bstn\u00e1n\u00ed nebo dal\u0161\u00edho doma a&nbsp;v&nbsp;zahrani\u010d\u00ed si m\u016f\u017eete zde st\u00e1hnout europass pro p\u0159\u00edslu\u0161n\u00fd obor Va\u0161eho vzd\u011bl\u00e1n\u00ed ve t\u0159ech jazykov\u00fdch verz\u00edch &#8211; \u010de\u0161tina | angli\u010dtina | n\u011bm\u010dina.<\/p>\n\n\n\n<p><strong>kombinovan\u00e9 lyceum<\/strong> 2023\/2024<br><a rel=\"noreferrer noopener\" href=\"https:\/\/waldorf.pb.cz\/wp-content\/uploads\/2024\/05\/EDO-78-42-M_06-Kombinovane-lyceum-denni-studium-Cestina.pdf\" target=\"_blank\">EDO-78-42-M_06 Kombinovan\u00e9 lyceum (denn\u00ed studium)-\u010ce\u0161tina<br><\/a><a rel=\"noreferrer noopener\" href=\"https:\/\/waldorf.pb.cz\/wp-content\/uploads\/2024\/05\/EDO-78-42-M_06-Kombinovane-lyceum-denni-studium-Anglictina.pdf\" target=\"_blank\">EDO-78-42-M_06 Kombinovan\u00e9 lyceum (denn\u00ed studium)-Angli\u010dtina<br><\/a><a rel=\"noreferrer noopener\" href=\"https:\/\/waldorf.pb.cz\/wp-content\/uploads\/2024\/05\/EDO-78-42-M_06-Kombinovane-lyceum-denni-studium-Nemcina.pdf\" target=\"_blank\">EDO-78-42-M_06 Kombinovan\u00e9 lyceum (denn\u00ed studium)-N\u011bm\u010dina<\/a><br><strong>um\u011bleck\u00fd kov\u00e1\u0159<\/strong> 2023\/2024<br><a rel=\"noreferrer noopener\" href=\"https:\/\/waldorf.pb.cz\/wp-content\/uploads\/2024\/05\/EDO-82-51-H_01-Umelecky-kovar-a-zamecnik-pasir-denni-studium-Cestina.pdf\" target=\"_blank\">EDO-82-51-H_01 Um\u011bleck\u00fd kov\u00e1\u0159 a&nbsp;z\u00e1me\u010dn\u00edk, pas\u00ed\u0159 (denn\u00ed studium)-\u010ce\u0161tina<\/a><br><a rel=\"noreferrer noopener\" href=\"https:\/\/waldorf.pb.cz\/wp-content\/uploads\/2024\/05\/EDO-82-51-H_01-Umelecky-kovar-a-zamecnik-pasir-denni-studium-Anglictina.pdf\" target=\"_blank\">EDO-82-51-H_01 Um\u011bleck\u00fd kov\u00e1\u0159 a&nbsp;z\u00e1me\u010dn\u00edk, pas\u00ed\u0159 (denn\u00ed studium)-Angli\u010dtina<\/a><br><a rel=\"noreferrer noopener\" href=\"https:\/\/waldorf.pb.cz\/wp-content\/uploads\/2024\/05\/EDO-82-51-H_01-Umelecky-kovar-a-zamecnik-pasir-denni-studium-Nemcina.pdf\" target=\"_blank\">EDO-82-51-H_01 Um\u011bleck\u00fd kov\u00e1\u0159 a&nbsp;z\u00e1me\u010dn\u00edk, pas\u00ed\u0159 (denn\u00ed studium)-N\u011bm\u010dina<\/a><br><strong>um\u011bleck\u00fd truhl\u00e1\u0159<\/strong> 2023\/2024<br><a rel=\"noreferrer noopener\" href=\"https:\/\/waldorf.pb.cz\/wp-content\/uploads\/2024\/05\/EDO-82-51-H_02-Umelecky-truhlar-a-rezbar-denni-studium-Cestina.pdf\" target=\"_blank\">EDO-82-51-H_02 Um\u011bleck\u00fd truhl\u00e1\u0159 a&nbsp;\u0159ezb\u00e1\u0159 (denn\u00ed studium)-\u010ce\u0161tina<\/a><br><a rel=\"noreferrer noopener\" href=\"https:\/\/waldorf.pb.cz\/wp-content\/uploads\/2024\/05\/EDO-82-51-H_02-Umelecky-truhlar-a-rezbar-denni-studium-Anglictina.pdf\" target=\"_blank\">EDO-82-51-H_02 Um\u011bleck\u00fd truhl\u00e1\u0159 a&nbsp;\u0159ezb\u00e1\u0159 (denn\u00ed studium)-Angli\u010dtina<br><\/a><a rel=\"noreferrer noopener\" href=\"https:\/\/waldorf.pb.cz\/wp-content\/uploads\/2024\/05\/EDO-82-51-H_02-Umelecky-truhlar-a-rezbar-denni-studium-Nemcina.pdf\" target=\"_blank\">EDO-82-51-H_02 Um\u011bleck\u00fd truhl\u00e1\u0159 a&nbsp;\u0159ezb\u00e1\u0159 (denn\u00ed studium)-N\u011bm\u010dina<\/a><br><strong>reproduk\u010dn\u00ed grafik<\/strong> 2023\/2024<br><a rel=\"noreferrer noopener\" href=\"https:\/\/waldorf.pb.cz\/wp-content\/uploads\/2024\/05\/EDO-34-53-H_01-Reprodukcni-grafik-denni-studium-Cestina.pdf\" target=\"_blank\">EDO-34-53-H_01 Reproduk\u010dn\u00ed grafik (denn\u00ed studium)-\u010ce\u0161tina<\/a><br><a rel=\"noreferrer noopener\" href=\"https:\/\/waldorf.pb.cz\/wp-content\/uploads\/2024\/05\/EDO-34-53-H_01-Reprodukcni-grafik-denni-studium-Anglictina.pdf\" target=\"_blank\">EDO-34-53-H_01 Reproduk\u010dn\u00ed grafik (denn\u00ed studium)-Angli\u010dtina<\/a><br><a rel=\"noreferrer noopener\" href=\"https:\/\/waldorf.pb.cz\/wp-content\/uploads\/2024\/05\/EDO-34-53-H_01-Reprodukcni-grafik-denni-studium-Nemcina.pdf\" target=\"_blank\">EDO-34-53-H_01 Reproduk\u010dn\u00ed grafik (denn\u00ed studium)-N\u011bm\u010dina<\/a><\/p>\n\n\n\n<p><strong>kombinovan\u00e9 lyceum<\/strong> 2024\/2025<br><a rel=\"noreferrer noopener\" href=\"https:\/\/waldorf.pb.cz\/wp-content\/uploads\/2025\/05\/EDO-78-42-M_06-Kombinovane-lyceum-denni-studium-Cestina.pdf\" target=\"_blank\">EDO-78-42-M_06 Kombinovan\u00e9 lyceum (denn\u00ed studium)-\u010ce\u0161tina<\/a><br><a rel=\"noreferrer noopener\" href=\"https:\/\/waldorf.pb.cz\/wp-content\/uploads\/2025\/05\/EDO-78-42-M_06-Kombinovane-lyceum-denni-studium-Anglictina.pdf\" target=\"_blank\">EDO-78-42-M_06 Kombinovan\u00e9 lyceum (denn\u00ed studium)-Angli\u010dtina<\/a><br><a rel=\"noreferrer noopener\" href=\"https:\/\/waldorf.pb.cz\/wp-content\/uploads\/2025\/05\/EDO-78-42-M_06-Kombinovane-lyceum-denni-studium-Nemcina.pdf\" target=\"_blank\">EDO-78-42-M_06 Kombinovan\u00e9 lyceum (denn\u00ed studium)-N\u011bm\u010dina<\/a><br><strong>um\u011bleck\u00fd truhl\u00e1\u0159<\/strong> 2024\/2025<br><a href=\"https:\/\/waldorf.pb.cz\/wp-content\/uploads\/2025\/05\/EDO-82-51-H_02-Umelecky-truhlar-a-rezbar-denni-studium-Cestina.pdf\" target=\"_blank\" rel=\"noreferrer noopener\">EDO-82-51-H_02 Um\u011bleck\u00fd truhl\u00e1\u0159 a&nbsp;\u0159ezb\u00e1\u0159 (denn\u00ed studium)-\u010ce\u0161tina<\/a><br><a href=\"https:\/\/waldorf.pb.cz\/wp-content\/uploads\/2025\/05\/EDO-82-51-H_02-Umelecky-truhlar-a-rezbar-denni-studium-Anglictina.pdf\" target=\"_blank\" rel=\"noreferrer noopener\">EDO-82-51-H_01 Um\u011bleck\u00fd kov\u00e1\u0159 a&nbsp;z\u00e1me\u010dn\u00edk, pas\u00ed\u0159 (denn\u00ed studium)-Angli\u010dtina<\/a><br><a href=\"https:\/\/waldorf.pb.cz\/wp-content\/uploads\/2025\/05\/EDO-82-51-H_02-Umelecky-truhlar-a-rezbar-denni-studium-Nemcina.pdf\" target=\"_blank\" rel=\"noreferrer noopener\">EDO-82-51-H_01 Um\u011bleck\u00fd kov\u00e1\u0159 a&nbsp;z\u00e1me\u010dn\u00edk, pas\u00ed\u0159 (denn\u00ed studium)-N\u011bm\u010dina<\/a><\/p>\n\n\n\n<p><strong>reproduk\u010dn\u00ed grafik<\/strong> 2024\/2025<br><a href=\"https:\/\/waldorf.pb.cz\/wp-content\/uploads\/2025\/05\/EDO-34-53-H_01-Reprodukcni-grafik-denni-studium-Cestina.pdf\" target=\"_blank\" rel=\"noreferrer noopener\">EDO-34-53-H_01 Reproduk\u010dn\u00ed grafik (denn\u00ed studium)-\u010ce\u0161tina<\/a><br><a href=\"https:\/\/waldorf.pb.cz\/wp-content\/uploads\/2025\/05\/EDO-34-53-H_01-Reprodukcni-grafik-denni-studium-Anglictina.pdf\" target=\"_blank\" rel=\"noreferrer noopener\">EDO-34-53-H_01 Reproduk\u010dn\u00ed grafik (denn\u00ed studium)-Angli\u010dtina<\/a><br><a href=\"https:\/\/waldorf.pb.cz\/wp-content\/uploads\/2025\/05\/EDO-34-53-H_01-Reprodukcni-grafik-denni-studium-Nemcina.pdf\" target=\"_blank\" rel=\"noreferrer noopener\">EDO-34-53-H_01 Reproduk\u010dn\u00ed grafik (denn\u00ed studium)-N\u011bm\u010dina<br><\/a><\/p>\n","protected":false},"excerpt":{"rendered":"<p>Mil\u00ed absolventi, pro pot\u0159eby zam\u011bstn\u00e1n\u00ed nebo dal\u0161\u00edho doma a&nbsp;v&nbsp;zahrani\u010d\u00ed si m\u016f\u017eete zde st\u00e1hnout europass pro p\u0159\u00edslu\u0161n\u00fd obor Va\u0161eho vzd\u011bl\u00e1n\u00ed ve t\u0159ech jazykov\u00fdch verz\u00edch &#8211; \u010de\u0161tina | angli\u010dtina | n\u011bm\u010dina. kombinovan\u00e9 lyceum 2023\/2024EDO-78-42-M_06 Kombinovan\u00e9 lyceum (denn\u00ed studium)-\u010ce\u0161tinaEDO-78-42-M_06 Kombinovan\u00e9 lyceum (denn\u00ed studium)-Angli\u010dtinaEDO-78-42-M_06 Kombinovan\u00e9 lyceum (denn\u00ed studium)-N\u011bm\u010dinaum\u011bleck\u00fd kov\u00e1\u0159 2023\/2024EDO-82-51-H_01 Um\u011bleck\u00fd kov\u00e1\u0159 a&nbsp;z\u00e1me\u010dn\u00edk, pas\u00ed\u0159 (denn\u00ed studium)-\u010ce\u0161tinaEDO-82-51-H_01 Um\u011bleck\u00fd kov\u00e1\u0159 a&nbsp;z\u00e1me\u010dn\u00edk, &hellip; <a href=\"https:\/\/waldorf.pb.cz\/?page_id=4939\">Continue reading <span class=\"meta-nav\">&rarr;<\/span><\/a><\/p>\n","protected":false},"author":2,"featured_media":0,"parent":0,"menu_order":0,"comment_status":"closed","ping_status":"closed","template":"","meta":{"footnotes":""},"class_list":["post-4939","page","type-page","status-publish","hentry"],"_links":{"self":[{"href":"https:\/\/waldorf.pb.cz\/index.php?rest_route=\/wp\/v2\/pages\/4939","targetHints":{"allow":["GET"]}}],"collection":[{"href":"https:\/\/waldorf.pb.cz\/index.php?rest_route=\/wp\/v2\/pages"}],"about":[{"href":"https:\/\/waldorf.pb.cz\/index.php?rest_route=\/wp\/v2\/types\/page"}],"author":[{"embeddable":true,"href":"https:\/\/waldorf.pb.cz\/index.php?rest_route=\/wp\/v2\/users\/2"}],"replies":[{"embeddable":true,"href":"https:\/\/waldorf.pb.cz\/index.php?rest_route=%2Fwp%2Fv2%2Fcomments&post=4939"}],"version-history":[{"count":7,"href":"https:\/\/waldorf.pb.cz\/index.php?rest_route=\/wp\/v2\/pages\/4939\/revisions"}],"predecessor-version":[{"id":5418,"href":"https:\/\/waldorf.pb.cz\/index.php?rest_route=\/wp\/v2\/pages\/4939\/revisions\/5418"}],"wp:attachment":[{"href":"https:\/\/waldorf.pb.cz\/index.php?rest_route=%2Fwp%2Fv2%2Fmedia&parent=4939"}],"curies":[{"name":"wp","href":"https:\/\/api.w.org\/{rel}","templated":true}]}}