{"id":49,"date":"2019-08-21T14:12:21","date_gmt":"2019-08-21T14:12:21","guid":{"rendered":"http:\/\/www.waldorf-pb.cz\/?page_id=49"},"modified":"2023-06-16T03:51:27","modified_gmt":"2023-06-16T03:51:27","slug":"umelecky-kovar-a-zamecnik-pasir","status":"publish","type":"page","link":"https:\/\/waldorf.pb.cz\/?page_id=49","title":{"rendered":"Um\u011bleck\u00fd kov\u00e1\u0159 a&nbsp;z\u00e1me\u010dn\u00edk, pas\u00ed\u0159"},"content":{"rendered":"\n<div class=\"wp-block-cover has-background-dim\" style=\"background-image:url(https:\/\/waldorf.pb.cz\/wp-content\/uploads\/2021\/12\/kovar.jpg);background-position:50% 30%\"><div class=\"wp-block-cover__inner-container is-layout-flow wp-block-cover-is-layout-flow\">\n<p class=\"has-text-align-center has-large-font-size\"><\/p>\n<\/div><\/div>\n\n\n\n<p>  <br>K\u00f3d oboru <strong>82-51-H\/01<\/strong><br>D\u00e9lka studia 3 roky, ukon\u010deno z\u00e1v\u011bre\u010dnou zkou\u0161kou s&nbsp;v\u00fdu\u010dn\u00edm listem<br><span style=\"text-decoration: underline\" class=\"underline\">studium je podm\u00edn\u011bno potvrzen\u00edm praktick\u00e9ho l\u00e9ka\u0159e<\/span>; \u0161kola nen\u00ed bezbari\u00e9rov\u00e1, co\u017e znemo\u017e\u0148uje pohyb osob na invalidn\u00edm voz\u00edku<\/p>\n\n\n\n<h3 class=\"wp-block-heading\"><span style=\"color:#e08433\" class=\"tadv-color\">Charakteristika oboru<\/span><\/h3>\n\n\n\n<ul class=\"wp-block-list\"><li>ru\u010dn\u00ed zpracov\u00e1n\u00ed kov\u016f, strojn\u00ed obr\u00e1b\u011bn\u00ed, povrchov\u00e9 \u00fapravy, rukod\u011bln\u00e1 v\u00fdroba um\u011bleck\u00fdch u\u017eitkov\u00fdch a&nbsp;dekorativn\u00edch p\u0159edm\u011bt\u016f<\/li><li>orientace v&nbsp;popisech jednotliv\u00fdch technologi\u00ed, materi\u00e1l\u016f a&nbsp;star\u00fdch technik<\/li><li>veden\u00ed prvotn\u00ed evidence restaur\u00e1torsk\u00fdch prac\u00ed, uplat\u0148ov\u00e1n\u00ed praktick\u00e9 zku\u0161enosti ve vztahu k&nbsp;dal\u0161\u00edm um\u011blecko\u0159emesln\u00fdm profes\u00edm<\/li><\/ul>\n\n\n\n<p>Um\u011blecko\u0159emesln\u00e9 obory jsou p\u0159\u00edmou reakc\u00ed na sou\u010dasn\u00e9 po\u017eadavky doby v&nbsp;oblasti rukod\u011bln\u00e9 v\u00fdroby um\u011bleck\u00fdch dekorativn\u00edch p\u0159edm\u011bt\u016f, replik a&nbsp;prac\u00ed z&nbsp;oblasti restaur\u00e1torstv\u00ed. Praktick\u00e1 v\u00fduka d\u00e1v\u00e1 mo\u017enost pro\u017eit\u00ed kvalitn\u011b odveden\u00e9 \u0159emesln\u00e9 pr\u00e1ce. Obory si kladou za c\u00edl rozvoj citu a&nbsp;zru\u010dnosti pro ru\u010dn\u00ed zpracov\u00e1n\u00ed kov\u016f a&nbsp;d\u0159eva. Studenti jsou vedeni k&nbsp;fantazii, kreativit\u011b a&nbsp;osobitosti um\u011bleck\u00e9ho projevu. D\u00edky tomu zaujmou na trhu pr\u00e1ce, na kter\u00fd po absolvov\u00e1n\u00ed vstupuj\u00ed.<\/p>\n\n\n\n<h3 class=\"wp-block-heading\"><strong><span style=\"color:#e08433\" class=\"tadv-color\">Podrobn\u011bj\u0161\u00ed specifikace<\/span><\/strong><\/h3>\n\n\n\n<ul class=\"wp-block-list\"><li>Tento obor nab\u00edz\u00ed odborn\u00e9 vzd\u011bl\u00e1n\u00ed v&nbsp;\u017eivot\u011b i&nbsp;v&nbsp;profesi um\u011bleck\u00fd kov\u00e1\u0159 a&nbsp;z\u00e1me\u010dn\u00edk, pas\u00ed\u0159.<\/li><li>\u017d\u00e1k je schopen prakticky uplatnit z\u00edskan\u00e9 dovednosti, zku\u0161enosti a&nbsp;kvalitu pracovn\u00ed \u010dinnosti v&nbsp;dan\u00e9 profesi.<\/li><li>\u017d\u00e1ci jsou p\u0159ipraveni prosadit sv\u00e9 individu\u00e1ln\u00ed schopnosti v&nbsp;rukod\u011bln\u011b zam\u011b\u0159en\u00fdch st\u0159edn\u00edch i&nbsp;mal\u00fdch firm\u00e1ch specializuj\u00edc\u00edch se na individu\u00e1ln\u00ed kov\u00e1\u0159sk\u00e9 a&nbsp;z\u00e1me\u010dnick\u00e9 v\u00fdrobky, restaur\u00e1torsk\u00fdch d\u00edln\u00e1ch, um\u011blecko-\u0159emesln\u00fdch ateli\u00e9rech a&nbsp;\u017eivnostech v&nbsp;pozici podnikatele.<\/li><li>Schopnost a&nbsp;kvalifikace \u017e\u00e1ka spo\u010d\u00edv\u00e1 zejm\u00e9na v&nbsp;rukod\u011bln\u00e9m zhotovov\u00e1n\u00ed u\u017eitkov\u00fdch a&nbsp;dekorativn\u00edch p\u0159edm\u011bt\u016f z&nbsp;kovu dle n\u00e1vrh\u016f vlastn\u00edch, zadan\u00fdch nebo replik p\u016fvodn\u00edch prac\u00ed. Pracuje tak\u00e9 s&nbsp;kov\u00e1\u0159sk\u00fdmi \u010di z\u00e1me\u010dnick\u00fdmi v\u00fdrobky a&nbsp;dekorativn\u00edmi prvky interi\u00e9ru. Prov\u00e1d\u00ed opravy a&nbsp;obnovu kov\u00e1\u0159sk\u00fdch a&nbsp;z\u00e1me\u010dnick\u00fdch um\u011blecko\u0159emesln\u00fdch p\u0159edm\u011bt\u016f.<\/li><li>M\u00e1 vytvo\u0159eny p\u0159edpoklady pro dal\u0161\u00ed vzd\u011bl\u00e1v\u00e1n\u00ed na studi\u00edch vedouc\u00edch k&nbsp;maturit\u011b. Um\u00ed vyhled\u00e1vat a&nbsp;verb\u00e1ln\u011b vyjedn\u00e1vat pracovn\u00ed mo\u017enosti. Je p\u0159ipraven jako otev\u0159en\u00e1 mnohostrann\u00e1 a&nbsp;odborn\u011b zp\u016fsobil\u00e1 osobnost schopn\u00e1 reagovat na zm\u011bny pracovn\u00edho trhu. <\/li><li>U\u010debn\u00ed obor um\u011bleck\u00fd kov\u00e1\u0159 a&nbsp;z\u00e1me\u010dn\u00edk, pas\u00ed\u0159 reaguje na sou\u010dasn\u00e9 po\u017eadavky v&nbsp;oblasti designu atypick\u00e9ho n\u00e1bytku a&nbsp;dekorativn\u00edch p\u0159edm\u011bt\u016f, replik a&nbsp;prac\u00ed souvisej\u00edc\u00edch s&nbsp;restaur\u00e1torstv\u00edm.<\/li><li>Praktick\u00e1 \u010d\u00e1st vzd\u011bl\u00e1v\u00e1n\u00ed v\u00fdrazn\u011b p\u016fsob\u00ed na vytv\u00e1\u0159en\u00ed a&nbsp;formov\u00e1n\u00ed z\u00e1kladn\u00edch, ale i&nbsp;velmi pokro\u010dil\u00fdch dovednost\u00ed. C\u00edlem vzd\u011bl\u00e1vac\u00edho programu je p\u0159iprava \u017e\u00e1ka v&nbsp;um\u011blecko\u0159emesln\u00e9m charakteru.<\/li><li>Absolvent je schopen projevit sv\u016fj cit, st\u011bjn\u011b tak fantazii a&nbsp;kreativitu p\u0159i pr\u00e1ci s&nbsp;kovem.<\/li><li>U\u010divo teoretick\u00e9 poskytuje \u017e\u00e1k\u016fm v\u011bdomosti a&nbsp;intelektov\u00e9 a&nbsp;praktick\u00e9 dovednosti pot\u0159ebn\u00e9 pro zhotovov\u00e1n\u00ed um\u011blecko\u0159emesln\u00fdch kov\u00e1\u0159sk\u00fdch a&nbsp;z\u00e1me\u010dnick\u00fdch prac\u00ed.<\/li><li>Velk\u00fd d\u016fraz klademe na zvy\u0161ov\u00e1n\u00ed \u00farovn\u011b my\u0161len\u00ed, rozv\u00edjen\u00ed smyslov\u00e9 citlivosti a&nbsp;zvy\u0161ov\u00e1n\u00ed osobn\u00ed v\u016fle a&nbsp;mor\u00e1lky.<\/li><li>D\u016fle\u017eit\u00fdm principem a&nbsp;c\u00edlem vzd\u011bl\u00e1v\u00e1n\u00ed ka\u017ed\u00e9ho \u017e\u00e1ka je podpora kreativity a&nbsp;projevu, p\u0159esn\u00e1 a&nbsp;vysp\u011bl\u00e1 prezentace vlastn\u00edch n\u00e1zor\u016f nebo prac\u00ed.<\/li><li>U\u010d\u00edme na\u0161e \u017e\u00e1ky vn\u00edmat okoln\u00ed sv\u011bt a&nbsp;sebe sama, pochopit hodnotu \u0159emesln\u00e9 pr\u00e1ce, probudit a&nbsp;rozvinout v&nbsp;\u017e\u00e1kovi l\u00e1sku k&nbsp;\u0159emeslu a&nbsp;um\u011bn\u00ed.<\/li><li>M\u00e1 vytvo\u0159eny p\u0159edpoklady pro dal\u0161\u00ed vzd\u011bl\u00e1v\u00e1n\u00ed na studi\u00edch vedouc\u00edch k&nbsp;maturit\u011b. Um\u00ed vyhled\u00e1vat a&nbsp;verb\u00e1ln\u011b vyjedn\u00e1vat pracovn\u00ed mo\u017enosti. Je p\u0159ipraven jako otev\u0159en\u00e1 mnohostrann\u00e1 a&nbsp;odborn\u011b zp\u016fsobil\u00e1 osobnost schopn\u00e1 reagovat na zm\u011bny pracovn\u00edho trhu.<\/li><\/ul>\n\n\n\n<figure class=\"wp-block-image size-large\"><img loading=\"lazy\" decoding=\"async\" width=\"1024\" height=\"682\" src=\"https:\/\/waldorf.pb.cz\/wp-content\/uploads\/2021\/12\/kovar-vyrobek-1024x682.jpg\" alt=\"\" class=\"wp-image-3039\" srcset=\"https:\/\/waldorf.pb.cz\/wp-content\/uploads\/2021\/12\/kovar-vyrobek-1024x682.jpg 1024w, https:\/\/waldorf.pb.cz\/wp-content\/uploads\/2021\/12\/kovar-vyrobek-300x200.jpg 300w, https:\/\/waldorf.pb.cz\/wp-content\/uploads\/2021\/12\/kovar-vyrobek-768x512.jpg 768w, https:\/\/waldorf.pb.cz\/wp-content\/uploads\/2021\/12\/kovar-vyrobek-1536x1024.jpg 1536w, https:\/\/waldorf.pb.cz\/wp-content\/uploads\/2021\/12\/kovar-vyrobek-75x50.jpg 75w, https:\/\/waldorf.pb.cz\/wp-content\/uploads\/2021\/12\/kovar-vyrobek.jpg 1772w\" sizes=\"auto, (max-width: 1024px) 100vw, 1024px\" \/><\/figure>\n","protected":false},"excerpt":{"rendered":"<p>K\u00f3d oboru 82-51-H\/01D\u00e9lka studia 3 roky, ukon\u010deno z\u00e1v\u011bre\u010dnou zkou\u0161kou s&nbsp;v\u00fdu\u010dn\u00edm listemstudium je podm\u00edn\u011bno potvrzen\u00edm praktick\u00e9ho l\u00e9ka\u0159e; \u0161kola nen\u00ed bezbari\u00e9rov\u00e1, co\u017e znemo\u017e\u0148uje pohyb osob na invalidn\u00edm voz\u00edku Charakteristika oboru ru\u010dn\u00ed zpracov\u00e1n\u00ed kov\u016f, strojn\u00ed obr\u00e1b\u011bn\u00ed, povrchov\u00e9 \u00fapravy, rukod\u011bln\u00e1 v\u00fdroba um\u011bleck\u00fdch u\u017eitkov\u00fdch a&nbsp;dekorativn\u00edch p\u0159edm\u011bt\u016f orientace v&nbsp;popisech jednotliv\u00fdch technologi\u00ed, materi\u00e1l\u016f a&nbsp;star\u00fdch technik veden\u00ed prvotn\u00ed evidence restaur\u00e1torsk\u00fdch prac\u00ed, uplat\u0148ov\u00e1n\u00ed praktick\u00e9 &hellip; <a href=\"https:\/\/waldorf.pb.cz\/?page_id=49\">Continue reading <span class=\"meta-nav\">&rarr;<\/span><\/a><\/p>\n","protected":false},"author":1,"featured_media":0,"parent":46,"menu_order":27,"comment_status":"closed","ping_status":"closed","template":"template-full-width.php","meta":{"footnotes":""},"class_list":["post-49","page","type-page","status-publish","hentry"],"_links":{"self":[{"href":"https:\/\/waldorf.pb.cz\/index.php?rest_route=\/wp\/v2\/pages\/49","targetHints":{"allow":["GET"]}}],"collection":[{"href":"https:\/\/waldorf.pb.cz\/index.php?rest_route=\/wp\/v2\/pages"}],"about":[{"href":"https:\/\/waldorf.pb.cz\/index.php?rest_route=\/wp\/v2\/types\/page"}],"author":[{"embeddable":true,"href":"https:\/\/waldorf.pb.cz\/index.php?rest_route=\/wp\/v2\/users\/1"}],"replies":[{"embeddable":true,"href":"https:\/\/waldorf.pb.cz\/index.php?rest_route=%2Fwp%2Fv2%2Fcomments&post=49"}],"version-history":[{"count":21,"href":"https:\/\/waldorf.pb.cz\/index.php?rest_route=\/wp\/v2\/pages\/49\/revisions"}],"predecessor-version":[{"id":4364,"href":"https:\/\/waldorf.pb.cz\/index.php?rest_route=\/wp\/v2\/pages\/49\/revisions\/4364"}],"up":[{"embeddable":true,"href":"https:\/\/waldorf.pb.cz\/index.php?rest_route=\/wp\/v2\/pages\/46"}],"wp:attachment":[{"href":"https:\/\/waldorf.pb.cz\/index.php?rest_route=%2Fwp%2Fv2%2Fmedia&parent=49"}],"curies":[{"name":"wp","href":"https:\/\/api.w.org\/{rel}","templated":true}]}}