{"id":486,"date":"2019-11-09T17:28:44","date_gmt":"2019-11-09T17:28:44","guid":{"rendered":"http:\/\/www.waldorf-pb.cz\/?page_id=486"},"modified":"2026-01-16T08:19:15","modified_gmt":"2026-01-16T08:19:15","slug":"prijimaci-rizeni","status":"publish","type":"page","link":"https:\/\/waldorf.pb.cz\/?page_id=486","title":{"rendered":"P\u0159ij\u00edmac\u00ed \u0159\u00edzen\u00ed na S\u0160"},"content":{"rendered":"\n<p><strong>Upozorn\u011bn\u00ed:  <\/strong>V\u00edcestr\u00e1nkov\u00e9 dokumenty form\u00e1tu pdf maj\u00ed dole \u0161ipky na posun pro \u010dten\u00ed.<\/p>\n\n\n\n<h2 class=\"wp-block-heading\">P\u0159ij\u00edmac\u00ed \u0159\u00edzen\u00ed 1.&nbsp;kolo &#8211; vyhl\u00e1\u0161en\u00ed um\u011bleck\u00fd kov\u00e1\u0159, z\u00e1me\u010dn\u00edk a&nbsp;pas\u00ed\u0159<\/h2>\n\n\n<a href=\"https:\/\/waldorf.pb.cz\/wp-content\/uploads\/2026\/01\/260116-Vyhlaseni-umelecky-kovar-1.-kolo.pdf\" class=\"pdfemb-viewer\" style=\"\" data-width=\"max\" data-height=\"max\"  data-toolbar=\"bottom\" data-toolbar-fixed=\"off\">260116-Vyhlaseni-umelecky-kovar-1.-kolo<br\/><\/a>\n<p class=\"wp-block-pdfemb-pdf-embedder-viewer\"><\/p>\n\n\n\n<h2 class=\"wp-block-heading\">P\u0159ij\u00edmac\u00ed \u0159\u00edzen\u00ed 1.&nbsp;kolo &#8211; vyhl\u00e1\u0161en\u00ed um\u011bleck\u00fd truhl\u00e1\u0159 a&nbsp;\u0159ezb\u00e1\u0159<\/h2>\n\n\n<a href=\"https:\/\/waldorf.pb.cz\/wp-content\/uploads\/2026\/01\/260116-Vyhlaseni-umelecky-truhlar-1.-kolo.pdf\" class=\"pdfemb-viewer\" style=\"\" data-width=\"max\" data-height=\"max\"  data-toolbar=\"bottom\" data-toolbar-fixed=\"off\">260116-Vyhlaseni-umelecky-truhlar-1.-kolo<br\/><\/a>\n<p class=\"wp-block-pdfemb-pdf-embedder-viewer\"><\/p>\n\n\n\n<h2 class=\"wp-block-heading\">P\u0159ij\u00edmac\u00ed \u0159\u00edzen\u00ed 1.&nbsp;kolo &#8211; vyhl\u00e1\u0161en\u00ed reproduk\u010dn\u00ed grafik<\/h2>\n\n\n<a href=\"https:\/\/waldorf.pb.cz\/wp-content\/uploads\/2026\/01\/260116-Vyhlaseni-reprodukcni-grafik-1.-kolo.pdf\" class=\"pdfemb-viewer\" style=\"\" data-width=\"max\" data-height=\"max\"  data-toolbar=\"bottom\" data-toolbar-fixed=\"off\">260116-Vyhlaseni-reprodukcni-grafik-1.-kolo<br\/><\/a>\n<p class=\"wp-block-pdfemb-pdf-embedder-viewer\"><\/p>\n\n\n\n<h2 class=\"wp-block-heading\">P\u0159ij\u00edmac\u00ed \u0159\u00edzen\u00ed 1.&nbsp;kolo &#8211; vyhl\u00e1\u0161en\u00ed kombinovan\u00e9 lyceum<\/h2>\n\n\n<a href=\"https:\/\/waldorf.pb.cz\/wp-content\/uploads\/2026\/01\/260116-Vyhlaseni-kombinovane-lyceum-1.-kolo.pdf\" class=\"pdfemb-viewer\" style=\"\" data-width=\"max\" data-height=\"max\"  data-toolbar=\"bottom\" data-toolbar-fixed=\"off\">260116-Vyhlaseni-kombinovane-lyceum-1.-kolo<br\/><\/a>\n<p class=\"wp-block-pdfemb-pdf-embedder-viewer\"><\/p>\n","protected":false},"excerpt":{"rendered":"<p>Upozorn\u011bn\u00ed: V\u00edcestr\u00e1nkov\u00e9 dokumenty form\u00e1tu pdf maj\u00ed dole \u0161ipky na posun pro \u010dten\u00ed. P\u0159ij\u00edmac\u00ed \u0159\u00edzen\u00ed 1.&nbsp;kolo &#8211; vyhl\u00e1\u0161en\u00ed um\u011bleck\u00fd kov\u00e1\u0159, z\u00e1me\u010dn\u00edk a&nbsp;pas\u00ed\u0159 P\u0159ij\u00edmac\u00ed \u0159\u00edzen\u00ed 1.&nbsp;kolo &#8211; vyhl\u00e1\u0161en\u00ed um\u011bleck\u00fd truhl\u00e1\u0159 a&nbsp;\u0159ezb\u00e1\u0159 P\u0159ij\u00edmac\u00ed \u0159\u00edzen\u00ed 1.&nbsp;kolo &#8211; vyhl\u00e1\u0161en\u00ed reproduk\u010dn\u00ed grafik P\u0159ij\u00edmac\u00ed \u0159\u00edzen\u00ed 1.&nbsp;kolo &#8211; vyhl\u00e1\u0161en\u00ed kombinovan\u00e9 lyceum<\/p>\n","protected":false},"author":2,"featured_media":0,"parent":407,"menu_order":43,"comment_status":"closed","ping_status":"closed","template":"template-full-width.php","meta":{"footnotes":""},"class_list":["post-486","page","type-page","status-publish","hentry"],"_links":{"self":[{"href":"https:\/\/waldorf.pb.cz\/index.php?rest_route=\/wp\/v2\/pages\/486","targetHints":{"allow":["GET"]}}],"collection":[{"href":"https:\/\/waldorf.pb.cz\/index.php?rest_route=\/wp\/v2\/pages"}],"about":[{"href":"https:\/\/waldorf.pb.cz\/index.php?rest_route=\/wp\/v2\/types\/page"}],"author":[{"embeddable":true,"href":"https:\/\/waldorf.pb.cz\/index.php?rest_route=\/wp\/v2\/users\/2"}],"replies":[{"embeddable":true,"href":"https:\/\/waldorf.pb.cz\/index.php?rest_route=%2Fwp%2Fv2%2Fcomments&post=486"}],"version-history":[{"count":200,"href":"https:\/\/waldorf.pb.cz\/index.php?rest_route=\/wp\/v2\/pages\/486\/revisions"}],"predecessor-version":[{"id":5765,"href":"https:\/\/waldorf.pb.cz\/index.php?rest_route=\/wp\/v2\/pages\/486\/revisions\/5765"}],"up":[{"embeddable":true,"href":"https:\/\/waldorf.pb.cz\/index.php?rest_route=\/wp\/v2\/pages\/407"}],"wp:attachment":[{"href":"https:\/\/waldorf.pb.cz\/index.php?rest_route=%2Fwp%2Fv2%2Fmedia&parent=486"}],"curies":[{"name":"wp","href":"https:\/\/api.w.org\/{rel}","templated":true}]}}