{"id":483,"date":"2019-11-09T17:23:05","date_gmt":"2019-11-09T17:23:05","guid":{"rendered":"http:\/\/www.waldorf-pb.cz\/?page_id=483"},"modified":"2024-11-08T10:17:49","modified_gmt":"2024-11-08T10:17:49","slug":"asociace-waldorfskych-skol","status":"publish","type":"page","link":"https:\/\/waldorf.pb.cz\/?page_id=483","title":{"rendered":"Asociace waldorfsk\u00fdch \u0161kol"},"content":{"rendered":"\n<p>Na\u0161e \u0161kola je \u010dlenem Asociace waldorfsk\u00fdch \u0161kol. V\u00edce informac\u00ed naleznete na str\u00e1nk\u00e1ch <a rel=\"noreferrer noopener\" aria-label=\"zde (otev\u0159e se na nov\u00e9 z\u00e1lo\u017ece)\" href=\"http:\/\/www.iwaldorf.cz\/\" target=\"_blank\">Asociace waldorfsk\u00fdch \u0161kol<\/a>.<\/p>\n\n\n<a href=\"https:\/\/waldorf.pb.cz\/wp-content\/uploads\/2024\/11\/awsA5.pdf\" class=\"pdfemb-viewer\" style=\"\" data-width=\"max\" data-height=\"max\"  data-toolbar=\"bottom\" data-toolbar-fixed=\"off\">awsA5<br\/><\/a>\n<p class=\"wp-block-pdfemb-pdf-embedder-viewer\"><\/p>\n","protected":false},"excerpt":{"rendered":"<p>Na\u0161e \u0161kola je \u010dlenem Asociace waldorfsk\u00fdch \u0161kol. V\u00edce informac\u00ed naleznete na str\u00e1nk\u00e1ch Asociace waldorfsk\u00fdch \u0161kol.<\/p>\n","protected":false},"author":2,"featured_media":0,"parent":447,"menu_order":64,"comment_status":"closed","ping_status":"closed","template":"template-full-width.php","meta":{"footnotes":""},"class_list":["post-483","page","type-page","status-publish","hentry"],"_links":{"self":[{"href":"https:\/\/waldorf.pb.cz\/index.php?rest_route=\/wp\/v2\/pages\/483","targetHints":{"allow":["GET"]}}],"collection":[{"href":"https:\/\/waldorf.pb.cz\/index.php?rest_route=\/wp\/v2\/pages"}],"about":[{"href":"https:\/\/waldorf.pb.cz\/index.php?rest_route=\/wp\/v2\/types\/page"}],"author":[{"embeddable":true,"href":"https:\/\/waldorf.pb.cz\/index.php?rest_route=\/wp\/v2\/users\/2"}],"replies":[{"embeddable":true,"href":"https:\/\/waldorf.pb.cz\/index.php?rest_route=%2Fwp%2Fv2%2Fcomments&post=483"}],"version-history":[{"count":3,"href":"https:\/\/waldorf.pb.cz\/index.php?rest_route=\/wp\/v2\/pages\/483\/revisions"}],"predecessor-version":[{"id":5200,"href":"https:\/\/waldorf.pb.cz\/index.php?rest_route=\/wp\/v2\/pages\/483\/revisions\/5200"}],"up":[{"embeddable":true,"href":"https:\/\/waldorf.pb.cz\/index.php?rest_route=\/wp\/v2\/pages\/447"}],"wp:attachment":[{"href":"https:\/\/waldorf.pb.cz\/index.php?rest_route=%2Fwp%2Fv2%2Fmedia&parent=483"}],"curies":[{"name":"wp","href":"https:\/\/api.w.org\/{rel}","templated":true}]}}