{"id":48,"date":"2019-08-21T14:12:21","date_gmt":"2019-08-21T14:12:21","guid":{"rendered":"http:\/\/www.waldorf-pb.cz\/?page_id=48"},"modified":"2023-06-16T03:49:59","modified_gmt":"2023-06-16T03:49:59","slug":"waldorfske-lyceum","status":"publish","type":"page","link":"https:\/\/waldorf.pb.cz\/?page_id=48","title":{"rendered":"Kombinovan\u00e9 lyceum"},"content":{"rendered":"\n<p>K\u00f3d oboru <strong>78-42-M\/06<\/strong><br>D\u00e9lka studia 4 roky, ukon\u010deno maturitn\u00ed zkou\u0161kou<br>obor <span style=\"text-decoration: underline\" class=\"underline\">nevy\u017eaduje stanoven\u00ed zvl\u00e1\u0161tn\u00edch zdravotn\u00edch po\u017eadavk\u016f<\/span>; \u0161kola nen\u00ed bezbari\u00e9rov\u00e1, co\u017e znemo\u017e\u0148uje pohyb osob na invalidn\u00edm voz\u00edku<\/p>\n\n\n\n<h3 class=\"wp-block-heading\"><strong><span style=\"color:#e08433\" class=\"tadv-color\">Charakteristika oboru<\/span><\/strong><\/h3>\n\n\n\n<ul class=\"wp-block-list\"><li><strong><span style=\"color:#e08433\" class=\"tadv-color\"><\/span><\/strong>odborn\u00e9 a&nbsp;um\u011bleck\u00e9 p\u0159edm\u011bty (eurytmie, d\u011bjiny um\u011bn\u00ed, um\u011bleck\u00e1 fotografie, ro\u010dn\u00edkov\u00e9 divadlo, ro\u010dn\u00edkov\u00e9 pr\u00e1ce\u2026)<\/li><li>\u0161irok\u00fd v\u0161eobecn\u011b vzd\u011bl\u00e1vac\u00ed z\u00e1klad<\/li><li>ve t\u0159et\u00edm ro\u010dn\u00edku v\u00fdb\u011br ze dvou specializac\u00ed: humanitn\u00ed a&nbsp;p\u0159\u00edrodov\u011bdn\u00e9<\/li><li>kurzy a&nbsp;praktika \u2013 biologick\u00e9, zem\u011bm\u011b\u0159i\u010dsk\u00e9, soci\u00e1ln\u00ed, profesn\u00ed praktikum<\/li><\/ul>\n\n\n\n<p>C\u00edlem vzd\u011bl\u00e1v\u00e1n\u00ed tohoto oboru je celostn\u00ed osobnostn\u00ed rozvoj \u017e\u00e1ka. Vedle prohlouben\u00ed obecn\u011b vzd\u011bl\u00e1vac\u00edch p\u0159edm\u011bt\u016f se mlad\u00fd \u010dlov\u011bk setk\u00e1v\u00e1 s&nbsp;t\u00e9maty, kter\u00e1 otev\u00edraj\u00ed mo\u017enost mor\u00e1ln\u00edho r\u016fstu, kultivace estetick\u00e9ho c\u00edt\u011bn\u00ed a&nbsp;praktick\u00e9ho uchopen\u00ed sv\u011bta. D\u00edky zvolen\u00e9mu zam\u011b\u0159en\u00ed z\u00edsk\u00e1 absolvent v\u00fdznamn\u00e9 p\u0159edpoklady pro dal\u0161\u00ed vysoko\u0161kolsk\u00e9 \u010di vy\u0161\u0161\u00ed odborn\u00e9 studium.<\/p>\n\n\n\n<h3 class=\"wp-block-heading\"><span style=\"color:#e08433\" class=\"tadv-color\">Podrobn\u011bj\u0161\u00ed specifikace<\/span><\/h3>\n\n\n\n<ul class=\"wp-block-list\"><li>Obor <strong><span style=\"color:#e08433\" class=\"tadv-color\">Kombinovan\u00e9 lyceum<\/span><\/strong> je zcela nov\u00fd typ studia, vych\u00e1zej\u00edc\u00ed z&nbsp;progresivn\u00edch trend\u016f vzd\u011bl\u00e1v\u00e1n\u00ed ve sv\u011bt\u011b.<\/li><li>Poskytuje \u0161irok\u00fd z\u00e1klad pro dal\u0161\u00ed vzd\u011bl\u00e1v\u00e1n\u00ed s&nbsp;d\u016frazem na vnit\u0159n\u00ed motivaci.<\/li><li>Je ur\u010den \u017e\u00e1k\u016fm se z\u00e1jmem o&nbsp;humanitn\u00ed a&nbsp;p\u0159\u00edrodov\u011bdn\u00e9 obory, ciz\u00ed jazyky a&nbsp;um\u011bleck\u00e9 discipl\u00edny.<\/li><li>P\u0159edpokl\u00e1d\u00e1 se, \u017ee absolvent bude pokra\u010dovat ve studiu na vysok\u00fdch nebo vy\u0161\u0161\u00edch odborn\u00fdch \u0161kol\u00e1ch p\u0159\u00edslu\u0161n\u00e9ho zam\u011b\u0159en\u00ed.<\/li><li>V r\u00e1mci celostn\u00edho vzd\u011bl\u00e1v\u00e1n\u00ed dopl\u0148ujeme v\u00fduku discipl\u00edny: <strong>fotografie, pr\u00e1ce se d\u0159evem, knihvaza\u010dstv\u00ed, p\u011bveck\u00fd sbor, dramatick\u00e1 v\u00fdchova, biologicko-ekologick\u00e9, soci\u00e1ln\u00ed, profesn\u00ed, sportovn\u00ed a&nbsp;zem\u011bm\u011b\u0159i\u010dsk\u00e9 praktikum<\/strong>.<\/li><li>Studenti se zapojuj\u00ed do procesu pozn\u00e1v\u00e1n\u00ed, vytv\u00e1\u0159en\u00ed si i&nbsp;vlastn\u00edch z\u00e1v\u011br\u016f \u010di stanovisek a&nbsp;prezentov\u00e1n\u00ed r\u016fzn\u00fdch samostatn\u00fdch prac\u00ed.<\/li><li>\u0160kola poskytuje v\u0161eobecn\u00e9 vzd\u011bl\u00e1v\u00e1n\u00ed, k&nbsp;n\u011bmu\u017e se p\u0159idru\u017euj\u00ed ve druh\u00e9 polovin\u011b vzd\u011bl\u00e1v\u00e1n\u00ed p\u0159edm\u011bty, je\u017e poskytuj\u00ed z\u00e1klady pro dal\u0161\u00ed odborn\u00e9 zam\u011b\u0159en\u00ed na ur\u010dit\u00e9 typy V\u0160 nebo VO\u0160 (humanitn\u00edho \u010di p\u0159\u00edrodov\u011bdn\u00e9ho zam\u011b\u0159en\u00ed).&nbsp;<\/li><li>Od 3.&nbsp;ro\u010dn\u00edku si student povinn\u011b vol\u00ed humanitn\u00ed nebo p\u0159\u00edrodov\u011bdn\u00e9 zam\u011b\u0159en\u00ed. Sou\u010d\u00e1st\u00ed vzd\u011bl\u00e1vac\u00edho obsahu jsou tedy tak\u00e9 z\u00e1klady odborn\u00e9ho vzd\u011bl\u00e1n\u00ed podle zvolen\u00e9 specializace, kter\u00e9 pln\u00ed pr\u016fpravnou funkci k&nbsp;p\u0159edpokl\u00e1dan\u00e9mu vysoko\u0161kolsk\u00e9mu nebo vy\u0161\u0161\u00edmu odborn\u00e9mu studiu.<\/li><li><strong><span style=\"color:#e08433\" class=\"tadv-color\">Humanitn\u00ed zam\u011b\u0159en\u00ed<\/span><\/strong> &#8211; profiluj\u00edc\u00edmi p\u0159edm\u011bty jsou: pedagogika, psychologie, soci\u00e1ln\u00ed pr\u00e1ce a&nbsp;komunikace.<\/li><li><strong><span style=\"color:#e08433\" class=\"tadv-color\">P\u0159\u00edrodov\u011bdn\u00e9 zam\u011b\u0159en\u00ed<\/span><\/strong> \u2013 profiluj\u00edc\u00edmi p\u0159edm\u011bty jsou: matematika, biologie, chemie a&nbsp;fyzika.<\/li><li>V\u011bda pro n\u00e1s nen\u00ed p\u0159ej\u00edm\u00e1n\u00edm informac\u00ed, ale zkoum\u00e1n\u00edm a&nbsp;objevov\u00e1n\u00edm. U\u010d\u00edme se d\u016fkladn\u011b pozorovat, p\u0159esn\u011b popisovat, vyvozovat z\u00e1v\u011bry, nach\u00e1zet souvislosti, z\u00e1konitosti, nebo i&nbsp;praktick\u00e9 aplikace.<\/li><li>C\u00edlem studijn\u00edho oboru je komplexn\u00ed rozvoj osobnosti \u017e\u00e1ka a&nbsp;jeho vybaven\u00ed pot\u0159ebn\u00fdmi v\u011bdomostmi, dovednostmi i&nbsp;praktick\u00fdmi zku\u0161enostmi, kter\u00e9 umo\u017en\u00ed jeho \u00fasp\u011b\u0161n\u00e9 dal\u0161\u00ed studium, polo\u017e\u00ed z\u00e1klady k&nbsp;celo\u017eivotn\u00edmu vzd\u011bl\u00e1v\u00e1n\u00ed, vytvo\u0159\u00ed p\u0159edpoklady k&nbsp;tv\u016fr\u010d\u00edmu a&nbsp;aktivn\u00edmu uplatn\u011bn\u00ed v&nbsp;praxi a&nbsp;zv\u00fd\u0161\u00ed jeho adaptabilitu na nejr\u016fzn\u011bj\u0161\u00ed budouc\u00ed pracovn\u00ed a&nbsp;\u017eivotn\u00ed situace.<\/li><\/ul>\n","protected":false},"excerpt":{"rendered":"<p>K\u00f3d oboru 78-42-M\/06D\u00e9lka studia 4 roky, ukon\u010deno maturitn\u00ed zkou\u0161kouobor nevy\u017eaduje stanoven\u00ed zvl\u00e1\u0161tn\u00edch zdravotn\u00edch po\u017eadavk\u016f; \u0161kola nen\u00ed bezbari\u00e9rov\u00e1, co\u017e znemo\u017e\u0148uje pohyb osob na invalidn\u00edm voz\u00edku Charakteristika oboru odborn\u00e9 a&nbsp;um\u011bleck\u00e9 p\u0159edm\u011bty (eurytmie, d\u011bjiny um\u011bn\u00ed, um\u011bleck\u00e1 fotografie, ro\u010dn\u00edkov\u00e9 divadlo, ro\u010dn\u00edkov\u00e9 pr\u00e1ce\u2026) \u0161irok\u00fd v\u0161eobecn\u011b vzd\u011bl\u00e1vac\u00ed z\u00e1klad ve t\u0159et\u00edm ro\u010dn\u00edku v\u00fdb\u011br ze dvou specializac\u00ed: humanitn\u00ed a&nbsp;p\u0159\u00edrodov\u011bdn\u00e9 kurzy a&nbsp;praktika \u2013 biologick\u00e9, &hellip; <a href=\"https:\/\/waldorf.pb.cz\/?page_id=48\">Continue reading <span class=\"meta-nav\">&rarr;<\/span><\/a><\/p>\n","protected":false},"author":1,"featured_media":0,"parent":46,"menu_order":25,"comment_status":"closed","ping_status":"closed","template":"template-full-width.php","meta":{"footnotes":""},"class_list":["post-48","page","type-page","status-publish","hentry"],"_links":{"self":[{"href":"https:\/\/waldorf.pb.cz\/index.php?rest_route=\/wp\/v2\/pages\/48","targetHints":{"allow":["GET"]}}],"collection":[{"href":"https:\/\/waldorf.pb.cz\/index.php?rest_route=\/wp\/v2\/pages"}],"about":[{"href":"https:\/\/waldorf.pb.cz\/index.php?rest_route=\/wp\/v2\/types\/page"}],"author":[{"embeddable":true,"href":"https:\/\/waldorf.pb.cz\/index.php?rest_route=\/wp\/v2\/users\/1"}],"replies":[{"embeddable":true,"href":"https:\/\/waldorf.pb.cz\/index.php?rest_route=%2Fwp%2Fv2%2Fcomments&post=48"}],"version-history":[{"count":12,"href":"https:\/\/waldorf.pb.cz\/index.php?rest_route=\/wp\/v2\/pages\/48\/revisions"}],"predecessor-version":[{"id":4362,"href":"https:\/\/waldorf.pb.cz\/index.php?rest_route=\/wp\/v2\/pages\/48\/revisions\/4362"}],"up":[{"embeddable":true,"href":"https:\/\/waldorf.pb.cz\/index.php?rest_route=\/wp\/v2\/pages\/46"}],"wp:attachment":[{"href":"https:\/\/waldorf.pb.cz\/index.php?rest_route=%2Fwp%2Fv2%2Fmedia&parent=48"}],"curies":[{"name":"wp","href":"https:\/\/api.w.org\/{rel}","templated":true}]}}