{"id":46,"date":"2019-08-21T14:12:21","date_gmt":"2019-08-21T14:12:21","guid":{"rendered":"http:\/\/www.waldorf-pb.cz\/?page_id=46"},"modified":"2020-09-01T08:33:10","modified_gmt":"2020-09-01T08:33:10","slug":"studijni-obory","status":"publish","type":"page","link":"https:\/\/waldorf.pb.cz\/?page_id=46","title":{"rendered":"studijn\u00ed obory"},"content":{"rendered":"\n<ul class=\"wp-block-list\"><li> Kombinovan\u00e9 lyceum &#8211; maturitn\u00ed v\u0161eobecn\u00e9 vzd\u011bl\u00e1n\u00ed (obor zalo\u017een v\u00a0roce 2013)<\/li><li>Um\u011bleck\u00fd kov\u00e1\u0159 a\u00a0z\u00e1me\u010dn\u00edk, pas\u00ed\u0159 &#8211; u\u010debn\u00ed obor s\u00a0v\u00fdu\u010dn\u00edm listem (obor zalo\u017een v\u00a0roce 2000)<\/li><li>Um\u011bleck\u00fd truhl\u00e1\u0159 a\u00a0\u0159ezb\u00e1\u0159 &#8211; u\u010debn\u00ed obor s\u00a0v\u00fdu\u010dn\u00edm listem (obor zalo\u017een v\u00a0roce 2000)<\/li><li>Reproduk\u010dn\u00ed grafik &#8211; u\u010debn\u00ed obor s\u00a0v\u00fdu\u010dn\u00edm listem (obor zalo\u017een v&nbsp;roce 2016)<\/li><\/ul>\n","protected":false},"excerpt":{"rendered":"<p>Kombinovan\u00e9 lyceum &#8211; maturitn\u00ed v\u0161eobecn\u00e9 vzd\u011bl\u00e1n\u00ed (obor zalo\u017een v\u00a0roce 2013) Um\u011bleck\u00fd kov\u00e1\u0159 a\u00a0z\u00e1me\u010dn\u00edk, pas\u00ed\u0159 &#8211; u\u010debn\u00ed obor s\u00a0v\u00fdu\u010dn\u00edm listem (obor zalo\u017een v\u00a0roce 2000) Um\u011bleck\u00fd truhl\u00e1\u0159 a\u00a0\u0159ezb\u00e1\u0159 &#8211; u\u010debn\u00ed obor s\u00a0v\u00fdu\u010dn\u00edm listem (obor zalo\u017een v\u00a0roce 2000) Reproduk\u010dn\u00ed grafik &#8211; u\u010debn\u00ed obor s\u00a0v\u00fdu\u010dn\u00edm listem (obor zalo\u017een v&nbsp;roce 2016)<\/p>\n","protected":false},"author":1,"featured_media":0,"parent":12,"menu_order":24,"comment_status":"closed","ping_status":"closed","template":"template-full-width.php","meta":{"footnotes":""},"class_list":["post-46","page","type-page","status-publish","hentry"],"_links":{"self":[{"href":"https:\/\/waldorf.pb.cz\/index.php?rest_route=\/wp\/v2\/pages\/46","targetHints":{"allow":["GET"]}}],"collection":[{"href":"https:\/\/waldorf.pb.cz\/index.php?rest_route=\/wp\/v2\/pages"}],"about":[{"href":"https:\/\/waldorf.pb.cz\/index.php?rest_route=\/wp\/v2\/types\/page"}],"author":[{"embeddable":true,"href":"https:\/\/waldorf.pb.cz\/index.php?rest_route=\/wp\/v2\/users\/1"}],"replies":[{"embeddable":true,"href":"https:\/\/waldorf.pb.cz\/index.php?rest_route=%2Fwp%2Fv2%2Fcomments&post=46"}],"version-history":[{"count":5,"href":"https:\/\/waldorf.pb.cz\/index.php?rest_route=\/wp\/v2\/pages\/46\/revisions"}],"predecessor-version":[{"id":1795,"href":"https:\/\/waldorf.pb.cz\/index.php?rest_route=\/wp\/v2\/pages\/46\/revisions\/1795"}],"up":[{"embeddable":true,"href":"https:\/\/waldorf.pb.cz\/index.php?rest_route=\/wp\/v2\/pages\/12"}],"wp:attachment":[{"href":"https:\/\/waldorf.pb.cz\/index.php?rest_route=%2Fwp%2Fv2%2Fmedia&parent=46"}],"curies":[{"name":"wp","href":"https:\/\/api.w.org\/{rel}","templated":true}]}}