{"id":447,"date":"2019-11-09T16:18:42","date_gmt":"2019-11-09T16:18:42","guid":{"rendered":"http:\/\/www.waldorf-pb.cz\/?page_id=447"},"modified":"2019-12-22T15:50:11","modified_gmt":"2019-12-22T15:50:11","slug":"waldorfska-pedagogika","status":"publish","type":"page","link":"https:\/\/waldorf.pb.cz\/?page_id=447","title":{"rendered":"Waldorfsk\u00e1 pedagogika"},"content":{"rendered":"\n<p>\u010dl\u00e1nky, odkazy, zaj\u00edmavosti<\/p>\n\n\n\n<div class=\"wp-block-file\"><a href=\"https:\/\/waldorf.pb.cz\/wp-content\/uploads\/2019\/11\/Sem-bod\u016f-\u00fast\u0159edn\u00edch-po\u017eadavk\u016f.docx\">Sem bod\u016f \u00fast\u0159edn\u00edch po\u017eadavk\u016f<\/a><a href=\"https:\/\/waldorf.pb.cz\/wp-content\/uploads\/2019\/11\/Sem-bod\u016f-\u00fast\u0159edn\u00edch-po\u017eadavk\u016f.docx\" class=\"wp-block-file__button\" download>St\u00e1hnout<\/a><\/div>\n\n\n\n<p><\/p>\n","protected":false},"excerpt":{"rendered":"<p>\u010dl\u00e1nky, odkazy, zaj\u00edmavosti<\/p>\n","protected":false},"author":2,"featured_media":0,"parent":0,"menu_order":62,"comment_status":"closed","ping_status":"closed","template":"template-full-width.php","meta":{"footnotes":""},"class_list":["post-447","page","type-page","status-publish","hentry"],"_links":{"self":[{"href":"https:\/\/waldorf.pb.cz\/index.php?rest_route=\/wp\/v2\/pages\/447","targetHints":{"allow":["GET"]}}],"collection":[{"href":"https:\/\/waldorf.pb.cz\/index.php?rest_route=\/wp\/v2\/pages"}],"about":[{"href":"https:\/\/waldorf.pb.cz\/index.php?rest_route=\/wp\/v2\/types\/page"}],"author":[{"embeddable":true,"href":"https:\/\/waldorf.pb.cz\/index.php?rest_route=\/wp\/v2\/users\/2"}],"replies":[{"embeddable":true,"href":"https:\/\/waldorf.pb.cz\/index.php?rest_route=%2Fwp%2Fv2%2Fcomments&post=447"}],"version-history":[{"count":10,"href":"https:\/\/waldorf.pb.cz\/index.php?rest_route=\/wp\/v2\/pages\/447\/revisions"}],"predecessor-version":[{"id":1139,"href":"https:\/\/waldorf.pb.cz\/index.php?rest_route=\/wp\/v2\/pages\/447\/revisions\/1139"}],"wp:attachment":[{"href":"https:\/\/waldorf.pb.cz\/index.php?rest_route=%2Fwp%2Fv2%2Fmedia&parent=447"}],"curies":[{"name":"wp","href":"https:\/\/api.w.org\/{rel}","templated":true}]}}