{"id":437,"date":"2019-11-09T16:07:14","date_gmt":"2019-11-09T16:07:14","guid":{"rendered":"http:\/\/www.waldorf-pb.cz\/?page_id=437"},"modified":"2021-08-30T16:27:00","modified_gmt":"2021-08-30T16:27:00","slug":"skola","status":"publish","type":"page","link":"https:\/\/waldorf.pb.cz\/?page_id=437","title":{"rendered":"\u0160kola"},"content":{"rendered":"\n<h1 class=\"has-text-align-center wp-block-heading\"><a><span style=\"color:#e08433\" class=\"tadv-color\"><strong>Vize \u0161koly<\/strong><\/span><\/a><\/h1>\n\n\n\n<p class=\"has-text-align-center has-medium-font-size\"><em>Waldorfsk\u00e1 \u0161kola P\u0159\u00edbram chce b\u00fdt\nspole\u010denstv\u00edm utv\u00e1\u0159ej\u00edc\u00edm<br>\nsebev\u011bdomou, tv\u016fr\u010d\u00ed a&nbsp;zodpov\u011bdnou lidskou bytost, schopnou<br>\ns&nbsp;l\u00e1skou a&nbsp;moudrost\u00ed v&nbsp;srdci aktivn\u011b ovliv\u0148ovat spole\u010dnost <br>\na&nbsp;sv\u011bt kolem n\u00e1s. <\/em><\/p>\n","protected":false},"excerpt":{"rendered":"<p>Vize \u0161koly Waldorfsk\u00e1 \u0161kola P\u0159\u00edbram chce b\u00fdt spole\u010denstv\u00edm utv\u00e1\u0159ej\u00edc\u00edm sebev\u011bdomou, tv\u016fr\u010d\u00ed a&nbsp;zodpov\u011bdnou lidskou bytost, schopnou s&nbsp;l\u00e1skou a&nbsp;moudrost\u00ed v&nbsp;srdci aktivn\u011b ovliv\u0148ovat spole\u010dnost a&nbsp;sv\u011bt kolem n\u00e1s.<\/p>\n","protected":false},"author":2,"featured_media":0,"parent":0,"menu_order":5,"comment_status":"closed","ping_status":"closed","template":"template-full-width.php","meta":{"footnotes":""},"class_list":["post-437","page","type-page","status-publish","hentry"],"_links":{"self":[{"href":"https:\/\/waldorf.pb.cz\/index.php?rest_route=\/wp\/v2\/pages\/437","targetHints":{"allow":["GET"]}}],"collection":[{"href":"https:\/\/waldorf.pb.cz\/index.php?rest_route=\/wp\/v2\/pages"}],"about":[{"href":"https:\/\/waldorf.pb.cz\/index.php?rest_route=\/wp\/v2\/types\/page"}],"author":[{"embeddable":true,"href":"https:\/\/waldorf.pb.cz\/index.php?rest_route=\/wp\/v2\/users\/2"}],"replies":[{"embeddable":true,"href":"https:\/\/waldorf.pb.cz\/index.php?rest_route=%2Fwp%2Fv2%2Fcomments&post=437"}],"version-history":[{"count":9,"href":"https:\/\/waldorf.pb.cz\/index.php?rest_route=\/wp\/v2\/pages\/437\/revisions"}],"predecessor-version":[{"id":2742,"href":"https:\/\/waldorf.pb.cz\/index.php?rest_route=\/wp\/v2\/pages\/437\/revisions\/2742"}],"wp:attachment":[{"href":"https:\/\/waldorf.pb.cz\/index.php?rest_route=%2Fwp%2Fv2%2Fmedia&parent=437"}],"curies":[{"name":"wp","href":"https:\/\/api.w.org\/{rel}","templated":true}]}}