{"id":431,"date":"2019-11-09T15:51:29","date_gmt":"2019-11-09T15:51:29","guid":{"rendered":"http:\/\/www.waldorf-pb.cz\/?page_id=431"},"modified":"2019-11-15T16:05:54","modified_gmt":"2019-11-15T16:05:54","slug":"sluzby-skoly","status":"publish","type":"page","link":"https:\/\/waldorf.pb.cz\/?page_id=431","title":{"rendered":"Slu\u017eby \u0161koly"},"content":{"rendered":"\n<p>P\u0159ehled slu\u017eeb na\u0161\u00ed \u0161koly ve\u0159ejnosti<\/p>\n","protected":false},"excerpt":{"rendered":"<p>P\u0159ehled slu\u017eeb na\u0161\u00ed \u0161koly ve\u0159ejnosti<\/p>\n","protected":false},"author":2,"featured_media":0,"parent":0,"menu_order":53,"comment_status":"closed","ping_status":"closed","template":"template-full-width.php","meta":{"footnotes":""},"class_list":["post-431","page","type-page","status-publish","hentry"],"_links":{"self":[{"href":"https:\/\/waldorf.pb.cz\/index.php?rest_route=\/wp\/v2\/pages\/431","targetHints":{"allow":["GET"]}}],"collection":[{"href":"https:\/\/waldorf.pb.cz\/index.php?rest_route=\/wp\/v2\/pages"}],"about":[{"href":"https:\/\/waldorf.pb.cz\/index.php?rest_route=\/wp\/v2\/types\/page"}],"author":[{"embeddable":true,"href":"https:\/\/waldorf.pb.cz\/index.php?rest_route=\/wp\/v2\/users\/2"}],"replies":[{"embeddable":true,"href":"https:\/\/waldorf.pb.cz\/index.php?rest_route=%2Fwp%2Fv2%2Fcomments&post=431"}],"version-history":[{"count":2,"href":"https:\/\/waldorf.pb.cz\/index.php?rest_route=\/wp\/v2\/pages\/431\/revisions"}],"predecessor-version":[{"id":433,"href":"https:\/\/waldorf.pb.cz\/index.php?rest_route=\/wp\/v2\/pages\/431\/revisions\/433"}],"wp:attachment":[{"href":"https:\/\/waldorf.pb.cz\/index.php?rest_route=%2Fwp%2Fv2%2Fmedia&parent=431"}],"curies":[{"name":"wp","href":"https:\/\/api.w.org\/{rel}","templated":true}]}}