{"id":428,"date":"2019-11-09T15:48:28","date_gmt":"2019-11-09T15:48:28","guid":{"rendered":"http:\/\/www.waldorf-pb.cz\/?page_id=428"},"modified":"2026-01-27T06:03:37","modified_gmt":"2026-01-27T06:03:37","slug":"rozpocty","status":"publish","type":"page","link":"https:\/\/waldorf.pb.cz\/?page_id=428","title":{"rendered":"Rozpo\u010dty"},"content":{"rendered":"\n<p><a href=\"https:\/\/waldorf.pb.cz\/wp-content\/uploads\/2026\/01\/260107-Strednedovy-vyhled-rozpoctu-2027-28.pdf\">Schv\u00e1len\u00fd rozpo\u010dtov\u00fd v\u00fdhled 2027-2028<\/a><br><a href=\"https:\/\/waldorf.pb.cz\/wp-content\/uploads\/2026\/01\/260107-Rozpocet-2026.pdf\">Schv\u00e1len\u00fd rozpo\u010det 2026<\/a><br><a href=\"https:\/\/waldorf.pb.cz\/wp-content\/uploads\/2025\/01\/250101-Rozpocet-2025-na-vyveseni.pdf\" target=\"_blank\" rel=\"noreferrer noopener\">Schv\u00e1len\u00fd rozpo\u010det 2025<\/a><br><a href=\"https:\/\/waldorf.pb.cz\/wp-content\/uploads\/2024\/01\/240102-Rozpocet-2024.pdf\" target=\"_blank\" rel=\"noreferrer noopener\">Schv\u00e1len\u00fd rozpo\u010det 2024<\/a><br><a href=\"https:\/\/waldorf.pb.cz\/wp-content\/uploads\/2023\/03\/230131-Rozpocet-2023-schvaleny.pdf\" target=\"_blank\" rel=\"noreferrer noopener\">Schv\u00e1len\u00fd rozpo\u010det 2023<\/a><br><a href=\"https:\/\/waldorf.pb.cz\/wp-content\/uploads\/2022\/01\/220104-Rozpocet-2022-schvaleny.pdf\" target=\"_blank\" rel=\"noreferrer noopener\">Schv\u00e1len\u00fd rozpo\u010det 2022<\/a><br><a href=\"https:\/\/waldorf.pb.cz\/wp-content\/uploads\/2020\/12\/201218-WSPB-Schvaleny-rozpocet-2021.pdf\" target=\"_blank\" rel=\"noreferrer noopener\">Schv\u00e1len\u00fd rozpo\u010det 2021<\/a><br><br><\/p>\n","protected":false},"excerpt":{"rendered":"<p>Schv\u00e1len\u00fd rozpo\u010dtov\u00fd v\u00fdhled 2027-2028Schv\u00e1len\u00fd rozpo\u010det 2026Schv\u00e1len\u00fd rozpo\u010det 2025Schv\u00e1len\u00fd rozpo\u010det 2024Schv\u00e1len\u00fd rozpo\u010det 2023Schv\u00e1len\u00fd rozpo\u010det 2022Schv\u00e1len\u00fd rozpo\u010det 2021<\/p>\n","protected":false},"author":2,"featured_media":0,"parent":407,"menu_order":45,"comment_status":"closed","ping_status":"closed","template":"template-full-width.php","meta":{"footnotes":""},"class_list":["post-428","page","type-page","status-publish","hentry"],"_links":{"self":[{"href":"https:\/\/waldorf.pb.cz\/index.php?rest_route=\/wp\/v2\/pages\/428","targetHints":{"allow":["GET"]}}],"collection":[{"href":"https:\/\/waldorf.pb.cz\/index.php?rest_route=\/wp\/v2\/pages"}],"about":[{"href":"https:\/\/waldorf.pb.cz\/index.php?rest_route=\/wp\/v2\/types\/page"}],"author":[{"embeddable":true,"href":"https:\/\/waldorf.pb.cz\/index.php?rest_route=\/wp\/v2\/users\/2"}],"replies":[{"embeddable":true,"href":"https:\/\/waldorf.pb.cz\/index.php?rest_route=%2Fwp%2Fv2%2Fcomments&post=428"}],"version-history":[{"count":35,"href":"https:\/\/waldorf.pb.cz\/index.php?rest_route=\/wp\/v2\/pages\/428\/revisions"}],"predecessor-version":[{"id":5806,"href":"https:\/\/waldorf.pb.cz\/index.php?rest_route=\/wp\/v2\/pages\/428\/revisions\/5806"}],"up":[{"embeddable":true,"href":"https:\/\/waldorf.pb.cz\/index.php?rest_route=\/wp\/v2\/pages\/407"}],"wp:attachment":[{"href":"https:\/\/waldorf.pb.cz\/index.php?rest_route=%2Fwp%2Fv2%2Fmedia&parent=428"}],"curies":[{"name":"wp","href":"https:\/\/api.w.org\/{rel}","templated":true}]}}