{"id":407,"date":"2019-11-09T12:34:59","date_gmt":"2019-11-09T12:34:59","guid":{"rendered":"http:\/\/www.waldorf-pb.cz\/?page_id=407"},"modified":"2021-12-21T11:55:07","modified_gmt":"2021-12-21T11:55:07","slug":"uredni-deska","status":"publish","type":"page","link":"https:\/\/waldorf.pb.cz\/?page_id=407","title":{"rendered":"\u00da\u0159edn\u00ed deska"},"content":{"rendered":"\n<p>Vyhl\u00e1\u0161en\u00ed talentov\u00fdch p\u0159ij\u00edmac\u00edch zkou\u0161ek pro obory <strong>Um\u011bleck\u00fd truhl\u00e1\u0159 a&nbsp;\u0159ezb\u00e1\u0159<\/strong> a&nbsp;<strong>Um\u011bleck\u00fd kov\u00e1\u0159 a\u00a0z\u00e1me\u010dn\u00edk, pas\u00ed\u0159<\/strong> najdete v&nbsp;z\u00e1lo\u017ece <a href=\"https:\/\/waldorf.pb.cz\/?page_id=486\">P\u0159ij\u00edmac\u00ed \u0159\u00edzen\u00ed na S\u0160<\/a><\/p>\n","protected":false},"excerpt":{"rendered":"<p>Vyhl\u00e1\u0161en\u00ed talentov\u00fdch p\u0159ij\u00edmac\u00edch zkou\u0161ek pro obory Um\u011bleck\u00fd truhl\u00e1\u0159 a&nbsp;\u0159ezb\u00e1\u0159 a&nbsp;Um\u011bleck\u00fd kov\u00e1\u0159 a\u00a0z\u00e1me\u010dn\u00edk, pas\u00ed\u0159 najdete v&nbsp;z\u00e1lo\u017ece P\u0159ij\u00edmac\u00ed \u0159\u00edzen\u00ed na S\u0160<\/p>\n","protected":false},"author":2,"featured_media":398,"parent":0,"menu_order":40,"comment_status":"closed","ping_status":"closed","template":"template-full-width.php","meta":{"footnotes":""},"class_list":["post-407","page","type-page","status-publish","has-post-thumbnail","hentry"],"_links":{"self":[{"href":"https:\/\/waldorf.pb.cz\/index.php?rest_route=\/wp\/v2\/pages\/407","targetHints":{"allow":["GET"]}}],"collection":[{"href":"https:\/\/waldorf.pb.cz\/index.php?rest_route=\/wp\/v2\/pages"}],"about":[{"href":"https:\/\/waldorf.pb.cz\/index.php?rest_route=\/wp\/v2\/types\/page"}],"author":[{"embeddable":true,"href":"https:\/\/waldorf.pb.cz\/index.php?rest_route=\/wp\/v2\/users\/2"}],"replies":[{"embeddable":true,"href":"https:\/\/waldorf.pb.cz\/index.php?rest_route=%2Fwp%2Fv2%2Fcomments&post=407"}],"version-history":[{"count":8,"href":"https:\/\/waldorf.pb.cz\/index.php?rest_route=\/wp\/v2\/pages\/407\/revisions"}],"predecessor-version":[{"id":3074,"href":"https:\/\/waldorf.pb.cz\/index.php?rest_route=\/wp\/v2\/pages\/407\/revisions\/3074"}],"wp:featuredmedia":[{"embeddable":true,"href":"https:\/\/waldorf.pb.cz\/index.php?rest_route=\/wp\/v2\/media\/398"}],"wp:attachment":[{"href":"https:\/\/waldorf.pb.cz\/index.php?rest_route=%2Fwp%2Fv2%2Fmedia&parent=407"}],"curies":[{"name":"wp","href":"https:\/\/api.w.org\/{rel}","templated":true}]}}