{"id":38,"date":"2019-08-21T14:05:22","date_gmt":"2019-08-21T14:05:22","guid":{"rendered":"http:\/\/www.waldorf-pb.cz\/?page_id=38"},"modified":"2026-01-22T06:12:18","modified_gmt":"2026-01-22T06:12:18","slug":"kontakty","status":"publish","type":"page","link":"https:\/\/waldorf.pb.cz\/?page_id=38","title":{"rendered":"Kontakty"},"content":{"rendered":"\n<p><strong>N\u00e1zev:<\/strong> Waldorfsk\u00e1 \u0161kola P\u0159\u00edbram &#8211; mate\u0159sk\u00e1 \u0161kola, z\u00e1kladn\u00ed \u0161kola a&nbsp;st\u0159edn\u00ed \u0161kola<br><strong>Adresa:<\/strong> Hornick\u00e1 327, 261&nbsp;01, P\u0159\u00edbram II<br><strong>I\u010cO<\/strong>: 42731259 \/ <strong>DI\u010c<\/strong>: CZ42731259 \/ <strong>B\u011b\u017en\u00fd \u00fa\u010det \u0161koly<\/strong>: 879&nbsp;410&nbsp;237 \/ 2010<br><strong>\u00da\u010det \u0161koln\u00ed j\u00eddelny<\/strong>: 6482890217\/2010<br><strong>Datov\u00e1 schr\u00e1nka<\/strong>:&nbsp; d3bam2p   <strong><br>Z\u0159izovatel \u0161koly<\/strong>: <a rel=\"noreferrer noopener\" aria-label=\" (otev\u0159e se na nov\u00e9 z\u00e1lo\u017ece)\" href=\"https:\/\/pribram.eu\/\" target=\"_blank\">M\u011bsto P\u0159\u00edbram<\/a><\/p>\n\n\n\n<figure class=\"wp-block-image size-large\"><img loading=\"lazy\" decoding=\"async\" width=\"1024\" height=\"610\" src=\"https:\/\/waldorf.pb.cz\/wp-content\/uploads\/2024\/11\/mapka-pracovist-1024x610.jpg\" alt=\"\" class=\"wp-image-5185\" srcset=\"https:\/\/waldorf.pb.cz\/wp-content\/uploads\/2024\/11\/mapka-pracovist-1024x610.jpg 1024w, https:\/\/waldorf.pb.cz\/wp-content\/uploads\/2024\/11\/mapka-pracovist-300x179.jpg 300w, https:\/\/waldorf.pb.cz\/wp-content\/uploads\/2024\/11\/mapka-pracovist-768x457.jpg 768w, https:\/\/waldorf.pb.cz\/wp-content\/uploads\/2024\/11\/mapka-pracovist.jpg 1531w\" sizes=\"auto, (max-width: 1024px) 100vw, 1024px\" \/><\/figure>\n\n\n\n<h3 class=\"wp-block-heading\"><strong>tel.<\/strong>: 318&nbsp;623&nbsp;306 \/ waldorf@waldorf.pb.cz<br>tel. vr\u00e1tnice: 326&nbsp;531&nbsp;745<br>tel. dru\u017eina: 326&nbsp;531&nbsp;744 \/ <strong>\u200b603&nbsp;228&nbsp;033<\/strong><\/h3>\n\n\n\n<p><strong>Administrativa, personalistika a&nbsp;pron\u00e1jmy<\/strong>: Jana \u017d\u00e1kov\u00e1<br><strong>Po\u2012P\u00e1<\/strong> <em>8.00\u201211.00<\/em> a&nbsp;<strong>Po<\/strong> a&nbsp;<strong>St<\/strong> <em>13.00\u201215.00<\/em><br>e-mail: <em><a href=\"mailto:%20kancelar@waldorf.pb.cz\" target=\"_blank\" rel=\"noreferrer noopener\">kancelar@waldorf.pb.cz<\/a><\/em>, <a href=\"mailto:hospodarka@waldorf.pb.cz\">hospodarka@waldorf.pb.cz<\/a><br><strong>Hospod\u00e1\u0159ka a&nbsp;pokladn\u00ed<\/strong>: Simona Du\u0161kov\u00e1<br><strong>Po<\/strong> <em>13.00\u201215.00<\/em> a&nbsp;<strong>\u010ct<\/strong> <em>12.00\u201214.00<\/em> <br>e-mail: <em><a href=\"mailto:%20andrea.prochazkova@waldorf.pb.cz\">simona.duskova@waldorf.pb.cz<\/a><\/em><br><strong>\u0158editel \u0161koly<\/strong>:\u00a0Mgr. Robert \u017d\u00e1k,<br>e-mail: <a href=\"mailto:%20robert.zak@waldorf.pb.cz\"><em>robert.zak@waldorf.p<\/em>b.cz<\/a><br><strong>Vedouc\u00ed u\u010ditelka M\u0160<\/strong>:\u00a0Anna Marie Steinbach<br>e-mail: <a href=\"mailto:%20anna.steinbach@waldorf.pb.cz\"><em>anna.steinbach@waldorf.pb.cz<\/em><\/a> <br><strong>Z\u00e1stupkyn\u011b \u0159editele pro pedagogickou oblast<\/strong>:\u00a0Mgr. Jitka Zem\u00e1nkov\u00e1 Tejkalov\u00e1<br>e-mail: <a href=\"mailto:%20jitka.zemankova@waldorf.pb.cz\"><em>jitka.zemankova@waldorf.pb.cz<\/em><\/a><br><strong>Z\u00e1stupkyn\u011b \u0159editele pro oblast personalistiky<\/strong>: Mgr. Zuzana Duchoslavov\u00e1<br>e-mail: zuzana.duchoslavova@waldorf.pb.cz<br><strong>Vedouc\u00ed vychovatelka \u0160D<\/strong>: Bc. So\u0148a M\u011bchurov\u00e1<br>e-mail: <a href=\"mailto:%20jitka.zemankova@waldorf.pb.cz\"><em>jitka.zemankova@waldorf.pb.cz<\/em><\/a><br><strong>V\u00fdchovn\u00fd a&nbsp;kari\u00e9rov\u00fd poradce<\/strong>:\u00a0Mgr. Jitka Zem\u00e1nkov\u00e1 Tejkalov\u00e1<br>e-mail: <a href=\"mailto:%20jitka.zemankova@waldorf.pb.cz\"><em>jitka.zemankova@waldorf.pb.cz<\/em><\/a><br><strong>Metodik prevence<\/strong> Z\u0160:\u00a0Mgr. Jitka Romanutti<br>e-mail: <a href=\"mailto:%20jitka.romanutti@waldorf.pb.cz\"><em>jitka.romanutti@waldorf.pb.cz<\/em><\/a> <br><strong>Metodik prevence<\/strong> S\u0160: Mgr. Jitka Moty\u010dkov\u00e1<br>e-mail: jitka.motyckova@waldorf.pb.cz<br><strong>Vedouc\u00ed \u0161koln\u00ed j\u00eddelny<\/strong>:\u00a0Eva Vachulov\u00e1<br>e-mail: <a href=\"mailto:helena.krejcova@waldorf.pb.cz\"><em>eva.vachulova@waldorf.pb<\/em>.cz<\/a> \/ tel.: <strong>776&nbsp;233&nbsp;483 | 318&nbsp;633\u00a0451<\/strong><br><strong>Pov\u011b\u0159enec GDPR<\/strong>: Ing. Ivo Kl\u00edmek<br>e-mail: <a href=\"mailto:ivo.klimek@waldorf.pb.cz\"><em>ivo.klimek@waldorf.pb.cz<\/em><\/a> <\/p>\n\n\n\n<p><strong>Red IZO<\/strong>: 610451251<br>IZO: 181064278 Mate\u0159sk\u00e1 \u0161kola, N\u00e1m. Dr. Josefa Theurera 261, P\u0159\u00edbram II<br>IZO: 181064286 \u0160koln\u00ed j\u00eddelna &#8211; v\u00fddejna, N\u00e1m. Dr. Josefa Theurera 261, P\u0159\u00edbram II<br>IZO: 110451261 Z\u00e1kladn\u00ed \u0161kola, Hornick\u00e1 327, P\u0159\u00edbram II<br>IZO: 110451309 \u0160koln\u00ed dru\u017eina, Hornick\u00e1 327, P\u0159\u00edbram II<br>IZO: 150019769 \u0160koln\u00ed klub, Hornick\u00e1 327, P\u0159\u00edbram II<br>IZO: 110451295 \u0160koln\u00ed j\u00eddelna, Hornick\u00e1 327, P\u0159\u00edbram II<br>IZO: 110451279 St\u0159edn\u00ed \u0161kola, Dlouh\u00e1 163, P\u0159\u00edbram II<\/p>\n","protected":false},"excerpt":{"rendered":"<p>N\u00e1zev: Waldorfsk\u00e1 \u0161kola P\u0159\u00edbram &#8211; mate\u0159sk\u00e1 \u0161kola, z\u00e1kladn\u00ed \u0161kola a&nbsp;st\u0159edn\u00ed \u0161kolaAdresa: Hornick\u00e1 327, 261&nbsp;01, P\u0159\u00edbram III\u010cO: 42731259 \/ DI\u010c: CZ42731259 \/ B\u011b\u017en\u00fd \u00fa\u010det \u0161koly: 879&nbsp;410&nbsp;237 \/ 2010\u00da\u010det \u0161koln\u00ed j\u00eddelny: 6482890217\/2010Datov\u00e1 schr\u00e1nka:&nbsp; d3bam2p Z\u0159izovatel \u0161koly: M\u011bsto P\u0159\u00edbram tel.: 318&nbsp;623&nbsp;306 \/ waldorf@waldorf.pb.cztel. vr\u00e1tnice: 326&nbsp;531&nbsp;745tel. dru\u017eina: 326&nbsp;531&nbsp;744 \/ \u200b603&nbsp;228&nbsp;033 Administrativa, personalistika a&nbsp;pron\u00e1jmy: Jana \u017d\u00e1kov\u00e1Po\u2012P\u00e1 8.00\u201211.00 a&nbsp;Po a&nbsp;St 13.00\u201215.00e-mail: &hellip; <a href=\"https:\/\/waldorf.pb.cz\/?page_id=38\">Continue reading <span class=\"meta-nav\">&rarr;<\/span><\/a><\/p>\n","protected":false},"author":1,"featured_media":0,"parent":0,"menu_order":4,"comment_status":"closed","ping_status":"closed","template":"template-full-width.php","meta":{"footnotes":""},"class_list":["post-38","page","type-page","status-publish","hentry"],"_links":{"self":[{"href":"https:\/\/waldorf.pb.cz\/index.php?rest_route=\/wp\/v2\/pages\/38","targetHints":{"allow":["GET"]}}],"collection":[{"href":"https:\/\/waldorf.pb.cz\/index.php?rest_route=\/wp\/v2\/pages"}],"about":[{"href":"https:\/\/waldorf.pb.cz\/index.php?rest_route=\/wp\/v2\/types\/page"}],"author":[{"embeddable":true,"href":"https:\/\/waldorf.pb.cz\/index.php?rest_route=\/wp\/v2\/users\/1"}],"replies":[{"embeddable":true,"href":"https:\/\/waldorf.pb.cz\/index.php?rest_route=%2Fwp%2Fv2%2Fcomments&post=38"}],"version-history":[{"count":34,"href":"https:\/\/waldorf.pb.cz\/index.php?rest_route=\/wp\/v2\/pages\/38\/revisions"}],"predecessor-version":[{"id":5796,"href":"https:\/\/waldorf.pb.cz\/index.php?rest_route=\/wp\/v2\/pages\/38\/revisions\/5796"}],"wp:attachment":[{"href":"https:\/\/waldorf.pb.cz\/index.php?rest_route=%2Fwp%2Fv2%2Fmedia&parent=38"}],"curies":[{"name":"wp","href":"https:\/\/api.w.org\/{rel}","templated":true}]}}