{"id":365,"date":"2019-11-08T13:18:06","date_gmt":"2019-11-08T13:18:06","guid":{"rendered":"http:\/\/www.waldorf-pb.cz\/?page_id=365"},"modified":"2021-01-08T09:26:36","modified_gmt":"2021-01-08T09:26:36","slug":"prednaskovy-sal","status":"publish","type":"page","link":"https:\/\/waldorf.pb.cz\/?page_id=365","title":{"rendered":"P\u0159edn\u00e1\u0161kov\u00fd s\u00e1l"},"content":{"rendered":"\n<iframe loading=\"lazy\" src=\"https:\/\/calendar.google.com\/calendar\/embed?height=600&amp;wkst=2&amp;bgcolor=%23ffffff&amp;ctz=Europe%2FPrague&amp;src=d2FsZG9yZi5wYi5jel80ZTdrajZhbjAwdWhnaWEyaXVrMGo4cjJiZ0Bncm91cC5jYWxlbmRhci5nb29nbGUuY29t&amp;src=Y3MuY3plY2gjaG9saWRheUBncm91cC52LmNhbGVuZGFyLmdvb2dsZS5jb20&amp;color=%23AA5A00&amp;color=%231F753C&amp;showCalendars=0&amp;showTz=0&amp;mode=WEEK\" style=\"border-width:0\" width=\"1000\" height=\"600\" frameborder=\"0\" scrolling=\"no\"><\/iframe>\n","protected":false},"excerpt":{"rendered":"","protected":false},"author":1,"featured_media":0,"parent":349,"menu_order":58,"comment_status":"closed","ping_status":"closed","template":"template-full-width.php","meta":{"footnotes":""},"class_list":["post-365","page","type-page","status-publish","hentry"],"_links":{"self":[{"href":"https:\/\/waldorf.pb.cz\/index.php?rest_route=\/wp\/v2\/pages\/365","targetHints":{"allow":["GET"]}}],"collection":[{"href":"https:\/\/waldorf.pb.cz\/index.php?rest_route=\/wp\/v2\/pages"}],"about":[{"href":"https:\/\/waldorf.pb.cz\/index.php?rest_route=\/wp\/v2\/types\/page"}],"author":[{"embeddable":true,"href":"https:\/\/waldorf.pb.cz\/index.php?rest_route=\/wp\/v2\/users\/1"}],"replies":[{"embeddable":true,"href":"https:\/\/waldorf.pb.cz\/index.php?rest_route=%2Fwp%2Fv2%2Fcomments&post=365"}],"version-history":[{"count":2,"href":"https:\/\/waldorf.pb.cz\/index.php?rest_route=\/wp\/v2\/pages\/365\/revisions"}],"predecessor-version":[{"id":1285,"href":"https:\/\/waldorf.pb.cz\/index.php?rest_route=\/wp\/v2\/pages\/365\/revisions\/1285"}],"up":[{"embeddable":true,"href":"https:\/\/waldorf.pb.cz\/index.php?rest_route=\/wp\/v2\/pages\/349"}],"wp:attachment":[{"href":"https:\/\/waldorf.pb.cz\/index.php?rest_route=%2Fwp%2Fv2%2Fmedia&parent=365"}],"curies":[{"name":"wp","href":"https:\/\/api.w.org\/{rel}","templated":true}]}}