{"id":340,"date":"2019-11-07T11:55:52","date_gmt":"2019-11-07T11:55:52","guid":{"rendered":"http:\/\/www.waldorf-pb.cz\/?page_id=340"},"modified":"2026-01-16T08:25:49","modified_gmt":"2026-01-16T08:25:49","slug":"pro-uchazece","status":"publish","type":"page","link":"https:\/\/waldorf.pb.cz\/?page_id=340","title":{"rendered":"Informace pro uchaze\u010de"},"content":{"rendered":"\n<p>Vyhl\u00e1\u0161en\u00ed pro jednotliv\u00e9 obory vzd\u011bl\u00e1v\u00e1n\u00ed naleznete v&nbsp;<a href=\"https:\/\/dipsy.gov.cz\/prihlaska\/intro\">https:\/\/dipsy.gov.cz\/prihlaska\/intro<\/a><br>a na \u00fa\u0159edn\u00ed desce \u0161koly <a href=\"https:\/\/waldorf.pb.cz\/?page_id=486\">https:\/\/waldorf.pb.cz\/?page_id=486<\/a><br><br>Dny otev\u0159en\u00fdch dve\u0159\u00ed st\u0159edn\u00ed \u0161koly ji\u017e prob\u011bhly. P\u0159\u00ed\u0161t\u00ed budou na podzim 2026.<br><br>Po p\u0159edchoz\u00ed domluv\u011b lze nav\u0161t\u00edvit re\u00e1lnou v\u00fduku, tzv. Den nane\u010disto. Z\u00e1jemci o&nbsp;n\u00e1v\u0161t\u011bvu ve vyu\u010dov\u00e1n\u00ed se domluv\u00ed dop\u0159edu s&nbsp;p. u\u010d. Jitkou Zem\u00e1nkovou, jitka.zemankova@waldorf.pb.cz | 734&nbsp;171&nbsp;078<br><br>Dal\u0161\u00ed informace o&nbsp;p\u0159ij\u00edmac\u00edm \u0159\u00edzen\u00ed naleznete na <a href=\"http:\/\/www.cermat.cz\" target=\"_blank\" rel=\"noreferrer noopener\">www.cermat.cz<\/a><br><\/p>\n\n\n<a href=\"https:\/\/waldorf.pb.cz\/wp-content\/uploads\/2024\/05\/240510-formular-ke-sberu-dat-SS-2024-Urad-prace.pdf\" class=\"pdfemb-viewer\" style=\"\" data-width=\"max\" data-height=\"max\"  data-toolbar=\"bottom\" data-toolbar-fixed=\"off\">240510-formular-ke-sberu-dat-SS-2024-Urad-prace<br\/><\/a>\n<p class=\"wp-block-pdfemb-pdf-embedder-viewer\"><\/p>\n\n\n\n<p><\/p>\n","protected":false},"excerpt":{"rendered":"<p>Vyhl\u00e1\u0161en\u00ed pro jednotliv\u00e9 obory vzd\u011bl\u00e1v\u00e1n\u00ed naleznete v&nbsp;https:\/\/dipsy.gov.cz\/prihlaska\/introa na \u00fa\u0159edn\u00ed desce \u0161koly https:\/\/waldorf.pb.cz\/?page_id=486 Dny otev\u0159en\u00fdch dve\u0159\u00ed st\u0159edn\u00ed \u0161koly ji\u017e prob\u011bhly. P\u0159\u00ed\u0161t\u00ed budou na podzim 2026. Po p\u0159edchoz\u00ed domluv\u011b lze nav\u0161t\u00edvit re\u00e1lnou v\u00fduku, tzv. Den nane\u010disto. Z\u00e1jemci o&nbsp;n\u00e1v\u0161t\u011bvu ve vyu\u010dov\u00e1n\u00ed se domluv\u00ed dop\u0159edu s&nbsp;p. u\u010d. Jitkou Zem\u00e1nkovou, jitka.zemankova@waldorf.pb.cz | 734&nbsp;171&nbsp;078 Dal\u0161\u00ed informace o&nbsp;p\u0159ij\u00edmac\u00edm \u0159\u00edzen\u00ed naleznete na www.cermat.cz<\/p>\n","protected":false},"author":1,"featured_media":0,"parent":12,"menu_order":32,"comment_status":"closed","ping_status":"closed","template":"template-full-width.php","meta":{"footnotes":""},"class_list":["post-340","page","type-page","status-publish","hentry"],"_links":{"self":[{"href":"https:\/\/waldorf.pb.cz\/index.php?rest_route=\/wp\/v2\/pages\/340","targetHints":{"allow":["GET"]}}],"collection":[{"href":"https:\/\/waldorf.pb.cz\/index.php?rest_route=\/wp\/v2\/pages"}],"about":[{"href":"https:\/\/waldorf.pb.cz\/index.php?rest_route=\/wp\/v2\/types\/page"}],"author":[{"embeddable":true,"href":"https:\/\/waldorf.pb.cz\/index.php?rest_route=\/wp\/v2\/users\/1"}],"replies":[{"embeddable":true,"href":"https:\/\/waldorf.pb.cz\/index.php?rest_route=%2Fwp%2Fv2%2Fcomments&post=340"}],"version-history":[{"count":90,"href":"https:\/\/waldorf.pb.cz\/index.php?rest_route=\/wp\/v2\/pages\/340\/revisions"}],"predecessor-version":[{"id":5771,"href":"https:\/\/waldorf.pb.cz\/index.php?rest_route=\/wp\/v2\/pages\/340\/revisions\/5771"}],"up":[{"embeddable":true,"href":"https:\/\/waldorf.pb.cz\/index.php?rest_route=\/wp\/v2\/pages\/12"}],"wp:attachment":[{"href":"https:\/\/waldorf.pb.cz\/index.php?rest_route=%2Fwp%2Fv2%2Fmedia&parent=340"}],"curies":[{"name":"wp","href":"https:\/\/api.w.org\/{rel}","templated":true}]}}