{"id":3339,"date":"2022-03-21T15:29:43","date_gmt":"2022-03-21T15:29:43","guid":{"rendered":"http:\/\/www.waldorf-pb.cz\/?page_id=3339"},"modified":"2022-03-21T15:32:45","modified_gmt":"2022-03-21T15:32:45","slug":"prehled-kontaktu","status":"publish","type":"page","link":"https:\/\/waldorf.pb.cz\/?page_id=3339","title":{"rendered":"P\u0159ehled kontakt\u016f poradensk\u00fdch za\u0159\u00edzen\u00ed"},"content":{"rendered":"<a href=\"https:\/\/waldorf.pb.cz\/wp-content\/uploads\/2022\/03\/Kontakty-poradenska-zarizeni.pdf\" class=\"pdfemb-viewer\" style=\"\" data-width=\"max\" data-height=\"max\"  data-toolbar=\"bottom\" data-toolbar-fixed=\"off\">Kontakty-poradenska-zarizeni<br\/><\/a>\n<p class=\"wp-block-pdfemb-pdf-embedder-viewer\"><\/p>\n","protected":false},"excerpt":{"rendered":"","protected":false},"author":2,"featured_media":0,"parent":0,"menu_order":0,"comment_status":"closed","ping_status":"closed","template":"","meta":{"footnotes":""},"class_list":["post-3339","page","type-page","status-publish","hentry"],"_links":{"self":[{"href":"https:\/\/waldorf.pb.cz\/index.php?rest_route=\/wp\/v2\/pages\/3339","targetHints":{"allow":["GET"]}}],"collection":[{"href":"https:\/\/waldorf.pb.cz\/index.php?rest_route=\/wp\/v2\/pages"}],"about":[{"href":"https:\/\/waldorf.pb.cz\/index.php?rest_route=\/wp\/v2\/types\/page"}],"author":[{"embeddable":true,"href":"https:\/\/waldorf.pb.cz\/index.php?rest_route=\/wp\/v2\/users\/2"}],"replies":[{"embeddable":true,"href":"https:\/\/waldorf.pb.cz\/index.php?rest_route=%2Fwp%2Fv2%2Fcomments&post=3339"}],"version-history":[{"count":2,"href":"https:\/\/waldorf.pb.cz\/index.php?rest_route=\/wp\/v2\/pages\/3339\/revisions"}],"predecessor-version":[{"id":3343,"href":"https:\/\/waldorf.pb.cz\/index.php?rest_route=\/wp\/v2\/pages\/3339\/revisions\/3343"}],"wp:attachment":[{"href":"https:\/\/waldorf.pb.cz\/index.php?rest_route=%2Fwp%2Fv2%2Fmedia&parent=3339"}],"curies":[{"name":"wp","href":"https:\/\/api.w.org\/{rel}","templated":true}]}}