{"id":3184,"date":"2022-01-29T10:57:23","date_gmt":"2022-01-29T10:57:23","guid":{"rendered":"http:\/\/www.waldorf-pb.cz\/?page_id=3184"},"modified":"2026-01-10T10:51:37","modified_gmt":"2026-01-10T10:51:37","slug":"clanky","status":"publish","type":"page","link":"https:\/\/waldorf.pb.cz\/?page_id=3184","title":{"rendered":"\u010cl\u00e1nky"},"content":{"rendered":"\n<p>Waldorf nen\u00ed \u0161kola pro ezo-v\u00edly, na studium v&nbsp;zahrani\u010d\u00ed m\u011b vybavil skv\u011ble, \u0159\u00edk\u00e1 \u010ce\u0161ka studuj\u00edc\u00ed v&nbsp;Anglii <a href=\"https:\/\/eduzin.cz\/wp\/2022\/01\/28\/waldorf-neni-skola-pro-ezo-vily-na-studium-v-zahranici-me-vybavil-skvele-rika-ceska-studujici-v-anglii\/\" target=\"_blank\" rel=\"noreferrer noopener\">v\u00edce si p\u0159e\u010dtete zde<\/a><br>Magaz\u00edn o&nbsp;waldorfsk\u00e9 pedagogice <a href=\"https:\/\/waldorfdisplay.cz\/\" data-type=\"link\" data-id=\"https:\/\/waldorfdisplay.cz\/\">Waldorf Display<\/a><\/p>\n\n\n\n<p><\/p>\n","protected":false},"excerpt":{"rendered":"<p>Waldorf nen\u00ed \u0161kola pro ezo-v\u00edly, na studium v&nbsp;zahrani\u010d\u00ed m\u011b vybavil skv\u011ble, \u0159\u00edk\u00e1 \u010ce\u0161ka studuj\u00edc\u00ed v&nbsp;Anglii v\u00edce si p\u0159e\u010dtete zdeMagaz\u00edn o&nbsp;waldorfsk\u00e9 pedagogice Waldorf Display<\/p>\n","protected":false},"author":2,"featured_media":0,"parent":0,"menu_order":0,"comment_status":"closed","ping_status":"closed","template":"","meta":{"footnotes":""},"class_list":["post-3184","page","type-page","status-publish","hentry"],"_links":{"self":[{"href":"https:\/\/waldorf.pb.cz\/index.php?rest_route=\/wp\/v2\/pages\/3184","targetHints":{"allow":["GET"]}}],"collection":[{"href":"https:\/\/waldorf.pb.cz\/index.php?rest_route=\/wp\/v2\/pages"}],"about":[{"href":"https:\/\/waldorf.pb.cz\/index.php?rest_route=\/wp\/v2\/types\/page"}],"author":[{"embeddable":true,"href":"https:\/\/waldorf.pb.cz\/index.php?rest_route=\/wp\/v2\/users\/2"}],"replies":[{"embeddable":true,"href":"https:\/\/waldorf.pb.cz\/index.php?rest_route=%2Fwp%2Fv2%2Fcomments&post=3184"}],"version-history":[{"count":5,"href":"https:\/\/waldorf.pb.cz\/index.php?rest_route=\/wp\/v2\/pages\/3184\/revisions"}],"predecessor-version":[{"id":5758,"href":"https:\/\/waldorf.pb.cz\/index.php?rest_route=\/wp\/v2\/pages\/3184\/revisions\/5758"}],"wp:attachment":[{"href":"https:\/\/waldorf.pb.cz\/index.php?rest_route=%2Fwp%2Fv2%2Fmedia&parent=3184"}],"curies":[{"name":"wp","href":"https:\/\/api.w.org\/{rel}","templated":true}]}}