{"id":2883,"date":"2021-10-18T12:28:08","date_gmt":"2021-10-18T12:28:08","guid":{"rendered":"http:\/\/www.waldorf-pb.cz\/?page_id=2883"},"modified":"2025-11-24T09:01:43","modified_gmt":"2025-11-24T09:01:43","slug":"rocnikove-maturitni-prace","status":"publish","type":"page","link":"https:\/\/waldorf.pb.cz\/?page_id=2883","title":{"rendered":"ro\u010dn\u00edkov\u00e9\/maturitn\u00ed pr\u00e1ce"},"content":{"rendered":"\n<div class=\"wp-block-columns is-layout-flex wp-container-core-columns-is-layout-9d6595d7 wp-block-columns-is-layout-flex\">\n<div class=\"wp-block-column is-layout-flow wp-block-column-is-layout-flow\"><\/div>\n\n\n\n<div class=\"wp-block-column is-layout-flow wp-block-column-is-layout-flow\"><\/div>\n<\/div>\n\n\n\n<p>Metodick\u00e1 p\u0159\u00edru\u010dka pro tvorbu ro\u010dn\u00edkove-maturitn\u00ed pr\u00e1ce. <a href=\"https:\/\/waldorf.pb.cz\/wp-content\/uploads\/2025\/11\/Metodicka-prirucka-pro-tvorbu-rocnikove-maturitni-praceF.pdf\" target=\"_blank\" rel=\"noreferrer noopener\"><strong>Ke sta\u017een\u00ed ZDE<\/strong>.<\/a><\/p>\n","protected":false},"excerpt":{"rendered":"<p>Metodick\u00e1 p\u0159\u00edru\u010dka pro tvorbu ro\u010dn\u00edkove-maturitn\u00ed pr\u00e1ce. Ke sta\u017een\u00ed ZDE.<\/p>\n","protected":false},"author":1,"featured_media":0,"parent":73,"menu_order":0,"comment_status":"closed","ping_status":"closed","template":"template-full-width.php","meta":{"footnotes":""},"class_list":["post-2883","page","type-page","status-publish","hentry"],"_links":{"self":[{"href":"https:\/\/waldorf.pb.cz\/index.php?rest_route=\/wp\/v2\/pages\/2883","targetHints":{"allow":["GET"]}}],"collection":[{"href":"https:\/\/waldorf.pb.cz\/index.php?rest_route=\/wp\/v2\/pages"}],"about":[{"href":"https:\/\/waldorf.pb.cz\/index.php?rest_route=\/wp\/v2\/types\/page"}],"author":[{"embeddable":true,"href":"https:\/\/waldorf.pb.cz\/index.php?rest_route=\/wp\/v2\/users\/1"}],"replies":[{"embeddable":true,"href":"https:\/\/waldorf.pb.cz\/index.php?rest_route=%2Fwp%2Fv2%2Fcomments&post=2883"}],"version-history":[{"count":16,"href":"https:\/\/waldorf.pb.cz\/index.php?rest_route=\/wp\/v2\/pages\/2883\/revisions"}],"predecessor-version":[{"id":5695,"href":"https:\/\/waldorf.pb.cz\/index.php?rest_route=\/wp\/v2\/pages\/2883\/revisions\/5695"}],"up":[{"embeddable":true,"href":"https:\/\/waldorf.pb.cz\/index.php?rest_route=\/wp\/v2\/pages\/73"}],"wp:attachment":[{"href":"https:\/\/waldorf.pb.cz\/index.php?rest_route=%2Fwp%2Fv2%2Fmedia&parent=2883"}],"curies":[{"name":"wp","href":"https:\/\/api.w.org\/{rel}","templated":true}]}}