{"id":2627,"date":"2021-05-29T18:03:51","date_gmt":"2021-05-29T18:03:51","guid":{"rendered":"http:\/\/www.waldorf-pb.cz\/?page_id=2627"},"modified":"2025-08-06T14:25:11","modified_gmt":"2025-08-06T14:25:11","slug":"prirucka-pro-rodice","status":"publish","type":"page","link":"https:\/\/waldorf.pb.cz\/?page_id=2627","title":{"rendered":"Informa\u010dn\u00ed texty o&nbsp;waldorfsk\u00e9 pedagogice a&nbsp;\u0161kole"},"content":{"rendered":"\n<p><em>V\u00edcestr\u00e1nkov\u00e9 texty se posouvaj\u00ed pomoc\u00ed \u0161ipek ve spodn\u00ed \u010d\u00e1sti.<\/em><\/p>\n\n\n\n<h2 class=\"wp-block-heading\">Informace pro rodi\u010de<\/h2>\n\n\n\n<p>V\u00e1\u017een\u00ed rodi\u010de, nab\u00edz\u00edme V\u00e1m zde k&nbsp;prostudov\u00e1n\u00ed P\u0159\u00edru\u010dku pro waldorfsk\u00e9 nov\u00e1\u010dky, kterou vydalo W sdru\u017een\u00ed P\u00edsek z. s. pro sv\u00e9 pot\u0159eby. V\u011b\u0159\u00edme, \u017ee zde najdete odpov\u011bdi na n\u011bkter\u00e9 ot\u00e1zky t\u00fdkaj\u00edc\u00ed se waldorfsk\u00e9 pedagogiky. D\u011bkujeme koleg\u016fm z&nbsp;P\u00edsku za sd\u00edlen\u00ed tohoto materi\u00e1lu.<br>Materi\u00e1l ke sta\u017een\u00ed <a href=\"https:\/\/waldorf.pb.cz\/wp-content\/uploads\/2025\/08\/250410-Info-pro-rodic\u030ce-2025-1.pdf\" target=\"_blank\" rel=\"noreferrer noopener\">ZDE<\/a>.<\/p>\n\n\n<a href=\"https:\/\/waldorf.pb.cz\/wp-content\/uploads\/2025\/08\/250410-Info-pro-rodic\u030ce-2025.pdf\" class=\"pdfemb-viewer\" style=\"\" data-width=\"max\" data-height=\"max\"  data-toolbar=\"bottom\" data-toolbar-fixed=\"off\">250410-Info-pro-rodic\u030ce-2025<br\/><\/a>\n<p class=\"wp-block-pdfemb-pdf-embedder-viewer\"><\/p>\n\n\n\n<p class=\"has-text-align-right\">Robert \u017d\u00e1k, \u0159editel \u0161koly<\/p>\n\n\n<a href=\"https:\/\/waldorf.pb.cz\/wp-content\/uploads\/2021\/05\/PRIRUCKA-2021-web-jednostrany.pdf\" class=\"pdfemb-viewer\" style=\"\" data-width=\"max\" data-height=\"max\"  data-toolbar=\"bottom\" data-toolbar-fixed=\"off\">PRIRUCKA-2021-web-jednostrany<br\/><\/a>\n<p class=\"wp-block-pdfemb-pdf-embedder-viewer\"><\/p>\n\n\n\n<h2 class=\"wp-block-heading\">P\u0159\u00edru\u010dka pro rodi\u010de<\/h2>\n\n\n\n<p>V\u00e1\u017een\u00ed rodi\u010de, nab\u00edz\u00e1me V\u00e1m novou infoma\u010dn\u00ed bro\u017euru o&nbsp;na\u0161\u00ed \u0161kole a&nbsp;o&nbsp;waldorfsk\u00e9 pedagogice, kterou v&nbsp;roce 2025 vydala Spole\u010dnost Waldorfsk\u00e9 \u0161koly P\u0159\u00edbram z. s. V\u011b\u0159\u00edme, \u017ee V\u00e1m pom\u016f\u017ee k&nbsp;lep\u0161\u00ed orientaci v&nbsp;uspo\u0159\u00e1d\u00e1n\u00ed na\u0161\u00ed \u0161koly a&nbsp;jej\u00edho u\u010debn\u00edho pl\u00e1nu.<br>Materi\u00e1l ke sta\u017een\u00ed <a href=\"https:\/\/waldorf.pb.cz\/wp-content\/uploads\/2025\/08\/PRIRUCKA-2021-web-jednostrany.pdf\" target=\"_blank\" rel=\"noreferrer noopener\">ZDE<\/a>.<br><br>Robert \u017d\u00e1k, \u0159editel \u0161koly<\/p>\n","protected":false},"excerpt":{"rendered":"<p>V\u00edcestr\u00e1nkov\u00e9 texty se posouvaj\u00ed pomoc\u00ed \u0161ipek ve spodn\u00ed \u010d\u00e1sti. Informace pro rodi\u010de V\u00e1\u017een\u00ed rodi\u010de, nab\u00edz\u00edme V\u00e1m zde k&nbsp;prostudov\u00e1n\u00ed P\u0159\u00edru\u010dku pro waldorfsk\u00e9 nov\u00e1\u010dky, kterou vydalo W sdru\u017een\u00ed P\u00edsek z. s. pro sv\u00e9 pot\u0159eby. V\u011b\u0159\u00edme, \u017ee zde najdete odpov\u011bdi na n\u011bkter\u00e9 ot\u00e1zky t\u00fdkaj\u00edc\u00ed se waldorfsk\u00e9 pedagogiky. D\u011bkujeme koleg\u016fm z&nbsp;P\u00edsku za sd\u00edlen\u00ed tohoto materi\u00e1lu.Materi\u00e1l ke sta\u017een\u00ed ZDE. Robert &hellip; <a href=\"https:\/\/waldorf.pb.cz\/?page_id=2627\">Continue reading <span class=\"meta-nav\">&rarr;<\/span><\/a><\/p>\n","protected":false},"author":2,"featured_media":0,"parent":447,"menu_order":0,"comment_status":"closed","ping_status":"closed","template":"","meta":{"footnotes":""},"class_list":["post-2627","page","type-page","status-publish","hentry"],"_links":{"self":[{"href":"https:\/\/waldorf.pb.cz\/index.php?rest_route=\/wp\/v2\/pages\/2627","targetHints":{"allow":["GET"]}}],"collection":[{"href":"https:\/\/waldorf.pb.cz\/index.php?rest_route=\/wp\/v2\/pages"}],"about":[{"href":"https:\/\/waldorf.pb.cz\/index.php?rest_route=\/wp\/v2\/types\/page"}],"author":[{"embeddable":true,"href":"https:\/\/waldorf.pb.cz\/index.php?rest_route=\/wp\/v2\/users\/2"}],"replies":[{"embeddable":true,"href":"https:\/\/waldorf.pb.cz\/index.php?rest_route=%2Fwp%2Fv2%2Fcomments&post=2627"}],"version-history":[{"count":9,"href":"https:\/\/waldorf.pb.cz\/index.php?rest_route=\/wp\/v2\/pages\/2627\/revisions"}],"predecessor-version":[{"id":5572,"href":"https:\/\/waldorf.pb.cz\/index.php?rest_route=\/wp\/v2\/pages\/2627\/revisions\/5572"}],"up":[{"embeddable":true,"href":"https:\/\/waldorf.pb.cz\/index.php?rest_route=\/wp\/v2\/pages\/447"}],"wp:attachment":[{"href":"https:\/\/waldorf.pb.cz\/index.php?rest_route=%2Fwp%2Fv2%2Fmedia&parent=2627"}],"curies":[{"name":"wp","href":"https:\/\/api.w.org\/{rel}","templated":true}]}}