{"id":2563,"date":"2021-05-09T07:21:53","date_gmt":"2021-05-09T07:21:53","guid":{"rendered":"http:\/\/www.waldorf-pb.cz\/?page_id=2563"},"modified":"2026-03-05T09:50:28","modified_gmt":"2026-03-05T09:50:28","slug":"letni-provoz-ms","status":"publish","type":"page","link":"https:\/\/waldorf.pb.cz\/?page_id=2563","title":{"rendered":"Letn\u00ed provoz M\u0160"},"content":{"rendered":"\n<p>Rodi\u010de, kte\u0159\u00ed maj\u00ed z\u00e1jem o&nbsp;um\u00edst\u011bn\u00ed d\u00edt\u011bte do na\u0161\u00ed mate\u0159sk\u00e9 \u0161koly v&nbsp;dob\u011b letn\u00edch pr\u00e1zdnin od 24.&nbsp;do 27.&nbsp;8.&nbsp;2026. P\u0159ihl\u00e1\u0161ky k&nbsp;letn\u00edmu provozu si mohou rodi\u010de vyzvednout nebo st\u00e1hnout na na\u0161ich webov\u00fdch str\u00e1nk\u00e1ch v&nbsp;t\u00fddnu od 18.&nbsp;do 22.&nbsp;kv\u011btna a&nbsp;pod\u00e1n\u00ed \u017e\u00e1dost\u00ed v&nbsp;dal\u0161\u00edm t\u00fddnu od 25.&nbsp;do 29.&nbsp;kv\u011btna v&nbsp;\u010dase od 14.30 do 16.30 hodin. <br>P\u0159ihl\u00e1\u0161ky k&nbsp;letn\u00edmu provozu odevzd\u00e1vejte v&nbsp;mate\u0159sk\u00e9 \u0161kole &#8211; n\u00e1m. Dr. J. Theurera 267.<br><\/p>\n\n\n\n<p>P\u0158IHL\u00c1\u0160KU NAJDETE KE STA\u017dEN\u00cd <a href=\"https:\/\/waldorf.pb.cz\/wp-content\/uploads\/2023\/06\/Tiskopis-Prihlaska-k-predskolnimu-vzdelavani-prazdninovy-provoz.pdf\" target=\"_blank\" rel=\"noreferrer noopener\">ZDE<\/a><\/p>\n","protected":false},"excerpt":{"rendered":"<p>Rodi\u010de, kte\u0159\u00ed maj\u00ed z\u00e1jem o&nbsp;um\u00edst\u011bn\u00ed d\u00edt\u011bte do na\u0161\u00ed mate\u0159sk\u00e9 \u0161koly v&nbsp;dob\u011b letn\u00edch pr\u00e1zdnin od 24.&nbsp;do 27.&nbsp;8.&nbsp;2026. P\u0159ihl\u00e1\u0161ky k&nbsp;letn\u00edmu provozu si mohou rodi\u010de vyzvednout nebo st\u00e1hnout na na\u0161ich webov\u00fdch str\u00e1nk\u00e1ch v&nbsp;t\u00fddnu od 18.&nbsp;do 22.&nbsp;kv\u011btna a&nbsp;pod\u00e1n\u00ed \u017e\u00e1dost\u00ed v&nbsp;dal\u0161\u00edm t\u00fddnu od 25.&nbsp;do 29.&nbsp;kv\u011btna v&nbsp;\u010dase od 14.30 do 16.30 hodin. P\u0159ihl\u00e1\u0161ky k&nbsp;letn\u00edmu provozu odevzd\u00e1vejte v&nbsp;mate\u0159sk\u00e9 \u0161kole &#8211; n\u00e1m. Dr. &hellip; <a href=\"https:\/\/waldorf.pb.cz\/?page_id=2563\">Continue reading <span class=\"meta-nav\">&rarr;<\/span><\/a><\/p>\n","protected":false},"author":2,"featured_media":0,"parent":0,"menu_order":0,"comment_status":"closed","ping_status":"closed","template":"","meta":{"footnotes":""},"class_list":["post-2563","page","type-page","status-publish","hentry"],"_links":{"self":[{"href":"https:\/\/waldorf.pb.cz\/index.php?rest_route=\/wp\/v2\/pages\/2563","targetHints":{"allow":["GET"]}}],"collection":[{"href":"https:\/\/waldorf.pb.cz\/index.php?rest_route=\/wp\/v2\/pages"}],"about":[{"href":"https:\/\/waldorf.pb.cz\/index.php?rest_route=\/wp\/v2\/types\/page"}],"author":[{"embeddable":true,"href":"https:\/\/waldorf.pb.cz\/index.php?rest_route=\/wp\/v2\/users\/2"}],"replies":[{"embeddable":true,"href":"https:\/\/waldorf.pb.cz\/index.php?rest_route=%2Fwp%2Fv2%2Fcomments&post=2563"}],"version-history":[{"count":15,"href":"https:\/\/waldorf.pb.cz\/index.php?rest_route=\/wp\/v2\/pages\/2563\/revisions"}],"predecessor-version":[{"id":5831,"href":"https:\/\/waldorf.pb.cz\/index.php?rest_route=\/wp\/v2\/pages\/2563\/revisions\/5831"}],"wp:attachment":[{"href":"https:\/\/waldorf.pb.cz\/index.php?rest_route=%2Fwp%2Fv2%2Fmedia&parent=2563"}],"curies":[{"name":"wp","href":"https:\/\/api.w.org\/{rel}","templated":true}]}}