{"id":236,"date":"2019-09-10T07:54:20","date_gmt":"2019-09-10T07:54:20","guid":{"rendered":"http:\/\/www.waldorf-pb.cz\/?page_id=236"},"modified":"2025-02-28T13:16:30","modified_gmt":"2025-02-28T13:16:30","slug":"materske-centrum","status":"publish","type":"page","link":"https:\/\/waldorf.pb.cz\/?page_id=236","title":{"rendered":"Rodinn\u00e9 centrum Poup\u00e1tko"},"content":{"rendered":"\n<p>Rodinn\u00e9 centrum Poup\u00e1tko je prvn\u00ed m\u00edsto, kde mohou rodi\u010de s&nbsp;t\u011bmi nejmen\u0161\u00edmi d\u011btmi pro\u017e\u00edvat aktivity v&nbsp;duchu waldorfsk\u00e9 pedagogiky. Spole\u010dn\u011b se v\u00edt\u00e1me pr\u016fpov\u011bd\u00ed, posva\u010d\u00edme a&nbsp;pot\u00e9 na V\u00e1s \u010dek\u00e1 hudebn\u00ed program a&nbsp;tvo\u0159en\u00ed z&nbsp;p\u0159\u00edrodn\u00edch materi\u00e1l\u016f. Potk\u00e1v\u00e1me se ka\u017ed\u00e9 \u00fater\u00fd v&nbsp;\u010dase od 8.30 do 11.00 hodin.\u00a0<br>Setk\u00e1n\u00ed zaji\u0161\u0165uje Eva Bos\u00e1kov\u00e1<br>Je vhodn\u00e9 \u00fa\u010dast potvrdit na tel.: tel. 602&nbsp;639&nbsp;799<\/p>\n\n\n\n<div class=\"wp-block-image\"><figure class=\"aligncenter size-large\"><img loading=\"lazy\" decoding=\"async\" width=\"1024\" height=\"768\" src=\"https:\/\/waldorf.pb.cz\/wp-content\/uploads\/2020\/01\/20191119_110159-1024x768.jpg\" alt=\"\" class=\"wp-image-1212\" srcset=\"https:\/\/waldorf.pb.cz\/wp-content\/uploads\/2020\/01\/20191119_110159-1024x768.jpg 1024w, https:\/\/waldorf.pb.cz\/wp-content\/uploads\/2020\/01\/20191119_110159-300x225.jpg 300w, https:\/\/waldorf.pb.cz\/wp-content\/uploads\/2020\/01\/20191119_110159-768x576.jpg 768w, https:\/\/waldorf.pb.cz\/wp-content\/uploads\/2020\/01\/20191119_110159-1536x1152.jpg 1536w, https:\/\/waldorf.pb.cz\/wp-content\/uploads\/2020\/01\/20191119_110159-2048x1536.jpg 2048w\" sizes=\"auto, (max-width: 1024px) 100vw, 1024px\" \/><\/figure><\/div>\n\n\n\n<h2 class=\"wp-block-heading\"><span style=\"color:#159704\" class=\"tadv-color\"><strong>SRAZY NOS\u00cdC\u00cdCH MAMINEK<\/strong> <\/span><\/h2>\n\n\n\n<p>Srazy jsou ur\u010deny pro maminky, kter\u00e9 nos\u00ed sv\u00e9 d\u011bti v&nbsp;\u0161\u00e1tku, nos\u00edtku nebo se zaj\u00edmaj\u00ed o&nbsp;kontaktn\u00ed, p\u0159irozen\u00e9 mate\u0159stv\u00ed. Na srazu m\u016f\u017eete sd\u00edlet sv\u00e9 zku\u0161enosti, nal\u00e9zt podporu, vyzkou\u0161et \u0161\u00e1tky a&nbsp;nos\u00edtka, pop\u0159\u00edpad\u011b se nau\u010dit n\u011bjak\u00fd nov\u00fd \u00favaz. \u010casto prob\u00edh\u00e1 testov\u00e1n\u00ed nov\u00fdch produkt\u016f.&nbsp;<br>Setk\u00e1v\u00e1n\u00ed vede lektorka <a rel=\"noreferrer noopener\" aria-label=\"Mark\u00e9ta Pavl\u00e1skov\u00e1, DiS. (opens in a new tab)\" href=\"https:\/\/www.prirozenematerstvi.cz\/o-mne\/\" target=\"_blank\">Mark\u00e9ta Pavl\u00e1skov\u00e1, DiS.<\/a> (<a href=\"https:\/\/www.facebook.com\/pavlaskova.marketa\/\" target=\"_blank\" rel=\"noreferrer noopener\" aria-label=\"facebook (opens in a new tab)\">facebook<\/a>) a&nbsp;prob\u00edhaj\u00ed ka\u017ed\u00fd druh\u00fd \u010dtvrtek v&nbsp;m\u011bs\u00edci od 9:00 do 11:30 hodin.&nbsp;<br>K dispozici je v\u017edy k\u00e1va, \u010daj, n\u011bco k&nbsp;sn\u011bdku a&nbsp;dobr\u00e1 n\u00e1lada.&nbsp;<\/p>\n\n\n\n<h2 class=\"wp-block-heading\"> <span style=\"color:#159704\" class=\"tadv-color\"><strong>KURZY V\u00c1Z\u00c1N\u00cd D\u011aT\u00cd DO \u0160\u00c1TKU<\/strong> <\/span><\/h2>\n\n\n\n<p>Kurz v\u00e1z\u00e1n\u00ed d\u011bt\u00ed do \u0161\u00e1tku je vhodn\u00fd pro t\u011bhotn\u00e9 \u017eeny, maminky, ale i&nbsp;tat\u00ednky. Pro v\u0161echny, kte\u0159\u00ed cht\u011bj\u00ed nosit sv\u00e9 d\u011bti, b\u00fdt s&nbsp;nimi v\u00edce v&nbsp;&nbsp;kontaktu utv\u00e1\u0159et si t\u00edm vz\u00e1jemn\u011b siln\u011bj\u0161\u00ed citovou vazbu.<br>Kurz vede lektorka <a rel=\"noreferrer noopener\" aria-label=\"Mark\u00e9ta Pavl\u00e1skov\u00e1, DiS. (opens in a new tab)\" href=\"https:\/\/www.prirozenematerstvi.cz\/o-mne\/\" target=\"_blank\">Mark\u00e9ta Pavl\u00e1skov\u00e1, DiS.<\/a> (<a rel=\"noreferrer noopener\" href=\"https:\/\/www.facebook.com\/pavlaskova.marketa\/\" target=\"_blank\">facebook<\/a>)<br><br>Term\u00edny kurz\u016f jsou vyps\u00e1ny v\u017edy dle z\u00e1jmu. Pokud se chcete z\u00fa\u010dastnit, zavolejte na tel. 777&nbsp;690&nbsp;123.<\/p>\n\n\n\n<h3 class=\"wp-block-heading\"> <strong>Co se na kurzu dozv\u00edte?<\/strong> <\/h3>\n\n\n\n<ul class=\"wp-block-list\"><li>informace o&nbsp;tom, jak je no\u0161en\u00ed d\u011bt\u00ed na srdci p\u0159\u00ednosn\u00e9 pro v\u00e1s a&nbsp;va\u0161e  d\u011b\u0165\u00e1tko a&nbsp;jak je d\u016fle\u017eit\u00fd tento kontakt pro dal\u0161\u00ed v\u00fdvoj d\u00edt\u011bte<\/li><li>z\u00e1klady no\u0161en\u00ed <\/li><li>jak a&nbsp;v&nbsp;\u010dem je dobr\u00e9 d\u00edt\u011b nosit pro jeho spr\u00e1vn\u00fd v\u00fdvoj<\/li><li>nau\u010d\u00edte se z\u00e1kladn\u00ed \u00favaz k\u0159\u00ed\u017e s&nbsp;kapsou uvnit\u0159 (nejprve s&nbsp;manipula\u010dn\u00ed panenkou a&nbsp;n\u00e1sledn\u011b se sv\u00fdm d\u00edt\u011btem)<\/li><li>dozv\u00edte se, na co si d\u00e1vat pozor<\/li><li>m\u016f\u017eete si zap\u016fj\u010dit \u0161\u00e1tek <\/li><\/ul>\n\n\n\n<div class=\"wp-block-image\"><figure class=\"aligncenter size-large\"><img decoding=\"async\" src=\"https:\/\/waldorf.pb.cz\/wp-content\/uploads\/2020\/01\/P1-1.png\" alt=\"\" class=\"wp-image-1211\"\/><\/figure><\/div>\n","protected":false},"excerpt":{"rendered":"<p>Rodinn\u00e9 centrum Poup\u00e1tko je prvn\u00ed m\u00edsto, kde mohou rodi\u010de s&nbsp;t\u011bmi nejmen\u0161\u00edmi d\u011btmi pro\u017e\u00edvat aktivity v&nbsp;duchu waldorfsk\u00e9 pedagogiky. Spole\u010dn\u011b se v\u00edt\u00e1me pr\u016fpov\u011bd\u00ed, posva\u010d\u00edme a&nbsp;pot\u00e9 na V\u00e1s \u010dek\u00e1 hudebn\u00ed program a&nbsp;tvo\u0159en\u00ed z&nbsp;p\u0159\u00edrodn\u00edch materi\u00e1l\u016f. Potk\u00e1v\u00e1me se ka\u017ed\u00e9 \u00fater\u00fd v&nbsp;\u010dase od 8.30 do 11.00 hodin.\u00a0Setk\u00e1n\u00ed zaji\u0161\u0165uje Eva Bos\u00e1kov\u00e1Je vhodn\u00e9 \u00fa\u010dast potvrdit na tel.: tel. 602&nbsp;639&nbsp;799 SRAZY NOS\u00cdC\u00cdCH MAMINEK Srazy &hellip; <a href=\"https:\/\/waldorf.pb.cz\/?page_id=236\">Continue reading <span class=\"meta-nav\">&rarr;<\/span><\/a><\/p>\n","protected":false},"author":1,"featured_media":0,"parent":178,"menu_order":50,"comment_status":"closed","ping_status":"closed","template":"template-full-width.php","meta":{"footnotes":""},"class_list":["post-236","page","type-page","status-publish","hentry"],"_links":{"self":[{"href":"https:\/\/waldorf.pb.cz\/index.php?rest_route=\/wp\/v2\/pages\/236","targetHints":{"allow":["GET"]}}],"collection":[{"href":"https:\/\/waldorf.pb.cz\/index.php?rest_route=\/wp\/v2\/pages"}],"about":[{"href":"https:\/\/waldorf.pb.cz\/index.php?rest_route=\/wp\/v2\/types\/page"}],"author":[{"embeddable":true,"href":"https:\/\/waldorf.pb.cz\/index.php?rest_route=\/wp\/v2\/users\/1"}],"replies":[{"embeddable":true,"href":"https:\/\/waldorf.pb.cz\/index.php?rest_route=%2Fwp%2Fv2%2Fcomments&post=236"}],"version-history":[{"count":19,"href":"https:\/\/waldorf.pb.cz\/index.php?rest_route=\/wp\/v2\/pages\/236\/revisions"}],"predecessor-version":[{"id":5314,"href":"https:\/\/waldorf.pb.cz\/index.php?rest_route=\/wp\/v2\/pages\/236\/revisions\/5314"}],"up":[{"embeddable":true,"href":"https:\/\/waldorf.pb.cz\/index.php?rest_route=\/wp\/v2\/pages\/178"}],"wp:attachment":[{"href":"https:\/\/waldorf.pb.cz\/index.php?rest_route=%2Fwp%2Fv2%2Fmedia&parent=236"}],"curies":[{"name":"wp","href":"https:\/\/api.w.org\/{rel}","templated":true}]}}