{"id":2329,"date":"2021-03-17T10:27:14","date_gmt":"2021-03-17T10:27:14","guid":{"rendered":"http:\/\/www.waldorf-pb.cz\/?page_id=2329"},"modified":"2021-03-17T10:31:42","modified_gmt":"2021-03-17T10:31:42","slug":"biodynamicke-zemedelstvi","status":"publish","type":"page","link":"https:\/\/waldorf.pb.cz\/?page_id=2329","title":{"rendered":"Biodynamick\u00e9 zem\u011bd\u011blstv\u00ed"},"content":{"rendered":"\n<figure class=\"wp-block-image size-large is-resized\"><img loading=\"lazy\" decoding=\"async\" src=\"https:\/\/waldorf.pb.cz\/wp-content\/uploads\/2021\/03\/biodynamicke-zemedelstvi.jpg\" alt=\"\" class=\"wp-image-2334\" width=\"434\" height=\"289\"\/><\/figure>\n\n\n\n<p>V\u00e1\u017een\u00ed \u010dten\u00e1\u0159i na\u0161ich str\u00e1nek,&nbsp;<br>mnoz\u00ed v\u00edte, \u017ee biodynamick\u00e9 zem\u011bd\u011blstv\u00ed pat\u0159\u00ed k&nbsp;anthroposoficky inspirovan\u00e9mu zem\u011bd\u011blstv\u00ed, vznikl\u00e9mu v&nbsp;roce 1924. To je\u0161t\u011b neexistovali mnohatis\u00edcov\u00e9 chovy prasat a&nbsp;krav ani haly pln\u00e9 klec\u00ed nacpan\u00fdch slepicemi. A&nbsp;u\u017e tehdy si za\u010dali n\u011bkte\u0159\u00ed zem\u011bd\u011blci v\u0161\u00edmat n\u011bkter\u00fdch nezdrav\u00fdch tendenc\u00ed ve v\u00fdvoji zem\u011bd\u011blstv\u00ed a&nbsp;poprosili Rudolfa Steinera o&nbsp;rady. Prob\u011bhlo n\u011bkolik kurz\u016f a&nbsp;p\u0159edn\u00e1\u0161ek o&nbsp;p\u0159irozen\u011bj\u0161\u00edm chovu hospod\u00e1\u0159sk\u00fdch zv\u00ed\u0159at. Vzniklo n\u011bkolik farem, kter\u00e9 podle nov\u00fdch princip\u016f za\u010dali pracovat. Po revoluci tak\u00e9 v&nbsp;\u010cech\u00e1ch a&nbsp;na Slovensku.&nbsp;<br>Zde si m\u016f\u017eete prostudovat nab\u00eddku spolku Demeter pro na\u0161e \u0161koly. Na\u0161e \u0161kola p\u0159\u00edle\u017eitostn\u011b nav\u0161t\u011bvuje statky v&nbsp;Nov\u00e9 Vsi nad Popelkou nebo ve Fo\u0159tu v&nbsp;\u010cern\u00e9m Dole. Uspo\u0159\u00e1dali jsme zde nap\u0159. adapta\u010dn\u00ed kurzy \u010di biologick\u00e1 praktika. Robert \u017d\u00e1k<br><br>Nab\u00eddku spolku Demeter si m\u016f\u017eete prohl\u00e9dnout zde.&nbsp;<\/p>\n\n\n\n<p>Dobr\u00fd den,<br><br>r\u00e1d bych V\u00e1s upozornil na existenci spolku Demeter \u010cesko a&nbsp;Slovensko, kter\u00fd je pobo\u010dkou Biodynamick\u00e9 federace v&nbsp;\u010cesk\u00e9 republice a&nbsp;na Slovensku.<br>Nab\u00edz\u00edme \u0161irokou \u0161k\u00e1lu aktivit. Organizujeme biodynamick\u00e9 vzd\u011bl\u00e1v\u00e1n\u00ed, semin\u00e1\u0159e, konference apod. vyd\u00e1v\u00e1me biodynamick\u00fd \u010dasopis s&nbsp;n\u00e1zvem Nov\u00e1 Valeri\u00e1na, organizujeme prepar\u00e1tov\u00e1 dny a&nbsp;v\u016fbec se sna\u017e\u00edme o&nbsp;propagaci biodynamiky, biodynamick\u00fdch produkt\u016f a&nbsp;zna\u010dky Demeter u&nbsp;n\u00e1s. V&nbsp;sou\u010dasn\u00e9 dob\u011b m\u00e1me 31 \u010dlen\u016f, z&nbsp;toho 21 farem v&nbsp;r\u016fzn\u00e9 f\u00e1zi p\u0159echodu na biodynamiku. N\u011bkter\u00e9 farmy ji\u017e maj\u00ed certifik\u00e1t Demeter.<br><br>Napadlo n\u00e1s, \u017ee by pro studenty waldorfsk\u00fdch \u0161kol mohlo b\u00fdt zaj\u00edmav\u00e9, prakticky se sezn\u00e1mit s&nbsp;t\u00edm, jak biodynamick\u00e1 farma funguje, co jsou to biodynamick\u00e9 prepar\u00e1ty, jak se p\u0159ipravuj\u00ed, jak\u00fd je vztah mezi kosmem, p\u016fdou, rostlinami, zv\u00ed\u0159aty a&nbsp;\u010dlov\u011bkem atd. Pro star\u0161\u00ed d\u011bti a&nbsp;u\u010ditele by mohlo b\u00fdt zaj\u00edmav\u00e9 z\u00fa\u010dastnit se prepar\u00e1tov\u00fdch dn\u00ed, vyzkou\u0161et si pr\u00e1ci s&nbsp;prepar\u00e1ty a&nbsp;zeptat se zem\u011bd\u011blce na v\u0161echno, co je k&nbsp;tomuto t\u00e9matu zaj\u00edm\u00e1. Pokud byste cht\u011bli, mohli bychom V\u00e1m poskytnout i&nbsp;biodynamickou literaturu, kterou p\u0159ekl\u00e1d\u00e1me do \u010de\u0161tiny. V\u00edce o&nbsp;n\u00e1s a&nbsp;o&nbsp;tom co d\u011bl\u00e1me, se m\u016f\u017eete dozv\u011bd\u011bt na webu Demetercs.eu Zde je seznam farem, kter\u00e9 pravideln\u011b po\u0159\u00e1daj\u00ed prepar\u00e1tov\u00e9 dny. M\u016f\u017eete se ozvat p\u0159\u00edmo jim. Term\u00edny<br>budeme zve\u0159ej\u0148ovat i&nbsp;na na\u0161em webu.<br><\/p>\n\n\n\n<ul class=\"wp-block-list\"><li>Vinn\u00e9 sklepy Kutn\u00e1 Hora s.r.o. &#8211; Luk\u00e1\u0161 Rudolfsk\u00fd Ji\u0159\u00edho z&nbsp;Pod\u011bbrad 288\/13284, 01 Kutn\u00e1 Hora M: +420736536488 E: lukas.rudolfsky@vinokutnahora.cz<\/li><li>Farma Kout &#8211; Joachim Dutschke Fo\u0159t 29, 543&nbsp;44 \u010cern\u00fd d\u016fl<br>M: +420&nbsp;499&nbsp;422&nbsp;390 E: farma.kout@post.cz<\/li><li>Farma Zdo\u0148ov &#8211; Bernard Lainka Zdo\u0148ov 56, 549&nbsp;57 Teplice nad Metuj\u00ed<br>M: +420&nbsp;602&nbsp;232&nbsp;923 E: lainka@lainka.cz<\/li><li>Biofarma Vsti\u0161 s.r.o. &#8211; Bernard Lainka Vsti\u0161 157, 334&nbsp;41 Vsti\u0161<br>M: +420&nbsp;602&nbsp;232&nbsp;923 E: lainka@lainka.cz<\/li><li>Vina\u0159stv\u00ed Kr\u00e1sn\u00e1 hora s.r.o. &#8211; Marek Vyb\u00edral Star\u00fd Poddvorov 360, 696&nbsp;16 Star\u00fd Poddvorov<br>M: +420&nbsp;602&nbsp;709&nbsp;860 E: marek.vybiral@krasnahora.com<\/li><li>Biodynamic Libichava s.r.o. &#8211; Johann Moscon Libichava 50, 956&nbsp;38 \u0160i\u0161ov<br>M: +421&nbsp;911&nbsp;236&nbsp;063 E: biodynamic@biodynamic.sk<\/li><\/ul>\n\n\n\n<p>Pokud byste m\u011bli z\u00e1jem o&nbsp;jakoukoli formu spolupr\u00e1ce, dejte mi pros\u00edm v\u011bd\u011bt a&nbsp;to bu\u010fto na email <a rel=\"noreferrer noopener\" href=\"mailto:info@demetercs.eu\" target=\"_blank\">info@demetercs.eu<\/a> nebo na m\u016fj telefon +420776364456. <br>S p\u0159\u00e1n\u00edm hezk\u00e9ho dne, Jan Vav\u0159i\u010dka<br>Demeter \u010cesko a&nbsp;Slovensko<\/p>\n","protected":false},"excerpt":{"rendered":"<p>V\u00e1\u017een\u00ed \u010dten\u00e1\u0159i na\u0161ich str\u00e1nek,&nbsp;mnoz\u00ed v\u00edte, \u017ee biodynamick\u00e9 zem\u011bd\u011blstv\u00ed pat\u0159\u00ed k&nbsp;anthroposoficky inspirovan\u00e9mu zem\u011bd\u011blstv\u00ed, vznikl\u00e9mu v&nbsp;roce 1924. To je\u0161t\u011b neexistovali mnohatis\u00edcov\u00e9 chovy prasat a&nbsp;krav ani haly pln\u00e9 klec\u00ed nacpan\u00fdch slepicemi. A&nbsp;u\u017e tehdy si za\u010dali n\u011bkte\u0159\u00ed zem\u011bd\u011blci v\u0161\u00edmat n\u011bkter\u00fdch nezdrav\u00fdch tendenc\u00ed ve v\u00fdvoji zem\u011bd\u011blstv\u00ed a&nbsp;poprosili Rudolfa Steinera o&nbsp;rady. Prob\u011bhlo n\u011bkolik kurz\u016f a&nbsp;p\u0159edn\u00e1\u0161ek o&nbsp;p\u0159irozen\u011bj\u0161\u00edm chovu hospod\u00e1\u0159sk\u00fdch zv\u00ed\u0159at. Vzniklo n\u011bkolik &hellip; <a href=\"https:\/\/waldorf.pb.cz\/?page_id=2329\">Continue reading <span class=\"meta-nav\">&rarr;<\/span><\/a><\/p>\n","protected":false},"author":2,"featured_media":0,"parent":0,"menu_order":0,"comment_status":"closed","ping_status":"closed","template":"","meta":{"footnotes":""},"class_list":["post-2329","page","type-page","status-publish","hentry"],"_links":{"self":[{"href":"https:\/\/waldorf.pb.cz\/index.php?rest_route=\/wp\/v2\/pages\/2329","targetHints":{"allow":["GET"]}}],"collection":[{"href":"https:\/\/waldorf.pb.cz\/index.php?rest_route=\/wp\/v2\/pages"}],"about":[{"href":"https:\/\/waldorf.pb.cz\/index.php?rest_route=\/wp\/v2\/types\/page"}],"author":[{"embeddable":true,"href":"https:\/\/waldorf.pb.cz\/index.php?rest_route=\/wp\/v2\/users\/2"}],"replies":[{"embeddable":true,"href":"https:\/\/waldorf.pb.cz\/index.php?rest_route=%2Fwp%2Fv2%2Fcomments&post=2329"}],"version-history":[{"count":3,"href":"https:\/\/waldorf.pb.cz\/index.php?rest_route=\/wp\/v2\/pages\/2329\/revisions"}],"predecessor-version":[{"id":2338,"href":"https:\/\/waldorf.pb.cz\/index.php?rest_route=\/wp\/v2\/pages\/2329\/revisions\/2338"}],"wp:attachment":[{"href":"https:\/\/waldorf.pb.cz\/index.php?rest_route=%2Fwp%2Fv2%2Fmedia&parent=2329"}],"curies":[{"name":"wp","href":"https:\/\/api.w.org\/{rel}","templated":true}]}}