{"id":2307,"date":"2021-03-16T13:52:43","date_gmt":"2021-03-16T13:52:43","guid":{"rendered":"http:\/\/www.waldorf-pb.cz\/?page_id=2307"},"modified":"2025-05-19T11:51:44","modified_gmt":"2025-05-19T11:51:44","slug":"zaverecne-zkousky-ucni","status":"publish","type":"page","link":"https:\/\/waldorf.pb.cz\/?page_id=2307","title":{"rendered":"u\u010d\u0148ovsk\u00e9 zkou\u0161ky"},"content":{"rendered":"\n<h2 class=\"wp-block-heading\">Ot\u00e1zky ze sv\u011bta pr\u00e1ce pro u\u010d\u0148ovsk\u00e9 obory H.<\/h2>\n\n\n<a href=\"https:\/\/waldorf.pb.cz\/wp-content\/uploads\/2025\/05\/OTAZKY_ZE_SVETA_PRACE_PRO_OBORY_VZDELANI_KATEGORIE_H.pdf\" class=\"pdfemb-viewer\" style=\"\" data-width=\"max\" data-height=\"max\"  data-toolbar=\"bottom\" data-toolbar-fixed=\"off\">OTAZKY_ZE_SVETA_PRACE_PRO_OBORY_VZDELANI_KATEGORIE_H<br\/><\/a>\n<p class=\"wp-block-pdfemb-pdf-embedder-viewer\"><\/p>\n\n\n\n<p>obor <strong>reproduk\u010dn\u00ed grafik<\/strong>:<br><br>obor <strong>um\u011bleck\u00fd kov\u00e1\u0159, z\u00e1me\u010dn\u00edk a&nbsp;pas\u00ed\u0159<\/strong>:<br><br>obor <strong>um\u011bleck\u00fd truhl\u00e1\u0159 a&nbsp;\u0159ezb\u00e1\u0159<\/strong>:<br><br><\/p>\n","protected":false},"excerpt":{"rendered":"<p>Ot\u00e1zky ze sv\u011bta pr\u00e1ce pro u\u010d\u0148ovsk\u00e9 obory H. obor reproduk\u010dn\u00ed grafik: obor um\u011bleck\u00fd kov\u00e1\u0159, z\u00e1me\u010dn\u00edk a&nbsp;pas\u00ed\u0159: obor um\u011bleck\u00fd truhl\u00e1\u0159 a&nbsp;\u0159ezb\u00e1\u0159:<\/p>\n","protected":false},"author":2,"featured_media":0,"parent":73,"menu_order":0,"comment_status":"closed","ping_status":"closed","template":"template-full-width.php","meta":{"footnotes":""},"class_list":["post-2307","page","type-page","status-publish","hentry"],"_links":{"self":[{"href":"https:\/\/waldorf.pb.cz\/index.php?rest_route=\/wp\/v2\/pages\/2307","targetHints":{"allow":["GET"]}}],"collection":[{"href":"https:\/\/waldorf.pb.cz\/index.php?rest_route=\/wp\/v2\/pages"}],"about":[{"href":"https:\/\/waldorf.pb.cz\/index.php?rest_route=\/wp\/v2\/types\/page"}],"author":[{"embeddable":true,"href":"https:\/\/waldorf.pb.cz\/index.php?rest_route=\/wp\/v2\/users\/2"}],"replies":[{"embeddable":true,"href":"https:\/\/waldorf.pb.cz\/index.php?rest_route=%2Fwp%2Fv2%2Fcomments&post=2307"}],"version-history":[{"count":6,"href":"https:\/\/waldorf.pb.cz\/index.php?rest_route=\/wp\/v2\/pages\/2307\/revisions"}],"predecessor-version":[{"id":5464,"href":"https:\/\/waldorf.pb.cz\/index.php?rest_route=\/wp\/v2\/pages\/2307\/revisions\/5464"}],"up":[{"embeddable":true,"href":"https:\/\/waldorf.pb.cz\/index.php?rest_route=\/wp\/v2\/pages\/73"}],"wp:attachment":[{"href":"https:\/\/waldorf.pb.cz\/index.php?rest_route=%2Fwp%2Fv2%2Fmedia&parent=2307"}],"curies":[{"name":"wp","href":"https:\/\/api.w.org\/{rel}","templated":true}]}}