{"id":2142,"date":"2021-01-15T13:58:16","date_gmt":"2021-01-15T13:58:16","guid":{"rendered":"http:\/\/www.waldorf-pb.cz\/?page_id=2142"},"modified":"2025-11-10T14:13:11","modified_gmt":"2025-11-10T14:13:11","slug":"maturita","status":"publish","type":"page","link":"https:\/\/waldorf.pb.cz\/?page_id=2142","title":{"rendered":"maturita"},"content":{"rendered":"\n<p><strong>Spole\u010dn\u00e1 ustanoven\u00ed pro kon\u00e1n\u00ed maturitn\u00edch zkou\u0161ek ve \u0161koln\u00edm roce 2025\/2026<\/strong> <a href=\"https:\/\/waldorf.pb.cz\/wp-content\/uploads\/2025\/10\/250930-Spolecna-ustanoveni-pro-konani-maturitnich-zkousek-2026.pdf\" data-type=\"URL\" target=\"_blank\" rel=\"noreferrer noopener\">Soubor ke sta\u017een\u00ed ZDE<\/a>.<br>Seznam maturitn\u00ed \u010detby pro rok 2025\/2026 <a rel=\"noreferrer noopener\" href=\"https:\/\/waldorf.pb.cz\/wp-content\/uploads\/2025\/10\/250930-Seznam-cetby-WS-MZ-jaro-2026.pdf\" target=\"_blank\">Soubor ke sta\u017een\u00ed ZDE.<\/a><\/p>\n","protected":false},"excerpt":{"rendered":"<p>Spole\u010dn\u00e1 ustanoven\u00ed pro kon\u00e1n\u00ed maturitn\u00edch zkou\u0161ek ve \u0161koln\u00edm roce 2025\/2026 Soubor ke sta\u017een\u00ed ZDE.Seznam maturitn\u00ed \u010detby pro rok 2025\/2026 Soubor ke sta\u017een\u00ed ZDE.<\/p>\n","protected":false},"author":2,"featured_media":0,"parent":73,"menu_order":0,"comment_status":"closed","ping_status":"closed","template":"","meta":{"footnotes":""},"class_list":["post-2142","page","type-page","status-publish","hentry"],"_links":{"self":[{"href":"https:\/\/waldorf.pb.cz\/index.php?rest_route=\/wp\/v2\/pages\/2142","targetHints":{"allow":["GET"]}}],"collection":[{"href":"https:\/\/waldorf.pb.cz\/index.php?rest_route=\/wp\/v2\/pages"}],"about":[{"href":"https:\/\/waldorf.pb.cz\/index.php?rest_route=\/wp\/v2\/types\/page"}],"author":[{"embeddable":true,"href":"https:\/\/waldorf.pb.cz\/index.php?rest_route=\/wp\/v2\/users\/2"}],"replies":[{"embeddable":true,"href":"https:\/\/waldorf.pb.cz\/index.php?rest_route=%2Fwp%2Fv2%2Fcomments&post=2142"}],"version-history":[{"count":50,"href":"https:\/\/waldorf.pb.cz\/index.php?rest_route=\/wp\/v2\/pages\/2142\/revisions"}],"predecessor-version":[{"id":5674,"href":"https:\/\/waldorf.pb.cz\/index.php?rest_route=\/wp\/v2\/pages\/2142\/revisions\/5674"}],"up":[{"embeddable":true,"href":"https:\/\/waldorf.pb.cz\/index.php?rest_route=\/wp\/v2\/pages\/73"}],"wp:attachment":[{"href":"https:\/\/waldorf.pb.cz\/index.php?rest_route=%2Fwp%2Fv2%2Fmedia&parent=2142"}],"curies":[{"name":"wp","href":"https:\/\/api.w.org\/{rel}","templated":true}]}}