{"id":1965,"date":"2020-12-15T07:01:33","date_gmt":"2020-12-15T07:01:33","guid":{"rendered":"http:\/\/www.waldorf-pb.cz\/?page_id=1965"},"modified":"2021-01-08T08:57:30","modified_gmt":"2021-01-08T08:57:30","slug":"terapeuticka-eurytmie","status":"publish","type":"page","link":"https:\/\/waldorf.pb.cz\/?page_id=1965","title":{"rendered":"Terapeutick\u00e1 eurytmie"},"content":{"rendered":"\n<p>Na\u0161e \u0161kola spolupracuje s&nbsp;eurytmistkou Mgr. Jitkou \u010c\u00e1povou. V\u00edce informac\u00ed naleznete zde.<\/p>\n\n\n<a href=\"https:\/\/waldorf.pb.cz\/wp-content\/uploads\/2020\/12\/Terapeuticka-eurytmie_JitkaCapova.pdf\" class=\"pdfemb-viewer\" style=\"\" data-width=\"max\" data-height=\"max\"  data-toolbar=\"bottom\" data-toolbar-fixed=\"off\">Terapeuticka-eurytmie_JitkaCapova<br\/><\/a>\n<p class=\"wp-block-pdfemb-pdf-embedder-viewer\"><\/p>\n","protected":false},"excerpt":{"rendered":"<p>Na\u0161e \u0161kola spolupracuje s&nbsp;eurytmistkou Mgr. Jitkou \u010c\u00e1povou. V\u00edce informac\u00ed naleznete zde.<\/p>\n","protected":false},"author":2,"featured_media":0,"parent":178,"menu_order":52,"comment_status":"closed","ping_status":"closed","template":"","meta":{"footnotes":""},"class_list":["post-1965","page","type-page","status-publish","hentry"],"_links":{"self":[{"href":"https:\/\/waldorf.pb.cz\/index.php?rest_route=\/wp\/v2\/pages\/1965","targetHints":{"allow":["GET"]}}],"collection":[{"href":"https:\/\/waldorf.pb.cz\/index.php?rest_route=\/wp\/v2\/pages"}],"about":[{"href":"https:\/\/waldorf.pb.cz\/index.php?rest_route=\/wp\/v2\/types\/page"}],"author":[{"embeddable":true,"href":"https:\/\/waldorf.pb.cz\/index.php?rest_route=\/wp\/v2\/users\/2"}],"replies":[{"embeddable":true,"href":"https:\/\/waldorf.pb.cz\/index.php?rest_route=%2Fwp%2Fv2%2Fcomments&post=1965"}],"version-history":[{"count":2,"href":"https:\/\/waldorf.pb.cz\/index.php?rest_route=\/wp\/v2\/pages\/1965\/revisions"}],"predecessor-version":[{"id":1969,"href":"https:\/\/waldorf.pb.cz\/index.php?rest_route=\/wp\/v2\/pages\/1965\/revisions\/1969"}],"up":[{"embeddable":true,"href":"https:\/\/waldorf.pb.cz\/index.php?rest_route=\/wp\/v2\/pages\/178"}],"wp:attachment":[{"href":"https:\/\/waldorf.pb.cz\/index.php?rest_route=%2Fwp%2Fv2%2Fmedia&parent=1965"}],"curies":[{"name":"wp","href":"https:\/\/api.w.org\/{rel}","templated":true}]}}