{"id":1945,"date":"2020-12-14T10:36:05","date_gmt":"2020-12-14T10:36:05","guid":{"rendered":"http:\/\/www.waldorf-pb.cz\/?page_id=1945"},"modified":"2021-01-08T09:00:55","modified_gmt":"2021-01-08T09:00:55","slug":"isic-prukazy","status":"publish","type":"page","link":"https:\/\/waldorf.pb.cz\/?page_id=1945","title":{"rendered":"ISIC pr\u016fkazy"},"content":{"rendered":"\n<figure class=\"wp-block-image size-large\"><img loading=\"lazy\" decoding=\"async\" width=\"300\" height=\"120\" src=\"https:\/\/waldorf.pb.cz\/wp-content\/uploads\/2020\/12\/logo_isic-1.png\" alt=\"\" class=\"wp-image-1954\"\/><\/figure>\n\n\n\n<p>Na\u0161e \u0161kola zprost\u0159edkov\u00e1v\u00e1 pr\u016fkazy ISIC pro \u017e\u00e1ky. Zde si m\u016f\u017eete st\u00e1hnout \u017e\u00e1dost a&nbsp;informace. V&nbsp;p\u0159\u00edpad\u011b z\u00e1jmu o&nbsp;pr\u016fkaz se obra\u0165te na hospod\u00e1\u0159ku \u0161koly p. Andreu Proch\u00e1zkovou <a rel=\"noreferrer noopener\" href=\"mailto:andrea.prochazkova@waldorf.pb.cz\" target=\"_blank\">andrea.prochazkova@waldorf.pb.cz<\/a><\/p>\n\n\n\n<p>Dopis ISIC Student <a rel=\"noreferrer noopener\" href=\"https:\/\/waldorf.pb.cz\/wp-content\/uploads\/2020\/12\/Dopis-ISIC-student.docx\" target=\"_blank\">form\u00e1t doc<\/a> <a rel=\"noreferrer noopener\" href=\"https:\/\/waldorf.pb.cz\/wp-content\/uploads\/2020\/12\/Dopis-ISIC-student.pdf\" target=\"_blank\">form\u00e1t pdf<\/a><br>Dopis ISIC \u0160kol\u00e1k <a rel=\"noreferrer noopener\" href=\"https:\/\/waldorf.pb.cz\/wp-content\/uploads\/2020\/12\/Dopis_ISIC_skolak.docx\" target=\"_blank\">form\u00e1t doc<\/a> <a rel=\"noreferrer noopener\" href=\"https:\/\/waldorf.pb.cz\/wp-content\/uploads\/2020\/12\/Dopis_ISIC_skolak.pdf\" target=\"_blank\">form\u00e1t pdf<\/a><br>\u017d\u00e1dost o&nbsp;vystaven\u00ed pr\u016fkazu ISIC &#8211; <a rel=\"noreferrer noopener\" href=\"https:\/\/waldorf.pb.cz\/wp-content\/uploads\/2020\/12\/Zadost-o-vystaveni-ISIC-ITIC-ALIVE.docx\" target=\"_blank\">form\u00e1t doc<\/a> <a rel=\"noreferrer noopener\" href=\"https:\/\/waldorf.pb.cz\/wp-content\/uploads\/2020\/12\/Zadost-o-vystaveni-ISIC-ITIC-ALIVE.pdf\" target=\"_blank\">form\u00e1t pdf<\/a><\/p>\n","protected":false},"excerpt":{"rendered":"<p>Na\u0161e \u0161kola zprost\u0159edkov\u00e1v\u00e1 pr\u016fkazy ISIC pro \u017e\u00e1ky. Zde si m\u016f\u017eete st\u00e1hnout \u017e\u00e1dost a&nbsp;informace. V&nbsp;p\u0159\u00edpad\u011b z\u00e1jmu o&nbsp;pr\u016fkaz se obra\u0165te na hospod\u00e1\u0159ku \u0161koly p. Andreu Proch\u00e1zkovou andrea.prochazkova@waldorf.pb.cz Dopis ISIC Student form\u00e1t doc form\u00e1t pdfDopis ISIC \u0160kol\u00e1k form\u00e1t doc form\u00e1t pdf\u017d\u00e1dost o&nbsp;vystaven\u00ed pr\u016fkazu ISIC &#8211; form\u00e1t doc form\u00e1t pdf<\/p>\n","protected":false},"author":2,"featured_media":0,"parent":431,"menu_order":54,"comment_status":"closed","ping_status":"closed","template":"","meta":{"footnotes":""},"class_list":["post-1945","page","type-page","status-publish","hentry"],"_links":{"self":[{"href":"https:\/\/waldorf.pb.cz\/index.php?rest_route=\/wp\/v2\/pages\/1945","targetHints":{"allow":["GET"]}}],"collection":[{"href":"https:\/\/waldorf.pb.cz\/index.php?rest_route=\/wp\/v2\/pages"}],"about":[{"href":"https:\/\/waldorf.pb.cz\/index.php?rest_route=\/wp\/v2\/types\/page"}],"author":[{"embeddable":true,"href":"https:\/\/waldorf.pb.cz\/index.php?rest_route=\/wp\/v2\/users\/2"}],"replies":[{"embeddable":true,"href":"https:\/\/waldorf.pb.cz\/index.php?rest_route=%2Fwp%2Fv2%2Fcomments&post=1945"}],"version-history":[{"count":5,"href":"https:\/\/waldorf.pb.cz\/index.php?rest_route=\/wp\/v2\/pages\/1945\/revisions"}],"predecessor-version":[{"id":1958,"href":"https:\/\/waldorf.pb.cz\/index.php?rest_route=\/wp\/v2\/pages\/1945\/revisions\/1958"}],"up":[{"embeddable":true,"href":"https:\/\/waldorf.pb.cz\/index.php?rest_route=\/wp\/v2\/pages\/431"}],"wp:attachment":[{"href":"https:\/\/waldorf.pb.cz\/index.php?rest_route=%2Fwp%2Fv2%2Fmedia&parent=1945"}],"curies":[{"name":"wp","href":"https:\/\/api.w.org\/{rel}","templated":true}]}}