{"id":178,"date":"2019-09-02T09:05:12","date_gmt":"2019-09-02T09:05:12","guid":{"rendered":"http:\/\/www.waldorf-pb.cz\/?page_id=178"},"modified":"2019-11-09T15:45:25","modified_gmt":"2019-11-09T15:45:25","slug":"zajmova-cinnost","status":"publish","type":"page","link":"https:\/\/waldorf.pb.cz\/?page_id=178","title":{"rendered":"Z\u00e1jmov\u00e1 \u010dinnost"},"content":{"rendered":"\n<p>loutkoherectv\u00ed<\/p>\n\n\n\n<p>Keramika<\/p>\n\n\n\n<p>ZU\u0160 p\u0159i SW\u0160<\/p>\n\n\n\n<p>sbor Canta Vera<\/p>\n\n\n\n<div class=\"wp-block-image\"><figure class=\"alignleft\"><img decoding=\"async\" src=\"https:\/\/waldorf.pb.cz\/wp-content\/uploads\/2019\/11\/191103-Musica-Humana-Josef-Kr\u010dek-semin\u00e1\u0159-P\u0159\u00edbram-pdf-724x1024.jpg\" alt=\"\" class=\"wp-image-421\"\/><figcaption> Muzikoterapie &#8211; pr\u00e1v\u011b prob\u00edh\u00e1 kurz pod veden\u00edm Josefa Kr\u010dka  <\/figcaption><\/figure><\/div>\n","protected":false},"excerpt":{"rendered":"<p>loutkoherectv\u00ed Keramika ZU\u0160 p\u0159i SW\u0160 sbor Canta Vera<\/p>\n","protected":false},"author":1,"featured_media":0,"parent":0,"menu_order":47,"comment_status":"closed","ping_status":"closed","template":"template-full-width.php","meta":{"footnotes":""},"class_list":["post-178","page","type-page","status-publish","hentry"],"_links":{"self":[{"href":"https:\/\/waldorf.pb.cz\/index.php?rest_route=\/wp\/v2\/pages\/178","targetHints":{"allow":["GET"]}}],"collection":[{"href":"https:\/\/waldorf.pb.cz\/index.php?rest_route=\/wp\/v2\/pages"}],"about":[{"href":"https:\/\/waldorf.pb.cz\/index.php?rest_route=\/wp\/v2\/types\/page"}],"author":[{"embeddable":true,"href":"https:\/\/waldorf.pb.cz\/index.php?rest_route=\/wp\/v2\/users\/1"}],"replies":[{"embeddable":true,"href":"https:\/\/waldorf.pb.cz\/index.php?rest_route=%2Fwp%2Fv2%2Fcomments&post=178"}],"version-history":[{"count":7,"href":"https:\/\/waldorf.pb.cz\/index.php?rest_route=\/wp\/v2\/pages\/178\/revisions"}],"predecessor-version":[{"id":427,"href":"https:\/\/waldorf.pb.cz\/index.php?rest_route=\/wp\/v2\/pages\/178\/revisions\/427"}],"wp:attachment":[{"href":"https:\/\/waldorf.pb.cz\/index.php?rest_route=%2Fwp%2Fv2%2Fmedia&parent=178"}],"curies":[{"name":"wp","href":"https:\/\/api.w.org\/{rel}","templated":true}]}}