{"id":168,"date":"2019-09-02T08:51:44","date_gmt":"2019-09-02T08:51:44","guid":{"rendered":"http:\/\/www.waldorf-pb.cz\/?page_id=168"},"modified":"2023-01-10T10:38:08","modified_gmt":"2023-01-10T10:38:08","slug":"prace-studentu","status":"publish","type":"page","link":"https:\/\/waldorf.pb.cz\/?page_id=168","title":{"rendered":"pr\u00e1ce \u017e\u00e1k\u016f"},"content":{"rendered":"\n<h2 class=\"has-text-align-center wp-block-heading\">Den poezie<\/h2>\n\n\n\n<p>Ve \u010dtvrtek 10.11.&nbsp;jsme si na st\u0159edn\u00ed \u0161kole pro\u017eili ji\u017e \u0161est\u00fd ro\u010dn\u00edk Dne poezie. Rozd\u011blili jsme se do \u0161esti skupin, ve kter\u00fdch jsme pracovali na r\u016fzn\u00fdch projektech. Tyto skupiny byly:<\/p>\n\n\n\n<ul class=\"wp-block-list\"><li>Tradi\u010dn\u00ed japonsk\u00e1 poezie haiku<\/li><li>Tv\u016fr\u010d\u00ed psan\u00ed<\/li><li>Ilustrace z\u00a0textilu<\/li><li>Jak slo\u017eit p\u00edsni\u010dku<\/li><li>Animovan\u00e1 b\u00e1se\u0148<\/li><li>Jak prodat knihu sv\u00e9ho \u017eivota<\/li><\/ul>\n\n\n\n<p>V\u00fdsledky skupin jsou ve vydan\u00e9m sborn\u00edku. V&nbsp;n\u00e1sleduj\u00edc\u00edch souborech jsou v\u00fdstupy skupiny Jak slo\u017eit p\u00edsni\u010dku.<\/p>\n\n\n\n<div class=\"wp-block-columns is-layout-flex wp-container-core-columns-is-layout-9d6595d7 wp-block-columns-is-layout-flex\">\n<div class=\"wp-block-column is-layout-flow wp-block-column-is-layout-flow\">\n<figure class=\"wp-block-audio\"><audio controls src=\"https:\/\/waldorf.pb.cz\/wp-content\/uploads\/2023\/01\/Hornicka\u0301-2.mp3\"><\/audio><\/figure>\n<\/div>\n\n\n\n<div class=\"wp-block-column is-layout-flow wp-block-column-is-layout-flow\">\n<figure class=\"wp-block-audio\"><audio controls src=\"https:\/\/waldorf.pb.cz\/wp-content\/uploads\/2023\/01\/Hornicka\u0301-3.mp3\"><\/audio><\/figure>\n<\/div>\n\n\n\n<div class=\"wp-block-column is-layout-flow wp-block-column-is-layout-flow\">\n<figure class=\"wp-block-audio\"><audio controls src=\"https:\/\/waldorf.pb.cz\/wp-content\/uploads\/2023\/01\/Rododendron_01-1.mp3\"><\/audio><\/figure>\n<\/div>\n<\/div>\n\n\n\n<p>Pracovali jsme na tom od 10:20 hodin do 12:00 hodin a&nbsp;po pauze na ob\u011bd se cel\u00e9 lyceum v\u00a0jednu hodinu se\u0161lo, a&nbsp;navz\u00e1jem jsme si p\u0159edstavili na\u0161e v\u00fdtvory. Spole\u010dn\u011b str\u00e1ven\u00fd \u010das jsme si velmi u\u017eili a&nbsp;budeme se t\u011b\u0161it na dal\u0161\u00ed ro\u010dn\u00edk t\u00e9to akce.<\/p>\n\n\n\n<h2 class=\"has-text-align-center wp-block-heading\"> <br>Ro\u010dn\u00edkov\u00e9 pr\u00e1ce \u017e\u00e1k\u016f u\u010d\u0148ovsk\u00fdch obor\u016f<\/h2>\n\n\n\n<h3 class=\"wp-block-heading\"><span style=\"color:#e08433\" class=\"tadv-color\">Vlastimil Hanu\u0161 (3.&nbsp;ro\u010dn\u00edk) \u2013 \u0161k. rok 2019\/20<\/span><\/h3>\n\n\n\n<div class=\"wp-block-columns is-layout-flex wp-container-core-columns-is-layout-9d6595d7 wp-block-columns-is-layout-flex\">\n<div class=\"wp-block-column is-layout-flow wp-block-column-is-layout-flow\" style=\"flex-basis:100%\">\n<div class=\"wp-block-columns are-vertically-aligned-center is-layout-flex wp-container-core-columns-is-layout-9d6595d7 wp-block-columns-is-layout-flex\">\n<div class=\"wp-block-column is-vertically-aligned-center is-layout-flow wp-block-column-is-layout-flow\">\n<figure class=\"wp-block-image size-full\"><img loading=\"lazy\" decoding=\"async\" width=\"1707\" height=\"2560\" src=\"https:\/\/waldorf.pb.cz\/wp-content\/uploads\/2022\/03\/RP-2019-20-celek-Hanus-Vlastimil-scaled.jpg\" alt=\"\" class=\"wp-image-3382\" srcset=\"https:\/\/waldorf.pb.cz\/wp-content\/uploads\/2022\/03\/RP-2019-20-celek-Hanus-Vlastimil-scaled.jpg 1707w, https:\/\/waldorf.pb.cz\/wp-content\/uploads\/2022\/03\/RP-2019-20-celek-Hanus-Vlastimil-200x300.jpg 200w, https:\/\/waldorf.pb.cz\/wp-content\/uploads\/2022\/03\/RP-2019-20-celek-Hanus-Vlastimil-683x1024.jpg 683w, https:\/\/waldorf.pb.cz\/wp-content\/uploads\/2022\/03\/RP-2019-20-celek-Hanus-Vlastimil-768x1152.jpg 768w, https:\/\/waldorf.pb.cz\/wp-content\/uploads\/2022\/03\/RP-2019-20-celek-Hanus-Vlastimil-1024x1536.jpg 1024w, https:\/\/waldorf.pb.cz\/wp-content\/uploads\/2022\/03\/RP-2019-20-celek-Hanus-Vlastimil-1365x2048.jpg 1365w\" sizes=\"auto, (max-width: 1707px) 100vw, 1707px\" \/><\/figure>\n<\/div>\n\n\n\n<div class=\"wp-block-column is-vertically-aligned-center is-layout-flow wp-block-column-is-layout-flow\">\n<figure class=\"wp-block-image size-large\"><img loading=\"lazy\" decoding=\"async\" width=\"1024\" height=\"683\" src=\"https:\/\/waldorf.pb.cz\/wp-content\/uploads\/2022\/03\/RP-2019-20-detail_2-Hanus-Vlastimil-2-1024x683.jpg\" alt=\"\" class=\"wp-image-3404\" srcset=\"https:\/\/waldorf.pb.cz\/wp-content\/uploads\/2022\/03\/RP-2019-20-detail_2-Hanus-Vlastimil-2-1024x683.jpg 1024w, https:\/\/waldorf.pb.cz\/wp-content\/uploads\/2022\/03\/RP-2019-20-detail_2-Hanus-Vlastimil-2-300x200.jpg 300w, https:\/\/waldorf.pb.cz\/wp-content\/uploads\/2022\/03\/RP-2019-20-detail_2-Hanus-Vlastimil-2-768x512.jpg 768w, https:\/\/waldorf.pb.cz\/wp-content\/uploads\/2022\/03\/RP-2019-20-detail_2-Hanus-Vlastimil-2-1536x1024.jpg 1536w, https:\/\/waldorf.pb.cz\/wp-content\/uploads\/2022\/03\/RP-2019-20-detail_2-Hanus-Vlastimil-2-2048x1365.jpg 2048w, https:\/\/waldorf.pb.cz\/wp-content\/uploads\/2022\/03\/RP-2019-20-detail_2-Hanus-Vlastimil-2-75x50.jpg 75w\" sizes=\"auto, (max-width: 1024px) 100vw, 1024px\" \/><\/figure>\n\n\n\n<figure class=\"wp-block-image size-large\"><img loading=\"lazy\" decoding=\"async\" width=\"1024\" height=\"683\" src=\"https:\/\/waldorf.pb.cz\/wp-content\/uploads\/2022\/03\/RP-2019-20-detail_1-Hanus-Vlastimil-1024x683.jpg\" alt=\"\" class=\"wp-image-3383\" srcset=\"https:\/\/waldorf.pb.cz\/wp-content\/uploads\/2022\/03\/RP-2019-20-detail_1-Hanus-Vlastimil-1024x683.jpg 1024w, https:\/\/waldorf.pb.cz\/wp-content\/uploads\/2022\/03\/RP-2019-20-detail_1-Hanus-Vlastimil-300x200.jpg 300w, https:\/\/waldorf.pb.cz\/wp-content\/uploads\/2022\/03\/RP-2019-20-detail_1-Hanus-Vlastimil-768x512.jpg 768w, https:\/\/waldorf.pb.cz\/wp-content\/uploads\/2022\/03\/RP-2019-20-detail_1-Hanus-Vlastimil-1536x1024.jpg 1536w, https:\/\/waldorf.pb.cz\/wp-content\/uploads\/2022\/03\/RP-2019-20-detail_1-Hanus-Vlastimil-2048x1365.jpg 2048w, https:\/\/waldorf.pb.cz\/wp-content\/uploads\/2022\/03\/RP-2019-20-detail_1-Hanus-Vlastimil-75x50.jpg 75w\" sizes=\"auto, (max-width: 1024px) 100vw, 1024px\" \/><\/figure>\n<\/div>\n<\/div>\n<\/div>\n<\/div>\n\n\n\n<h3 class=\"wp-block-heading\">dal\u0161\u00ed pr\u00e1ce \u017e\u00e1k\u016f obor\u016f <strong><span style=\"color:#e08433\" class=\"tadv-color\">Um\u011bleck\u00fd truhl\u00e1\u0159 a&nbsp;\u0159ezb\u00e1\u0159<\/span><\/strong><span style=\"color:#0693e3\" class=\"tadv-color\"> <\/span>a <strong><span style=\"color:#e08433\" class=\"tadv-color\">Um\u011bleck\u00fd kov\u00e1\u0159 a&nbsp;z\u00e1me\u010dn\u00edk, pas\u00ed\u0159<\/span><\/strong><\/h3>\n\n\n\n<figure class=\"wp-block-gallery columns-3 wp-block-gallery-1 is-layout-flex wp-block-gallery-is-layout-flex\"><ul class=\"blocks-gallery-grid\"><li class=\"blocks-gallery-item\"><figure><a href=\"https:\/\/waldorf.pb.cz\/wp-content\/uploads\/2019\/11\/MG_7057.jpg\"><img loading=\"lazy\" decoding=\"async\" width=\"1024\" height=\"696\" src=\"https:\/\/waldorf.pb.cz\/wp-content\/uploads\/2019\/11\/MG_7057-1024x696.jpg\" alt=\"\" data-id=\"401\" data-full-url=\"https:\/\/waldorf.pb.cz\/wp-content\/uploads\/2019\/11\/MG_7057.jpg\" data-link=\"https:\/\/waldorf.pb.cz\/?attachment_id=401\" class=\"wp-image-401\" srcset=\"https:\/\/waldorf.pb.cz\/wp-content\/uploads\/2019\/11\/MG_7057-1024x696.jpg 1024w, https:\/\/waldorf.pb.cz\/wp-content\/uploads\/2019\/11\/MG_7057-300x204.jpg 300w, https:\/\/waldorf.pb.cz\/wp-content\/uploads\/2019\/11\/MG_7057-768x522.jpg 768w, https:\/\/waldorf.pb.cz\/wp-content\/uploads\/2019\/11\/MG_7057-75x50.jpg 75w\" sizes=\"auto, (max-width: 1024px) 100vw, 1024px\" \/><\/a><\/figure><\/li><li class=\"blocks-gallery-item\"><figure><a href=\"https:\/\/waldorf.pb.cz\/wp-content\/uploads\/2019\/11\/MG_7070-e1575268615382.jpg\"><img loading=\"lazy\" decoding=\"async\" width=\"1024\" height=\"887\" src=\"https:\/\/waldorf.pb.cz\/wp-content\/uploads\/2019\/11\/MG_7070-e1575268615382-1024x887.jpg\" alt=\"\" data-id=\"402\" data-full-url=\"https:\/\/waldorf.pb.cz\/wp-content\/uploads\/2019\/11\/MG_7070-e1575268615382.jpg\" data-link=\"https:\/\/waldorf.pb.cz\/?attachment_id=402\" class=\"wp-image-402\" srcset=\"https:\/\/waldorf.pb.cz\/wp-content\/uploads\/2019\/11\/MG_7070-e1575268615382-1024x887.jpg 1024w, https:\/\/waldorf.pb.cz\/wp-content\/uploads\/2019\/11\/MG_7070-e1575268615382-300x260.jpg 300w, https:\/\/waldorf.pb.cz\/wp-content\/uploads\/2019\/11\/MG_7070-e1575268615382-768x665.jpg 768w, https:\/\/waldorf.pb.cz\/wp-content\/uploads\/2019\/11\/MG_7070-e1575268615382-1536x1331.jpg 1536w, https:\/\/waldorf.pb.cz\/wp-content\/uploads\/2019\/11\/MG_7070-e1575268615382-2048x1774.jpg 2048w\" sizes=\"auto, (max-width: 1024px) 100vw, 1024px\" \/><\/a><\/figure><\/li><li class=\"blocks-gallery-item\"><figure><a href=\"https:\/\/waldorf.pb.cz\/wp-content\/uploads\/2019\/11\/MG_7033.jpg\"><img loading=\"lazy\" decoding=\"async\" width=\"1024\" height=\"668\" src=\"https:\/\/waldorf.pb.cz\/wp-content\/uploads\/2019\/11\/MG_7033-1024x668.jpg\" alt=\"\" data-id=\"399\" data-full-url=\"https:\/\/waldorf.pb.cz\/wp-content\/uploads\/2019\/11\/MG_7033.jpg\" data-link=\"https:\/\/waldorf.pb.cz\/?attachment_id=399\" class=\"wp-image-399\" srcset=\"https:\/\/waldorf.pb.cz\/wp-content\/uploads\/2019\/11\/MG_7033-1024x668.jpg 1024w, https:\/\/waldorf.pb.cz\/wp-content\/uploads\/2019\/11\/MG_7033-300x196.jpg 300w, https:\/\/waldorf.pb.cz\/wp-content\/uploads\/2019\/11\/MG_7033-768x501.jpg 768w, https:\/\/waldorf.pb.cz\/wp-content\/uploads\/2019\/11\/MG_7033-75x50.jpg 75w\" sizes=\"auto, (max-width: 1024px) 100vw, 1024px\" \/><\/a><\/figure><\/li><\/ul><\/figure>\n\n\n\n<figure class=\"wp-block-gallery aligncenter columns-3 wp-block-gallery-2 is-layout-flex wp-block-gallery-is-layout-flex\"><ul class=\"blocks-gallery-grid\"><li class=\"blocks-gallery-item\"><figure><a href=\"https:\/\/waldorf.pb.cz\/wp-content\/uploads\/2019\/11\/MG_6969.jpg\"><img loading=\"lazy\" decoding=\"async\" width=\"672\" height=\"1024\" src=\"https:\/\/waldorf.pb.cz\/wp-content\/uploads\/2019\/11\/MG_6969-672x1024.jpg\" alt=\"\" data-id=\"404\" data-full-url=\"https:\/\/waldorf.pb.cz\/wp-content\/uploads\/2019\/11\/MG_6969.jpg\" data-link=\"https:\/\/waldorf.pb.cz\/?attachment_id=404\" class=\"wp-image-404\" srcset=\"https:\/\/waldorf.pb.cz\/wp-content\/uploads\/2019\/11\/MG_6969-672x1024.jpg 672w, https:\/\/waldorf.pb.cz\/wp-content\/uploads\/2019\/11\/MG_6969-197x300.jpg 197w, https:\/\/waldorf.pb.cz\/wp-content\/uploads\/2019\/11\/MG_6969-768x1171.jpg 768w\" sizes=\"auto, (max-width: 672px) 100vw, 672px\" \/><\/a><\/figure><\/li><li class=\"blocks-gallery-item\"><figure><a href=\"https:\/\/waldorf.pb.cz\/wp-content\/uploads\/2019\/11\/MG_7051-e1577542423747.jpg\"><img loading=\"lazy\" decoding=\"async\" width=\"1024\" height=\"1006\" src=\"https:\/\/waldorf.pb.cz\/wp-content\/uploads\/2019\/11\/MG_7051-e1577542423747-1024x1006.jpg\" alt=\"\" data-id=\"405\" data-full-url=\"https:\/\/waldorf.pb.cz\/wp-content\/uploads\/2019\/11\/MG_7051-e1577542423747.jpg\" data-link=\"https:\/\/waldorf.pb.cz\/?attachment_id=405\" class=\"wp-image-405\" srcset=\"https:\/\/waldorf.pb.cz\/wp-content\/uploads\/2019\/11\/MG_7051-e1577542423747-1024x1006.jpg 1024w, https:\/\/waldorf.pb.cz\/wp-content\/uploads\/2019\/11\/MG_7051-e1577542423747-300x295.jpg 300w, https:\/\/waldorf.pb.cz\/wp-content\/uploads\/2019\/11\/MG_7051-e1577542423747-768x755.jpg 768w, https:\/\/waldorf.pb.cz\/wp-content\/uploads\/2019\/11\/MG_7051-e1577542423747-1536x1509.jpg 1536w, https:\/\/waldorf.pb.cz\/wp-content\/uploads\/2019\/11\/MG_7051-e1577542423747-2048x2012.jpg 2048w\" sizes=\"auto, (max-width: 1024px) 100vw, 1024px\" \/><\/a><\/figure><\/li><li class=\"blocks-gallery-item\"><figure><a href=\"https:\/\/waldorf.pb.cz\/wp-content\/uploads\/2019\/11\/MG_6978-e1577542357689.jpg\"><img loading=\"lazy\" decoding=\"async\" width=\"671\" height=\"1024\" src=\"https:\/\/waldorf.pb.cz\/wp-content\/uploads\/2019\/11\/MG_6978-e1577542357689-671x1024.jpg\" alt=\"\" data-id=\"396\" data-full-url=\"https:\/\/waldorf.pb.cz\/wp-content\/uploads\/2019\/11\/MG_6978-e1577542357689.jpg\" data-link=\"https:\/\/waldorf.pb.cz\/?attachment_id=396\" class=\"wp-image-396\" srcset=\"https:\/\/waldorf.pb.cz\/wp-content\/uploads\/2019\/11\/MG_6978-e1577542357689-671x1024.jpg 671w, https:\/\/waldorf.pb.cz\/wp-content\/uploads\/2019\/11\/MG_6978-e1577542357689-197x300.jpg 197w, https:\/\/waldorf.pb.cz\/wp-content\/uploads\/2019\/11\/MG_6978-e1577542357689-768x1172.jpg 768w, https:\/\/waldorf.pb.cz\/wp-content\/uploads\/2019\/11\/MG_6978-e1577542357689-1007x1536.jpg 1007w, https:\/\/waldorf.pb.cz\/wp-content\/uploads\/2019\/11\/MG_6978-e1577542357689-1343x2048.jpg 1343w\" sizes=\"auto, (max-width: 671px) 100vw, 671px\" \/><\/a><\/figure><\/li><\/ul><\/figure>\n\n\n\n<p><\/p>\n","protected":false},"excerpt":{"rendered":"<p>Den poezie Ve \u010dtvrtek 10.11.&nbsp;jsme si na st\u0159edn\u00ed \u0161kole pro\u017eili ji\u017e \u0161est\u00fd ro\u010dn\u00edk Dne poezie. Rozd\u011blili jsme se do \u0161esti skupin, ve kter\u00fdch jsme pracovali na r\u016fzn\u00fdch projektech. Tyto skupiny byly: Tradi\u010dn\u00ed japonsk\u00e1 poezie haiku Tv\u016fr\u010d\u00ed psan\u00ed Ilustrace z\u00a0textilu Jak slo\u017eit p\u00edsni\u010dku Animovan\u00e1 b\u00e1se\u0148 Jak prodat knihu sv\u00e9ho \u017eivota V\u00fdsledky skupin jsou ve vydan\u00e9m sborn\u00edku. &hellip; <a href=\"https:\/\/waldorf.pb.cz\/?page_id=168\">Continue reading <span class=\"meta-nav\">&rarr;<\/span><\/a><\/p>\n","protected":false},"author":1,"featured_media":0,"parent":12,"menu_order":31,"comment_status":"closed","ping_status":"closed","template":"template-full-width.php","meta":{"footnotes":""},"class_list":["post-168","page","type-page","status-publish","hentry"],"_links":{"self":[{"href":"https:\/\/waldorf.pb.cz\/index.php?rest_route=\/wp\/v2\/pages\/168","targetHints":{"allow":["GET"]}}],"collection":[{"href":"https:\/\/waldorf.pb.cz\/index.php?rest_route=\/wp\/v2\/pages"}],"about":[{"href":"https:\/\/waldorf.pb.cz\/index.php?rest_route=\/wp\/v2\/types\/page"}],"author":[{"embeddable":true,"href":"https:\/\/waldorf.pb.cz\/index.php?rest_route=\/wp\/v2\/users\/1"}],"replies":[{"embeddable":true,"href":"https:\/\/waldorf.pb.cz\/index.php?rest_route=%2Fwp%2Fv2%2Fcomments&post=168"}],"version-history":[{"count":69,"href":"https:\/\/waldorf.pb.cz\/index.php?rest_route=\/wp\/v2\/pages\/168\/revisions"}],"predecessor-version":[{"id":4060,"href":"https:\/\/waldorf.pb.cz\/index.php?rest_route=\/wp\/v2\/pages\/168\/revisions\/4060"}],"up":[{"embeddable":true,"href":"https:\/\/waldorf.pb.cz\/index.php?rest_route=\/wp\/v2\/pages\/12"}],"wp:attachment":[{"href":"https:\/\/waldorf.pb.cz\/index.php?rest_route=%2Fwp%2Fv2%2Fmedia&parent=168"}],"curies":[{"name":"wp","href":"https:\/\/api.w.org\/{rel}","templated":true}]}}