{"id":1600,"date":"2020-04-01T04:17:15","date_gmt":"2020-04-01T04:17:15","guid":{"rendered":"http:\/\/www.waldorf-pb.cz\/?page_id=1600"},"modified":"2021-01-08T09:02:01","modified_gmt":"2021-01-08T09:02:01","slug":"dum-digitalni-ucebni-materialy","status":"publish","type":"page","link":"https:\/\/waldorf.pb.cz\/?page_id=1600","title":{"rendered":"DUM &#8211; digit\u00e1ln\u00ed u\u010debn\u00ed materi\u00e1ly"},"content":{"rendered":"\n<p>Materi\u00e1ly vytvo\u0159en\u00e9 na\u0161imi u\u010diteli naleznete <a rel=\"noreferrer noopener\" aria-label=\"zde (opens in a new tab)\" href=\"https:\/\/waldorf.pb.cz\/dum\/\" target=\"_blank\">zde<\/a>.<br>Dal\u0161\u00ed materi\u00e1ly naleznete na <a rel=\"noreferrer noopener\" aria-label=\"Metodick\u00e9m port\u00e1lu Inspirace a zku\u0161enosti u\u010ditel\u016f RVP (opens in a new tab)\" href=\"https:\/\/dum.rvp.cz\/index.html\" target=\"_blank\">Metodick\u00e9m port\u00e1lu Inspirace a&nbsp;zku\u0161enosti u\u010ditel\u016f RVP<\/a>. Digit\u00e1ln\u00ed u\u010debn\u00ed materi\u00e1ly vytv\u00e1\u0159eli u\u010ditel\u00e9 v&nbsp;letech 2009-2012.<\/p>\n","protected":false},"excerpt":{"rendered":"<p>Materi\u00e1ly vytvo\u0159en\u00e9 na\u0161imi u\u010diteli naleznete zde.Dal\u0161\u00ed materi\u00e1ly naleznete na Metodick\u00e9m port\u00e1lu Inspirace a&nbsp;zku\u0161enosti u\u010ditel\u016f RVP. Digit\u00e1ln\u00ed u\u010debn\u00ed materi\u00e1ly vytv\u00e1\u0159eli u\u010ditel\u00e9 v&nbsp;letech 2009-2012.<\/p>\n","protected":false},"author":2,"featured_media":0,"parent":437,"menu_order":37,"comment_status":"closed","ping_status":"closed","template":"","meta":{"footnotes":""},"class_list":["post-1600","page","type-page","status-publish","hentry"],"_links":{"self":[{"href":"https:\/\/waldorf.pb.cz\/index.php?rest_route=\/wp\/v2\/pages\/1600","targetHints":{"allow":["GET"]}}],"collection":[{"href":"https:\/\/waldorf.pb.cz\/index.php?rest_route=\/wp\/v2\/pages"}],"about":[{"href":"https:\/\/waldorf.pb.cz\/index.php?rest_route=\/wp\/v2\/types\/page"}],"author":[{"embeddable":true,"href":"https:\/\/waldorf.pb.cz\/index.php?rest_route=\/wp\/v2\/users\/2"}],"replies":[{"embeddable":true,"href":"https:\/\/waldorf.pb.cz\/index.php?rest_route=%2Fwp%2Fv2%2Fcomments&post=1600"}],"version-history":[{"count":4,"href":"https:\/\/waldorf.pb.cz\/index.php?rest_route=\/wp\/v2\/pages\/1600\/revisions"}],"predecessor-version":[{"id":1605,"href":"https:\/\/waldorf.pb.cz\/index.php?rest_route=\/wp\/v2\/pages\/1600\/revisions\/1605"}],"up":[{"embeddable":true,"href":"https:\/\/waldorf.pb.cz\/index.php?rest_route=\/wp\/v2\/pages\/437"}],"wp:attachment":[{"href":"https:\/\/waldorf.pb.cz\/index.php?rest_route=%2Fwp%2Fv2%2Fmedia&parent=1600"}],"curies":[{"name":"wp","href":"https:\/\/api.w.org\/{rel}","templated":true}]}}