{"id":1460,"date":"2020-03-07T07:37:30","date_gmt":"2020-03-07T07:37:30","guid":{"rendered":"http:\/\/www.waldorf-pb.cz\/?page_id=1460"},"modified":"2026-02-05T14:09:48","modified_gmt":"2026-02-05T14:09:48","slug":"zapis-do-ms","status":"publish","type":"page","link":"https:\/\/waldorf.pb.cz\/?page_id=1460","title":{"rendered":"Z\u00e1pis do M\u0160"},"content":{"rendered":"\n<p>Osobn\u00ed p\u0159ed\u00e1n\u00ed p\u0159ihl\u00e1\u0161ek je mo\u017en\u00e9 v&nbsp;den z\u00e1pisu \u00fater\u00fd <strong>9.&nbsp;dubna od 15.00 do 18.00 hodin<\/strong> v&nbsp;budov\u011b M\u0160 &#8211; n\u00e1m. Dr. J. Theurera 261, P\u0159\u00edbram II<br>Z\u00e1pis do M\u0160&nbsp; prob\u00edh\u00e1 formou <strong>osobn\u00edho setk\u00e1n\u00ed rodi\u010d\u016f s&nbsp;d\u011btmi <\/strong>v mate\u0159sk\u00e9 \u0161kole.<br>Kontakt pro komunikaci: <a href=\"mailto:anna.steinbach@waldorf.pb.cz?subject=Z\u00c1PIS 15. kv\u011btna&amp;body=Dobr\u00fd den, m\u00e1me z\u00e1jem o osobn\u00ed p\u0159ed\u00e1n\u00ed p\u0159ihl\u00e1\u0161ky. M\u016f\u017eete n\u00e1m, pros\u00edm, sd\u011blit hodinu, kdy bychom mohli p\u0159ij\u00edt?\" data-type=\"mailto\" data-id=\"mailto:anna.steinbach@waldorf.pb.cz?subject=Z\u00c1PIS 15. kv\u011btna&amp;body=Dobr\u00fd den, m\u00e1me z\u00e1jem o osobn\u00ed p\u0159ed\u00e1n\u00ed p\u0159ihl\u00e1\u0161ky. M\u016f\u017eete n\u00e1m, pros\u00edm, sd\u011blit hodinu, kdy bychom mohli p\u0159ij\u00edt?\" target=\"_blank\" rel=\"noreferrer noopener\">anna.steinbach@waldorf.pb.cz<\/a>)<\/p>\n\n\n\n<p><strong>Co pot\u0159ebujete dolo\u017eit:<\/strong><\/p>\n\n\n\n<ul class=\"wp-block-list\">\n<li>vypln\u011bnou \u017e\u00e1dost o&nbsp;p\u0159ijet\u00ed d\u00edt\u011bte k&nbsp;p\u0159ed\u0161koln\u00edmu vzd\u011bl\u00e1v\u00e1n\u00ed <\/li>\n\n\n\n<li>rodn\u00fd list d\u00edt\u011bte, sta\u010d\u00ed kopie<\/li>\n\n\n\n<li>vypln\u011bnou p\u0159\u00edlohu k&nbsp;\u017e\u00e1dosti &#8211; zpr\u00e1va praktick\u00e9ho l\u00e9ka\u0159e, potrzen\u00ed o&nbsp;\u0159\u00e1dn\u00e9m o\u010dkov\u00e1n\u00ed d\u00edt\u011bte (net\u00fdk\u00e1 se d\u011bt\u00ed, kter\u00e9 pln\u00ed povinn\u00e9 p\u0159ed\u0161koln\u00ed vzd\u011bl\u00e1v\u00e1n\u00ed)<\/li>\n\n\n\n<li>\u017e\u00e1dost je mo\u017en\u00e9 poslat i&nbsp;elektronicky p\u0159es datovou schr\u00e1nku \u0161koly do 9.&nbsp;dubna 2026.<\/li>\n<\/ul>\n\n\n\n<p><strong>POT\u0158EBN\u00c9 FORMUL\u00c1\u0158E KE STA\u017dEN\u00cd: <\/strong><a rel=\"noreferrer noopener\" href=\"https:\/\/waldorf.pb.cz\/wp-content\/uploads\/2023\/06\/Tiskopis-Zadost-o-prijeti-ditete-k-predskolnimu-vzdelavani.pdf\" target=\"_blank\">\u017d\u00e1dost<\/a><strong> a&nbsp;<\/strong><a rel=\"noreferrer noopener\" href=\"https:\/\/waldorf.pb.cz\/wp-content\/uploads\/2023\/06\/Tiskopis-Priloha-k-zadosti-o-prijeti-ditete-k-predskolnimu-vzdelavani.pdf\" target=\"_blank\">P\u0159\u00edloha k&nbsp;\u017e\u00e1dosti<\/a><\/p>\n\n\n\n<p><strong>Pro \u0161koln\u00ed rok 2026-27 je v&nbsp;na\u0161\u00ed M\u0160 voln\u00fdch 15 m\u00edst<\/strong><\/p>\n\n\n\n<ul class=\"wp-block-list\">\n<li>d\u011bti 5 let\u00e9 (narozen\u00e9 mezi 9\/2020\u20138\/2021) v&nbsp;posledn\u00edm roce p\u0159ed zah\u00e1jen\u00edm \u0161koln\u00ed doch\u00e1zky a&nbsp;O\u0160D s&nbsp;trval\u00fdm bydli\u0161t\u011bm ve sp\u00e1dov\u00e9 oblasti m\u011bsta P\u0159\u00edbram<\/li>\n\n\n\n<li>d\u011bti 4 let\u00e9 (narozen\u00e9 mezi 9\/2021\u20138\/2022) s&nbsp;trval\u00fdm bydli\u0161t\u011bm ve sp\u00e1dov\u00e9 oblasti m\u011bsta P\u0159\u00edbram<\/li>\n\n\n\n<li>d\u011bti 3 let\u00e9 (narozen\u00e9 mezi 9\/2022\u20138\/2023) s&nbsp;trval\u00fdm bydli\u0161t\u011bm ve sp\u00e1dov\u00e9 oblasti m\u011bsta P\u0159\u00edbram<\/li>\n\n\n\n<li>d\u011bti z&nbsp;jin\u00fdch sp\u00e1dov\u00fdch oblast\u00ed podle v\u011bku od nejstar\u0161\u00edch<\/li>\n\n\n\n<li>d\u011bti dvoulet\u00e9 (narozen\u00e9 od 8\/2023) podle v\u011bku od nejstar\u0161\u00edch&nbsp;<\/li>\n<\/ul>\n\n\n\n<p>V p\u0159\u00edpad\u011b rovnosti bod\u016f je mo\u017en\u00e9 zohlednit skute\u010dnost, \u017ee m\u00e1 d\u00edt\u011b ve Waldorfsk\u00e9 \u0161kole P\u0159\u00edbram sourozence.<\/p>\n\n\n\n<p><strong>Pod\u00e1n\u00ed \u017e\u00e1dosti<\/strong><\/p>\n\n\n\n<p>Podle \u00a7 37 z\u00e1kona \u010d. 500\/2004 Sb., spr\u00e1vn\u00ed \u0159\u00e1d, ve zn\u011bn\u00ed pozd\u011bj\u0161\u00edch p\u0159edpis\u016f, je mo\u017en\u00e9 \u017e\u00e1dost o&nbsp;p\u0159ijet\u00ed k&nbsp;p\u0159ed\u0161koln\u00edmu vzd\u011bl\u00e1v\u00e1n\u00ed u\u010dinit p\u00edsemn\u011b nebo \u00fastn\u011b do protokolu anebo v&nbsp;elektronick\u00e9 podob\u011b. P\u0159ihl\u00e1\u0161ku je tedy mo\u017en\u00e9 doru\u010dit n\u00e1sleduj\u00edc\u00edmi zp\u016fsoby:<\/p>\n\n\n\n<ol class=\"wp-block-list\">\n<li>do datov\u00e9 schr\u00e1nky \u0161koly,<\/li>\n\n\n\n<li>e-mailem s&nbsp;uzn\u00e1van\u00fdm elektronick\u00fdm podpisem (nelze jen poslat prost\u00fd email)<\/li>\n\n\n\n<li>po\u0161tou (rozhoduj\u00edc\u00ed je datum pod\u00e1n\u00ed na po\u0161tu) \u2013 adresa Hornick\u00e1 327, 26101 P\u0159\u00edbram II<\/li>\n\n\n\n<li>osobn\u00edm pod\u00e1n\u00edm ve \u0161kole \u2013 do kancel\u00e1\u0159e \u0161koly, <\/li>\n<\/ol>\n\n\n\n<p>Pokud by bylo pod\u00e1n\u00ed u\u010din\u011bno pomoc\u00ed jin\u00fdch technick\u00fdch prost\u0159edk\u016f (nap\u0159. e-mailem bez uzn\u00e1van\u00e9ho elektronick\u00e9ho podpisu apod.), je nutn\u00e9 jej do 5 dn\u016f ze strany z\u00e1konn\u00e9ho z\u00e1stupce potvrdit jedn\u00edm z&nbsp;v\u00fd\u0161e uveden\u00fdch zp\u016fsob\u016f, jinak se k&nbsp;\u017e\u00e1dosti nep\u0159ihl\u00ed\u017e\u00ed.<\/p>\n\n\n\n<p>P\u0159i pod\u00e1n\u00ed \u017e\u00e1dosti o&nbsp;p\u0159ijet\u00ed k&nbsp;p\u0159ed\u0161koln\u00edmu vzd\u011bl\u00e1v\u00e1n\u00ed uvede z\u00e1konn\u00fd z\u00e1stupce dle spr\u00e1vn\u00edho \u0159\u00e1du n\u00e1le\u017eitosti stanoven\u00e9 v&nbsp;\u00a7 34b odst. 2 \u0161kolsk\u00e9ho z\u00e1kona, kter\u00fdmi jsou:<\/p>\n\n\n\n<ul class=\"wp-block-list\">\n<li>jm\u00e9no a&nbsp;p\u0159\u00edjmen\u00ed \u017eadatele (d\u00edt\u011bte),<\/li>\n\n\n\n<li>datum narozen\u00ed,<\/li>\n\n\n\n<li>m\u00edsto trval\u00e9ho pobytu, pop\u0159\u00edpad\u011b jinou adresu pro doru\u010dov\u00e1n\u00ed (podle \u00a7 19 odst. 3 spr\u00e1vn\u00edho \u0159\u00e1du),<\/li>\n\n\n\n<li>ozna\u010den\u00ed spr\u00e1vn\u00edho org\u00e1nu, jemu\u017e je \u017e\u00e1dost ur\u010dena (konkr\u00e9tn\u00ed mate\u0159sk\u00e1 \u0161kola),<\/li>\n\n\n\n<li>podpis osoby, kter\u00e1 \u017e\u00e1dost pod\u00e1v\u00e1 (v&nbsp;tomto p\u0159\u00edpad\u011b podpis z\u00e1konn\u00e9ho z\u00e1stupce, kter\u00fd d\u00edt\u011b p\u0159i pod\u00e1n\u00ed \u017e\u00e1dosti zastupuje).<\/li>\n<\/ul>\n\n\n\n<p>S ohledem na zastoupen\u00ed d\u00edt\u011bte jeho z\u00e1konn\u00fdm z\u00e1stupcem \u010di jinou osobou k&nbsp;tomu opr\u00e1vn\u011bnou je z\u00e1rove\u0148 podstatn\u00e9 zji\u0161\u0165ovat:<\/p>\n\n\n\n<ul class=\"wp-block-list\">\n<li>jm\u00e9no a&nbsp;p\u0159\u00edjmen\u00ed tohoto z\u00e1stupce,<\/li>\n\n\n\n<li>m\u00edsto trval\u00e9ho pobytu tohoto z\u00e1stupce, pop\u0159\u00edpad\u011b jinou adresu pro doru\u010dov\u00e1n\u00ed.<\/li>\n<\/ul>\n\n\n\n<p>Zastupuje-li d\u00edt\u011b jin\u00e1 osoba ne\u017e jeho z\u00e1konn\u00fd z\u00e1stupce, je z\u00e1rove\u0148 podstatn\u00e9, aby dolo\u017eila sv\u00e9 opr\u00e1vn\u011bn\u00ed d\u00edt\u011b zastupovat.<\/p>\n\n\n\n<p>M\u00edsto trval\u00e9ho pobytu d\u00edt\u011bte u&nbsp;sp\u00e1dov\u00fdch d\u011bt\u00ed ov\u011b\u0159\u00ed \u0159editel \u0161koly na&nbsp;obecn\u00edm \u00fa\u0159ad\u011b, kter\u00fd vede evidenci obyvatel.<\/p>\n\n\n\n<p><strong>Dolo\u017een\u00ed \u0159\u00e1dn\u00e9ho o\u010dkov\u00e1n\u00ed d\u00edt\u011bte<\/strong><br>Podm\u00ednkou p\u0159ijet\u00ed d\u00edt\u011bte do M\u0160 je podle \u00a7 50 z\u00e1kona o&nbsp;ochran\u011b ve\u0159ejn\u00e9ho zdrav\u00ed je spln\u011bn\u00ed povinnosti podrobit se stanoven\u00fdm pravideln\u00fdm o\u010dkov\u00e1n\u00edm, nebo m\u00edt doklad, \u017ee je d\u00edt\u011b proti n\u00e1kaze imunn\u00ed nebo se nem\u016f\u017ee o\u010dkov\u00e1n\u00ed podrobit pro trvalou kontraindikaci.(viz p\u0159\u00edloha \u017e\u00e1dosti). <strong>Tato povinnost se net\u00fdk\u00e1 d\u00edt\u011bte, kter\u00e9 pln\u00ed povinn\u00e9 p\u0159ed\u0161koln\u00ed vzd\u011bl\u00e1v\u00e1n\u00ed.<\/strong><\/p>\n\n\n\n<p><strong>Vedle dolo\u017een\u00ed dokladu o&nbsp;o\u010dkov\u00e1n\u00ed nemus\u00ed z\u00e1konn\u00fd z\u00e1stupce pro \u00fa\u010dely spr\u00e1vn\u00edho \u0159\u00edzen\u00ed o&nbsp;p\u0159ijet\u00ed do mate\u0159sk\u00e9 \u0161koly dokl\u00e1dat \u017e\u00e1dn\u00e9 jin\u00e9 vyj\u00e1d\u0159en\u00ed nebo potvrzen\u00ed l\u00e9ka\u0159e<\/strong>.<\/p>\n\n\n\n<p><strong>Povinn\u00e9 p\u0159ed\u0161koln\u00ed vzd\u011bl\u00e1v\u00e1n\u00ed<\/strong> <br>Povinnost plnit p\u0159ed\u0161koln\u00ed vzd\u011bl\u00e1v\u00e1n\u00ed maj\u00ed d\u011bti, kter\u00e9 dos\u00e1hly do 31.&nbsp;8.&nbsp;2026 p\u011bti let.<\/p>\n\n\n\n<p><strong>Krit\u00e9ria p\u0159ijet\u00ed d\u00edt\u011bte do M\u0160<\/strong> <a href=\"https:\/\/waldorf.pb.cz\/wp-content\/uploads\/2026\/02\/260205-MS-Stanovena-kriteria-pro-skolni-rok-2026_27.pdf\" target=\"_blank\" rel=\"noreferrer noopener\"><strong>ZDE<\/strong><\/a><\/p>\n","protected":false},"excerpt":{"rendered":"<p>Osobn\u00ed p\u0159ed\u00e1n\u00ed p\u0159ihl\u00e1\u0161ek je mo\u017en\u00e9 v&nbsp;den z\u00e1pisu \u00fater\u00fd 9.&nbsp;dubna od 15.00 do 18.00 hodin v&nbsp;budov\u011b M\u0160 &#8211; n\u00e1m. Dr. J. Theurera 261, P\u0159\u00edbram IIZ\u00e1pis do M\u0160&nbsp; prob\u00edh\u00e1 formou osobn\u00edho setk\u00e1n\u00ed rodi\u010d\u016f s&nbsp;d\u011btmi v&nbsp;mate\u0159sk\u00e9 \u0161kole.Kontakt pro komunikaci: anna.steinbach@waldorf.pb.cz) Co pot\u0159ebujete dolo\u017eit: POT\u0158EBN\u00c9 FORMUL\u00c1\u0158E KE STA\u017dEN\u00cd: \u017d\u00e1dost a&nbsp;P\u0159\u00edloha k&nbsp;\u017e\u00e1dosti Pro \u0161koln\u00ed rok 2026-27 je v&nbsp;na\u0161\u00ed M\u0160 &hellip; <a href=\"https:\/\/waldorf.pb.cz\/?page_id=1460\">Continue reading <span class=\"meta-nav\">&rarr;<\/span><\/a><\/p>\n","protected":false},"author":2,"featured_media":0,"parent":10,"menu_order":11,"comment_status":"closed","ping_status":"closed","template":"template-full-width.php","meta":{"footnotes":""},"class_list":["post-1460","page","type-page","status-publish","hentry"],"_links":{"self":[{"href":"https:\/\/waldorf.pb.cz\/index.php?rest_route=\/wp\/v2\/pages\/1460","targetHints":{"allow":["GET"]}}],"collection":[{"href":"https:\/\/waldorf.pb.cz\/index.php?rest_route=\/wp\/v2\/pages"}],"about":[{"href":"https:\/\/waldorf.pb.cz\/index.php?rest_route=\/wp\/v2\/types\/page"}],"author":[{"embeddable":true,"href":"https:\/\/waldorf.pb.cz\/index.php?rest_route=\/wp\/v2\/users\/2"}],"replies":[{"embeddable":true,"href":"https:\/\/waldorf.pb.cz\/index.php?rest_route=%2Fwp%2Fv2%2Fcomments&post=1460"}],"version-history":[{"count":61,"href":"https:\/\/waldorf.pb.cz\/index.php?rest_route=\/wp\/v2\/pages\/1460\/revisions"}],"predecessor-version":[{"id":5816,"href":"https:\/\/waldorf.pb.cz\/index.php?rest_route=\/wp\/v2\/pages\/1460\/revisions\/5816"}],"up":[{"embeddable":true,"href":"https:\/\/waldorf.pb.cz\/index.php?rest_route=\/wp\/v2\/pages\/10"}],"wp:attachment":[{"href":"https:\/\/waldorf.pb.cz\/index.php?rest_route=%2Fwp%2Fv2%2Fmedia&parent=1460"}],"curies":[{"name":"wp","href":"https:\/\/api.w.org\/{rel}","templated":true}]}}