{"id":1414,"date":"2020-02-26T05:53:00","date_gmt":"2020-02-26T05:53:00","guid":{"rendered":"http:\/\/www.waldorf-pb.cz\/?page_id=1414"},"modified":"2025-05-03T09:19:47","modified_gmt":"2025-05-03T09:19:47","slug":"spolecnost-waldorfske-skoly-pribram","status":"publish","type":"page","link":"https:\/\/waldorf.pb.cz\/?page_id=1414","title":{"rendered":"Spole\u010dnost waldorfsk\u00e9 \u0161koly P\u0159\u00edbram"},"content":{"rendered":"\n<p><strong>P O&nbsp;Z&nbsp;V&nbsp;\u00c1 N K&nbsp;A<\/strong><\/p>\n\n\n\n<p><strong>na valnou hromadu<\/strong> <strong>spolku Spole\u010dnosti Waldorfsk\u00e9 \u0161koly P\u0159\u00edbram, z.s.<\/strong> <strong>se s\u00eddlem Hornick\u00e1 327, 261&nbsp;01 P\u0159\u00edbram II<\/strong> <br><strong>dne 29.&nbsp;5.&nbsp;2025 v&nbsp;17.00 hodin<\/strong><br><strong>ve Waldorfsk\u00e9 \u0161kole P\u0159\u00edbram<\/strong><\/p>\n\n\n\n<p>Program jedn\u00e1n\u00ed:<br>1. Kontrola usn\u00e1\u0161en\u00edschopnosti Valn\u00e9 hromady<br>2. Sezn\u00e1men\u00ed s&nbsp;programem Valn\u00e9 hromady<br>3. Volba v\u00fdboru valn\u00e9 hromady<br>(p\u0159edsedaj\u00edc\u00ed, zapisovatel, ov\u011b\u0159ovatel z\u00e1pisu, skrut\u00e1tor) \u00a0\u00a0\u00a0\u00a0\u00a0\u00a0\u00a0\u00a0\u00a0\u00a0\u00a0\u00a0 \u00a0\u00a0\u00a0\u00a0\u00a0 \u00a0\u00a0\u00a0\u00a0\u00a0\u00a0\u00a0\u00a0\u00a0\u00a0\u00a0 hlasov\u00e1n\u00ed<br>4. P\u0159ijet\u00ed nov\u00fdch \u010dlen\u016f spolku, vylou\u010den\u00ed nebo ukon\u010den\u00ed \u010dlenstv\u00ed<br>5<strong>. <\/strong>Hospoda\u0159en\u00ed spolku,<br>a. Investice do vybaven\u00ed \u0161koly (dru\u017eina, zahrada)<br>b. Zpr\u00e1va o&nbsp;hospoda\u0159en\u00ed spolku v&nbsp;roce 2024\/2025\u00a0\u00a0\u00a0\u00a0\u00a0\u00a0\u00a0\u00a0\u00a0\u00a0\u00a0\u00a0\u00a0\u00a0\u00a0\u00a0\u00a0\u00a0\u00a0\u00a0\u00a0\u00a0\u00a0\u00a0\u00a0\u00a0\u00a0\u00a0\u00a0\u00a0\u00a0\u00a0\u00a0\u00a0\u00a0\u00a0\u00a0\u00a0\u00a0\u00a0\u00a0 hlasov\u00e1n\u00ed<br>c. Informace o&nbsp;splatnosti a&nbsp;v\u00fd\u0161i \u010dlensk\u00fdch p\u0159\u00edsp\u011bvk\u016f<br>6. N\u00e1vrh na zm\u011bnu stanov\u00a0\u00a0\u00a0\u00a0\u00a0\u00a0\u00a0\u00a0\u00a0 \u00a0\u00a0\u00a0\u00a0\u00a0\u00a0\u00a0\u00a0\u00a0\u00a0\u00a0\u00a0\u00a0\u00a0\u00a0\u00a0\u00a0\u00a0\u00a0\u00a0\u00a0\u00a0\u00a0\u00a0\u00a0\u00a0\u00a0\u00a0\u00a0\u00a0\u00a0\u00a0\u00a0\u00a0\u00a0\u00a0\u00a0\u00a0\u00a0\u00a0\u00a0\u00a0\u00a0\u00a0\u00a0\u00a0\u00a0\u00a0\u00a0\u00a0\u00a0\u00a0\u00a0\u00a0\u00a0\u00a0\u00a0\u00a0\u00a0\u00a0\u00a0 hlasov\u00e1n\u00ed\u00a0\u00a0\u00a0\u00a0\u00a0\u00a0\u00a0\u00a0\u00a0\u00a0\u00a0\u00a0\u00a0\u00a0\u00a0\u00a0\u00a0\u00a0\u00a0\u00a0\u00a0\u00a0\u00a0\u00a0\u00a0\u00a0\u00a0\u00a0\u00a0\u00a0\u00a0\u00a0\u00a0\u00a0\u00a0\u00a0\u00a0\u00a0\u00a0\u00a0\u00a0 \u00a0\u00a0\u00a0\u00a0\u00a0\u00a0\u00a0\u00a0\u00a0\u00a0\u00a0\u00a0\u00a0\u00a0\u00a0\u00a0\u00a0\u00a0\u00a0\u00a0\u00a0\u00a0\u00a0\u00a0\u00a0\u00a0\u00a0\u00a0\u00a0\u00a0\u00a0\u00a0\u00a0\u00a0\u00a0\u00a0\u00a0\u00a0\u00a0\u00a0\u00a0\u00a0\u00a0\u00a0\u00a0\u00a0\u00a0\u00a0\u00a0\u00a0\u00a0\u00a0\u00a0\u00a0\u00a0\u00a0\u00a0\u00a0\u00a0\u00a0\u00a0\u00a0\u00a0\u00a0<br>7. Shrnut\u00ed dosavadn\u00ed \u010dinnosti a&nbsp;sezn\u00e1men\u00ed s\u00a0pl\u00e1ny na dal\u0161\u00ed obdob\u00ed<br>8. Diskuse: Podn\u011bty a&nbsp;n\u00e1vrhy<\/p>\n\n\n\n<p>V\u00edce informac\u00ed naleznete na str\u00e1nk\u00e1ch <a rel=\"noreferrer noopener\" aria-label=\"www.swspribram.cz (opens in a new tab)\" href=\"https:\/\/www.swspribram.cz\/\" target=\"_blank\">www.swspribram.cz<\/a>.<\/p>\n\n\n\n<p>Spole\u010dnost W\u0160 byla zalo\u017eena v&nbsp;roce 1994. N\u00e1pl\u0148 jej\u00ed \u010dinnosti a&nbsp;stejn\u011b tak \u00fakoly, kter\u00e9 si vyty\u010dila, se prom\u011b\u0148uj\u00ed jako se prom\u011b\u0148uje a&nbsp;vyv\u00edj\u00ed na\u0161e \u0161kola. Jin\u00e9 s\u00edly se uplat\u0148uj\u00ed p\u0159i budov\u00e1n\u00ed&nbsp; \u0161koly, jin\u00e9 po 28let\u00e9m fungov\u00e1n\u00ed \u0161koly. V\u017edy ale bylo, a&nbsp;st\u00e1le je zapot\u0159eb\u00ed odvahy, v\u016fle, p\u0159esv\u011bd\u010den\u00ed, v\u011bdom\u00e9ho p\u0159\u00edstupu a&nbsp;nad\u0161en\u00ed aktivn\u00edch rodi\u010d\u016f, kte\u0159\u00ed sv\u016fj z\u00e1jem o&nbsp;to, v&nbsp;\u010dem a&nbsp;jak jejich d\u00edt\u011b vyr\u016fst\u00e1 a&nbsp;je vychov\u00e1v\u00e1no, roz\u0161\u00ed\u0159ili za hranice \u201esv\u00e9\u201c vlastn\u00ed t\u0159\u00eddy. Cht\u011bj\u00ed se spolupod\u00edlet na procesu spoluutv\u00e1\u0159en\u00ed \u0161koly, co\u017e je z\u00e1kladn\u00edm kamenem Spole\u010dnosti W\u0160.<br>Tato, pov\u011bt\u0161inou jen hrstka, skl\u00e1daj\u00edc\u00ed se z&nbsp;rodi\u010d\u016f, u\u010ditel\u016f a&nbsp;p\u0159\u00e1tel \u201eWaldorfu\u201c utvo\u0159ila spole\u010denstv\u00ed. Spole\u010denstv\u00ed, kter\u00e9 se sna\u017e\u00ed b\u00fdt n\u00e1pomocno jak v&nbsp;hospod\u00e1\u0159sk\u00e9m, kulturn\u011b-spole\u010densk\u00e9m, ale i&nbsp;duchovn\u00edm \u017eivot\u011b \u0161koly, kterou tvo\u0159\u00ed nejen d\u011bti a&nbsp;jej\u00ed zam\u011bstnanci, ale i&nbsp;my rodi\u010de.<\/p>\n\n\n\n<h3 class=\"wp-block-heading\">Vize<\/h3>\n\n\n\n<p>Spole\u010dnost Waldorfsk\u00e9 \u0161koly P\u0159\u00edbram (d\u00e1le jen Spole\u010dnost) je spole\u010denstv\u00edm lid\u00ed okolo Waldorfsk\u00e9 \u0161koly P\u0159\u00edbram, jejich\u017e c\u00edlem je, aby v&nbsp;sou\u010dinnosti s&nbsp;Waldorfskou \u0161kolou P\u0159\u00edbram spole\u010dn\u011b tvo\u0159ili kulturn\u011b-vzd\u011bl\u00e1vac\u00ed prost\u0159ed\u00ed pro d\u011bti, u\u010ditele, rodi\u010de a&nbsp;dal\u0161\u00ed z\u00e1jemce, funguj\u00edc\u00ed na principech anthroposofie, waldorfsk\u00e9 pedagogiky a&nbsp;troj\u010dlenn\u00e9 soci\u00e1ln\u00ed spole\u010dnosti.<\/p>\n\n\n\n<p>C\u00edlem tedy je, aby p\u0159\u00edbramsk\u00e1 waldorfsk\u00e1 \u0161kola byla m\u00edsto, kde se mohou vzd\u011bl\u00e1vat a&nbsp;soci\u00e1ln\u011b a&nbsp;kulturn\u011b anga\u017eovat d\u011bti, u\u010ditel\u00e9 i&nbsp;rodi\u010de.<\/p>\n\n\n\n<h3 class=\"wp-block-heading\">Funkce Spole\u010dnosti<\/h3>\n\n\n\n<ol class=\"wp-block-list\"><li>Podpora \u0160koly<\/li><li>Prost\u0159ed\u00ed pro kulturn\u011b-vzd\u011bl\u00e1vac\u00ed aktivity rodi\u010d\u016f<\/li><\/ol>\n\n\n\n<p><\/p>\n","protected":false},"excerpt":{"rendered":"<p>P O&nbsp;Z&nbsp;V&nbsp;\u00c1 N K&nbsp;A&nbsp;na valnou hromadu spolku Spole\u010dnosti Waldorfsk\u00e9 \u0161koly P\u0159\u00edbram, z.s. se s\u00eddlem Hornick\u00e1 327, 261&nbsp;01 P\u0159\u00edbram II dne 29.&nbsp;5.&nbsp;2025 v&nbsp;17.00 hodinve Waldorfsk\u00e9 \u0161kole P\u0159\u00edbram Program jedn\u00e1n\u00ed:1. Kontrola usn\u00e1\u0161en\u00edschopnosti Valn\u00e9 hromady2. Sezn\u00e1men\u00ed s&nbsp;programem Valn\u00e9 hromady3. Volba v\u00fdboru valn\u00e9 hromady(p\u0159edsedaj\u00edc\u00ed, zapisovatel, ov\u011b\u0159ovatel z\u00e1pisu, skrut\u00e1tor) \u00a0\u00a0\u00a0\u00a0\u00a0\u00a0\u00a0\u00a0\u00a0\u00a0\u00a0\u00a0 \u00a0\u00a0\u00a0\u00a0\u00a0 \u00a0\u00a0\u00a0\u00a0\u00a0\u00a0\u00a0\u00a0\u00a0\u00a0\u00a0 hlasov\u00e1n\u00ed4. P\u0159ijet\u00ed nov\u00fdch \u010dlen\u016f spolku, vylou\u010den\u00ed nebo &hellip; <a href=\"https:\/\/waldorf.pb.cz\/?page_id=1414\">Continue reading <span class=\"meta-nav\">&rarr;<\/span><\/a><\/p>\n","protected":false},"author":2,"featured_media":0,"parent":178,"menu_order":48,"comment_status":"closed","ping_status":"closed","template":"","meta":{"footnotes":""},"class_list":["post-1414","page","type-page","status-publish","hentry"],"_links":{"self":[{"href":"https:\/\/waldorf.pb.cz\/index.php?rest_route=\/wp\/v2\/pages\/1414","targetHints":{"allow":["GET"]}}],"collection":[{"href":"https:\/\/waldorf.pb.cz\/index.php?rest_route=\/wp\/v2\/pages"}],"about":[{"href":"https:\/\/waldorf.pb.cz\/index.php?rest_route=\/wp\/v2\/types\/page"}],"author":[{"embeddable":true,"href":"https:\/\/waldorf.pb.cz\/index.php?rest_route=\/wp\/v2\/users\/2"}],"replies":[{"embeddable":true,"href":"https:\/\/waldorf.pb.cz\/index.php?rest_route=%2Fwp%2Fv2%2Fcomments&post=1414"}],"version-history":[{"count":6,"href":"https:\/\/waldorf.pb.cz\/index.php?rest_route=\/wp\/v2\/pages\/1414\/revisions"}],"predecessor-version":[{"id":5393,"href":"https:\/\/waldorf.pb.cz\/index.php?rest_route=\/wp\/v2\/pages\/1414\/revisions\/5393"}],"up":[{"embeddable":true,"href":"https:\/\/waldorf.pb.cz\/index.php?rest_route=\/wp\/v2\/pages\/178"}],"wp:attachment":[{"href":"https:\/\/waldorf.pb.cz\/index.php?rest_route=%2Fwp%2Fv2%2Fmedia&parent=1414"}],"curies":[{"name":"wp","href":"https:\/\/api.w.org\/{rel}","templated":true}]}}