{"id":1141,"date":"2019-12-22T15:50:51","date_gmt":"2019-12-22T15:50:51","guid":{"rendered":"http:\/\/www.waldorf-pb.cz\/?page_id=1141"},"modified":"2022-02-24T10:00:36","modified_gmt":"2022-02-24T10:00:36","slug":"duhove-divadlo-pisek","status":"publish","type":"page","link":"https:\/\/waldorf.pb.cz\/?page_id=1141","title":{"rendered":"Duhov\u00e9 divadlo"},"content":{"rendered":"\n<p>Celost\u00e1tn\u00ed divadeln\u00ed p\u0159ehl\u00eddka waldorfsk\u00fdch \u0161kol v\u00a0P\u00edsku<br>V\u00edce informac\u00ed naleznete <a rel=\"noreferrer noopener\" aria-label=\"zde (opens in a new tab)\" href=\"https:\/\/zssvobodna.cz\/duhove-divadlo\/\" target=\"_blank\">zde<\/a>.<\/p>\n","protected":false},"excerpt":{"rendered":"<p>Celost\u00e1tn\u00ed divadeln\u00ed p\u0159ehl\u00eddka waldorfsk\u00fdch \u0161kol v\u00a0P\u00edskuV\u00edce informac\u00ed naleznete zde.<\/p>\n","protected":false},"author":2,"featured_media":0,"parent":447,"menu_order":72,"comment_status":"closed","ping_status":"closed","template":"","meta":{"footnotes":""},"class_list":["post-1141","page","type-page","status-publish","hentry"],"_links":{"self":[{"href":"https:\/\/waldorf.pb.cz\/index.php?rest_route=\/wp\/v2\/pages\/1141","targetHints":{"allow":["GET"]}}],"collection":[{"href":"https:\/\/waldorf.pb.cz\/index.php?rest_route=\/wp\/v2\/pages"}],"about":[{"href":"https:\/\/waldorf.pb.cz\/index.php?rest_route=\/wp\/v2\/types\/page"}],"author":[{"embeddable":true,"href":"https:\/\/waldorf.pb.cz\/index.php?rest_route=\/wp\/v2\/users\/2"}],"replies":[{"embeddable":true,"href":"https:\/\/waldorf.pb.cz\/index.php?rest_route=%2Fwp%2Fv2%2Fcomments&post=1141"}],"version-history":[{"count":4,"href":"https:\/\/waldorf.pb.cz\/index.php?rest_route=\/wp\/v2\/pages\/1141\/revisions"}],"predecessor-version":[{"id":3220,"href":"https:\/\/waldorf.pb.cz\/index.php?rest_route=\/wp\/v2\/pages\/1141\/revisions\/3220"}],"up":[{"embeddable":true,"href":"https:\/\/waldorf.pb.cz\/index.php?rest_route=\/wp\/v2\/pages\/447"}],"wp:attachment":[{"href":"https:\/\/waldorf.pb.cz\/index.php?rest_route=%2Fwp%2Fv2%2Fmedia&parent=1141"}],"curies":[{"name":"wp","href":"https:\/\/api.w.org\/{rel}","templated":true}]}}