{"id":1027,"date":"2019-12-17T16:49:23","date_gmt":"2019-12-17T16:49:23","guid":{"rendered":"http:\/\/www.waldorf-pb.cz\/?page_id=1027"},"modified":"2025-03-25T07:33:10","modified_gmt":"2025-03-25T07:33:10","slug":"skolni-casopis-waldworld","status":"publish","type":"page","link":"https:\/\/waldorf.pb.cz\/?page_id=1027","title":{"rendered":"\u0161koln\u00ed \u010dasopis WaldWorld"},"content":{"rendered":"\n<h2 class=\"wp-block-heading\"><span style=\"color:#e08433\" class=\"tadv-color\">\u0161koln\u00ed rok 2023\/24<\/span><\/h2>\n\n\n\n<div class=\"wp-block-columns is-layout-flex wp-container-core-columns-is-layout-9d6595d7 wp-block-columns-is-layout-flex\">\n<div class=\"wp-block-column is-layout-flow wp-block-column-is-layout-flow\">\n<figure class=\"wp-block-image size-large\"><a href=\"https:\/\/waldorf.pb.cz\/wp-content\/uploads\/2023\/12\/WW_5_1_nahled.pdf\"><img loading=\"lazy\" decoding=\"async\" width=\"724\" height=\"1024\" src=\"https:\/\/waldorf.pb.cz\/wp-content\/uploads\/2023\/12\/WW_5_1_titulka-724x1024.jpg\" alt=\"\" class=\"wp-image-4621\" srcset=\"https:\/\/waldorf.pb.cz\/wp-content\/uploads\/2023\/12\/WW_5_1_titulka-724x1024.jpg 724w, https:\/\/waldorf.pb.cz\/wp-content\/uploads\/2023\/12\/WW_5_1_titulka-212x300.jpg 212w, https:\/\/waldorf.pb.cz\/wp-content\/uploads\/2023\/12\/WW_5_1_titulka-768x1086.jpg 768w, https:\/\/waldorf.pb.cz\/wp-content\/uploads\/2023\/12\/WW_5_1_titulka-1086x1536.jpg 1086w, https:\/\/waldorf.pb.cz\/wp-content\/uploads\/2023\/12\/WW_5_1_titulka.jpg 1240w\" sizes=\"auto, (max-width: 724px) 100vw, 724px\" \/><\/a><figcaption><strong>WaldWorld \u010d. 13<\/strong><\/figcaption><\/figure>\n<\/div>\n\n\n\n<div class=\"wp-block-column is-layout-flow wp-block-column-is-layout-flow\">\n<figure class=\"wp-block-image size-large\"><a href=\"https:\/\/waldorf.pb.cz\/wp-content\/uploads\/2024\/04\/WW_5_2_nahled.pdf\"><img loading=\"lazy\" decoding=\"async\" width=\"724\" height=\"1024\" src=\"https:\/\/waldorf.pb.cz\/wp-content\/uploads\/2024\/04\/WW_5_2_titulka-724x1024.jpg\" alt=\"\" class=\"wp-image-4844\" srcset=\"https:\/\/waldorf.pb.cz\/wp-content\/uploads\/2024\/04\/WW_5_2_titulka-724x1024.jpg 724w, https:\/\/waldorf.pb.cz\/wp-content\/uploads\/2024\/04\/WW_5_2_titulka-212x300.jpg 212w, https:\/\/waldorf.pb.cz\/wp-content\/uploads\/2024\/04\/WW_5_2_titulka-768x1086.jpg 768w, https:\/\/waldorf.pb.cz\/wp-content\/uploads\/2024\/04\/WW_5_2_titulka-1086x1536.jpg 1086w, https:\/\/waldorf.pb.cz\/wp-content\/uploads\/2024\/04\/WW_5_2_titulka.jpg 1240w\" sizes=\"auto, (max-width: 724px) 100vw, 724px\" \/><\/a><figcaption><strong>WaldWorld \u010d. 14<\/strong><\/figcaption><\/figure>\n<\/div>\n\n\n\n<div class=\"wp-block-column is-layout-flow wp-block-column-is-layout-flow\">\n<figure class=\"wp-block-image size-large\"><a href=\"https:\/\/waldorf.pb.cz\/wp-content\/uploads\/2025\/03\/WW_5_3_4_na\u0301hled.pdf\"><img loading=\"lazy\" decoding=\"async\" width=\"722\" height=\"1024\" src=\"https:\/\/waldorf.pb.cz\/wp-content\/uploads\/2025\/03\/WW-2-722x1024.png\" alt=\"\" class=\"wp-image-5345\" srcset=\"https:\/\/waldorf.pb.cz\/wp-content\/uploads\/2025\/03\/WW-2-722x1024.png 722w, https:\/\/waldorf.pb.cz\/wp-content\/uploads\/2025\/03\/WW-2-212x300.png 212w, https:\/\/waldorf.pb.cz\/wp-content\/uploads\/2025\/03\/WW-2-768x1089.png 768w, https:\/\/waldorf.pb.cz\/wp-content\/uploads\/2025\/03\/WW-2.png 1078w\" sizes=\"auto, (max-width: 722px) 100vw, 722px\" \/><\/a><figcaption><strong>WaldWorld \u010d. 15<\/strong><\/figcaption><\/figure>\n<\/div>\n<\/div>\n\n\n\n<h2 class=\"wp-block-heading\"><span style=\"color:#e08433\" class=\"tadv-color\">\u0161koln\u00ed rok 2022\/23<\/span><\/h2>\n\n\n\n<div class=\"wp-block-columns is-layout-flex wp-container-core-columns-is-layout-9d6595d7 wp-block-columns-is-layout-flex\">\n<div class=\"wp-block-column is-layout-flow wp-block-column-is-layout-flow\">\n<figure class=\"wp-block-image size-large\"><a href=\"https:\/\/waldorf.pb.cz\/wp-content\/uploads\/2022\/11\/WaldWord-9.pdf\" target=\"_blank\" rel=\"noopener\"><img loading=\"lazy\" decoding=\"async\" width=\"724\" height=\"1024\" src=\"https:\/\/waldorf.pb.cz\/wp-content\/uploads\/2022\/11\/WaldWord-9-724x1024.jpg\" alt=\"\" class=\"wp-image-3927\" srcset=\"https:\/\/waldorf.pb.cz\/wp-content\/uploads\/2022\/11\/WaldWord-9-724x1024.jpg 724w, https:\/\/waldorf.pb.cz\/wp-content\/uploads\/2022\/11\/WaldWord-9-212x300.jpg 212w, https:\/\/waldorf.pb.cz\/wp-content\/uploads\/2022\/11\/WaldWord-9-768x1086.jpg 768w, https:\/\/waldorf.pb.cz\/wp-content\/uploads\/2022\/11\/WaldWord-9-1086x1536.jpg 1086w, https:\/\/waldorf.pb.cz\/wp-content\/uploads\/2022\/11\/WaldWord-9.jpg 1191w\" sizes=\"auto, (max-width: 724px) 100vw, 724px\" \/><\/a><figcaption><strong>WaldWorld \u010d. 9<\/strong><\/figcaption><\/figure>\n<\/div>\n\n\n\n<div class=\"wp-block-column is-layout-flow wp-block-column-is-layout-flow\">\n<figure class=\"wp-block-image size-large\"><a href=\"https:\/\/waldorf.pb.cz\/wp-content\/uploads\/2023\/01\/WW_4_2_interaktivni.pdf\" target=\"_blank\" rel=\"noopener\"><img loading=\"lazy\" decoding=\"async\" width=\"724\" height=\"1024\" src=\"https:\/\/waldorf.pb.cz\/wp-content\/uploads\/2023\/01\/WW_4_2_titulka_Stranka_01-724x1024.jpg\" alt=\"\" class=\"wp-image-4087\" srcset=\"https:\/\/waldorf.pb.cz\/wp-content\/uploads\/2023\/01\/WW_4_2_titulka_Stranka_01-724x1024.jpg 724w, https:\/\/waldorf.pb.cz\/wp-content\/uploads\/2023\/01\/WW_4_2_titulka_Stranka_01-212x300.jpg 212w, https:\/\/waldorf.pb.cz\/wp-content\/uploads\/2023\/01\/WW_4_2_titulka_Stranka_01-768x1086.jpg 768w, https:\/\/waldorf.pb.cz\/wp-content\/uploads\/2023\/01\/WW_4_2_titulka_Stranka_01-1086x1536.jpg 1086w, https:\/\/waldorf.pb.cz\/wp-content\/uploads\/2023\/01\/WW_4_2_titulka_Stranka_01.jpg 1191w\" sizes=\"auto, (max-width: 724px) 100vw, 724px\" \/><\/a><figcaption><strong>WaldWorld \u010d. 10<\/strong><\/figcaption><\/figure>\n\n\n\n<figure class=\"wp-block-image size-large\"><a href=\"https:\/\/waldorf.pb.cz\/wp-content\/uploads\/2023\/06\/WW_4_4_interaktivni\u0301.pdf\" target=\"_blank\" rel=\"noopener\"><img loading=\"lazy\" decoding=\"async\" width=\"724\" height=\"1024\" src=\"https:\/\/waldorf.pb.cz\/wp-content\/uploads\/2023\/06\/WW_4_4_titul-724x1024.jpg\" alt=\"\" class=\"wp-image-4385\" srcset=\"https:\/\/waldorf.pb.cz\/wp-content\/uploads\/2023\/06\/WW_4_4_titul-724x1024.jpg 724w, https:\/\/waldorf.pb.cz\/wp-content\/uploads\/2023\/06\/WW_4_4_titul-212x300.jpg 212w, https:\/\/waldorf.pb.cz\/wp-content\/uploads\/2023\/06\/WW_4_4_titul-768x1087.jpg 768w, https:\/\/waldorf.pb.cz\/wp-content\/uploads\/2023\/06\/WW_4_4_titul-1086x1536.jpg 1086w, https:\/\/waldorf.pb.cz\/wp-content\/uploads\/2023\/06\/WW_4_4_titul-1448x2048.jpg 1448w, https:\/\/waldorf.pb.cz\/wp-content\/uploads\/2023\/06\/WW_4_4_titul.jpg 1753w\" sizes=\"auto, (max-width: 724px) 100vw, 724px\" \/><\/a><figcaption><strong>WaldWorld \u010d. 12<\/strong><\/figcaption><\/figure>\n<\/div>\n\n\n\n<div class=\"wp-block-column is-layout-flow wp-block-column-is-layout-flow\">\n<figure class=\"wp-block-image size-large\"><a href=\"https:\/\/waldorf.pb.cz\/wp-content\/uploads\/2023\/04\/WW_4_3_interaktivni.pdf\" target=\"_blank\" rel=\"noopener\"><img loading=\"lazy\" decoding=\"async\" width=\"724\" height=\"1024\" src=\"https:\/\/waldorf.pb.cz\/wp-content\/uploads\/2023\/04\/WW_4_3_interaktivni-1-724x1024.jpg\" alt=\"\" class=\"wp-image-4209\" srcset=\"https:\/\/waldorf.pb.cz\/wp-content\/uploads\/2023\/04\/WW_4_3_interaktivni-1-724x1024.jpg 724w, https:\/\/waldorf.pb.cz\/wp-content\/uploads\/2023\/04\/WW_4_3_interaktivni-1-212x300.jpg 212w, https:\/\/waldorf.pb.cz\/wp-content\/uploads\/2023\/04\/WW_4_3_interaktivni-1-768x1086.jpg 768w, https:\/\/waldorf.pb.cz\/wp-content\/uploads\/2023\/04\/WW_4_3_interaktivni-1-1086x1536.jpg 1086w, https:\/\/waldorf.pb.cz\/wp-content\/uploads\/2023\/04\/WW_4_3_interaktivni-1-1448x2048.jpg 1448w, https:\/\/waldorf.pb.cz\/wp-content\/uploads\/2023\/04\/WW_4_3_interaktivni-1-scaled.jpg 1810w\" sizes=\"auto, (max-width: 724px) 100vw, 724px\" \/><\/a><figcaption><strong>WaldWorld \u010d.<\/strong> <strong>11<\/strong><\/figcaption><\/figure>\n\n\n\n<p><\/p>\n<\/div>\n<\/div>\n\n\n\n<h2 class=\"wp-block-heading\"><span style=\"color:#e08433\" class=\"tadv-color\">\u0161koln\u00ed rok 2021\/22<\/span><\/h2>\n\n\n\n<div class=\"wp-block-columns is-layout-flex wp-container-core-columns-is-layout-9d6595d7 wp-block-columns-is-layout-flex\">\n<div class=\"wp-block-column is-layout-flow wp-block-column-is-layout-flow\">\n<figure class=\"wp-block-image size-large\"><a href=\"https:\/\/waldorf.pb.cz\/wp-content\/uploads\/2021\/11\/WaldWord_5_nahled.pdf\" target=\"_blank\" rel=\"noopener\"><img loading=\"lazy\" decoding=\"async\" width=\"456\" height=\"645\" src=\"https:\/\/waldorf.pb.cz\/wp-content\/uploads\/2021\/11\/WaldWord-2021_22_1.jpg\" alt=\"\" class=\"wp-image-2929\" srcset=\"https:\/\/waldorf.pb.cz\/wp-content\/uploads\/2021\/11\/WaldWord-2021_22_1.jpg 456w, https:\/\/waldorf.pb.cz\/wp-content\/uploads\/2021\/11\/WaldWord-2021_22_1-212x300.jpg 212w\" sizes=\"auto, (max-width: 456px) 100vw, 456px\" \/><\/a><figcaption><strong>WaldWorld \u010d. 5<\/strong><\/figcaption><\/figure>\n<\/div>\n\n\n\n<div class=\"wp-block-column is-layout-flow wp-block-column-is-layout-flow\">\n<figure class=\"wp-block-image size-large\"><a href=\"https:\/\/waldorf.pb.cz\/wp-content\/uploads\/2022\/01\/WaldWord_6.pdf\" target=\"_blank\" rel=\"noopener\"><img loading=\"lazy\" decoding=\"async\" width=\"724\" height=\"1024\" src=\"https:\/\/waldorf.pb.cz\/wp-content\/uploads\/2022\/01\/WaldWord_6-724x1024.jpg\" alt=\"\" class=\"wp-image-3169\" srcset=\"https:\/\/waldorf.pb.cz\/wp-content\/uploads\/2022\/01\/WaldWord_6-724x1024.jpg 724w, https:\/\/waldorf.pb.cz\/wp-content\/uploads\/2022\/01\/WaldWord_6-212x300.jpg 212w, https:\/\/waldorf.pb.cz\/wp-content\/uploads\/2022\/01\/WaldWord_6-768x1086.jpg 768w, https:\/\/waldorf.pb.cz\/wp-content\/uploads\/2022\/01\/WaldWord_6-1086x1536.jpg 1086w, https:\/\/waldorf.pb.cz\/wp-content\/uploads\/2022\/01\/WaldWord_6-1448x2048.jpg 1448w, https:\/\/waldorf.pb.cz\/wp-content\/uploads\/2022\/01\/WaldWord_6-scaled.jpg 1810w\" sizes=\"auto, (max-width: 724px) 100vw, 724px\" \/><\/a><figcaption><strong>WaldWorld \u010d. 6<\/strong><\/figcaption><\/figure>\n<\/div>\n\n\n\n<div class=\"wp-block-column is-layout-flow wp-block-column-is-layout-flow\">\n<figure class=\"wp-block-image size-large\"><a href=\"https:\/\/waldorf.pb.cz\/wp-content\/uploads\/2022\/04\/WaldWord_7.pdf\" target=\"_blank\" rel=\"noopener\"><img loading=\"lazy\" decoding=\"async\" width=\"724\" height=\"1024\" src=\"https:\/\/waldorf.pb.cz\/wp-content\/uploads\/2022\/04\/WaldWord_7-724x1024.jpg\" alt=\"\" class=\"wp-image-3453\" srcset=\"https:\/\/waldorf.pb.cz\/wp-content\/uploads\/2022\/04\/WaldWord_7-724x1024.jpg 724w, https:\/\/waldorf.pb.cz\/wp-content\/uploads\/2022\/04\/WaldWord_7-212x300.jpg 212w, https:\/\/waldorf.pb.cz\/wp-content\/uploads\/2022\/04\/WaldWord_7-768x1086.jpg 768w, https:\/\/waldorf.pb.cz\/wp-content\/uploads\/2022\/04\/WaldWord_7-1086x1536.jpg 1086w, https:\/\/waldorf.pb.cz\/wp-content\/uploads\/2022\/04\/WaldWord_7-1448x2048.jpg 1448w, https:\/\/waldorf.pb.cz\/wp-content\/uploads\/2022\/04\/WaldWord_7-scaled.jpg 1810w\" sizes=\"auto, (max-width: 724px) 100vw, 724px\" \/><\/a><figcaption><strong>WaldWorld \u010d. 7<\/strong><\/figcaption><\/figure>\n<\/div>\n<\/div>\n\n\n\n<div class=\"wp-block-columns is-layout-flex wp-container-core-columns-is-layout-9d6595d7 wp-block-columns-is-layout-flex\">\n<div class=\"wp-block-column is-layout-flow wp-block-column-is-layout-flow\"><\/div>\n\n\n\n<div class=\"wp-block-column is-layout-flow wp-block-column-is-layout-flow\">\n<figure class=\"wp-block-image size-large\"><a href=\"https:\/\/waldorf.pb.cz\/wp-content\/uploads\/2022\/06\/WaldWord_8.pdf\" target=\"_blank\" rel=\"noopener\"><img loading=\"lazy\" decoding=\"async\" width=\"724\" height=\"1024\" src=\"https:\/\/waldorf.pb.cz\/wp-content\/uploads\/2022\/06\/WaldWord_8-724x1024.jpg\" alt=\"\" class=\"wp-image-3595\" srcset=\"https:\/\/waldorf.pb.cz\/wp-content\/uploads\/2022\/06\/WaldWord_8-724x1024.jpg 724w, https:\/\/waldorf.pb.cz\/wp-content\/uploads\/2022\/06\/WaldWord_8-212x300.jpg 212w, https:\/\/waldorf.pb.cz\/wp-content\/uploads\/2022\/06\/WaldWord_8-768x1086.jpg 768w, https:\/\/waldorf.pb.cz\/wp-content\/uploads\/2022\/06\/WaldWord_8-1086x1536.jpg 1086w, https:\/\/waldorf.pb.cz\/wp-content\/uploads\/2022\/06\/WaldWord_8.jpg 1191w\" sizes=\"auto, (max-width: 724px) 100vw, 724px\" \/><\/a><figcaption><strong>WaldWorld \u010d. 8<\/strong><\/figcaption><\/figure>\n<\/div>\n\n\n\n<div class=\"wp-block-column is-layout-flow wp-block-column-is-layout-flow\"><\/div>\n<\/div>\n\n\n\n<div class=\"wp-block-columns is-layout-flex wp-container-core-columns-is-layout-9d6595d7 wp-block-columns-is-layout-flex\">\n<div class=\"wp-block-column is-layout-flow wp-block-column-is-layout-flow\" style=\"flex-basis:100%\">\n<h2 class=\"wp-block-heading\"><span style=\"color:#e08433\" class=\"tadv-color\">\u0161koln\u00ed rok 2020\/21<\/span><\/h2>\n<\/div>\n<\/div>\n\n\n\n<div class=\"wp-block-columns is-layout-flex wp-container-core-columns-is-layout-9d6595d7 wp-block-columns-is-layout-flex\">\n<div class=\"wp-block-column is-layout-flow wp-block-column-is-layout-flow\">\n<figure class=\"wp-block-image size-large\"><a href=\"https:\/\/waldorf.pb.cz\/wp-content\/uploads\/2021\/10\/WaldWord-2020_1.pdf\" target=\"_blank\" rel=\"noopener\"><img loading=\"lazy\" decoding=\"async\" width=\"724\" height=\"1024\" src=\"https:\/\/waldorf.pb.cz\/wp-content\/uploads\/2021\/10\/WaldWord_4-724x1024.jpg\" alt=\"\" class=\"wp-image-2916\" srcset=\"https:\/\/waldorf.pb.cz\/wp-content\/uploads\/2021\/10\/WaldWord_4-724x1024.jpg 724w, https:\/\/waldorf.pb.cz\/wp-content\/uploads\/2021\/10\/WaldWord_4-212x300.jpg 212w, https:\/\/waldorf.pb.cz\/wp-content\/uploads\/2021\/10\/WaldWord_4-768x1086.jpg 768w, https:\/\/waldorf.pb.cz\/wp-content\/uploads\/2021\/10\/WaldWord_4-1086x1536.jpg 1086w, https:\/\/waldorf.pb.cz\/wp-content\/uploads\/2021\/10\/WaldWord_4-1448x2048.jpg 1448w, https:\/\/waldorf.pb.cz\/wp-content\/uploads\/2021\/10\/WaldWord_4-scaled.jpg 1810w\" sizes=\"auto, (max-width: 724px) 100vw, 724px\" \/><\/a><figcaption><strong>WaldWord \u010d. 4<\/strong><\/figcaption><\/figure>\n<\/div>\n\n\n\n<div class=\"wp-block-column is-layout-flow wp-block-column-is-layout-flow\"><\/div>\n\n\n\n<div class=\"wp-block-column is-layout-flow wp-block-column-is-layout-flow\"><\/div>\n<\/div>\n\n\n\n<h2 class=\"has-text-align-left wp-block-heading\"><span style=\"color:#e08433\" class=\"tadv-color\">\u0161koln\u00ed rok 2019\/20<\/span><\/h2>\n\n\n\n<div class=\"wp-block-columns is-layout-flex wp-container-core-columns-is-layout-9d6595d7 wp-block-columns-is-layout-flex\">\n<div class=\"wp-block-column is-layout-flow wp-block-column-is-layout-flow\">\n<figure class=\"wp-block-image size-large\"><a href=\"https:\/\/waldorf.pb.cz\/wp-content\/uploads\/2019\/12\/WW_1_2019_nahled.pdf\" target=\"_blank\" rel=\"noreferrer noopener\"><img loading=\"lazy\" decoding=\"async\" width=\"724\" height=\"1024\" src=\"https:\/\/waldorf.pb.cz\/wp-content\/uploads\/2019\/12\/WW_1_2019_titul-724x1024.jpg\" alt=\"\" class=\"wp-image-1054\" srcset=\"https:\/\/waldorf.pb.cz\/wp-content\/uploads\/2019\/12\/WW_1_2019_titul-724x1024.jpg 724w, https:\/\/waldorf.pb.cz\/wp-content\/uploads\/2019\/12\/WW_1_2019_titul-212x300.jpg 212w, https:\/\/waldorf.pb.cz\/wp-content\/uploads\/2019\/12\/WW_1_2019_titul-768x1086.jpg 768w, https:\/\/waldorf.pb.cz\/wp-content\/uploads\/2019\/12\/WW_1_2019_titul.jpg 827w\" sizes=\"auto, (max-width: 724px) 100vw, 724px\" \/><\/a><figcaption><strong>WaldWorld \u010d. 1<\/strong><\/figcaption><\/figure>\n\n\n\n<p><\/p>\n<\/div>\n\n\n\n<div class=\"wp-block-column is-layout-flow wp-block-column-is-layout-flow\">\n<figure class=\"wp-block-image size-large is-style-default\"><a href=\"https:\/\/waldorf.pb.cz\/wp-content\/uploads\/2020\/03\/WaldWord_1_2.pdf\" target=\"_blank\" rel=\"noreferrer noopener\"><img loading=\"lazy\" decoding=\"async\" width=\"724\" height=\"1024\" src=\"https:\/\/waldorf.pb.cz\/wp-content\/uploads\/2020\/03\/WaldWord_1_2-1-724x1024.jpg\" alt=\"\" class=\"wp-image-1475\" srcset=\"https:\/\/waldorf.pb.cz\/wp-content\/uploads\/2020\/03\/WaldWord_1_2-1-724x1024.jpg 724w, https:\/\/waldorf.pb.cz\/wp-content\/uploads\/2020\/03\/WaldWord_1_2-1-212x300.jpg 212w, https:\/\/waldorf.pb.cz\/wp-content\/uploads\/2020\/03\/WaldWord_1_2-1-768x1086.jpg 768w, https:\/\/waldorf.pb.cz\/wp-content\/uploads\/2020\/03\/WaldWord_1_2-1-1086x1536.jpg 1086w, https:\/\/waldorf.pb.cz\/wp-content\/uploads\/2020\/03\/WaldWord_1_2-1-1448x2048.jpg 1448w, https:\/\/waldorf.pb.cz\/wp-content\/uploads\/2020\/03\/WaldWord_1_2-1-scaled.jpg 1810w\" sizes=\"auto, (max-width: 724px) 100vw, 724px\" \/><\/a><figcaption><strong>WaldWorld \u010d. 2<\/strong><\/figcaption><\/figure>\n<\/div>\n\n\n\n<div class=\"wp-block-column is-layout-flow wp-block-column-is-layout-flow\">\n<figure class=\"wp-block-image size-large\"><a href=\"https:\/\/waldorf.pb.cz\/wp-content\/uploads\/2020\/07\/WaldWord_3_nahled.pdf\" target=\"_blank\" rel=\"noreferrer noopener\"><img loading=\"lazy\" decoding=\"async\" width=\"724\" height=\"1024\" src=\"https:\/\/waldorf.pb.cz\/wp-content\/uploads\/2020\/07\/WaldWord-3-724x1024.jpg\" alt=\"\" class=\"wp-image-1766\" srcset=\"https:\/\/waldorf.pb.cz\/wp-content\/uploads\/2020\/07\/WaldWord-3-724x1024.jpg 724w, https:\/\/waldorf.pb.cz\/wp-content\/uploads\/2020\/07\/WaldWord-3-212x300.jpg 212w, https:\/\/waldorf.pb.cz\/wp-content\/uploads\/2020\/07\/WaldWord-3-768x1086.jpg 768w, https:\/\/waldorf.pb.cz\/wp-content\/uploads\/2020\/07\/WaldWord-3-1086x1536.jpg 1086w, https:\/\/waldorf.pb.cz\/wp-content\/uploads\/2020\/07\/WaldWord-3-1448x2048.jpg 1448w, https:\/\/waldorf.pb.cz\/wp-content\/uploads\/2020\/07\/WaldWord-3-scaled.jpg 1810w\" sizes=\"auto, (max-width: 724px) 100vw, 724px\" \/><\/a><figcaption><strong>WaldWorld \u010d. 3<\/strong><\/figcaption><\/figure>\n<\/div>\n<\/div>\n","protected":false},"excerpt":{"rendered":"<p>\u0161koln\u00ed rok 2023\/24 \u0161koln\u00ed rok 2022\/23 \u0161koln\u00ed rok 2021\/22 \u0161koln\u00ed rok 2020\/21 \u0161koln\u00ed rok 2019\/20<\/p>\n","protected":false},"author":1,"featured_media":0,"parent":12,"menu_order":23,"comment_status":"closed","ping_status":"closed","template":"template-full-width.php","meta":{"footnotes":""},"class_list":["post-1027","page","type-page","status-publish","hentry"],"_links":{"self":[{"href":"https:\/\/waldorf.pb.cz\/index.php?rest_route=\/wp\/v2\/pages\/1027","targetHints":{"allow":["GET"]}}],"collection":[{"href":"https:\/\/waldorf.pb.cz\/index.php?rest_route=\/wp\/v2\/pages"}],"about":[{"href":"https:\/\/waldorf.pb.cz\/index.php?rest_route=\/wp\/v2\/types\/page"}],"author":[{"embeddable":true,"href":"https:\/\/waldorf.pb.cz\/index.php?rest_route=\/wp\/v2\/users\/1"}],"replies":[{"embeddable":true,"href":"https:\/\/waldorf.pb.cz\/index.php?rest_route=%2Fwp%2Fv2%2Fcomments&post=1027"}],"version-history":[{"count":64,"href":"https:\/\/waldorf.pb.cz\/index.php?rest_route=\/wp\/v2\/pages\/1027\/revisions"}],"predecessor-version":[{"id":5348,"href":"https:\/\/waldorf.pb.cz\/index.php?rest_route=\/wp\/v2\/pages\/1027\/revisions\/5348"}],"up":[{"embeddable":true,"href":"https:\/\/waldorf.pb.cz\/index.php?rest_route=\/wp\/v2\/pages\/12"}],"wp:attachment":[{"href":"https:\/\/waldorf.pb.cz\/index.php?rest_route=%2Fwp%2Fv2%2Fmedia&parent=1027"}],"curies":[{"name":"wp","href":"https:\/\/api.w.org\/{rel}","templated":true}]}}